{"id":36104,"date":"2023-10-19T17:30:10","date_gmt":"2023-10-19T15:30:10","guid":{"rendered":"https:\/\/librairie7l.com\/?post_type=product&#038;p=36104"},"modified":"2026-04-22T05:00:35","modified_gmt":"2026-04-22T03:00:35","slug":"epreuves-de-la-matiere","status":"publish","type":"product","link":"https:\/\/librairie7l.com\/en\/produit\/epreuves-de-la-matiere\/","title":{"rendered":"\u00c9PREUVES DE LA MATI\u00c8RE"},"content":{"rendered":"<p>La question de la mati\u00e8re traverse l&#8217;histoire de la photographie. Mettre la mati\u00e8re \u00e0 l&#8217;\u00e9preuve de la photographie et la photographie \u00e0 l&#8217;\u00e9preuve de la mati\u00e8re : c&#8217;est l\u00e0 l&#8217;objet de l&#8217;exposition de la BNF dont cet ouvrage a s\u00e9lectionn\u00e9 40 photographies, suivies de 4 essais d&#8217;o\u00f9 \u00e9merge une nouvelle mati\u00e8re : celle de la r\u00e9flexion De quelle fa\u00e7on les photographes repr\u00e9sentent-ils les mati\u00e8res naturelles ou artificielles ? Comment interrogent-ils la mati\u00e8re avec les moyens techniques et plastiques qui leur sont propres ? Pourquoi en arrivent-ils \u00e0 hybrider la photographie avec les arts graphiques ou la vid\u00e9o ? Qu&#8217;en est-il de la mati\u00e8re quand survient la fin du support photographique au profit de la projection, quand s&#8217;impose le flux d&#8217;images mises \u00e0 disposition sur Internet ?<\/p>\n<p>La question de la mati\u00e8re traverse l&#8217;histoire de la photographie. Elle a trait tout \u00e0 la fois au sujet photographi\u00e9, \u00e0 l&#8217;image qui en d\u00e9coule et \u00e0 son devenir. Elle englobe les processus de cr\u00e9ation, les proc\u00e9d\u00e9s, l&#8217;esth\u00e9tique, la r\u00e9flexion sur la forme, et jusqu&#8217;\u00e0 la d\u00e9mat\u00e9rialisation.<\/p>\n<p>Mettre la mati\u00e8re \u00e0 l&#8217;\u00e9preuve de la photographie et la photographie \u00e0 l&#8217;\u00e9preuve de la mati\u00e8re : c&#8217;est l\u00e0 l&#8217;objet de l&#8217;exposition de la BNF  L&#8217;\u00e9preuve de la mati\u00e8re , dont cet ouvrage a s\u00e9lectionn\u00e9 quarante photographies, suivies de quatre essais d&#8217;o\u00f9 \u00e9merge une nouvelle mati\u00e8re : celle de la r\u00e9flexion<\/p>\n","protected":false},"excerpt":{"rendered":"<p>La question de la mati\u00e8re traverse l&#8217;histoire de la photographie. Mettre la mati\u00e8re \u00e0 l&#8217;\u00e9preuve de la photographie et la photographie \u00e0 l&#8217;\u00e9preuve de la mati\u00e8re : c&#8217;est l\u00e0 l&#8217;objet de l&#8217;exposition de la BNF dont cet ouvrage a s\u00e9lectionn\u00e9 40 photographies, suivies de 4 essais d&#8217;o\u00f9 \u00e9merge une nouvelle mati\u00e8re : celle de la [&hellip;]<\/p>\n","protected":false},"featured_media":36102,"template":"","meta":[],"product_cat":[2948,2958],"product_tag":[],"acf":[],"yoast_head":"<!-- This site is optimized with the Yoast SEO plugin v20.11 - https:\/\/yoast.com\/wordpress\/plugins\/seo\/ -->\n<title>\u00c9preuves de la mati\u00e8re - Librairie 7L<\/title>\n<meta name=\"robots\" content=\"index, follow, max-snippet:-1, max-image-preview:large, max-video-preview:-1\" \/>\n<link rel=\"canonical\" href=\"https:\/\/librairie7l.com\/en\/produit\/epreuves-de-la-matiere\/\" \/>\n<meta property=\"og:locale\" content=\"en_US\" \/>\n<meta property=\"og:type\" content=\"article\" \/>\n<meta property=\"og:title\" content=\"\u00c9preuves de la mati\u00e8re - Librairie 7L\" \/>\n<meta property=\"og:description\" content=\"La question de la mati\u00e8re traverse l&#8217;histoire de la photographie. Mettre la mati\u00e8re \u00e0 l&#8217;\u00e9preuve de la photographie et la photographie \u00e0 l&#8217;\u00e9preuve de la mati\u00e8re : c&#8217;est l\u00e0 l&#8217;objet de l&#8217;exposition de la BNF dont cet ouvrage a s\u00e9lectionn\u00e9 40 photographies, suivies de 4 essais d&#8217;o\u00f9 \u00e9merge une nouvelle mati\u00e8re : celle de la [&hellip;]\" \/>\n<meta property=\"og:url\" content=\"https:\/\/librairie7l.com\/en\/produit\/epreuves-de-la-matiere\/\" \/>\n<meta property=\"og:site_name\" content=\"Librairie 7L\" \/>\n<meta property=\"article:modified_time\" content=\"2026-04-22T03:00:35+00:00\" \/>\n<meta property=\"og:image\" content=\"https:\/\/librairie7l.com\/wp-content\/uploads\/2023\/06\/9782717729023_1_75.jpg\" \/>\n\t<meta property=\"og:image:width\" content=\"600\" \/>\n\t<meta property=\"og:image:height\" content=\"873\" \/>\n\t<meta property=\"og:image:type\" content=\"image\/jpeg\" \/>\n<meta name=\"twitter:card\" content=\"summary_large_image\" \/>\n<meta name=\"twitter:label1\" content=\"Est. reading time\" \/>\n\t<meta name=\"twitter:data1\" content=\"1 minute\" \/>\n<script type=\"application\/ld+json\" class=\"yoast-schema-graph\">{\"@context\":\"https:\/\/schema.org\",\"@graph\":[{\"@type\":\"WebPage\",\"@id\":\"https:\/\/librairie7l.com\/en\/produit\/epreuves-de-la-matiere\/\",\"url\":\"https:\/\/librairie7l.com\/en\/produit\/epreuves-de-la-matiere\/\",\"name\":\"\u00c9preuves de la mati\u00e8re - Librairie 7L\",\"isPartOf\":{\"@id\":\"https:\/\/librairie7l.com\/en\/#website\"},\"datePublished\":\"2023-10-19T15:30:10+00:00\",\"dateModified\":\"2026-04-22T03:00:35+00:00\",\"breadcrumb\":{\"@id\":\"https:\/\/librairie7l.com\/en\/produit\/epreuves-de-la-matiere\/#breadcrumb\"},\"inLanguage\":\"en-US\",\"potentialAction\":[{\"@type\":\"ReadAction\",\"target\":[\"https:\/\/librairie7l.com\/en\/produit\/epreuves-de-la-matiere\/\"]}]},{\"@type\":\"BreadcrumbList\",\"@id\":\"https:\/\/librairie7l.com\/en\/produit\/epreuves-de-la-matiere\/#breadcrumb\",\"itemListElement\":[{\"@type\":\"ListItem\",\"position\":1,\"name\":\"Accueil\",\"item\":\"https:\/\/librairie7l.com\/en\/\"},{\"@type\":\"ListItem\",\"position\":2,\"name\":\"Shop\",\"item\":\"https:\/\/librairie7l.com\/en\/shop\/\"},{\"@type\":\"ListItem\",\"position\":3,\"name\":\"\u00c9PREUVES DE LA MATI\u00c8RE\"}]},{\"@type\":\"WebSite\",\"@id\":\"https:\/\/librairie7l.com\/en\/#website\",\"url\":\"https:\/\/librairie7l.com\/en\/\",\"name\":\"Librairie 7L\",\"description\":\"Librairie fond\u00e9e en 1999 par Karl Lagerfeld \u00e0 Paris\",\"publisher\":{\"@id\":\"https:\/\/librairie7l.com\/en\/#organization\"},\"potentialAction\":[{\"@type\":\"SearchAction\",\"target\":{\"@type\":\"EntryPoint\",\"urlTemplate\":\"https:\/\/librairie7l.com\/en\/?s={search_term_string}\"},\"query-input\":\"required name=search_term_string\"}],\"inLanguage\":\"en-US\"},{\"@type\":\"Organization\",\"@id\":\"https:\/\/librairie7l.com\/en\/#organization\",\"name\":\"Librairie 7L\",\"url\":\"https:\/\/librairie7l.com\/en\/\",\"logo\":{\"@type\":\"ImageObject\",\"inLanguage\":\"en-US\",\"@id\":\"https:\/\/librairie7l.com\/en\/#\/schema\/logo\/image\/\",\"url\":\"https:\/\/librairie7l.com\/wp-content\/uploads\/2022\/08\/logo-1.png\",\"contentUrl\":\"https:\/\/librairie7l.com\/wp-content\/uploads\/2022\/08\/logo-1.png\",\"width\":227,\"height\":301,\"caption\":\"Librairie 7L\"},\"image\":{\"@id\":\"https:\/\/librairie7l.com\/en\/#\/schema\/logo\/image\/\"}}]}<\/script>\n<!-- \/ Yoast SEO plugin. -->","yoast_head_json":{"title":"\u00c9preuves de la mati\u00e8re - Librairie 7L","robots":{"index":"index","follow":"follow","max-snippet":"max-snippet:-1","max-image-preview":"max-image-preview:large","max-video-preview":"max-video-preview:-1"},"canonical":"https:\/\/librairie7l.com\/en\/produit\/epreuves-de-la-matiere\/","og_locale":"en_US","og_type":"article","og_title":"\u00c9preuves de la mati\u00e8re - Librairie 7L","og_description":"La question de la mati\u00e8re traverse l&#8217;histoire de la photographie. Mettre la mati\u00e8re \u00e0 l&#8217;\u00e9preuve de la photographie et la photographie \u00e0 l&#8217;\u00e9preuve de la mati\u00e8re : c&#8217;est l\u00e0 l&#8217;objet de l&#8217;exposition de la BNF dont cet ouvrage a s\u00e9lectionn\u00e9 40 photographies, suivies de 4 essais d&#8217;o\u00f9 \u00e9merge une nouvelle mati\u00e8re : celle de la [&hellip;]","og_url":"https:\/\/librairie7l.com\/en\/produit\/epreuves-de-la-matiere\/","og_site_name":"Librairie 7L","article_modified_time":"2026-04-22T03:00:35+00:00","og_image":[{"width":600,"height":873,"url":"https:\/\/librairie7l.com\/wp-content\/uploads\/2023\/06\/9782717729023_1_75.jpg","type":"image\/jpeg"}],"twitter_card":"summary_large_image","twitter_misc":{"Est. reading time":"1 minute"},"schema":{"@context":"https:\/\/schema.org","@graph":[{"@type":"WebPage","@id":"https:\/\/librairie7l.com\/en\/produit\/epreuves-de-la-matiere\/","url":"https:\/\/librairie7l.com\/en\/produit\/epreuves-de-la-matiere\/","name":"\u00c9preuves de la mati\u00e8re - Librairie 7L","isPartOf":{"@id":"https:\/\/librairie7l.com\/en\/#website"},"datePublished":"2023-10-19T15:30:10+00:00","dateModified":"2026-04-22T03:00:35+00:00","breadcrumb":{"@id":"https:\/\/librairie7l.com\/en\/produit\/epreuves-de-la-matiere\/#breadcrumb"},"inLanguage":"en-US","potentialAction":[{"@type":"ReadAction","target":["https:\/\/librairie7l.com\/en\/produit\/epreuves-de-la-matiere\/"]}]},{"@type":"BreadcrumbList","@id":"https:\/\/librairie7l.com\/en\/produit\/epreuves-de-la-matiere\/#breadcrumb","itemListElement":[{"@type":"ListItem","position":1,"name":"Accueil","item":"https:\/\/librairie7l.com\/en\/"},{"@type":"ListItem","position":2,"name":"Shop","item":"https:\/\/librairie7l.com\/en\/shop\/"},{"@type":"ListItem","position":3,"name":"\u00c9PREUVES DE LA MATI\u00c8RE"}]},{"@type":"WebSite","@id":"https:\/\/librairie7l.com\/en\/#website","url":"https:\/\/librairie7l.com\/en\/","name":"Librairie 7L","description":"Librairie fond\u00e9e en 1999 par Karl Lagerfeld \u00e0 Paris","publisher":{"@id":"https:\/\/librairie7l.com\/en\/#organization"},"potentialAction":[{"@type":"SearchAction","target":{"@type":"EntryPoint","urlTemplate":"https:\/\/librairie7l.com\/en\/?s={search_term_string}"},"query-input":"required name=search_term_string"}],"inLanguage":"en-US"},{"@type":"Organization","@id":"https:\/\/librairie7l.com\/en\/#organization","name":"Librairie 7L","url":"https:\/\/librairie7l.com\/en\/","logo":{"@type":"ImageObject","inLanguage":"en-US","@id":"https:\/\/librairie7l.com\/en\/#\/schema\/logo\/image\/","url":"https:\/\/librairie7l.com\/wp-content\/uploads\/2022\/08\/logo-1.png","contentUrl":"https:\/\/librairie7l.com\/wp-content\/uploads\/2022\/08\/logo-1.png","width":227,"height":301,"caption":"Librairie 7L"},"image":{"@id":"https:\/\/librairie7l.com\/en\/#\/schema\/logo\/image\/"}}]}},"_links":{"self":[{"href":"https:\/\/librairie7l.com\/en\/wp-json\/wp\/v2\/product\/36104"}],"collection":[{"href":"https:\/\/librairie7l.com\/en\/wp-json\/wp\/v2\/product"}],"about":[{"href":"https:\/\/librairie7l.com\/en\/wp-json\/wp\/v2\/types\/product"}],"wp:featuredmedia":[{"embeddable":true,"href":"https:\/\/librairie7l.com\/en\/wp-json\/wp\/v2\/media\/36102"}],"wp:attachment":[{"href":"https:\/\/librairie7l.com\/en\/wp-json\/wp\/v2\/media?parent=36104"}],"wp:term":[{"taxonomy":"product_cat","embeddable":true,"href":"https:\/\/librairie7l.com\/en\/wp-json\/wp\/v2\/product_cat?post=36104"},{"taxonomy":"product_tag","embeddable":true,"href":"https:\/\/librairie7l.com\/en\/wp-json\/wp\/v2\/product_tag?post=36104"}],"curies":[{"name":"wp","href":"https:\/\/api.w.org\/{rel}","templated":true}]}}