{"id":36113,"date":"2024-06-25T18:06:43","date_gmt":"2024-06-25T16:06:43","guid":{"rendered":"https:\/\/librairie7l.com\/?post_type=product&#038;p=36113"},"modified":"2026-04-07T01:55:58","modified_gmt":"2026-04-06T23:55:58","slug":"habiter-la-foret","status":"publish","type":"product","link":"https:\/\/librairie7l.com\/en\/produit\/habiter-la-foret\/","title":{"rendered":"HABITER LA FOR\u00caT"},"content":{"rendered":"<p>Une s\u00e9lection de cinquante superbes maisons contemporaines con\u00e7ues pour vivre en harmonie avec la for\u00eat environnante.<\/p>\n<p>Captivant panorama d&#8217;habitations contemporaines construites dans les bois, Habiter la for\u00eat conduite le lecteur des jungles luxuriantes, aux for\u00eats de conif\u00e8res enneig\u00e9s en passant par les berges d&#8217;un fjord nordique. Qu&#8217;elle t\u00e9moigne d&#8217;une conception \u00e9cologique innovante ou d&#8217;une \u00e9tonnante capacit\u00e9 \u00e0 affronter les \u00e9l\u00e9ments, chaque maison d&#8217;architecte explore une facette de la vie en for\u00eat dans diff\u00e9rentes r\u00e9gions du monde. Les constructions sont mises en valeur par de magnifiques photographies de leur int\u00e9rieur et du cadre dans lequel elles s&#8217;inscrivent, et par un texte qui d\u00e9crit leur conception.<br \/>\nC\u00e9l\u00e9brant une architecture qui permet \u00e0 ses habitants de se connecter \u00e0 la nature, cet ouvrage d\u00e9montre combien il est important de vivre dans le respect de son environnement.<\/p>\n","protected":false},"excerpt":{"rendered":"<p>Une s\u00e9lection de cinquante superbes maisons contemporaines con\u00e7ues pour vivre en harmonie avec la for\u00eat environnante. Captivant panorama d&#8217;habitations contemporaines construites dans les bois, Habiter la for\u00eat conduite le lecteur des jungles luxuriantes, aux for\u00eats de conif\u00e8res enneig\u00e9s en passant par les berges d&#8217;un fjord nordique. Qu&#8217;elle t\u00e9moigne d&#8217;une conception \u00e9cologique innovante ou d&#8217;une \u00e9tonnante [&hellip;]<\/p>\n","protected":false},"featured_media":36111,"template":"","meta":[],"product_cat":[2948,2950],"product_tag":[],"acf":[],"yoast_head":"<!-- This site is optimized with the Yoast SEO plugin v20.11 - https:\/\/yoast.com\/wordpress\/plugins\/seo\/ -->\n<title>Habiter la for\u00eat - Librairie 7L<\/title>\n<meta name=\"robots\" content=\"index, follow, max-snippet:-1, max-image-preview:large, max-video-preview:-1\" \/>\n<link rel=\"canonical\" href=\"https:\/\/librairie7l.com\/en\/produit\/habiter-la-foret\/\" \/>\n<meta property=\"og:locale\" content=\"en_US\" \/>\n<meta property=\"og:type\" content=\"article\" \/>\n<meta property=\"og:title\" content=\"Habiter la for\u00eat - Librairie 7L\" \/>\n<meta property=\"og:description\" content=\"Une s\u00e9lection de cinquante superbes maisons contemporaines con\u00e7ues pour vivre en harmonie avec la for\u00eat environnante. Captivant panorama d&#8217;habitations contemporaines construites dans les bois, Habiter la for\u00eat conduite le lecteur des jungles luxuriantes, aux for\u00eats de conif\u00e8res enneig\u00e9s en passant par les berges d&#8217;un fjord nordique. Qu&#8217;elle t\u00e9moigne d&#8217;une conception \u00e9cologique innovante ou d&#8217;une \u00e9tonnante [&hellip;]\" \/>\n<meta property=\"og:url\" content=\"https:\/\/librairie7l.com\/en\/produit\/habiter-la-foret\/\" \/>\n<meta property=\"og:site_name\" content=\"Librairie 7L\" \/>\n<meta property=\"article:modified_time\" content=\"2026-04-06T23:55:58+00:00\" \/>\n<meta property=\"og:image\" content=\"https:\/\/librairie7l.com\/wp-content\/uploads\/2022\/05\/9781838665791_1_75.jpg\" \/>\n\t<meta property=\"og:image:width\" content=\"600\" \/>\n\t<meta property=\"og:image:height\" content=\"800\" \/>\n\t<meta property=\"og:image:type\" content=\"image\/jpeg\" \/>\n<meta name=\"twitter:card\" content=\"summary_large_image\" \/>\n<meta name=\"twitter:label1\" content=\"Est. reading time\" \/>\n\t<meta name=\"twitter:data1\" content=\"1 minute\" \/>\n<script type=\"application\/ld+json\" class=\"yoast-schema-graph\">{\"@context\":\"https:\/\/schema.org\",\"@graph\":[{\"@type\":\"WebPage\",\"@id\":\"https:\/\/librairie7l.com\/en\/produit\/habiter-la-foret\/\",\"url\":\"https:\/\/librairie7l.com\/en\/produit\/habiter-la-foret\/\",\"name\":\"Habiter la for\u00eat - Librairie 7L\",\"isPartOf\":{\"@id\":\"https:\/\/librairie7l.com\/en\/#website\"},\"datePublished\":\"2024-06-25T16:06:43+00:00\",\"dateModified\":\"2026-04-06T23:55:58+00:00\",\"breadcrumb\":{\"@id\":\"https:\/\/librairie7l.com\/en\/produit\/habiter-la-foret\/#breadcrumb\"},\"inLanguage\":\"en-US\",\"potentialAction\":[{\"@type\":\"ReadAction\",\"target\":[\"https:\/\/librairie7l.com\/en\/produit\/habiter-la-foret\/\"]}]},{\"@type\":\"BreadcrumbList\",\"@id\":\"https:\/\/librairie7l.com\/en\/produit\/habiter-la-foret\/#breadcrumb\",\"itemListElement\":[{\"@type\":\"ListItem\",\"position\":1,\"name\":\"Accueil\",\"item\":\"https:\/\/librairie7l.com\/en\/\"},{\"@type\":\"ListItem\",\"position\":2,\"name\":\"Shop\",\"item\":\"https:\/\/librairie7l.com\/en\/shop\/\"},{\"@type\":\"ListItem\",\"position\":3,\"name\":\"HABITER LA FOR\u00caT\"}]},{\"@type\":\"WebSite\",\"@id\":\"https:\/\/librairie7l.com\/en\/#website\",\"url\":\"https:\/\/librairie7l.com\/en\/\",\"name\":\"Librairie 7L\",\"description\":\"Librairie fond\u00e9e en 1999 par Karl Lagerfeld \u00e0 Paris\",\"publisher\":{\"@id\":\"https:\/\/librairie7l.com\/en\/#organization\"},\"potentialAction\":[{\"@type\":\"SearchAction\",\"target\":{\"@type\":\"EntryPoint\",\"urlTemplate\":\"https:\/\/librairie7l.com\/en\/?s={search_term_string}\"},\"query-input\":\"required name=search_term_string\"}],\"inLanguage\":\"en-US\"},{\"@type\":\"Organization\",\"@id\":\"https:\/\/librairie7l.com\/en\/#organization\",\"name\":\"Librairie 7L\",\"url\":\"https:\/\/librairie7l.com\/en\/\",\"logo\":{\"@type\":\"ImageObject\",\"inLanguage\":\"en-US\",\"@id\":\"https:\/\/librairie7l.com\/en\/#\/schema\/logo\/image\/\",\"url\":\"https:\/\/librairie7l.com\/wp-content\/uploads\/2022\/08\/logo-1.png\",\"contentUrl\":\"https:\/\/librairie7l.com\/wp-content\/uploads\/2022\/08\/logo-1.png\",\"width\":227,\"height\":301,\"caption\":\"Librairie 7L\"},\"image\":{\"@id\":\"https:\/\/librairie7l.com\/en\/#\/schema\/logo\/image\/\"}}]}<\/script>\n<!-- \/ Yoast SEO plugin. -->","yoast_head_json":{"title":"Habiter la for\u00eat - Librairie 7L","robots":{"index":"index","follow":"follow","max-snippet":"max-snippet:-1","max-image-preview":"max-image-preview:large","max-video-preview":"max-video-preview:-1"},"canonical":"https:\/\/librairie7l.com\/en\/produit\/habiter-la-foret\/","og_locale":"en_US","og_type":"article","og_title":"Habiter la for\u00eat - Librairie 7L","og_description":"Une s\u00e9lection de cinquante superbes maisons contemporaines con\u00e7ues pour vivre en harmonie avec la for\u00eat environnante. Captivant panorama d&#8217;habitations contemporaines construites dans les bois, Habiter la for\u00eat conduite le lecteur des jungles luxuriantes, aux for\u00eats de conif\u00e8res enneig\u00e9s en passant par les berges d&#8217;un fjord nordique. Qu&#8217;elle t\u00e9moigne d&#8217;une conception \u00e9cologique innovante ou d&#8217;une \u00e9tonnante [&hellip;]","og_url":"https:\/\/librairie7l.com\/en\/produit\/habiter-la-foret\/","og_site_name":"Librairie 7L","article_modified_time":"2026-04-06T23:55:58+00:00","og_image":[{"width":600,"height":800,"url":"https:\/\/librairie7l.com\/wp-content\/uploads\/2022\/05\/9781838665791_1_75.jpg","type":"image\/jpeg"}],"twitter_card":"summary_large_image","twitter_misc":{"Est. reading time":"1 minute"},"schema":{"@context":"https:\/\/schema.org","@graph":[{"@type":"WebPage","@id":"https:\/\/librairie7l.com\/en\/produit\/habiter-la-foret\/","url":"https:\/\/librairie7l.com\/en\/produit\/habiter-la-foret\/","name":"Habiter la for\u00eat - Librairie 7L","isPartOf":{"@id":"https:\/\/librairie7l.com\/en\/#website"},"datePublished":"2024-06-25T16:06:43+00:00","dateModified":"2026-04-06T23:55:58+00:00","breadcrumb":{"@id":"https:\/\/librairie7l.com\/en\/produit\/habiter-la-foret\/#breadcrumb"},"inLanguage":"en-US","potentialAction":[{"@type":"ReadAction","target":["https:\/\/librairie7l.com\/en\/produit\/habiter-la-foret\/"]}]},{"@type":"BreadcrumbList","@id":"https:\/\/librairie7l.com\/en\/produit\/habiter-la-foret\/#breadcrumb","itemListElement":[{"@type":"ListItem","position":1,"name":"Accueil","item":"https:\/\/librairie7l.com\/en\/"},{"@type":"ListItem","position":2,"name":"Shop","item":"https:\/\/librairie7l.com\/en\/shop\/"},{"@type":"ListItem","position":3,"name":"HABITER LA FOR\u00caT"}]},{"@type":"WebSite","@id":"https:\/\/librairie7l.com\/en\/#website","url":"https:\/\/librairie7l.com\/en\/","name":"Librairie 7L","description":"Librairie fond\u00e9e en 1999 par Karl Lagerfeld \u00e0 Paris","publisher":{"@id":"https:\/\/librairie7l.com\/en\/#organization"},"potentialAction":[{"@type":"SearchAction","target":{"@type":"EntryPoint","urlTemplate":"https:\/\/librairie7l.com\/en\/?s={search_term_string}"},"query-input":"required name=search_term_string"}],"inLanguage":"en-US"},{"@type":"Organization","@id":"https:\/\/librairie7l.com\/en\/#organization","name":"Librairie 7L","url":"https:\/\/librairie7l.com\/en\/","logo":{"@type":"ImageObject","inLanguage":"en-US","@id":"https:\/\/librairie7l.com\/en\/#\/schema\/logo\/image\/","url":"https:\/\/librairie7l.com\/wp-content\/uploads\/2022\/08\/logo-1.png","contentUrl":"https:\/\/librairie7l.com\/wp-content\/uploads\/2022\/08\/logo-1.png","width":227,"height":301,"caption":"Librairie 7L"},"image":{"@id":"https:\/\/librairie7l.com\/en\/#\/schema\/logo\/image\/"}}]}},"_links":{"self":[{"href":"https:\/\/librairie7l.com\/en\/wp-json\/wp\/v2\/product\/36113"}],"collection":[{"href":"https:\/\/librairie7l.com\/en\/wp-json\/wp\/v2\/product"}],"about":[{"href":"https:\/\/librairie7l.com\/en\/wp-json\/wp\/v2\/types\/product"}],"wp:featuredmedia":[{"embeddable":true,"href":"https:\/\/librairie7l.com\/en\/wp-json\/wp\/v2\/media\/36111"}],"wp:attachment":[{"href":"https:\/\/librairie7l.com\/en\/wp-json\/wp\/v2\/media?parent=36113"}],"wp:term":[{"taxonomy":"product_cat","embeddable":true,"href":"https:\/\/librairie7l.com\/en\/wp-json\/wp\/v2\/product_cat?post=36113"},{"taxonomy":"product_tag","embeddable":true,"href":"https:\/\/librairie7l.com\/en\/wp-json\/wp\/v2\/product_tag?post=36113"}],"curies":[{"name":"wp","href":"https:\/\/api.w.org\/{rel}","templated":true}]}}