{"id":36139,"date":"2024-06-25T19:06:10","date_gmt":"2024-06-25T17:06:10","guid":{"rendered":"https:\/\/librairie7l.com\/?post_type=product&#038;p=36139"},"modified":"2026-04-27T08:30:26","modified_gmt":"2026-04-27T06:30:26","slug":"1997-fashion-big-bang","status":"publish","type":"product","link":"https:\/\/librairie7l.com\/en\/produit\/1997-fashion-big-bang\/","title":{"rendered":"1997, FASHION BIG-BANG"},"content":{"rendered":"<p>\u00c0 travers une succession de d\u00e9fil\u00e9s, cr\u00e9ations ou nominations, l&#8217;ann\u00e9e 1997, tel un v\u00e9ritable \u00abBig Bang\u00bb, annonce le monde de la mode que l&#8217;on conna\u00eet aujourd&#8217;hui.<br \/>\nMartin Margiela ou Comme des Gar\u00e7ons opposent des visions de corps conceptualis\u00e9s \u00e0 la vision nostalgique de Yohji Yamamoto tandis que Tom Ford pr\u00e9sente chez Gucci des pi\u00e8ces hypersexualis\u00e9s. L&#8217;ann\u00e9e voit l&#8217;entr\u00e9e en haute couture des cr\u00e9ateurs stars comme Jean Paul Gaultier et Thierry Mugler. Une nouvelle g\u00e9n\u00e9ration de cr\u00e9ateurs britanniques acc\u00e8de aux maisons historiques : Alexander McQueen chez Givenchy, John Galliano chez Christian Dior. C&#8217;est aussi l&#8217;\u00e9mergence de talents alors inconnus : Hedi Slimane, Stella McCartney, Nicolas Ghesqui\u00e8re&#8230;<br \/>\nEn une quarantaine de chroniques illustr\u00e9es par une diversit\u00e9 de documents, photographies, magazine, invitations, 1997, Fashion Big Bang nous raconte mois par mois la chronologie de cette ann\u00e9e charni\u00e8re. Des essais th\u00e9matiques (la mode des ann\u00e9es 1990, l&#8217;\u00e9conomie de la mode dans les ann\u00e9es 1990) viennent compl\u00e9ter ce panorama.<\/p>\n","protected":false},"excerpt":{"rendered":"<p>\u00c0 travers une succession de d\u00e9fil\u00e9s, cr\u00e9ations ou nominations, l&#8217;ann\u00e9e 1997, tel un v\u00e9ritable \u00abBig Bang\u00bb, annonce le monde de la mode que l&#8217;on conna\u00eet aujourd&#8217;hui. Martin Margiela ou Comme des Gar\u00e7ons opposent des visions de corps conceptualis\u00e9s \u00e0 la vision nostalgique de Yohji Yamamoto tandis que Tom Ford pr\u00e9sente chez Gucci des pi\u00e8ces hypersexualis\u00e9s. [&hellip;]<\/p>\n","protected":false},"featured_media":36137,"template":"","meta":[],"product_cat":[2948,2957],"product_tag":[],"acf":[],"yoast_head":"<!-- This site is optimized with the Yoast SEO plugin v20.11 - https:\/\/yoast.com\/wordpress\/plugins\/seo\/ -->\n<title>1997, fashion big-bang - Librairie 7L<\/title>\n<meta name=\"robots\" content=\"index, follow, max-snippet:-1, max-image-preview:large, max-video-preview:-1\" \/>\n<link rel=\"canonical\" href=\"https:\/\/librairie7l.com\/en\/produit\/1997-fashion-big-bang\/\" \/>\n<meta property=\"og:locale\" content=\"en_US\" \/>\n<meta property=\"og:type\" content=\"article\" \/>\n<meta property=\"og:title\" content=\"1997, fashion big-bang - Librairie 7L\" \/>\n<meta property=\"og:description\" content=\"\u00c0 travers une succession de d\u00e9fil\u00e9s, cr\u00e9ations ou nominations, l&#8217;ann\u00e9e 1997, tel un v\u00e9ritable \u00abBig Bang\u00bb, annonce le monde de la mode que l&#8217;on conna\u00eet aujourd&#8217;hui. Martin Margiela ou Comme des Gar\u00e7ons opposent des visions de corps conceptualis\u00e9s \u00e0 la vision nostalgique de Yohji Yamamoto tandis que Tom Ford pr\u00e9sente chez Gucci des pi\u00e8ces hypersexualis\u00e9s. [&hellip;]\" \/>\n<meta property=\"og:url\" content=\"https:\/\/librairie7l.com\/en\/produit\/1997-fashion-big-bang\/\" \/>\n<meta property=\"og:site_name\" content=\"Librairie 7L\" \/>\n<meta property=\"article:modified_time\" content=\"2026-04-27T06:30:26+00:00\" \/>\n<meta property=\"og:image\" content=\"https:\/\/librairie7l.com\/wp-content\/uploads\/2022\/10\/9782759605477_1_75.jpg\" \/>\n\t<meta property=\"og:image:width\" content=\"600\" \/>\n\t<meta property=\"og:image:height\" content=\"793\" \/>\n\t<meta property=\"og:image:type\" content=\"image\/jpeg\" \/>\n<meta name=\"twitter:card\" content=\"summary_large_image\" \/>\n<meta name=\"twitter:label1\" content=\"Est. reading time\" \/>\n\t<meta name=\"twitter:data1\" content=\"1 minute\" \/>\n<script type=\"application\/ld+json\" class=\"yoast-schema-graph\">{\"@context\":\"https:\/\/schema.org\",\"@graph\":[{\"@type\":\"WebPage\",\"@id\":\"https:\/\/librairie7l.com\/en\/produit\/1997-fashion-big-bang\/\",\"url\":\"https:\/\/librairie7l.com\/en\/produit\/1997-fashion-big-bang\/\",\"name\":\"1997, fashion big-bang - Librairie 7L\",\"isPartOf\":{\"@id\":\"https:\/\/librairie7l.com\/en\/#website\"},\"datePublished\":\"2024-06-25T17:06:10+00:00\",\"dateModified\":\"2026-04-27T06:30:26+00:00\",\"breadcrumb\":{\"@id\":\"https:\/\/librairie7l.com\/en\/produit\/1997-fashion-big-bang\/#breadcrumb\"},\"inLanguage\":\"en-US\",\"potentialAction\":[{\"@type\":\"ReadAction\",\"target\":[\"https:\/\/librairie7l.com\/en\/produit\/1997-fashion-big-bang\/\"]}]},{\"@type\":\"BreadcrumbList\",\"@id\":\"https:\/\/librairie7l.com\/en\/produit\/1997-fashion-big-bang\/#breadcrumb\",\"itemListElement\":[{\"@type\":\"ListItem\",\"position\":1,\"name\":\"Accueil\",\"item\":\"https:\/\/librairie7l.com\/en\/\"},{\"@type\":\"ListItem\",\"position\":2,\"name\":\"Shop\",\"item\":\"https:\/\/librairie7l.com\/en\/shop\/\"},{\"@type\":\"ListItem\",\"position\":3,\"name\":\"1997, FASHION BIG-BANG\"}]},{\"@type\":\"WebSite\",\"@id\":\"https:\/\/librairie7l.com\/en\/#website\",\"url\":\"https:\/\/librairie7l.com\/en\/\",\"name\":\"Librairie 7L\",\"description\":\"Librairie fond\u00e9e en 1999 par Karl Lagerfeld \u00e0 Paris\",\"publisher\":{\"@id\":\"https:\/\/librairie7l.com\/en\/#organization\"},\"potentialAction\":[{\"@type\":\"SearchAction\",\"target\":{\"@type\":\"EntryPoint\",\"urlTemplate\":\"https:\/\/librairie7l.com\/en\/?s={search_term_string}\"},\"query-input\":\"required name=search_term_string\"}],\"inLanguage\":\"en-US\"},{\"@type\":\"Organization\",\"@id\":\"https:\/\/librairie7l.com\/en\/#organization\",\"name\":\"Librairie 7L\",\"url\":\"https:\/\/librairie7l.com\/en\/\",\"logo\":{\"@type\":\"ImageObject\",\"inLanguage\":\"en-US\",\"@id\":\"https:\/\/librairie7l.com\/en\/#\/schema\/logo\/image\/\",\"url\":\"https:\/\/librairie7l.com\/wp-content\/uploads\/2022\/08\/logo-1.png\",\"contentUrl\":\"https:\/\/librairie7l.com\/wp-content\/uploads\/2022\/08\/logo-1.png\",\"width\":227,\"height\":301,\"caption\":\"Librairie 7L\"},\"image\":{\"@id\":\"https:\/\/librairie7l.com\/en\/#\/schema\/logo\/image\/\"}}]}<\/script>\n<!-- \/ Yoast SEO plugin. -->","yoast_head_json":{"title":"1997, fashion big-bang - Librairie 7L","robots":{"index":"index","follow":"follow","max-snippet":"max-snippet:-1","max-image-preview":"max-image-preview:large","max-video-preview":"max-video-preview:-1"},"canonical":"https:\/\/librairie7l.com\/en\/produit\/1997-fashion-big-bang\/","og_locale":"en_US","og_type":"article","og_title":"1997, fashion big-bang - Librairie 7L","og_description":"\u00c0 travers une succession de d\u00e9fil\u00e9s, cr\u00e9ations ou nominations, l&#8217;ann\u00e9e 1997, tel un v\u00e9ritable \u00abBig Bang\u00bb, annonce le monde de la mode que l&#8217;on conna\u00eet aujourd&#8217;hui. Martin Margiela ou Comme des Gar\u00e7ons opposent des visions de corps conceptualis\u00e9s \u00e0 la vision nostalgique de Yohji Yamamoto tandis que Tom Ford pr\u00e9sente chez Gucci des pi\u00e8ces hypersexualis\u00e9s. [&hellip;]","og_url":"https:\/\/librairie7l.com\/en\/produit\/1997-fashion-big-bang\/","og_site_name":"Librairie 7L","article_modified_time":"2026-04-27T06:30:26+00:00","og_image":[{"width":600,"height":793,"url":"https:\/\/librairie7l.com\/wp-content\/uploads\/2022\/10\/9782759605477_1_75.jpg","type":"image\/jpeg"}],"twitter_card":"summary_large_image","twitter_misc":{"Est. reading time":"1 minute"},"schema":{"@context":"https:\/\/schema.org","@graph":[{"@type":"WebPage","@id":"https:\/\/librairie7l.com\/en\/produit\/1997-fashion-big-bang\/","url":"https:\/\/librairie7l.com\/en\/produit\/1997-fashion-big-bang\/","name":"1997, fashion big-bang - Librairie 7L","isPartOf":{"@id":"https:\/\/librairie7l.com\/en\/#website"},"datePublished":"2024-06-25T17:06:10+00:00","dateModified":"2026-04-27T06:30:26+00:00","breadcrumb":{"@id":"https:\/\/librairie7l.com\/en\/produit\/1997-fashion-big-bang\/#breadcrumb"},"inLanguage":"en-US","potentialAction":[{"@type":"ReadAction","target":["https:\/\/librairie7l.com\/en\/produit\/1997-fashion-big-bang\/"]}]},{"@type":"BreadcrumbList","@id":"https:\/\/librairie7l.com\/en\/produit\/1997-fashion-big-bang\/#breadcrumb","itemListElement":[{"@type":"ListItem","position":1,"name":"Accueil","item":"https:\/\/librairie7l.com\/en\/"},{"@type":"ListItem","position":2,"name":"Shop","item":"https:\/\/librairie7l.com\/en\/shop\/"},{"@type":"ListItem","position":3,"name":"1997, FASHION BIG-BANG"}]},{"@type":"WebSite","@id":"https:\/\/librairie7l.com\/en\/#website","url":"https:\/\/librairie7l.com\/en\/","name":"Librairie 7L","description":"Librairie fond\u00e9e en 1999 par Karl Lagerfeld \u00e0 Paris","publisher":{"@id":"https:\/\/librairie7l.com\/en\/#organization"},"potentialAction":[{"@type":"SearchAction","target":{"@type":"EntryPoint","urlTemplate":"https:\/\/librairie7l.com\/en\/?s={search_term_string}"},"query-input":"required name=search_term_string"}],"inLanguage":"en-US"},{"@type":"Organization","@id":"https:\/\/librairie7l.com\/en\/#organization","name":"Librairie 7L","url":"https:\/\/librairie7l.com\/en\/","logo":{"@type":"ImageObject","inLanguage":"en-US","@id":"https:\/\/librairie7l.com\/en\/#\/schema\/logo\/image\/","url":"https:\/\/librairie7l.com\/wp-content\/uploads\/2022\/08\/logo-1.png","contentUrl":"https:\/\/librairie7l.com\/wp-content\/uploads\/2022\/08\/logo-1.png","width":227,"height":301,"caption":"Librairie 7L"},"image":{"@id":"https:\/\/librairie7l.com\/en\/#\/schema\/logo\/image\/"}}]}},"_links":{"self":[{"href":"https:\/\/librairie7l.com\/en\/wp-json\/wp\/v2\/product\/36139"}],"collection":[{"href":"https:\/\/librairie7l.com\/en\/wp-json\/wp\/v2\/product"}],"about":[{"href":"https:\/\/librairie7l.com\/en\/wp-json\/wp\/v2\/types\/product"}],"wp:featuredmedia":[{"embeddable":true,"href":"https:\/\/librairie7l.com\/en\/wp-json\/wp\/v2\/media\/36137"}],"wp:attachment":[{"href":"https:\/\/librairie7l.com\/en\/wp-json\/wp\/v2\/media?parent=36139"}],"wp:term":[{"taxonomy":"product_cat","embeddable":true,"href":"https:\/\/librairie7l.com\/en\/wp-json\/wp\/v2\/product_cat?post=36139"},{"taxonomy":"product_tag","embeddable":true,"href":"https:\/\/librairie7l.com\/en\/wp-json\/wp\/v2\/product_tag?post=36139"}],"curies":[{"name":"wp","href":"https:\/\/api.w.org\/{rel}","templated":true}]}}