{"id":36149,"date":"2024-06-25T19:06:25","date_gmt":"2024-06-25T17:06:25","guid":{"rendered":"https:\/\/librairie7l.com\/?post_type=product&#038;p=36149"},"modified":"2026-04-18T08:07:53","modified_gmt":"2026-04-18T06:07:53","slug":"les-choses-une-histoire-de-la-nature-morte","status":"publish","type":"product","link":"https:\/\/librairie7l.com\/en\/produit\/les-choses-une-histoire-de-la-nature-morte\/","title":{"rendered":"LES CHOSES : UNE HISTOIRE DE LA NATURE MORTE"},"content":{"rendered":"<p>La derni\u00e8re grande manifestation autour de La nature morte de l&#8217;Antiquit\u00e9 au XXe si\u00e8cle fut organis\u00e9e en 1952 \u00e0 Paris par Charles Sterling. Les Choses rend hommage \u00e0 ce grand historien de l&#8217;art, en actualisant le point de vue et en int\u00e9grant tout ce qui a renouvel\u00e9 nos perspectives, tant en histoire de l&#8217;art ancien et contemporain, qu&#8217;en litt\u00e9rature, po\u00e9sie, philosophie, arch\u00e9ologie, botanique ou \u00e9cologie.<br \/>\n\u00c9largissant les fronti\u00e8res chronologiques et g\u00e9ographiques, l&#8217;ouvrage ouvre des fen\u00eatres sur d&#8217;autres cultures qui ont repr\u00e9sent\u00e9 les choses en majest\u00e9. Il convoque des artistes contemporains qui s&#8217;inspirent de leurs pr\u00e9d\u00e9cesseurs en modifiant notre regard sur le pass\u00e9. Longtemps d\u00e9consid\u00e9r\u00e9, le genre de la nature morte, assimil\u00e9 \u00e0 la trivialit\u00e9 de la vie quotidienne voire \u00e0 la m\u00e9cr\u00e9ance, doit \u00eatre reconsid\u00e9r\u00e9 \u00e0 la faveur de notre attachement grandissant aux choses ainsi qu&#8217;aux relations nouvelles qui s&#8217;\u00e9tablissent entre le vivant et le non vivant.<\/p>\n","protected":false},"excerpt":{"rendered":"<p>La derni\u00e8re grande manifestation autour de La nature morte de l&#8217;Antiquit\u00e9 au XXe si\u00e8cle fut organis\u00e9e en 1952 \u00e0 Paris par Charles Sterling. Les Choses rend hommage \u00e0 ce grand historien de l&#8217;art, en actualisant le point de vue et en int\u00e9grant tout ce qui a renouvel\u00e9 nos perspectives, tant en histoire de l&#8217;art ancien [&hellip;]<\/p>\n","protected":false},"featured_media":36147,"template":"","meta":[],"product_cat":[2948,2953],"product_tag":[],"acf":[],"yoast_head":"<!-- This site is optimized with the Yoast SEO plugin v20.11 - https:\/\/yoast.com\/wordpress\/plugins\/seo\/ -->\n<title>Les choses : une histoire de la nature morte - Librairie 7L<\/title>\n<meta name=\"robots\" content=\"index, follow, max-snippet:-1, max-image-preview:large, max-video-preview:-1\" \/>\n<link rel=\"canonical\" href=\"https:\/\/librairie7l.com\/en\/produit\/les-choses-une-histoire-de-la-nature-morte\/\" \/>\n<meta property=\"og:locale\" content=\"en_US\" \/>\n<meta property=\"og:type\" content=\"article\" \/>\n<meta property=\"og:title\" content=\"Les choses : une histoire de la nature morte - Librairie 7L\" \/>\n<meta property=\"og:description\" content=\"La derni\u00e8re grande manifestation autour de La nature morte de l&#8217;Antiquit\u00e9 au XXe si\u00e8cle fut organis\u00e9e en 1952 \u00e0 Paris par Charles Sterling. Les Choses rend hommage \u00e0 ce grand historien de l&#8217;art, en actualisant le point de vue et en int\u00e9grant tout ce qui a renouvel\u00e9 nos perspectives, tant en histoire de l&#8217;art ancien [&hellip;]\" \/>\n<meta property=\"og:url\" content=\"https:\/\/librairie7l.com\/en\/produit\/les-choses-une-histoire-de-la-nature-morte\/\" \/>\n<meta property=\"og:site_name\" content=\"Librairie 7L\" \/>\n<meta property=\"article:modified_time\" content=\"2026-04-18T06:07:53+00:00\" \/>\n<meta property=\"og:image\" content=\"https:\/\/librairie7l.com\/wp-content\/uploads\/2022\/05\/9782359063837_1_75.jpg\" \/>\n\t<meta property=\"og:image:width\" content=\"600\" \/>\n\t<meta property=\"og:image:height\" content=\"701\" \/>\n\t<meta property=\"og:image:type\" content=\"image\/jpeg\" \/>\n<meta name=\"twitter:card\" content=\"summary_large_image\" \/>\n<meta name=\"twitter:label1\" content=\"Est. reading time\" \/>\n\t<meta name=\"twitter:data1\" content=\"1 minute\" \/>\n<script type=\"application\/ld+json\" class=\"yoast-schema-graph\">{\"@context\":\"https:\/\/schema.org\",\"@graph\":[{\"@type\":\"WebPage\",\"@id\":\"https:\/\/librairie7l.com\/en\/produit\/les-choses-une-histoire-de-la-nature-morte\/\",\"url\":\"https:\/\/librairie7l.com\/en\/produit\/les-choses-une-histoire-de-la-nature-morte\/\",\"name\":\"Les choses : une histoire de la nature morte - Librairie 7L\",\"isPartOf\":{\"@id\":\"https:\/\/librairie7l.com\/en\/#website\"},\"datePublished\":\"2024-06-25T17:06:25+00:00\",\"dateModified\":\"2026-04-18T06:07:53+00:00\",\"breadcrumb\":{\"@id\":\"https:\/\/librairie7l.com\/en\/produit\/les-choses-une-histoire-de-la-nature-morte\/#breadcrumb\"},\"inLanguage\":\"en-US\",\"potentialAction\":[{\"@type\":\"ReadAction\",\"target\":[\"https:\/\/librairie7l.com\/en\/produit\/les-choses-une-histoire-de-la-nature-morte\/\"]}]},{\"@type\":\"BreadcrumbList\",\"@id\":\"https:\/\/librairie7l.com\/en\/produit\/les-choses-une-histoire-de-la-nature-morte\/#breadcrumb\",\"itemListElement\":[{\"@type\":\"ListItem\",\"position\":1,\"name\":\"Accueil\",\"item\":\"https:\/\/librairie7l.com\/en\/\"},{\"@type\":\"ListItem\",\"position\":2,\"name\":\"Shop\",\"item\":\"https:\/\/librairie7l.com\/en\/shop\/\"},{\"@type\":\"ListItem\",\"position\":3,\"name\":\"LES CHOSES : UNE HISTOIRE DE LA NATURE MORTE\"}]},{\"@type\":\"WebSite\",\"@id\":\"https:\/\/librairie7l.com\/en\/#website\",\"url\":\"https:\/\/librairie7l.com\/en\/\",\"name\":\"Librairie 7L\",\"description\":\"Librairie fond\u00e9e en 1999 par Karl Lagerfeld \u00e0 Paris\",\"publisher\":{\"@id\":\"https:\/\/librairie7l.com\/en\/#organization\"},\"potentialAction\":[{\"@type\":\"SearchAction\",\"target\":{\"@type\":\"EntryPoint\",\"urlTemplate\":\"https:\/\/librairie7l.com\/en\/?s={search_term_string}\"},\"query-input\":\"required name=search_term_string\"}],\"inLanguage\":\"en-US\"},{\"@type\":\"Organization\",\"@id\":\"https:\/\/librairie7l.com\/en\/#organization\",\"name\":\"Librairie 7L\",\"url\":\"https:\/\/librairie7l.com\/en\/\",\"logo\":{\"@type\":\"ImageObject\",\"inLanguage\":\"en-US\",\"@id\":\"https:\/\/librairie7l.com\/en\/#\/schema\/logo\/image\/\",\"url\":\"https:\/\/librairie7l.com\/wp-content\/uploads\/2022\/08\/logo-1.png\",\"contentUrl\":\"https:\/\/librairie7l.com\/wp-content\/uploads\/2022\/08\/logo-1.png\",\"width\":227,\"height\":301,\"caption\":\"Librairie 7L\"},\"image\":{\"@id\":\"https:\/\/librairie7l.com\/en\/#\/schema\/logo\/image\/\"}}]}<\/script>\n<!-- \/ Yoast SEO plugin. -->","yoast_head_json":{"title":"Les choses : une histoire de la nature morte - Librairie 7L","robots":{"index":"index","follow":"follow","max-snippet":"max-snippet:-1","max-image-preview":"max-image-preview:large","max-video-preview":"max-video-preview:-1"},"canonical":"https:\/\/librairie7l.com\/en\/produit\/les-choses-une-histoire-de-la-nature-morte\/","og_locale":"en_US","og_type":"article","og_title":"Les choses : une histoire de la nature morte - Librairie 7L","og_description":"La derni\u00e8re grande manifestation autour de La nature morte de l&#8217;Antiquit\u00e9 au XXe si\u00e8cle fut organis\u00e9e en 1952 \u00e0 Paris par Charles Sterling. Les Choses rend hommage \u00e0 ce grand historien de l&#8217;art, en actualisant le point de vue et en int\u00e9grant tout ce qui a renouvel\u00e9 nos perspectives, tant en histoire de l&#8217;art ancien [&hellip;]","og_url":"https:\/\/librairie7l.com\/en\/produit\/les-choses-une-histoire-de-la-nature-morte\/","og_site_name":"Librairie 7L","article_modified_time":"2026-04-18T06:07:53+00:00","og_image":[{"width":600,"height":701,"url":"https:\/\/librairie7l.com\/wp-content\/uploads\/2022\/05\/9782359063837_1_75.jpg","type":"image\/jpeg"}],"twitter_card":"summary_large_image","twitter_misc":{"Est. reading time":"1 minute"},"schema":{"@context":"https:\/\/schema.org","@graph":[{"@type":"WebPage","@id":"https:\/\/librairie7l.com\/en\/produit\/les-choses-une-histoire-de-la-nature-morte\/","url":"https:\/\/librairie7l.com\/en\/produit\/les-choses-une-histoire-de-la-nature-morte\/","name":"Les choses : une histoire de la nature morte - Librairie 7L","isPartOf":{"@id":"https:\/\/librairie7l.com\/en\/#website"},"datePublished":"2024-06-25T17:06:25+00:00","dateModified":"2026-04-18T06:07:53+00:00","breadcrumb":{"@id":"https:\/\/librairie7l.com\/en\/produit\/les-choses-une-histoire-de-la-nature-morte\/#breadcrumb"},"inLanguage":"en-US","potentialAction":[{"@type":"ReadAction","target":["https:\/\/librairie7l.com\/en\/produit\/les-choses-une-histoire-de-la-nature-morte\/"]}]},{"@type":"BreadcrumbList","@id":"https:\/\/librairie7l.com\/en\/produit\/les-choses-une-histoire-de-la-nature-morte\/#breadcrumb","itemListElement":[{"@type":"ListItem","position":1,"name":"Accueil","item":"https:\/\/librairie7l.com\/en\/"},{"@type":"ListItem","position":2,"name":"Shop","item":"https:\/\/librairie7l.com\/en\/shop\/"},{"@type":"ListItem","position":3,"name":"LES CHOSES : UNE HISTOIRE DE LA NATURE MORTE"}]},{"@type":"WebSite","@id":"https:\/\/librairie7l.com\/en\/#website","url":"https:\/\/librairie7l.com\/en\/","name":"Librairie 7L","description":"Librairie fond\u00e9e en 1999 par Karl Lagerfeld \u00e0 Paris","publisher":{"@id":"https:\/\/librairie7l.com\/en\/#organization"},"potentialAction":[{"@type":"SearchAction","target":{"@type":"EntryPoint","urlTemplate":"https:\/\/librairie7l.com\/en\/?s={search_term_string}"},"query-input":"required name=search_term_string"}],"inLanguage":"en-US"},{"@type":"Organization","@id":"https:\/\/librairie7l.com\/en\/#organization","name":"Librairie 7L","url":"https:\/\/librairie7l.com\/en\/","logo":{"@type":"ImageObject","inLanguage":"en-US","@id":"https:\/\/librairie7l.com\/en\/#\/schema\/logo\/image\/","url":"https:\/\/librairie7l.com\/wp-content\/uploads\/2022\/08\/logo-1.png","contentUrl":"https:\/\/librairie7l.com\/wp-content\/uploads\/2022\/08\/logo-1.png","width":227,"height":301,"caption":"Librairie 7L"},"image":{"@id":"https:\/\/librairie7l.com\/en\/#\/schema\/logo\/image\/"}}]}},"_links":{"self":[{"href":"https:\/\/librairie7l.com\/en\/wp-json\/wp\/v2\/product\/36149"}],"collection":[{"href":"https:\/\/librairie7l.com\/en\/wp-json\/wp\/v2\/product"}],"about":[{"href":"https:\/\/librairie7l.com\/en\/wp-json\/wp\/v2\/types\/product"}],"wp:featuredmedia":[{"embeddable":true,"href":"https:\/\/librairie7l.com\/en\/wp-json\/wp\/v2\/media\/36147"}],"wp:attachment":[{"href":"https:\/\/librairie7l.com\/en\/wp-json\/wp\/v2\/media?parent=36149"}],"wp:term":[{"taxonomy":"product_cat","embeddable":true,"href":"https:\/\/librairie7l.com\/en\/wp-json\/wp\/v2\/product_cat?post=36149"},{"taxonomy":"product_tag","embeddable":true,"href":"https:\/\/librairie7l.com\/en\/wp-json\/wp\/v2\/product_tag?post=36149"}],"curies":[{"name":"wp","href":"https:\/\/api.w.org\/{rel}","templated":true}]}}