{"id":36155,"date":"2023-10-19T17:35:23","date_gmt":"2023-10-19T15:35:23","guid":{"rendered":"https:\/\/librairie7l.com\/?post_type=product&#038;p=36155"},"modified":"2026-04-17T02:10:08","modified_gmt":"2026-04-17T00:10:08","slug":"paris","status":"publish","type":"product","link":"https:\/\/librairie7l.com\/en\/produit\/paris\/","title":{"rendered":"PARIS"},"content":{"rendered":"<p>Ma\u00eetre de la photographie couleur, Franco Fontana est l&#8217;une des figures majeures de la photographie italienne. Capturant le monde \u00e0 travers des compositions g\u00e9om\u00e9triques audacieuses, des couleurs \u00e9clatantes et un langage minimaliste, Franco Fontana s&#8217;approprie les paysages qu&#8217;il traverse depuis plus de cinquante ans.<\/p>\n<p> Ici, c&#8217;est le paysage de Paris qu&#8217;il explore. Ses rues, ses jardins, ses monuments, mais aussi ses troquets, son m\u00e9tro, ses fa\u00e7ades d\u00e9caties, sa foule. C&#8217;est en 1958 qu&#8217;il se rend pour la premi\u00e8re fois dans la capitale fran\u00e7aise, au retour de son service militaire. \u00c0 partir de ce moment-l\u00e0, il s&#8217;y rendra \u00e0 maintes reprises. Cet ouvrage rassemble ses photographies prises entre la fin des ann\u00e9es 1970 et novembre 2022, date de son dernier voyage.\u00c2  Sous son objectif d\u00e9file ainsi la vie anim\u00e9e de la capitale, v\u00e9ritables tableaux vivants dont l&#8217;ambiance unique est parfaitement d\u00e9crite sous la plume de Jean-Baptiste Gauvin. Auteur et journaliste, il imagine ici un r\u00e9cit fictif \u00e9pistolaire : celui d&#8217;un italien s&#8217;installant \u00e0 Paris qui raconte \u00e0 un ami sa nouvelle vie parisienne. M\u00ealant un certain humour et des d\u00e9tails historiques, il vient souligner la d\u00e9ambulation du photographe italien dans la Ville lumi\u00e8re.\u00c2  La publication du livre est accompagn\u00e9e d&#8217;une exposition \u00e0 la galerie Polka \u00e0 l&#8217;automne 2023.\u00c2  Franco Fontana est n\u00e9 le 9 d\u00e9cembre 1933 \u00e0 Mod\u00e8ne en Italie et commence la photographie au d\u00e9but des ann\u00e9es 1960. En 1978, il publie son livre Skyline et devient l&#8217;une des figures les plus embl\u00e9matiques de la photographie italienne gr\u00e2ce \u00e0 son travail sur le rapport des couleurs \u00e0 l&#8217;espace, aux formes et \u00e0 la lumi\u00e8re.\u00c2  Jean-Baptiste Gauvin est auteur et journaliste. Sp\u00e9cialis\u00e9 dans les arts visuels, il collabore r\u00e9guli\u00e8rement avec des revues d\u00e9di\u00e9es \u00e0 la photographie (LIKE, L&#8217;Oeil de la photographie, Process&#8230;). Il publie prochainement un ouvrage sur le s\u00e9jour du peintre Claude Monet \u00e0 Belle-\u00cele-en-Mer aux \u00e9ditions Les ateliers Henry Dougier.<\/p>\n","protected":false},"excerpt":{"rendered":"<p>Ma\u00eetre de la photographie couleur, Franco Fontana est l&#8217;une des figures majeures de la photographie italienne. Capturant le monde \u00e0 travers des compositions g\u00e9om\u00e9triques audacieuses, des couleurs \u00e9clatantes et un langage minimaliste, Franco Fontana s&#8217;approprie les paysages qu&#8217;il traverse depuis plus de cinquante ans. Ici, c&#8217;est le paysage de Paris qu&#8217;il explore. Ses rues, ses [&hellip;]<\/p>\n","protected":false},"featured_media":36153,"template":"","meta":[],"product_cat":[2948,2958],"product_tag":[],"acf":[],"yoast_head":"<!-- This site is optimized with the Yoast SEO plugin v20.11 - https:\/\/yoast.com\/wordpress\/plugins\/seo\/ -->\n<title>Paris - Librairie 7L<\/title>\n<meta name=\"robots\" content=\"index, follow, max-snippet:-1, max-image-preview:large, max-video-preview:-1\" \/>\n<link rel=\"canonical\" href=\"https:\/\/librairie7l.com\/en\/produit\/paris\/\" \/>\n<meta property=\"og:locale\" content=\"en_US\" \/>\n<meta property=\"og:type\" content=\"article\" \/>\n<meta property=\"og:title\" content=\"Paris - Librairie 7L\" \/>\n<meta property=\"og:description\" content=\"Ma\u00eetre de la photographie couleur, Franco Fontana est l&#8217;une des figures majeures de la photographie italienne. Capturant le monde \u00e0 travers des compositions g\u00e9om\u00e9triques audacieuses, des couleurs \u00e9clatantes et un langage minimaliste, Franco Fontana s&#8217;approprie les paysages qu&#8217;il traverse depuis plus de cinquante ans. Ici, c&#8217;est le paysage de Paris qu&#8217;il explore. Ses rues, ses [&hellip;]\" \/>\n<meta property=\"og:url\" content=\"https:\/\/librairie7l.com\/en\/produit\/paris\/\" \/>\n<meta property=\"og:site_name\" content=\"Librairie 7L\" \/>\n<meta property=\"article:modified_time\" content=\"2026-04-17T00:10:08+00:00\" \/>\n<meta property=\"og:image\" content=\"https:\/\/librairie7l.com\/wp-content\/uploads\/2023\/05\/9791090294592_1_75.jpg\" \/>\n\t<meta property=\"og:image:width\" content=\"600\" \/>\n\t<meta property=\"og:image:height\" content=\"768\" \/>\n\t<meta property=\"og:image:type\" content=\"image\/jpeg\" \/>\n<meta name=\"twitter:card\" content=\"summary_large_image\" \/>\n<meta name=\"twitter:label1\" content=\"Est. reading time\" \/>\n\t<meta name=\"twitter:data1\" content=\"2 minutes\" \/>\n<script type=\"application\/ld+json\" class=\"yoast-schema-graph\">{\"@context\":\"https:\/\/schema.org\",\"@graph\":[{\"@type\":\"WebPage\",\"@id\":\"https:\/\/librairie7l.com\/en\/produit\/paris\/\",\"url\":\"https:\/\/librairie7l.com\/en\/produit\/paris\/\",\"name\":\"Paris - Librairie 7L\",\"isPartOf\":{\"@id\":\"https:\/\/librairie7l.com\/en\/#website\"},\"datePublished\":\"2023-10-19T15:35:23+00:00\",\"dateModified\":\"2026-04-17T00:10:08+00:00\",\"breadcrumb\":{\"@id\":\"https:\/\/librairie7l.com\/en\/produit\/paris\/#breadcrumb\"},\"inLanguage\":\"en-US\",\"potentialAction\":[{\"@type\":\"ReadAction\",\"target\":[\"https:\/\/librairie7l.com\/en\/produit\/paris\/\"]}]},{\"@type\":\"BreadcrumbList\",\"@id\":\"https:\/\/librairie7l.com\/en\/produit\/paris\/#breadcrumb\",\"itemListElement\":[{\"@type\":\"ListItem\",\"position\":1,\"name\":\"Accueil\",\"item\":\"https:\/\/librairie7l.com\/en\/\"},{\"@type\":\"ListItem\",\"position\":2,\"name\":\"Shop\",\"item\":\"https:\/\/librairie7l.com\/en\/shop\/\"},{\"@type\":\"ListItem\",\"position\":3,\"name\":\"PARIS\"}]},{\"@type\":\"WebSite\",\"@id\":\"https:\/\/librairie7l.com\/en\/#website\",\"url\":\"https:\/\/librairie7l.com\/en\/\",\"name\":\"Librairie 7L\",\"description\":\"Librairie fond\u00e9e en 1999 par Karl Lagerfeld \u00e0 Paris\",\"publisher\":{\"@id\":\"https:\/\/librairie7l.com\/en\/#organization\"},\"potentialAction\":[{\"@type\":\"SearchAction\",\"target\":{\"@type\":\"EntryPoint\",\"urlTemplate\":\"https:\/\/librairie7l.com\/en\/?s={search_term_string}\"},\"query-input\":\"required name=search_term_string\"}],\"inLanguage\":\"en-US\"},{\"@type\":\"Organization\",\"@id\":\"https:\/\/librairie7l.com\/en\/#organization\",\"name\":\"Librairie 7L\",\"url\":\"https:\/\/librairie7l.com\/en\/\",\"logo\":{\"@type\":\"ImageObject\",\"inLanguage\":\"en-US\",\"@id\":\"https:\/\/librairie7l.com\/en\/#\/schema\/logo\/image\/\",\"url\":\"https:\/\/librairie7l.com\/wp-content\/uploads\/2022\/08\/logo-1.png\",\"contentUrl\":\"https:\/\/librairie7l.com\/wp-content\/uploads\/2022\/08\/logo-1.png\",\"width\":227,\"height\":301,\"caption\":\"Librairie 7L\"},\"image\":{\"@id\":\"https:\/\/librairie7l.com\/en\/#\/schema\/logo\/image\/\"}}]}<\/script>\n<!-- \/ Yoast SEO plugin. -->","yoast_head_json":{"title":"Paris - Librairie 7L","robots":{"index":"index","follow":"follow","max-snippet":"max-snippet:-1","max-image-preview":"max-image-preview:large","max-video-preview":"max-video-preview:-1"},"canonical":"https:\/\/librairie7l.com\/en\/produit\/paris\/","og_locale":"en_US","og_type":"article","og_title":"Paris - Librairie 7L","og_description":"Ma\u00eetre de la photographie couleur, Franco Fontana est l&#8217;une des figures majeures de la photographie italienne. Capturant le monde \u00e0 travers des compositions g\u00e9om\u00e9triques audacieuses, des couleurs \u00e9clatantes et un langage minimaliste, Franco Fontana s&#8217;approprie les paysages qu&#8217;il traverse depuis plus de cinquante ans. Ici, c&#8217;est le paysage de Paris qu&#8217;il explore. Ses rues, ses [&hellip;]","og_url":"https:\/\/librairie7l.com\/en\/produit\/paris\/","og_site_name":"Librairie 7L","article_modified_time":"2026-04-17T00:10:08+00:00","og_image":[{"width":600,"height":768,"url":"https:\/\/librairie7l.com\/wp-content\/uploads\/2023\/05\/9791090294592_1_75.jpg","type":"image\/jpeg"}],"twitter_card":"summary_large_image","twitter_misc":{"Est. reading time":"2 minutes"},"schema":{"@context":"https:\/\/schema.org","@graph":[{"@type":"WebPage","@id":"https:\/\/librairie7l.com\/en\/produit\/paris\/","url":"https:\/\/librairie7l.com\/en\/produit\/paris\/","name":"Paris - Librairie 7L","isPartOf":{"@id":"https:\/\/librairie7l.com\/en\/#website"},"datePublished":"2023-10-19T15:35:23+00:00","dateModified":"2026-04-17T00:10:08+00:00","breadcrumb":{"@id":"https:\/\/librairie7l.com\/en\/produit\/paris\/#breadcrumb"},"inLanguage":"en-US","potentialAction":[{"@type":"ReadAction","target":["https:\/\/librairie7l.com\/en\/produit\/paris\/"]}]},{"@type":"BreadcrumbList","@id":"https:\/\/librairie7l.com\/en\/produit\/paris\/#breadcrumb","itemListElement":[{"@type":"ListItem","position":1,"name":"Accueil","item":"https:\/\/librairie7l.com\/en\/"},{"@type":"ListItem","position":2,"name":"Shop","item":"https:\/\/librairie7l.com\/en\/shop\/"},{"@type":"ListItem","position":3,"name":"PARIS"}]},{"@type":"WebSite","@id":"https:\/\/librairie7l.com\/en\/#website","url":"https:\/\/librairie7l.com\/en\/","name":"Librairie 7L","description":"Librairie fond\u00e9e en 1999 par Karl Lagerfeld \u00e0 Paris","publisher":{"@id":"https:\/\/librairie7l.com\/en\/#organization"},"potentialAction":[{"@type":"SearchAction","target":{"@type":"EntryPoint","urlTemplate":"https:\/\/librairie7l.com\/en\/?s={search_term_string}"},"query-input":"required name=search_term_string"}],"inLanguage":"en-US"},{"@type":"Organization","@id":"https:\/\/librairie7l.com\/en\/#organization","name":"Librairie 7L","url":"https:\/\/librairie7l.com\/en\/","logo":{"@type":"ImageObject","inLanguage":"en-US","@id":"https:\/\/librairie7l.com\/en\/#\/schema\/logo\/image\/","url":"https:\/\/librairie7l.com\/wp-content\/uploads\/2022\/08\/logo-1.png","contentUrl":"https:\/\/librairie7l.com\/wp-content\/uploads\/2022\/08\/logo-1.png","width":227,"height":301,"caption":"Librairie 7L"},"image":{"@id":"https:\/\/librairie7l.com\/en\/#\/schema\/logo\/image\/"}}]}},"_links":{"self":[{"href":"https:\/\/librairie7l.com\/en\/wp-json\/wp\/v2\/product\/36155"}],"collection":[{"href":"https:\/\/librairie7l.com\/en\/wp-json\/wp\/v2\/product"}],"about":[{"href":"https:\/\/librairie7l.com\/en\/wp-json\/wp\/v2\/types\/product"}],"wp:featuredmedia":[{"embeddable":true,"href":"https:\/\/librairie7l.com\/en\/wp-json\/wp\/v2\/media\/36153"}],"wp:attachment":[{"href":"https:\/\/librairie7l.com\/en\/wp-json\/wp\/v2\/media?parent=36155"}],"wp:term":[{"taxonomy":"product_cat","embeddable":true,"href":"https:\/\/librairie7l.com\/en\/wp-json\/wp\/v2\/product_cat?post=36155"},{"taxonomy":"product_tag","embeddable":true,"href":"https:\/\/librairie7l.com\/en\/wp-json\/wp\/v2\/product_tag?post=36155"}],"curies":[{"name":"wp","href":"https:\/\/api.w.org\/{rel}","templated":true}]}}