{"id":36160,"date":"2024-06-25T19:06:24","date_gmt":"2024-06-25T17:06:24","guid":{"rendered":"https:\/\/librairie7l.com\/?post_type=product&#038;p=36160"},"modified":"2026-04-22T20:21:18","modified_gmt":"2026-04-22T18:21:18","slug":"conversations-avec-dean-tavoularis","status":"publish","type":"product","link":"https:\/\/librairie7l.com\/en\/produit\/conversations-avec-dean-tavoularis\/","title":{"rendered":"CONVERSATIONS AVEC DEAN TAVOULARIS"},"content":{"rendered":"<p>\u00ab Tout ce que le spectateur voit dans un film est le r\u00e9sultat d&#8217;un travail avec le chef d\u00e9corateur. \u00bb &#8211; F.F. Coppola. Quatre ans apr\u00e8s la sortie du tr\u00e8s remarqu\u00e9 Conversations avec Darius Khondji, le troisi\u00e8me ouvrage de la collection Conversations est la premi\u00e8re monographie consacr\u00e9e \u00e0 l&#8217;un des plus grands chefs d\u00e9corateurs de l&#8217;histoire du cin\u00e9ma, Dean Tavoularis. Destin\u00e9 aux cin\u00e9philes, aux \u00e9tudiants et aux professionnels du 7\u00e8me art, mais aussi aux amoureux du design et de l&#8217;architecture, cet ouvrage propose un voyage in\u00e9dit \u00e0 travers le cin\u00e9ma des soixante derni\u00e8res ann\u00e9es. Une plong\u00e9e passionnante dans les coulisses de films cultes du XX\u00e8me si\u00e8cle : Apocalypse Now, Le Parrain, Bonnie and Clyde, Zabriskie Point, Conversation secr\u00e8te et bien d&#8217;autres. Dean Tavoularis poss\u00e8de une filmographie des plus illustres, son nom \u00e9tant associ\u00e9 \u00e0 nombre de chefs d&#8217;oeuvres du cin\u00e9ma am\u00e9ricain des ann\u00e9es 1960 et 1970. Ses collaborations avec Francis Ford Coppola, Michelangelo Antonioni, Arthur Penn, Warren Beatty, William Friedkin et Roman Polanski comptent parmi les plus riches et inventives du cin\u00e9ma moderne. Conversations avec Dean Tavoularis retrace l&#8217;incroyable odyss\u00e9e de celui qui d\u00e9buta sa carri\u00e8re comme animateur sous la direction de Walt Disney. Apr\u00e8s avoir fait ses armes dans les plus grands studios d&#8217;Hollywood, sur des films comme 20 000 lieues sous les mers ou Devine qui vient d\u00eener&#8230;, il devient chef d\u00e9corateur sur l&#8217;un des films qui contribuera \u00e0 l&#8217;av\u00e8nement du Nouvel Hollywood, Bonnie and Clyde. Mais c&#8217;est aux c\u00f4t\u00e9s de Francis Ford Coppola que Dean Tavoularis consacre l&#8217;essentiel de sa carri\u00e8re. Engag\u00e9 pour travailler sur Le Parrain, ils form\u00e8rent un couple cr\u00e9atif unique pendant plus de trois d\u00e9cennies. Des chapitres entiers sont consacr\u00e9s \u00e0 la trilogie du Parrain et \u00e0 Apocalypse Now, dont le tournage est explor\u00e9 en d\u00e9tail. Dean Tavoularis r\u00e9v\u00e8le aussi certains projets de Coppola, tel Pinocchio, gr\u00e2ce \u00e0 des dessins conceptuels jamais d\u00e9voil\u00e9s \u00e0 ce jour et un sch\u00e9ma sc\u00e9naristique visuel \u00e0 couper le souffle. Ces conversations sont \u00e9galement accompagn\u00e9es d&#8217;entretiens exclusifs avec l&#8217;acteur-r\u00e9alisateur Warren Beatty, les r\u00e9alisateurs Francis Ford Coppola et Roman Coppola, le chef op\u00e9rateur Vittorio Storaro (Le Conformiste, Le dernier empereur), la cr\u00e9atrice de costumes Milena Canonero (Orange m\u00e9canique, Barry Lyndon) avec lesquels Dean Tavoularis a collabor\u00e9, ainsi qu&#8217;avec la cheffe d\u00e9coratrice fran\u00e7aise Katia Wyszkop (Sous le soleil de Satan).Accessible \u00e0 tous et foisonnant d&#8217;anecdotes o\u00f9 l&#8217;on croisera entre autres Jean-Luc Godard, Marlon Brando, Gene Kelly et Tom Waits, l&#8217;ouvrage est illustr\u00e9 de centaines de visuels, la plupart in\u00e9dits : photos de plateau, plans de d\u00e9cors, plans d&#8217;architecture, archives, dessins conceptuels, storyboards&#8230; Un beau-livre pr\u00e9fac\u00e9 par Wes Anderson et \u00e9crit par Jordan Mintzer, auteur des d\u00e9j\u00e0 cultes Conversations avec James Gray et Conversations avec Darius Khondji.<\/p>\n","protected":false},"excerpt":{"rendered":"<p>\u00ab Tout ce que le spectateur voit dans un film est le r\u00e9sultat d&#8217;un travail avec le chef d\u00e9corateur. \u00bb &#8211; F.F. Coppola. Quatre ans apr\u00e8s la sortie du tr\u00e8s remarqu\u00e9 Conversations avec Darius Khondji, le troisi\u00e8me ouvrage de la collection Conversations est la premi\u00e8re monographie consacr\u00e9e \u00e0 l&#8217;un des plus grands chefs d\u00e9corateurs de [&hellip;]<\/p>\n","protected":false},"featured_media":36158,"template":"","meta":[],"product_cat":[2948,2958],"product_tag":[],"acf":[],"yoast_head":"<!-- This site is optimized with the Yoast SEO plugin v20.11 - https:\/\/yoast.com\/wordpress\/plugins\/seo\/ -->\n<title>Conversations avec Dean Tavoularis - Librairie 7L<\/title>\n<meta name=\"robots\" content=\"index, follow, max-snippet:-1, max-image-preview:large, max-video-preview:-1\" \/>\n<link rel=\"canonical\" href=\"https:\/\/librairie7l.com\/en\/produit\/conversations-avec-dean-tavoularis\/\" \/>\n<meta property=\"og:locale\" content=\"en_US\" \/>\n<meta property=\"og:type\" content=\"article\" \/>\n<meta property=\"og:title\" content=\"Conversations avec Dean Tavoularis - Librairie 7L\" \/>\n<meta property=\"og:description\" content=\"\u00ab Tout ce que le spectateur voit dans un film est le r\u00e9sultat d&#8217;un travail avec le chef d\u00e9corateur. \u00bb &#8211; F.F. Coppola. Quatre ans apr\u00e8s la sortie du tr\u00e8s remarqu\u00e9 Conversations avec Darius Khondji, le troisi\u00e8me ouvrage de la collection Conversations est la premi\u00e8re monographie consacr\u00e9e \u00e0 l&#8217;un des plus grands chefs d\u00e9corateurs de [&hellip;]\" \/>\n<meta property=\"og:url\" content=\"https:\/\/librairie7l.com\/en\/produit\/conversations-avec-dean-tavoularis\/\" \/>\n<meta property=\"og:site_name\" content=\"Librairie 7L\" \/>\n<meta property=\"article:modified_time\" content=\"2026-04-22T18:21:18+00:00\" \/>\n<meta property=\"og:image\" content=\"https:\/\/librairie7l.com\/wp-content\/uploads\/2022\/09\/9791090172029_1_75.jpg\" \/>\n\t<meta property=\"og:image:width\" content=\"600\" \/>\n\t<meta property=\"og:image:height\" content=\"790\" \/>\n\t<meta property=\"og:image:type\" content=\"image\/jpeg\" \/>\n<meta name=\"twitter:card\" content=\"summary_large_image\" \/>\n<meta name=\"twitter:label1\" content=\"Est. reading time\" \/>\n\t<meta name=\"twitter:data1\" content=\"2 minutes\" \/>\n<script type=\"application\/ld+json\" class=\"yoast-schema-graph\">{\"@context\":\"https:\/\/schema.org\",\"@graph\":[{\"@type\":\"WebPage\",\"@id\":\"https:\/\/librairie7l.com\/en\/produit\/conversations-avec-dean-tavoularis\/\",\"url\":\"https:\/\/librairie7l.com\/en\/produit\/conversations-avec-dean-tavoularis\/\",\"name\":\"Conversations avec Dean Tavoularis - Librairie 7L\",\"isPartOf\":{\"@id\":\"https:\/\/librairie7l.com\/en\/#website\"},\"datePublished\":\"2024-06-25T17:06:24+00:00\",\"dateModified\":\"2026-04-22T18:21:18+00:00\",\"breadcrumb\":{\"@id\":\"https:\/\/librairie7l.com\/en\/produit\/conversations-avec-dean-tavoularis\/#breadcrumb\"},\"inLanguage\":\"en-US\",\"potentialAction\":[{\"@type\":\"ReadAction\",\"target\":[\"https:\/\/librairie7l.com\/en\/produit\/conversations-avec-dean-tavoularis\/\"]}]},{\"@type\":\"BreadcrumbList\",\"@id\":\"https:\/\/librairie7l.com\/en\/produit\/conversations-avec-dean-tavoularis\/#breadcrumb\",\"itemListElement\":[{\"@type\":\"ListItem\",\"position\":1,\"name\":\"Accueil\",\"item\":\"https:\/\/librairie7l.com\/en\/\"},{\"@type\":\"ListItem\",\"position\":2,\"name\":\"Shop\",\"item\":\"https:\/\/librairie7l.com\/en\/shop\/\"},{\"@type\":\"ListItem\",\"position\":3,\"name\":\"CONVERSATIONS AVEC DEAN TAVOULARIS\"}]},{\"@type\":\"WebSite\",\"@id\":\"https:\/\/librairie7l.com\/en\/#website\",\"url\":\"https:\/\/librairie7l.com\/en\/\",\"name\":\"Librairie 7L\",\"description\":\"Librairie fond\u00e9e en 1999 par Karl Lagerfeld \u00e0 Paris\",\"publisher\":{\"@id\":\"https:\/\/librairie7l.com\/en\/#organization\"},\"potentialAction\":[{\"@type\":\"SearchAction\",\"target\":{\"@type\":\"EntryPoint\",\"urlTemplate\":\"https:\/\/librairie7l.com\/en\/?s={search_term_string}\"},\"query-input\":\"required name=search_term_string\"}],\"inLanguage\":\"en-US\"},{\"@type\":\"Organization\",\"@id\":\"https:\/\/librairie7l.com\/en\/#organization\",\"name\":\"Librairie 7L\",\"url\":\"https:\/\/librairie7l.com\/en\/\",\"logo\":{\"@type\":\"ImageObject\",\"inLanguage\":\"en-US\",\"@id\":\"https:\/\/librairie7l.com\/en\/#\/schema\/logo\/image\/\",\"url\":\"https:\/\/librairie7l.com\/wp-content\/uploads\/2022\/08\/logo-1.png\",\"contentUrl\":\"https:\/\/librairie7l.com\/wp-content\/uploads\/2022\/08\/logo-1.png\",\"width\":227,\"height\":301,\"caption\":\"Librairie 7L\"},\"image\":{\"@id\":\"https:\/\/librairie7l.com\/en\/#\/schema\/logo\/image\/\"}}]}<\/script>\n<!-- \/ Yoast SEO plugin. -->","yoast_head_json":{"title":"Conversations avec Dean Tavoularis - Librairie 7L","robots":{"index":"index","follow":"follow","max-snippet":"max-snippet:-1","max-image-preview":"max-image-preview:large","max-video-preview":"max-video-preview:-1"},"canonical":"https:\/\/librairie7l.com\/en\/produit\/conversations-avec-dean-tavoularis\/","og_locale":"en_US","og_type":"article","og_title":"Conversations avec Dean Tavoularis - Librairie 7L","og_description":"\u00ab Tout ce que le spectateur voit dans un film est le r\u00e9sultat d&#8217;un travail avec le chef d\u00e9corateur. \u00bb &#8211; F.F. Coppola. Quatre ans apr\u00e8s la sortie du tr\u00e8s remarqu\u00e9 Conversations avec Darius Khondji, le troisi\u00e8me ouvrage de la collection Conversations est la premi\u00e8re monographie consacr\u00e9e \u00e0 l&#8217;un des plus grands chefs d\u00e9corateurs de [&hellip;]","og_url":"https:\/\/librairie7l.com\/en\/produit\/conversations-avec-dean-tavoularis\/","og_site_name":"Librairie 7L","article_modified_time":"2026-04-22T18:21:18+00:00","og_image":[{"width":600,"height":790,"url":"https:\/\/librairie7l.com\/wp-content\/uploads\/2022\/09\/9791090172029_1_75.jpg","type":"image\/jpeg"}],"twitter_card":"summary_large_image","twitter_misc":{"Est. reading time":"2 minutes"},"schema":{"@context":"https:\/\/schema.org","@graph":[{"@type":"WebPage","@id":"https:\/\/librairie7l.com\/en\/produit\/conversations-avec-dean-tavoularis\/","url":"https:\/\/librairie7l.com\/en\/produit\/conversations-avec-dean-tavoularis\/","name":"Conversations avec Dean Tavoularis - Librairie 7L","isPartOf":{"@id":"https:\/\/librairie7l.com\/en\/#website"},"datePublished":"2024-06-25T17:06:24+00:00","dateModified":"2026-04-22T18:21:18+00:00","breadcrumb":{"@id":"https:\/\/librairie7l.com\/en\/produit\/conversations-avec-dean-tavoularis\/#breadcrumb"},"inLanguage":"en-US","potentialAction":[{"@type":"ReadAction","target":["https:\/\/librairie7l.com\/en\/produit\/conversations-avec-dean-tavoularis\/"]}]},{"@type":"BreadcrumbList","@id":"https:\/\/librairie7l.com\/en\/produit\/conversations-avec-dean-tavoularis\/#breadcrumb","itemListElement":[{"@type":"ListItem","position":1,"name":"Accueil","item":"https:\/\/librairie7l.com\/en\/"},{"@type":"ListItem","position":2,"name":"Shop","item":"https:\/\/librairie7l.com\/en\/shop\/"},{"@type":"ListItem","position":3,"name":"CONVERSATIONS AVEC DEAN TAVOULARIS"}]},{"@type":"WebSite","@id":"https:\/\/librairie7l.com\/en\/#website","url":"https:\/\/librairie7l.com\/en\/","name":"Librairie 7L","description":"Librairie fond\u00e9e en 1999 par Karl Lagerfeld \u00e0 Paris","publisher":{"@id":"https:\/\/librairie7l.com\/en\/#organization"},"potentialAction":[{"@type":"SearchAction","target":{"@type":"EntryPoint","urlTemplate":"https:\/\/librairie7l.com\/en\/?s={search_term_string}"},"query-input":"required name=search_term_string"}],"inLanguage":"en-US"},{"@type":"Organization","@id":"https:\/\/librairie7l.com\/en\/#organization","name":"Librairie 7L","url":"https:\/\/librairie7l.com\/en\/","logo":{"@type":"ImageObject","inLanguage":"en-US","@id":"https:\/\/librairie7l.com\/en\/#\/schema\/logo\/image\/","url":"https:\/\/librairie7l.com\/wp-content\/uploads\/2022\/08\/logo-1.png","contentUrl":"https:\/\/librairie7l.com\/wp-content\/uploads\/2022\/08\/logo-1.png","width":227,"height":301,"caption":"Librairie 7L"},"image":{"@id":"https:\/\/librairie7l.com\/en\/#\/schema\/logo\/image\/"}}]}},"_links":{"self":[{"href":"https:\/\/librairie7l.com\/en\/wp-json\/wp\/v2\/product\/36160"}],"collection":[{"href":"https:\/\/librairie7l.com\/en\/wp-json\/wp\/v2\/product"}],"about":[{"href":"https:\/\/librairie7l.com\/en\/wp-json\/wp\/v2\/types\/product"}],"wp:featuredmedia":[{"embeddable":true,"href":"https:\/\/librairie7l.com\/en\/wp-json\/wp\/v2\/media\/36158"}],"wp:attachment":[{"href":"https:\/\/librairie7l.com\/en\/wp-json\/wp\/v2\/media?parent=36160"}],"wp:term":[{"taxonomy":"product_cat","embeddable":true,"href":"https:\/\/librairie7l.com\/en\/wp-json\/wp\/v2\/product_cat?post=36160"},{"taxonomy":"product_tag","embeddable":true,"href":"https:\/\/librairie7l.com\/en\/wp-json\/wp\/v2\/product_tag?post=36160"}],"curies":[{"name":"wp","href":"https:\/\/api.w.org\/{rel}","templated":true}]}}