{"id":36168,"date":"2024-06-25T19:06:36","date_gmt":"2024-06-25T17:06:36","guid":{"rendered":"https:\/\/librairie7l.com\/?post_type=product&#038;p=36168"},"modified":"2026-04-04T21:25:20","modified_gmt":"2026-04-04T19:25:20","slug":"ikonar-constellations-darchives","status":"publish","type":"product","link":"https:\/\/librairie7l.com\/en\/produit\/ikonar-constellations-darchives\/","title":{"rendered":"IKONAR : CONSTELLATIONS D&#8217;ARCHIVES"},"content":{"rendered":"<p>Ikonar (le \u00ab faiseur d&#8217;ic\u00f4nes \u00bb) est le surnom donn\u00e9 \u00e0 Josef Koudelka par un groupe de Roms qu&#8217;il a longuement fr\u00e9quent\u00e9.<br \/>\nEt en effet, les tirages qu&#8217;il leur avait offerts \u00e9taient utilis\u00e9s comme des images quasi religieuses dans leur lieu de pri\u00e8re. Mais Koudelka n&#8217;est pas seulement un \u00ab cr\u00e9ateur de photographies \u00bb mondialement reconnu, il est aussi un prolifique \u00ab collectionneur d&#8217;images \u00bb, un artiste du livre, un concepteur d&#8217;expositions, un archiviste passionn\u00e9, un documentaliste de sa propre existence&#8230; En plus de cinq somptueux portfolios regroupant les oeuvres majeures de Koudelka, Ikonar &#8211; Constellations de l&#8217;archive rend accessible un grand nombre de documents in\u00e9dits datant des ann\u00e9es 1960 \u00e0 2012. Il s&#8217;agit en particulier de planches contacts, choisies parmi les plus de 30 000 r\u00e9alis\u00e9es par le photographe, et qui, mises en regard de l&#8217;oeuvre proprement dite, offrent un aper\u00e7u absolument in\u00e9dit des processus de cr\u00e9ation de Josef Koudelka.<br \/>\nUn ouvrage unique, publi\u00e9 \u00e0 l&#8217;occasion de l&#8217;exposition \u00e9ponyme au mus\u00e9e Photo \u00c9lys\u00e9e, \u00e0 Lausanne, du 4 novembre 2022 au 31 janvier 2023.<\/p>\n","protected":false},"excerpt":{"rendered":"<p>Ikonar (le \u00ab faiseur d&#8217;ic\u00f4nes \u00bb) est le surnom donn\u00e9 \u00e0 Josef Koudelka par un groupe de Roms qu&#8217;il a longuement fr\u00e9quent\u00e9. Et en effet, les tirages qu&#8217;il leur avait offerts \u00e9taient utilis\u00e9s comme des images quasi religieuses dans leur lieu de pri\u00e8re. Mais Koudelka n&#8217;est pas seulement un \u00ab cr\u00e9ateur de photographies \u00bb mondialement [&hellip;]<\/p>\n","protected":false},"featured_media":36166,"template":"","meta":[],"product_cat":[2948,2958],"product_tag":[],"acf":[],"yoast_head":"<!-- This site is optimized with the Yoast SEO plugin v20.11 - https:\/\/yoast.com\/wordpress\/plugins\/seo\/ -->\n<title>Ikonar : constellations d&#039;archives - Librairie 7L<\/title>\n<meta name=\"robots\" content=\"index, follow, max-snippet:-1, max-image-preview:large, max-video-preview:-1\" \/>\n<link rel=\"canonical\" href=\"https:\/\/librairie7l.com\/en\/produit\/ikonar-constellations-darchives\/\" \/>\n<meta property=\"og:locale\" content=\"en_US\" \/>\n<meta property=\"og:type\" content=\"article\" \/>\n<meta property=\"og:title\" content=\"Ikonar : constellations d&#039;archives - Librairie 7L\" \/>\n<meta property=\"og:description\" content=\"Ikonar (le \u00ab faiseur d&#8217;ic\u00f4nes \u00bb) est le surnom donn\u00e9 \u00e0 Josef Koudelka par un groupe de Roms qu&#8217;il a longuement fr\u00e9quent\u00e9. Et en effet, les tirages qu&#8217;il leur avait offerts \u00e9taient utilis\u00e9s comme des images quasi religieuses dans leur lieu de pri\u00e8re. Mais Koudelka n&#8217;est pas seulement un \u00ab cr\u00e9ateur de photographies \u00bb mondialement [&hellip;]\" \/>\n<meta property=\"og:url\" content=\"https:\/\/librairie7l.com\/en\/produit\/ikonar-constellations-darchives\/\" \/>\n<meta property=\"og:site_name\" content=\"Librairie 7L\" \/>\n<meta property=\"article:modified_time\" content=\"2026-04-04T19:25:20+00:00\" \/>\n<meta property=\"og:image\" content=\"https:\/\/librairie7l.com\/wp-content\/uploads\/2022\/06\/9782882507969_1_75.jpg\" \/>\n\t<meta property=\"og:image:width\" content=\"520\" \/>\n\t<meta property=\"og:image:height\" content=\"708\" \/>\n\t<meta property=\"og:image:type\" content=\"image\/jpeg\" \/>\n<meta name=\"twitter:card\" content=\"summary_large_image\" \/>\n<meta name=\"twitter:label1\" content=\"Est. reading time\" \/>\n\t<meta name=\"twitter:data1\" content=\"1 minute\" \/>\n<script type=\"application\/ld+json\" class=\"yoast-schema-graph\">{\"@context\":\"https:\/\/schema.org\",\"@graph\":[{\"@type\":\"WebPage\",\"@id\":\"https:\/\/librairie7l.com\/en\/produit\/ikonar-constellations-darchives\/\",\"url\":\"https:\/\/librairie7l.com\/en\/produit\/ikonar-constellations-darchives\/\",\"name\":\"Ikonar : constellations d'archives - Librairie 7L\",\"isPartOf\":{\"@id\":\"https:\/\/librairie7l.com\/en\/#website\"},\"datePublished\":\"2024-06-25T17:06:36+00:00\",\"dateModified\":\"2026-04-04T19:25:20+00:00\",\"breadcrumb\":{\"@id\":\"https:\/\/librairie7l.com\/en\/produit\/ikonar-constellations-darchives\/#breadcrumb\"},\"inLanguage\":\"en-US\",\"potentialAction\":[{\"@type\":\"ReadAction\",\"target\":[\"https:\/\/librairie7l.com\/en\/produit\/ikonar-constellations-darchives\/\"]}]},{\"@type\":\"BreadcrumbList\",\"@id\":\"https:\/\/librairie7l.com\/en\/produit\/ikonar-constellations-darchives\/#breadcrumb\",\"itemListElement\":[{\"@type\":\"ListItem\",\"position\":1,\"name\":\"Accueil\",\"item\":\"https:\/\/librairie7l.com\/en\/\"},{\"@type\":\"ListItem\",\"position\":2,\"name\":\"Shop\",\"item\":\"https:\/\/librairie7l.com\/en\/shop\/\"},{\"@type\":\"ListItem\",\"position\":3,\"name\":\"IKONAR : CONSTELLATIONS D&#8217;ARCHIVES\"}]},{\"@type\":\"WebSite\",\"@id\":\"https:\/\/librairie7l.com\/en\/#website\",\"url\":\"https:\/\/librairie7l.com\/en\/\",\"name\":\"Librairie 7L\",\"description\":\"Librairie fond\u00e9e en 1999 par Karl Lagerfeld \u00e0 Paris\",\"publisher\":{\"@id\":\"https:\/\/librairie7l.com\/en\/#organization\"},\"potentialAction\":[{\"@type\":\"SearchAction\",\"target\":{\"@type\":\"EntryPoint\",\"urlTemplate\":\"https:\/\/librairie7l.com\/en\/?s={search_term_string}\"},\"query-input\":\"required name=search_term_string\"}],\"inLanguage\":\"en-US\"},{\"@type\":\"Organization\",\"@id\":\"https:\/\/librairie7l.com\/en\/#organization\",\"name\":\"Librairie 7L\",\"url\":\"https:\/\/librairie7l.com\/en\/\",\"logo\":{\"@type\":\"ImageObject\",\"inLanguage\":\"en-US\",\"@id\":\"https:\/\/librairie7l.com\/en\/#\/schema\/logo\/image\/\",\"url\":\"https:\/\/librairie7l.com\/wp-content\/uploads\/2022\/08\/logo-1.png\",\"contentUrl\":\"https:\/\/librairie7l.com\/wp-content\/uploads\/2022\/08\/logo-1.png\",\"width\":227,\"height\":301,\"caption\":\"Librairie 7L\"},\"image\":{\"@id\":\"https:\/\/librairie7l.com\/en\/#\/schema\/logo\/image\/\"}}]}<\/script>\n<!-- \/ Yoast SEO plugin. -->","yoast_head_json":{"title":"Ikonar : constellations d'archives - Librairie 7L","robots":{"index":"index","follow":"follow","max-snippet":"max-snippet:-1","max-image-preview":"max-image-preview:large","max-video-preview":"max-video-preview:-1"},"canonical":"https:\/\/librairie7l.com\/en\/produit\/ikonar-constellations-darchives\/","og_locale":"en_US","og_type":"article","og_title":"Ikonar : constellations d'archives - Librairie 7L","og_description":"Ikonar (le \u00ab faiseur d&#8217;ic\u00f4nes \u00bb) est le surnom donn\u00e9 \u00e0 Josef Koudelka par un groupe de Roms qu&#8217;il a longuement fr\u00e9quent\u00e9. Et en effet, les tirages qu&#8217;il leur avait offerts \u00e9taient utilis\u00e9s comme des images quasi religieuses dans leur lieu de pri\u00e8re. Mais Koudelka n&#8217;est pas seulement un \u00ab cr\u00e9ateur de photographies \u00bb mondialement [&hellip;]","og_url":"https:\/\/librairie7l.com\/en\/produit\/ikonar-constellations-darchives\/","og_site_name":"Librairie 7L","article_modified_time":"2026-04-04T19:25:20+00:00","og_image":[{"width":520,"height":708,"url":"https:\/\/librairie7l.com\/wp-content\/uploads\/2022\/06\/9782882507969_1_75.jpg","type":"image\/jpeg"}],"twitter_card":"summary_large_image","twitter_misc":{"Est. reading time":"1 minute"},"schema":{"@context":"https:\/\/schema.org","@graph":[{"@type":"WebPage","@id":"https:\/\/librairie7l.com\/en\/produit\/ikonar-constellations-darchives\/","url":"https:\/\/librairie7l.com\/en\/produit\/ikonar-constellations-darchives\/","name":"Ikonar : constellations d'archives - Librairie 7L","isPartOf":{"@id":"https:\/\/librairie7l.com\/en\/#website"},"datePublished":"2024-06-25T17:06:36+00:00","dateModified":"2026-04-04T19:25:20+00:00","breadcrumb":{"@id":"https:\/\/librairie7l.com\/en\/produit\/ikonar-constellations-darchives\/#breadcrumb"},"inLanguage":"en-US","potentialAction":[{"@type":"ReadAction","target":["https:\/\/librairie7l.com\/en\/produit\/ikonar-constellations-darchives\/"]}]},{"@type":"BreadcrumbList","@id":"https:\/\/librairie7l.com\/en\/produit\/ikonar-constellations-darchives\/#breadcrumb","itemListElement":[{"@type":"ListItem","position":1,"name":"Accueil","item":"https:\/\/librairie7l.com\/en\/"},{"@type":"ListItem","position":2,"name":"Shop","item":"https:\/\/librairie7l.com\/en\/shop\/"},{"@type":"ListItem","position":3,"name":"IKONAR : CONSTELLATIONS D&#8217;ARCHIVES"}]},{"@type":"WebSite","@id":"https:\/\/librairie7l.com\/en\/#website","url":"https:\/\/librairie7l.com\/en\/","name":"Librairie 7L","description":"Librairie fond\u00e9e en 1999 par Karl Lagerfeld \u00e0 Paris","publisher":{"@id":"https:\/\/librairie7l.com\/en\/#organization"},"potentialAction":[{"@type":"SearchAction","target":{"@type":"EntryPoint","urlTemplate":"https:\/\/librairie7l.com\/en\/?s={search_term_string}"},"query-input":"required name=search_term_string"}],"inLanguage":"en-US"},{"@type":"Organization","@id":"https:\/\/librairie7l.com\/en\/#organization","name":"Librairie 7L","url":"https:\/\/librairie7l.com\/en\/","logo":{"@type":"ImageObject","inLanguage":"en-US","@id":"https:\/\/librairie7l.com\/en\/#\/schema\/logo\/image\/","url":"https:\/\/librairie7l.com\/wp-content\/uploads\/2022\/08\/logo-1.png","contentUrl":"https:\/\/librairie7l.com\/wp-content\/uploads\/2022\/08\/logo-1.png","width":227,"height":301,"caption":"Librairie 7L"},"image":{"@id":"https:\/\/librairie7l.com\/en\/#\/schema\/logo\/image\/"}}]}},"_links":{"self":[{"href":"https:\/\/librairie7l.com\/en\/wp-json\/wp\/v2\/product\/36168"}],"collection":[{"href":"https:\/\/librairie7l.com\/en\/wp-json\/wp\/v2\/product"}],"about":[{"href":"https:\/\/librairie7l.com\/en\/wp-json\/wp\/v2\/types\/product"}],"wp:featuredmedia":[{"embeddable":true,"href":"https:\/\/librairie7l.com\/en\/wp-json\/wp\/v2\/media\/36166"}],"wp:attachment":[{"href":"https:\/\/librairie7l.com\/en\/wp-json\/wp\/v2\/media?parent=36168"}],"wp:term":[{"taxonomy":"product_cat","embeddable":true,"href":"https:\/\/librairie7l.com\/en\/wp-json\/wp\/v2\/product_cat?post=36168"},{"taxonomy":"product_tag","embeddable":true,"href":"https:\/\/librairie7l.com\/en\/wp-json\/wp\/v2\/product_tag?post=36168"}],"curies":[{"name":"wp","href":"https:\/\/api.w.org\/{rel}","templated":true}]}}