{"id":36181,"date":"2023-10-19T17:38:36","date_gmt":"2023-10-19T15:38:36","guid":{"rendered":"https:\/\/librairie7l.com\/?post_type=product&#038;p=36181"},"modified":"2026-04-23T20:09:56","modified_gmt":"2026-04-23T18:09:56","slug":"petit-guide-des-essences-de-bois","status":"publish","type":"product","link":"https:\/\/librairie7l.com\/en\/produit\/petit-guide-des-essences-de-bois\/","title":{"rendered":"PETIT GUIDE DES ESSENCES DE BOIS"},"content":{"rendered":"<p>Partez \u00e0 la d\u00e9couverte de l&#8217;une des ressources naturelles les plus pr\u00e9cieuses au monde ! Ce guide compact passe en revue plus d&#8217;une centaine d&#8217;essences de bois parmi les plus populaires et d\u00e9livre de nombreux conseils pratiques pour les exploiter au mieux : description d\u00e9taill\u00e9e, propri\u00e9t\u00e9s, s\u00e9chage, durabilit\u00e9, emplois les plus fr\u00e9quents, consid\u00e9rations sanitaires&#8230; Les illustrations \u00e0 l&#8217;aquarelle et les photographies de chaque esp\u00e8ce faciliteront l&#8217;identification des essences et vous permettront de mieux appr\u00e9cier la mati\u00e8re premi\u00e8re. Un petit manuel id\u00e9al pour tous ceux qui appr\u00e9cient la beaut\u00e9 et la valeur du bois sous toutes ses formes !<\/p>\n","protected":false},"excerpt":{"rendered":"<p>Partez \u00e0 la d\u00e9couverte de l&#8217;une des ressources naturelles les plus pr\u00e9cieuses au monde ! Ce guide compact passe en revue plus d&#8217;une centaine d&#8217;essences de bois parmi les plus populaires et d\u00e9livre de nombreux conseils pratiques pour les exploiter au mieux : description d\u00e9taill\u00e9e, propri\u00e9t\u00e9s, s\u00e9chage, durabilit\u00e9, emplois les plus fr\u00e9quents, consid\u00e9rations sanitaires&#8230; Les [&hellip;]<\/p>\n","protected":false},"featured_media":36179,"template":"","meta":[],"product_cat":[2948,2952],"product_tag":[],"acf":[],"yoast_head":"<!-- This site is optimized with the Yoast SEO plugin v20.11 - https:\/\/yoast.com\/wordpress\/plugins\/seo\/ -->\n<title>Petit guide des essences de bois - Librairie 7L<\/title>\n<meta name=\"robots\" content=\"index, follow, max-snippet:-1, max-image-preview:large, max-video-preview:-1\" \/>\n<link rel=\"canonical\" href=\"https:\/\/librairie7l.com\/en\/produit\/petit-guide-des-essences-de-bois\/\" \/>\n<meta property=\"og:locale\" content=\"en_US\" \/>\n<meta property=\"og:type\" content=\"article\" \/>\n<meta property=\"og:title\" content=\"Petit guide des essences de bois - Librairie 7L\" \/>\n<meta property=\"og:description\" content=\"Partez \u00e0 la d\u00e9couverte de l&#8217;une des ressources naturelles les plus pr\u00e9cieuses au monde ! Ce guide compact passe en revue plus d&#8217;une centaine d&#8217;essences de bois parmi les plus populaires et d\u00e9livre de nombreux conseils pratiques pour les exploiter au mieux : description d\u00e9taill\u00e9e, propri\u00e9t\u00e9s, s\u00e9chage, durabilit\u00e9, emplois les plus fr\u00e9quents, consid\u00e9rations sanitaires&#8230; Les [&hellip;]\" \/>\n<meta property=\"og:url\" content=\"https:\/\/librairie7l.com\/en\/produit\/petit-guide-des-essences-de-bois\/\" \/>\n<meta property=\"og:site_name\" content=\"Librairie 7L\" \/>\n<meta property=\"article:modified_time\" content=\"2026-04-23T18:09:56+00:00\" \/>\n<meta property=\"og:image\" content=\"https:\/\/librairie7l.com\/wp-content\/uploads\/2023\/06\/9782416012983_1_75.jpg\" \/>\n\t<meta property=\"og:image:width\" content=\"600\" \/>\n\t<meta property=\"og:image:height\" content=\"833\" \/>\n\t<meta property=\"og:image:type\" content=\"image\/jpeg\" \/>\n<meta name=\"twitter:card\" content=\"summary_large_image\" \/>\n<meta name=\"twitter:label1\" content=\"Est. reading time\" \/>\n\t<meta name=\"twitter:data1\" content=\"1 minute\" \/>\n<script type=\"application\/ld+json\" class=\"yoast-schema-graph\">{\"@context\":\"https:\/\/schema.org\",\"@graph\":[{\"@type\":\"WebPage\",\"@id\":\"https:\/\/librairie7l.com\/en\/produit\/petit-guide-des-essences-de-bois\/\",\"url\":\"https:\/\/librairie7l.com\/en\/produit\/petit-guide-des-essences-de-bois\/\",\"name\":\"Petit guide des essences de bois - Librairie 7L\",\"isPartOf\":{\"@id\":\"https:\/\/librairie7l.com\/en\/#website\"},\"datePublished\":\"2023-10-19T15:38:36+00:00\",\"dateModified\":\"2026-04-23T18:09:56+00:00\",\"breadcrumb\":{\"@id\":\"https:\/\/librairie7l.com\/en\/produit\/petit-guide-des-essences-de-bois\/#breadcrumb\"},\"inLanguage\":\"en-US\",\"potentialAction\":[{\"@type\":\"ReadAction\",\"target\":[\"https:\/\/librairie7l.com\/en\/produit\/petit-guide-des-essences-de-bois\/\"]}]},{\"@type\":\"BreadcrumbList\",\"@id\":\"https:\/\/librairie7l.com\/en\/produit\/petit-guide-des-essences-de-bois\/#breadcrumb\",\"itemListElement\":[{\"@type\":\"ListItem\",\"position\":1,\"name\":\"Accueil\",\"item\":\"https:\/\/librairie7l.com\/en\/\"},{\"@type\":\"ListItem\",\"position\":2,\"name\":\"Shop\",\"item\":\"https:\/\/librairie7l.com\/en\/shop\/\"},{\"@type\":\"ListItem\",\"position\":3,\"name\":\"PETIT GUIDE DES ESSENCES DE BOIS\"}]},{\"@type\":\"WebSite\",\"@id\":\"https:\/\/librairie7l.com\/en\/#website\",\"url\":\"https:\/\/librairie7l.com\/en\/\",\"name\":\"Librairie 7L\",\"description\":\"Librairie fond\u00e9e en 1999 par Karl Lagerfeld \u00e0 Paris\",\"publisher\":{\"@id\":\"https:\/\/librairie7l.com\/en\/#organization\"},\"potentialAction\":[{\"@type\":\"SearchAction\",\"target\":{\"@type\":\"EntryPoint\",\"urlTemplate\":\"https:\/\/librairie7l.com\/en\/?s={search_term_string}\"},\"query-input\":\"required name=search_term_string\"}],\"inLanguage\":\"en-US\"},{\"@type\":\"Organization\",\"@id\":\"https:\/\/librairie7l.com\/en\/#organization\",\"name\":\"Librairie 7L\",\"url\":\"https:\/\/librairie7l.com\/en\/\",\"logo\":{\"@type\":\"ImageObject\",\"inLanguage\":\"en-US\",\"@id\":\"https:\/\/librairie7l.com\/en\/#\/schema\/logo\/image\/\",\"url\":\"https:\/\/librairie7l.com\/wp-content\/uploads\/2022\/08\/logo-1.png\",\"contentUrl\":\"https:\/\/librairie7l.com\/wp-content\/uploads\/2022\/08\/logo-1.png\",\"width\":227,\"height\":301,\"caption\":\"Librairie 7L\"},\"image\":{\"@id\":\"https:\/\/librairie7l.com\/en\/#\/schema\/logo\/image\/\"}}]}<\/script>\n<!-- \/ Yoast SEO plugin. -->","yoast_head_json":{"title":"Petit guide des essences de bois - Librairie 7L","robots":{"index":"index","follow":"follow","max-snippet":"max-snippet:-1","max-image-preview":"max-image-preview:large","max-video-preview":"max-video-preview:-1"},"canonical":"https:\/\/librairie7l.com\/en\/produit\/petit-guide-des-essences-de-bois\/","og_locale":"en_US","og_type":"article","og_title":"Petit guide des essences de bois - Librairie 7L","og_description":"Partez \u00e0 la d\u00e9couverte de l&#8217;une des ressources naturelles les plus pr\u00e9cieuses au monde ! Ce guide compact passe en revue plus d&#8217;une centaine d&#8217;essences de bois parmi les plus populaires et d\u00e9livre de nombreux conseils pratiques pour les exploiter au mieux : description d\u00e9taill\u00e9e, propri\u00e9t\u00e9s, s\u00e9chage, durabilit\u00e9, emplois les plus fr\u00e9quents, consid\u00e9rations sanitaires&#8230; Les [&hellip;]","og_url":"https:\/\/librairie7l.com\/en\/produit\/petit-guide-des-essences-de-bois\/","og_site_name":"Librairie 7L","article_modified_time":"2026-04-23T18:09:56+00:00","og_image":[{"width":600,"height":833,"url":"https:\/\/librairie7l.com\/wp-content\/uploads\/2023\/06\/9782416012983_1_75.jpg","type":"image\/jpeg"}],"twitter_card":"summary_large_image","twitter_misc":{"Est. reading time":"1 minute"},"schema":{"@context":"https:\/\/schema.org","@graph":[{"@type":"WebPage","@id":"https:\/\/librairie7l.com\/en\/produit\/petit-guide-des-essences-de-bois\/","url":"https:\/\/librairie7l.com\/en\/produit\/petit-guide-des-essences-de-bois\/","name":"Petit guide des essences de bois - Librairie 7L","isPartOf":{"@id":"https:\/\/librairie7l.com\/en\/#website"},"datePublished":"2023-10-19T15:38:36+00:00","dateModified":"2026-04-23T18:09:56+00:00","breadcrumb":{"@id":"https:\/\/librairie7l.com\/en\/produit\/petit-guide-des-essences-de-bois\/#breadcrumb"},"inLanguage":"en-US","potentialAction":[{"@type":"ReadAction","target":["https:\/\/librairie7l.com\/en\/produit\/petit-guide-des-essences-de-bois\/"]}]},{"@type":"BreadcrumbList","@id":"https:\/\/librairie7l.com\/en\/produit\/petit-guide-des-essences-de-bois\/#breadcrumb","itemListElement":[{"@type":"ListItem","position":1,"name":"Accueil","item":"https:\/\/librairie7l.com\/en\/"},{"@type":"ListItem","position":2,"name":"Shop","item":"https:\/\/librairie7l.com\/en\/shop\/"},{"@type":"ListItem","position":3,"name":"PETIT GUIDE DES ESSENCES DE BOIS"}]},{"@type":"WebSite","@id":"https:\/\/librairie7l.com\/en\/#website","url":"https:\/\/librairie7l.com\/en\/","name":"Librairie 7L","description":"Librairie fond\u00e9e en 1999 par Karl Lagerfeld \u00e0 Paris","publisher":{"@id":"https:\/\/librairie7l.com\/en\/#organization"},"potentialAction":[{"@type":"SearchAction","target":{"@type":"EntryPoint","urlTemplate":"https:\/\/librairie7l.com\/en\/?s={search_term_string}"},"query-input":"required name=search_term_string"}],"inLanguage":"en-US"},{"@type":"Organization","@id":"https:\/\/librairie7l.com\/en\/#organization","name":"Librairie 7L","url":"https:\/\/librairie7l.com\/en\/","logo":{"@type":"ImageObject","inLanguage":"en-US","@id":"https:\/\/librairie7l.com\/en\/#\/schema\/logo\/image\/","url":"https:\/\/librairie7l.com\/wp-content\/uploads\/2022\/08\/logo-1.png","contentUrl":"https:\/\/librairie7l.com\/wp-content\/uploads\/2022\/08\/logo-1.png","width":227,"height":301,"caption":"Librairie 7L"},"image":{"@id":"https:\/\/librairie7l.com\/en\/#\/schema\/logo\/image\/"}}]}},"_links":{"self":[{"href":"https:\/\/librairie7l.com\/en\/wp-json\/wp\/v2\/product\/36181"}],"collection":[{"href":"https:\/\/librairie7l.com\/en\/wp-json\/wp\/v2\/product"}],"about":[{"href":"https:\/\/librairie7l.com\/en\/wp-json\/wp\/v2\/types\/product"}],"wp:featuredmedia":[{"embeddable":true,"href":"https:\/\/librairie7l.com\/en\/wp-json\/wp\/v2\/media\/36179"}],"wp:attachment":[{"href":"https:\/\/librairie7l.com\/en\/wp-json\/wp\/v2\/media?parent=36181"}],"wp:term":[{"taxonomy":"product_cat","embeddable":true,"href":"https:\/\/librairie7l.com\/en\/wp-json\/wp\/v2\/product_cat?post=36181"},{"taxonomy":"product_tag","embeddable":true,"href":"https:\/\/librairie7l.com\/en\/wp-json\/wp\/v2\/product_tag?post=36181"}],"curies":[{"name":"wp","href":"https:\/\/api.w.org\/{rel}","templated":true}]}}