{"id":36192,"date":"2024-06-25T19:06:54","date_gmt":"2024-06-25T17:06:54","guid":{"rendered":"https:\/\/librairie7l.com\/?post_type=product&#038;p=36192"},"modified":"2026-04-16T21:59:06","modified_gmt":"2026-04-16T19:59:06","slug":"charles-marville-une-memoire-du-vieux-paris","status":"publish","type":"product","link":"https:\/\/librairie7l.com\/en\/produit\/charles-marville-une-memoire-du-vieux-paris\/","title":{"rendered":"CHARLES MARVILLE : UNE M\u00c9MOIRE DU VIEUX PARIS"},"content":{"rendered":"<p>UNE M\u00c9MOIRE DU VIEUX PARIS en 100 photographies.<\/p>\n<p>Mandat\u00e9 par l&#8217;administration haussmannienne pour photographier les maisons et les rues enti\u00e8res qu&#8217;elle s&#8217;appr\u00eate \u00e0 raser, Marville compose un portait in\u00e9gal\u00e9 par son ampleur et sa qualit\u00e9 du Paris du milieu du xixe si\u00e8cle. C&#8217;est m\u00eame une ville plus ancienne qui se voit r\u00e9v\u00e9l\u00e9e \u00e0 cette occasion puisque la capitale n&#8217;a gu\u00e8re chang\u00e9 depuis l&#8217;\u00e2ge classique, voire depuis le Moyen \u00c2ge dans certains quartiers.<\/p>\n<p>Cette cit\u00e9 surgie du pass\u00e9 nous appara\u00eet comme dans un r\u00eave ; nous en reconnaissons quelques bribes, toujours visibles actuellement, mais la plupart du temps elle nous \u00e9chappe, \u00e9loign\u00e9e de toute exp\u00e9rience sensible, de tout souvenir. Elle ne nous est pourtant pas totalement \u00e9trang\u00e8re tant elle a pr\u00eat\u00e9 son d\u00e9cor \u00e0 d&#8217;innombrables romans, tableaux ou films. L&#8217;oeuvre de Marville d\u00e9borde ainsi le cadre documentaire auquel elle \u00e9tait assign\u00e9e pour \u00e9voquer non seulement un Vieux Paris appel\u00e9 \u00e0 dispara\u00eetre, mais aussi l&#8217;imaginaire qui lui est associ\u00e9. Cette ville de papier s&#8217;offre aujourd&#8217;hui \u00e0 qui veut bien librement l&#8217;arpenter et la peupler, au gr\u00e9 des silhouettes qu&#8217;il y entrevoit, de mille vies qu&#8217;il n&#8217;a pas v\u00e9cues.<\/p>\n","protected":false},"excerpt":{"rendered":"<p>UNE M\u00c9MOIRE DU VIEUX PARIS en 100 photographies. Mandat\u00e9 par l&#8217;administration haussmannienne pour photographier les maisons et les rues enti\u00e8res qu&#8217;elle s&#8217;appr\u00eate \u00e0 raser, Marville compose un portait in\u00e9gal\u00e9 par son ampleur et sa qualit\u00e9 du Paris du milieu du xixe si\u00e8cle. C&#8217;est m\u00eame une ville plus ancienne qui se voit r\u00e9v\u00e9l\u00e9e \u00e0 cette occasion [&hellip;]<\/p>\n","protected":false},"featured_media":36190,"template":"","meta":[],"product_cat":[2948,2950],"product_tag":[],"acf":[],"yoast_head":"<!-- This site is optimized with the Yoast SEO plugin v20.11 - https:\/\/yoast.com\/wordpress\/plugins\/seo\/ -->\n<title>Charles Marville : une m\u00e9moire du vieux Paris - Librairie 7L<\/title>\n<meta name=\"robots\" content=\"index, follow, max-snippet:-1, max-image-preview:large, max-video-preview:-1\" \/>\n<link rel=\"canonical\" href=\"https:\/\/librairie7l.com\/en\/produit\/charles-marville-une-memoire-du-vieux-paris\/\" \/>\n<meta property=\"og:locale\" content=\"en_US\" \/>\n<meta property=\"og:type\" content=\"article\" \/>\n<meta property=\"og:title\" content=\"Charles Marville : une m\u00e9moire du vieux Paris - Librairie 7L\" \/>\n<meta property=\"og:description\" content=\"UNE M\u00c9MOIRE DU VIEUX PARIS en 100 photographies. Mandat\u00e9 par l&#8217;administration haussmannienne pour photographier les maisons et les rues enti\u00e8res qu&#8217;elle s&#8217;appr\u00eate \u00e0 raser, Marville compose un portait in\u00e9gal\u00e9 par son ampleur et sa qualit\u00e9 du Paris du milieu du xixe si\u00e8cle. C&#8217;est m\u00eame une ville plus ancienne qui se voit r\u00e9v\u00e9l\u00e9e \u00e0 cette occasion [&hellip;]\" \/>\n<meta property=\"og:url\" content=\"https:\/\/librairie7l.com\/en\/produit\/charles-marville-une-memoire-du-vieux-paris\/\" \/>\n<meta property=\"og:site_name\" content=\"Librairie 7L\" \/>\n<meta property=\"article:modified_time\" content=\"2026-04-16T19:59:06+00:00\" \/>\n<meta property=\"og:image\" content=\"https:\/\/librairie7l.com\/wp-content\/uploads\/2022\/10\/9782373952063_1_75.jpg\" \/>\n\t<meta property=\"og:image:width\" content=\"400\" \/>\n\t<meta property=\"og:image:height\" content=\"560\" \/>\n\t<meta property=\"og:image:type\" content=\"image\/jpeg\" \/>\n<meta name=\"twitter:card\" content=\"summary_large_image\" \/>\n<meta name=\"twitter:label1\" content=\"Est. reading time\" \/>\n\t<meta name=\"twitter:data1\" content=\"1 minute\" \/>\n<script type=\"application\/ld+json\" class=\"yoast-schema-graph\">{\"@context\":\"https:\/\/schema.org\",\"@graph\":[{\"@type\":\"WebPage\",\"@id\":\"https:\/\/librairie7l.com\/en\/produit\/charles-marville-une-memoire-du-vieux-paris\/\",\"url\":\"https:\/\/librairie7l.com\/en\/produit\/charles-marville-une-memoire-du-vieux-paris\/\",\"name\":\"Charles Marville : une m\u00e9moire du vieux Paris - Librairie 7L\",\"isPartOf\":{\"@id\":\"https:\/\/librairie7l.com\/en\/#website\"},\"datePublished\":\"2024-06-25T17:06:54+00:00\",\"dateModified\":\"2026-04-16T19:59:06+00:00\",\"breadcrumb\":{\"@id\":\"https:\/\/librairie7l.com\/en\/produit\/charles-marville-une-memoire-du-vieux-paris\/#breadcrumb\"},\"inLanguage\":\"en-US\",\"potentialAction\":[{\"@type\":\"ReadAction\",\"target\":[\"https:\/\/librairie7l.com\/en\/produit\/charles-marville-une-memoire-du-vieux-paris\/\"]}]},{\"@type\":\"BreadcrumbList\",\"@id\":\"https:\/\/librairie7l.com\/en\/produit\/charles-marville-une-memoire-du-vieux-paris\/#breadcrumb\",\"itemListElement\":[{\"@type\":\"ListItem\",\"position\":1,\"name\":\"Accueil\",\"item\":\"https:\/\/librairie7l.com\/en\/\"},{\"@type\":\"ListItem\",\"position\":2,\"name\":\"Shop\",\"item\":\"https:\/\/librairie7l.com\/en\/shop\/\"},{\"@type\":\"ListItem\",\"position\":3,\"name\":\"CHARLES MARVILLE : UNE M\u00c9MOIRE DU VIEUX PARIS\"}]},{\"@type\":\"WebSite\",\"@id\":\"https:\/\/librairie7l.com\/en\/#website\",\"url\":\"https:\/\/librairie7l.com\/en\/\",\"name\":\"Librairie 7L\",\"description\":\"Librairie fond\u00e9e en 1999 par Karl Lagerfeld \u00e0 Paris\",\"publisher\":{\"@id\":\"https:\/\/librairie7l.com\/en\/#organization\"},\"potentialAction\":[{\"@type\":\"SearchAction\",\"target\":{\"@type\":\"EntryPoint\",\"urlTemplate\":\"https:\/\/librairie7l.com\/en\/?s={search_term_string}\"},\"query-input\":\"required name=search_term_string\"}],\"inLanguage\":\"en-US\"},{\"@type\":\"Organization\",\"@id\":\"https:\/\/librairie7l.com\/en\/#organization\",\"name\":\"Librairie 7L\",\"url\":\"https:\/\/librairie7l.com\/en\/\",\"logo\":{\"@type\":\"ImageObject\",\"inLanguage\":\"en-US\",\"@id\":\"https:\/\/librairie7l.com\/en\/#\/schema\/logo\/image\/\",\"url\":\"https:\/\/librairie7l.com\/wp-content\/uploads\/2022\/08\/logo-1.png\",\"contentUrl\":\"https:\/\/librairie7l.com\/wp-content\/uploads\/2022\/08\/logo-1.png\",\"width\":227,\"height\":301,\"caption\":\"Librairie 7L\"},\"image\":{\"@id\":\"https:\/\/librairie7l.com\/en\/#\/schema\/logo\/image\/\"}}]}<\/script>\n<!-- \/ Yoast SEO plugin. -->","yoast_head_json":{"title":"Charles Marville : une m\u00e9moire du vieux Paris - Librairie 7L","robots":{"index":"index","follow":"follow","max-snippet":"max-snippet:-1","max-image-preview":"max-image-preview:large","max-video-preview":"max-video-preview:-1"},"canonical":"https:\/\/librairie7l.com\/en\/produit\/charles-marville-une-memoire-du-vieux-paris\/","og_locale":"en_US","og_type":"article","og_title":"Charles Marville : une m\u00e9moire du vieux Paris - Librairie 7L","og_description":"UNE M\u00c9MOIRE DU VIEUX PARIS en 100 photographies. Mandat\u00e9 par l&#8217;administration haussmannienne pour photographier les maisons et les rues enti\u00e8res qu&#8217;elle s&#8217;appr\u00eate \u00e0 raser, Marville compose un portait in\u00e9gal\u00e9 par son ampleur et sa qualit\u00e9 du Paris du milieu du xixe si\u00e8cle. C&#8217;est m\u00eame une ville plus ancienne qui se voit r\u00e9v\u00e9l\u00e9e \u00e0 cette occasion [&hellip;]","og_url":"https:\/\/librairie7l.com\/en\/produit\/charles-marville-une-memoire-du-vieux-paris\/","og_site_name":"Librairie 7L","article_modified_time":"2026-04-16T19:59:06+00:00","og_image":[{"width":400,"height":560,"url":"https:\/\/librairie7l.com\/wp-content\/uploads\/2022\/10\/9782373952063_1_75.jpg","type":"image\/jpeg"}],"twitter_card":"summary_large_image","twitter_misc":{"Est. reading time":"1 minute"},"schema":{"@context":"https:\/\/schema.org","@graph":[{"@type":"WebPage","@id":"https:\/\/librairie7l.com\/en\/produit\/charles-marville-une-memoire-du-vieux-paris\/","url":"https:\/\/librairie7l.com\/en\/produit\/charles-marville-une-memoire-du-vieux-paris\/","name":"Charles Marville : une m\u00e9moire du vieux Paris - Librairie 7L","isPartOf":{"@id":"https:\/\/librairie7l.com\/en\/#website"},"datePublished":"2024-06-25T17:06:54+00:00","dateModified":"2026-04-16T19:59:06+00:00","breadcrumb":{"@id":"https:\/\/librairie7l.com\/en\/produit\/charles-marville-une-memoire-du-vieux-paris\/#breadcrumb"},"inLanguage":"en-US","potentialAction":[{"@type":"ReadAction","target":["https:\/\/librairie7l.com\/en\/produit\/charles-marville-une-memoire-du-vieux-paris\/"]}]},{"@type":"BreadcrumbList","@id":"https:\/\/librairie7l.com\/en\/produit\/charles-marville-une-memoire-du-vieux-paris\/#breadcrumb","itemListElement":[{"@type":"ListItem","position":1,"name":"Accueil","item":"https:\/\/librairie7l.com\/en\/"},{"@type":"ListItem","position":2,"name":"Shop","item":"https:\/\/librairie7l.com\/en\/shop\/"},{"@type":"ListItem","position":3,"name":"CHARLES MARVILLE : UNE M\u00c9MOIRE DU VIEUX PARIS"}]},{"@type":"WebSite","@id":"https:\/\/librairie7l.com\/en\/#website","url":"https:\/\/librairie7l.com\/en\/","name":"Librairie 7L","description":"Librairie fond\u00e9e en 1999 par Karl Lagerfeld \u00e0 Paris","publisher":{"@id":"https:\/\/librairie7l.com\/en\/#organization"},"potentialAction":[{"@type":"SearchAction","target":{"@type":"EntryPoint","urlTemplate":"https:\/\/librairie7l.com\/en\/?s={search_term_string}"},"query-input":"required name=search_term_string"}],"inLanguage":"en-US"},{"@type":"Organization","@id":"https:\/\/librairie7l.com\/en\/#organization","name":"Librairie 7L","url":"https:\/\/librairie7l.com\/en\/","logo":{"@type":"ImageObject","inLanguage":"en-US","@id":"https:\/\/librairie7l.com\/en\/#\/schema\/logo\/image\/","url":"https:\/\/librairie7l.com\/wp-content\/uploads\/2022\/08\/logo-1.png","contentUrl":"https:\/\/librairie7l.com\/wp-content\/uploads\/2022\/08\/logo-1.png","width":227,"height":301,"caption":"Librairie 7L"},"image":{"@id":"https:\/\/librairie7l.com\/en\/#\/schema\/logo\/image\/"}}]}},"_links":{"self":[{"href":"https:\/\/librairie7l.com\/en\/wp-json\/wp\/v2\/product\/36192"}],"collection":[{"href":"https:\/\/librairie7l.com\/en\/wp-json\/wp\/v2\/product"}],"about":[{"href":"https:\/\/librairie7l.com\/en\/wp-json\/wp\/v2\/types\/product"}],"wp:featuredmedia":[{"embeddable":true,"href":"https:\/\/librairie7l.com\/en\/wp-json\/wp\/v2\/media\/36190"}],"wp:attachment":[{"href":"https:\/\/librairie7l.com\/en\/wp-json\/wp\/v2\/media?parent=36192"}],"wp:term":[{"taxonomy":"product_cat","embeddable":true,"href":"https:\/\/librairie7l.com\/en\/wp-json\/wp\/v2\/product_cat?post=36192"},{"taxonomy":"product_tag","embeddable":true,"href":"https:\/\/librairie7l.com\/en\/wp-json\/wp\/v2\/product_tag?post=36192"}],"curies":[{"name":"wp","href":"https:\/\/api.w.org\/{rel}","templated":true}]}}