{"id":36197,"date":"2024-06-25T20:05:39","date_gmt":"2024-06-25T18:05:39","guid":{"rendered":"https:\/\/librairie7l.com\/?post_type=product&#038;p=36197"},"modified":"2026-04-27T08:34:48","modified_gmt":"2026-04-27T06:34:48","slug":"femmes-des-annees-folles","status":"publish","type":"product","link":"https:\/\/librairie7l.com\/en\/produit\/femmes-des-annees-folles\/","title":{"rendered":"FEMMES DES ANN\u00c9ES FOLLES"},"content":{"rendered":"<p>Les Ann\u00e9es folles d&#8217;il y a cent ans sont celles des femmes !<\/p>\n<p>Peintres, cr\u00e9atrices de mode, chanteuses, danseuses, aviatrices, m\u00e9c\u00e8nes, militantes&#8230; cette p\u00e9riode d&#8217;euphorie a fait na\u00eetre de nombreuses h\u00e9ro\u00efnes. Certaines comme Coco Chanel, Colette, Suzanne Lenglen, Garbo, ou Jos\u00e9phine Baker sont entr\u00e9es dans la l\u00e9gende. D&#8217;autres ont \u00e9t\u00e9 n\u00e9glig\u00e9es par l&#8217;histoire.<\/p>\n<p>L&#8217;entre-deux-guerres s&#8217;impose comme une p\u00e9riode de joie au cours de laquelle chacun et chacune se doit d&#8217;\u00eatre libre et heureux. Les femmes des Ann\u00e9es folles \u00e9voqu\u00e9es dans ce livre s&#8217;y sont \u00e9vertu\u00e9es. Au-del\u00e0 de leurs conditions elles ont impos\u00e9 leur personnalit\u00e9, leur talent, leur audace et leur courage. Ce livre fait le portrait des ann\u00e9es vingt en remettant les femmes \u00e0 leur juste place, en les \u00e9voquant pour ce qu&#8217;elles furent avant tout : les figures majeures de leur temps !<\/p>\n","protected":false},"excerpt":{"rendered":"<p>Les Ann\u00e9es folles d&#8217;il y a cent ans sont celles des femmes ! Peintres, cr\u00e9atrices de mode, chanteuses, danseuses, aviatrices, m\u00e9c\u00e8nes, militantes&#8230; cette p\u00e9riode d&#8217;euphorie a fait na\u00eetre de nombreuses h\u00e9ro\u00efnes. Certaines comme Coco Chanel, Colette, Suzanne Lenglen, Garbo, ou Jos\u00e9phine Baker sont entr\u00e9es dans la l\u00e9gende. D&#8217;autres ont \u00e9t\u00e9 n\u00e9glig\u00e9es par l&#8217;histoire. L&#8217;entre-deux-guerres s&#8217;impose [&hellip;]<\/p>\n","protected":false},"featured_media":36195,"template":"","meta":[],"product_cat":[2948,2957],"product_tag":[],"acf":[],"yoast_head":"<!-- This site is optimized with the Yoast SEO plugin v20.11 - https:\/\/yoast.com\/wordpress\/plugins\/seo\/ -->\n<title>Femmes des Ann\u00e9es folles - Librairie 7L<\/title>\n<meta name=\"robots\" content=\"index, follow, max-snippet:-1, max-image-preview:large, max-video-preview:-1\" \/>\n<link rel=\"canonical\" href=\"https:\/\/librairie7l.com\/en\/produit\/femmes-des-annees-folles\/\" \/>\n<meta property=\"og:locale\" content=\"en_US\" \/>\n<meta property=\"og:type\" content=\"article\" \/>\n<meta property=\"og:title\" content=\"Femmes des Ann\u00e9es folles - Librairie 7L\" \/>\n<meta property=\"og:description\" content=\"Les Ann\u00e9es folles d&#8217;il y a cent ans sont celles des femmes ! Peintres, cr\u00e9atrices de mode, chanteuses, danseuses, aviatrices, m\u00e9c\u00e8nes, militantes&#8230; cette p\u00e9riode d&#8217;euphorie a fait na\u00eetre de nombreuses h\u00e9ro\u00efnes. Certaines comme Coco Chanel, Colette, Suzanne Lenglen, Garbo, ou Jos\u00e9phine Baker sont entr\u00e9es dans la l\u00e9gende. D&#8217;autres ont \u00e9t\u00e9 n\u00e9glig\u00e9es par l&#8217;histoire. L&#8217;entre-deux-guerres s&#8217;impose [&hellip;]\" \/>\n<meta property=\"og:url\" content=\"https:\/\/librairie7l.com\/en\/produit\/femmes-des-annees-folles\/\" \/>\n<meta property=\"og:site_name\" content=\"Librairie 7L\" \/>\n<meta property=\"article:modified_time\" content=\"2026-04-27T06:34:48+00:00\" \/>\n<meta property=\"og:image\" content=\"https:\/\/librairie7l.com\/wp-content\/uploads\/2022\/05\/9782376713319_1_75.jpg\" \/>\n\t<meta property=\"og:image:width\" content=\"600\" \/>\n\t<meta property=\"og:image:height\" content=\"797\" \/>\n\t<meta property=\"og:image:type\" content=\"image\/jpeg\" \/>\n<meta name=\"twitter:card\" content=\"summary_large_image\" \/>\n<meta name=\"twitter:label1\" content=\"Est. reading time\" \/>\n\t<meta name=\"twitter:data1\" content=\"1 minute\" \/>\n<script type=\"application\/ld+json\" class=\"yoast-schema-graph\">{\"@context\":\"https:\/\/schema.org\",\"@graph\":[{\"@type\":\"WebPage\",\"@id\":\"https:\/\/librairie7l.com\/en\/produit\/femmes-des-annees-folles\/\",\"url\":\"https:\/\/librairie7l.com\/en\/produit\/femmes-des-annees-folles\/\",\"name\":\"Femmes des Ann\u00e9es folles - Librairie 7L\",\"isPartOf\":{\"@id\":\"https:\/\/librairie7l.com\/en\/#website\"},\"datePublished\":\"2024-06-25T18:05:39+00:00\",\"dateModified\":\"2026-04-27T06:34:48+00:00\",\"breadcrumb\":{\"@id\":\"https:\/\/librairie7l.com\/en\/produit\/femmes-des-annees-folles\/#breadcrumb\"},\"inLanguage\":\"en-US\",\"potentialAction\":[{\"@type\":\"ReadAction\",\"target\":[\"https:\/\/librairie7l.com\/en\/produit\/femmes-des-annees-folles\/\"]}]},{\"@type\":\"BreadcrumbList\",\"@id\":\"https:\/\/librairie7l.com\/en\/produit\/femmes-des-annees-folles\/#breadcrumb\",\"itemListElement\":[{\"@type\":\"ListItem\",\"position\":1,\"name\":\"Accueil\",\"item\":\"https:\/\/librairie7l.com\/en\/\"},{\"@type\":\"ListItem\",\"position\":2,\"name\":\"Shop\",\"item\":\"https:\/\/librairie7l.com\/en\/shop\/\"},{\"@type\":\"ListItem\",\"position\":3,\"name\":\"FEMMES DES ANN\u00c9ES FOLLES\"}]},{\"@type\":\"WebSite\",\"@id\":\"https:\/\/librairie7l.com\/en\/#website\",\"url\":\"https:\/\/librairie7l.com\/en\/\",\"name\":\"Librairie 7L\",\"description\":\"Librairie fond\u00e9e en 1999 par Karl Lagerfeld \u00e0 Paris\",\"publisher\":{\"@id\":\"https:\/\/librairie7l.com\/en\/#organization\"},\"potentialAction\":[{\"@type\":\"SearchAction\",\"target\":{\"@type\":\"EntryPoint\",\"urlTemplate\":\"https:\/\/librairie7l.com\/en\/?s={search_term_string}\"},\"query-input\":\"required name=search_term_string\"}],\"inLanguage\":\"en-US\"},{\"@type\":\"Organization\",\"@id\":\"https:\/\/librairie7l.com\/en\/#organization\",\"name\":\"Librairie 7L\",\"url\":\"https:\/\/librairie7l.com\/en\/\",\"logo\":{\"@type\":\"ImageObject\",\"inLanguage\":\"en-US\",\"@id\":\"https:\/\/librairie7l.com\/en\/#\/schema\/logo\/image\/\",\"url\":\"https:\/\/librairie7l.com\/wp-content\/uploads\/2022\/08\/logo-1.png\",\"contentUrl\":\"https:\/\/librairie7l.com\/wp-content\/uploads\/2022\/08\/logo-1.png\",\"width\":227,\"height\":301,\"caption\":\"Librairie 7L\"},\"image\":{\"@id\":\"https:\/\/librairie7l.com\/en\/#\/schema\/logo\/image\/\"}}]}<\/script>\n<!-- \/ Yoast SEO plugin. -->","yoast_head_json":{"title":"Femmes des Ann\u00e9es folles - Librairie 7L","robots":{"index":"index","follow":"follow","max-snippet":"max-snippet:-1","max-image-preview":"max-image-preview:large","max-video-preview":"max-video-preview:-1"},"canonical":"https:\/\/librairie7l.com\/en\/produit\/femmes-des-annees-folles\/","og_locale":"en_US","og_type":"article","og_title":"Femmes des Ann\u00e9es folles - Librairie 7L","og_description":"Les Ann\u00e9es folles d&#8217;il y a cent ans sont celles des femmes ! Peintres, cr\u00e9atrices de mode, chanteuses, danseuses, aviatrices, m\u00e9c\u00e8nes, militantes&#8230; cette p\u00e9riode d&#8217;euphorie a fait na\u00eetre de nombreuses h\u00e9ro\u00efnes. Certaines comme Coco Chanel, Colette, Suzanne Lenglen, Garbo, ou Jos\u00e9phine Baker sont entr\u00e9es dans la l\u00e9gende. D&#8217;autres ont \u00e9t\u00e9 n\u00e9glig\u00e9es par l&#8217;histoire. L&#8217;entre-deux-guerres s&#8217;impose [&hellip;]","og_url":"https:\/\/librairie7l.com\/en\/produit\/femmes-des-annees-folles\/","og_site_name":"Librairie 7L","article_modified_time":"2026-04-27T06:34:48+00:00","og_image":[{"width":600,"height":797,"url":"https:\/\/librairie7l.com\/wp-content\/uploads\/2022\/05\/9782376713319_1_75.jpg","type":"image\/jpeg"}],"twitter_card":"summary_large_image","twitter_misc":{"Est. reading time":"1 minute"},"schema":{"@context":"https:\/\/schema.org","@graph":[{"@type":"WebPage","@id":"https:\/\/librairie7l.com\/en\/produit\/femmes-des-annees-folles\/","url":"https:\/\/librairie7l.com\/en\/produit\/femmes-des-annees-folles\/","name":"Femmes des Ann\u00e9es folles - Librairie 7L","isPartOf":{"@id":"https:\/\/librairie7l.com\/en\/#website"},"datePublished":"2024-06-25T18:05:39+00:00","dateModified":"2026-04-27T06:34:48+00:00","breadcrumb":{"@id":"https:\/\/librairie7l.com\/en\/produit\/femmes-des-annees-folles\/#breadcrumb"},"inLanguage":"en-US","potentialAction":[{"@type":"ReadAction","target":["https:\/\/librairie7l.com\/en\/produit\/femmes-des-annees-folles\/"]}]},{"@type":"BreadcrumbList","@id":"https:\/\/librairie7l.com\/en\/produit\/femmes-des-annees-folles\/#breadcrumb","itemListElement":[{"@type":"ListItem","position":1,"name":"Accueil","item":"https:\/\/librairie7l.com\/en\/"},{"@type":"ListItem","position":2,"name":"Shop","item":"https:\/\/librairie7l.com\/en\/shop\/"},{"@type":"ListItem","position":3,"name":"FEMMES DES ANN\u00c9ES FOLLES"}]},{"@type":"WebSite","@id":"https:\/\/librairie7l.com\/en\/#website","url":"https:\/\/librairie7l.com\/en\/","name":"Librairie 7L","description":"Librairie fond\u00e9e en 1999 par Karl Lagerfeld \u00e0 Paris","publisher":{"@id":"https:\/\/librairie7l.com\/en\/#organization"},"potentialAction":[{"@type":"SearchAction","target":{"@type":"EntryPoint","urlTemplate":"https:\/\/librairie7l.com\/en\/?s={search_term_string}"},"query-input":"required name=search_term_string"}],"inLanguage":"en-US"},{"@type":"Organization","@id":"https:\/\/librairie7l.com\/en\/#organization","name":"Librairie 7L","url":"https:\/\/librairie7l.com\/en\/","logo":{"@type":"ImageObject","inLanguage":"en-US","@id":"https:\/\/librairie7l.com\/en\/#\/schema\/logo\/image\/","url":"https:\/\/librairie7l.com\/wp-content\/uploads\/2022\/08\/logo-1.png","contentUrl":"https:\/\/librairie7l.com\/wp-content\/uploads\/2022\/08\/logo-1.png","width":227,"height":301,"caption":"Librairie 7L"},"image":{"@id":"https:\/\/librairie7l.com\/en\/#\/schema\/logo\/image\/"}}]}},"_links":{"self":[{"href":"https:\/\/librairie7l.com\/en\/wp-json\/wp\/v2\/product\/36197"}],"collection":[{"href":"https:\/\/librairie7l.com\/en\/wp-json\/wp\/v2\/product"}],"about":[{"href":"https:\/\/librairie7l.com\/en\/wp-json\/wp\/v2\/types\/product"}],"wp:featuredmedia":[{"embeddable":true,"href":"https:\/\/librairie7l.com\/en\/wp-json\/wp\/v2\/media\/36195"}],"wp:attachment":[{"href":"https:\/\/librairie7l.com\/en\/wp-json\/wp\/v2\/media?parent=36197"}],"wp:term":[{"taxonomy":"product_cat","embeddable":true,"href":"https:\/\/librairie7l.com\/en\/wp-json\/wp\/v2\/product_cat?post=36197"},{"taxonomy":"product_tag","embeddable":true,"href":"https:\/\/librairie7l.com\/en\/wp-json\/wp\/v2\/product_tag?post=36197"}],"curies":[{"name":"wp","href":"https:\/\/api.w.org\/{rel}","templated":true}]}}