{"id":36210,"date":"2024-06-25T19:06:42","date_gmt":"2024-06-25T17:06:42","guid":{"rendered":"https:\/\/librairie7l.com\/?post_type=product&#038;p=36210"},"modified":"2026-04-12T02:01:33","modified_gmt":"2026-04-12T00:01:33","slug":"lecologie-dinterieur-vivre-mieux-avec-moins","status":"publish","type":"product","link":"https:\/\/librairie7l.com\/en\/produit\/lecologie-dinterieur-vivre-mieux-avec-moins\/","title":{"rendered":"L&#8217;\u00c9COLOGIE D&#8217;INT\u00c9RIEUR : VIVRE MIEUX AVEC MOINS"},"content":{"rendered":"<p>RENDRE LE DURABLE D\u00c9SIRABLE AVEC L&#8217;\u00c9COLOGIE D&#8217;INT\u00c9RIEUR Ce guide pratique inspirant d\u00e9crypte de fa\u00e7on singuli\u00e8re notre rapport \u00e0 l&#8217;objet. Gr\u00e2ce \u00e0 une double comp\u00e9tence scientifique et marketing, Marie Qu\u00e9ru nous \u00e9claire sur la fa\u00e7on dont l&#8217;\u00e9volution de notre cerveau explique notre propension \u00e0 tout conserver et \u00e0 adopter des comportements de consommation fr\u00e9n\u00e9tiques. Elle synth\u00e9tise pour nous l&#8217;explication de nos trop-pleins, mat\u00e9riels comme immat\u00e9riels, et nous guide, gr\u00e2ce \u00e0 son protocole de l&#8217;\u00c9cologie d&#8217;Int\u00e9rieur, sur la voie de la lib\u00e9ration. Elle nous propose d&#8217;enfin r\u00e9ussir \u00e0 nous s\u00e9parer de ce qui rend notre quotidien p\u00e9nible et nous retient au sol, pour nous accomplir dans notre vie, tout en nous accompagnant dans la transition vers une existence ayant un meilleur impact soci\u00e9tal et environnemental. En nous aidant \u00e0 nous recentrer sur l&#8217;essentiel et \u00e0 lib\u00e9rer du temps et de l&#8217;espace pour ce qui compte vraiment, Marie Qu\u00e9ru pose les bases d&#8217;un mode de vie durable : plus heureux, esth\u00e9tique et respectueux des ressources de la plan\u00e8te.   Un protocole simple et efficace en cinq \u00e9tapes, un art de vivre avec trois piliers Le beau face \u00e0 la pollution visuelle de nos espaces Le pratique face \u00e0 la pollution mentale de nos esprits Le durable face \u00e0 la pollution environnementale induite par nos pratiques<\/p>\n","protected":false},"excerpt":{"rendered":"<p>RENDRE LE DURABLE D\u00c9SIRABLE AVEC L&#8217;\u00c9COLOGIE D&#8217;INT\u00c9RIEUR Ce guide pratique inspirant d\u00e9crypte de fa\u00e7on singuli\u00e8re notre rapport \u00e0 l&#8217;objet. Gr\u00e2ce \u00e0 une double comp\u00e9tence scientifique et marketing, Marie Qu\u00e9ru nous \u00e9claire sur la fa\u00e7on dont l&#8217;\u00e9volution de notre cerveau explique notre propension \u00e0 tout conserver et \u00e0 adopter des comportements de consommation fr\u00e9n\u00e9tiques. Elle synth\u00e9tise [&hellip;]<\/p>\n","protected":false},"featured_media":36208,"template":"","meta":[],"product_cat":[2948,2953],"product_tag":[],"acf":[],"yoast_head":"<!-- This site is optimized with the Yoast SEO plugin v20.11 - https:\/\/yoast.com\/wordpress\/plugins\/seo\/ -->\n<title>L&#039;\u00e9cologie d&#039;int\u00e9rieur : vivre mieux avec moins - Librairie 7L<\/title>\n<meta name=\"robots\" content=\"index, follow, max-snippet:-1, max-image-preview:large, max-video-preview:-1\" \/>\n<link rel=\"canonical\" href=\"https:\/\/librairie7l.com\/en\/produit\/lecologie-dinterieur-vivre-mieux-avec-moins\/\" \/>\n<meta property=\"og:locale\" content=\"en_US\" \/>\n<meta property=\"og:type\" content=\"article\" \/>\n<meta property=\"og:title\" content=\"L&#039;\u00e9cologie d&#039;int\u00e9rieur : vivre mieux avec moins - Librairie 7L\" \/>\n<meta property=\"og:description\" content=\"RENDRE LE DURABLE D\u00c9SIRABLE AVEC L&#8217;\u00c9COLOGIE D&#8217;INT\u00c9RIEUR Ce guide pratique inspirant d\u00e9crypte de fa\u00e7on singuli\u00e8re notre rapport \u00e0 l&#8217;objet. Gr\u00e2ce \u00e0 une double comp\u00e9tence scientifique et marketing, Marie Qu\u00e9ru nous \u00e9claire sur la fa\u00e7on dont l&#8217;\u00e9volution de notre cerveau explique notre propension \u00e0 tout conserver et \u00e0 adopter des comportements de consommation fr\u00e9n\u00e9tiques. Elle synth\u00e9tise [&hellip;]\" \/>\n<meta property=\"og:url\" content=\"https:\/\/librairie7l.com\/en\/produit\/lecologie-dinterieur-vivre-mieux-avec-moins\/\" \/>\n<meta property=\"og:site_name\" content=\"Librairie 7L\" \/>\n<meta property=\"article:modified_time\" content=\"2026-04-12T00:01:33+00:00\" \/>\n<meta property=\"og:image\" content=\"https:\/\/librairie7l.com\/wp-content\/uploads\/2022\/06\/9782416005640_1_75.jpg\" \/>\n\t<meta property=\"og:image:width\" content=\"600\" \/>\n\t<meta property=\"og:image:height\" content=\"798\" \/>\n\t<meta property=\"og:image:type\" content=\"image\/jpeg\" \/>\n<meta name=\"twitter:card\" content=\"summary_large_image\" \/>\n<meta name=\"twitter:label1\" content=\"Est. reading time\" \/>\n\t<meta name=\"twitter:data1\" content=\"1 minute\" \/>\n<script type=\"application\/ld+json\" class=\"yoast-schema-graph\">{\"@context\":\"https:\/\/schema.org\",\"@graph\":[{\"@type\":\"WebPage\",\"@id\":\"https:\/\/librairie7l.com\/en\/produit\/lecologie-dinterieur-vivre-mieux-avec-moins\/\",\"url\":\"https:\/\/librairie7l.com\/en\/produit\/lecologie-dinterieur-vivre-mieux-avec-moins\/\",\"name\":\"L'\u00e9cologie d'int\u00e9rieur : vivre mieux avec moins - Librairie 7L\",\"isPartOf\":{\"@id\":\"https:\/\/librairie7l.com\/en\/#website\"},\"datePublished\":\"2024-06-25T17:06:42+00:00\",\"dateModified\":\"2026-04-12T00:01:33+00:00\",\"breadcrumb\":{\"@id\":\"https:\/\/librairie7l.com\/en\/produit\/lecologie-dinterieur-vivre-mieux-avec-moins\/#breadcrumb\"},\"inLanguage\":\"en-US\",\"potentialAction\":[{\"@type\":\"ReadAction\",\"target\":[\"https:\/\/librairie7l.com\/en\/produit\/lecologie-dinterieur-vivre-mieux-avec-moins\/\"]}]},{\"@type\":\"BreadcrumbList\",\"@id\":\"https:\/\/librairie7l.com\/en\/produit\/lecologie-dinterieur-vivre-mieux-avec-moins\/#breadcrumb\",\"itemListElement\":[{\"@type\":\"ListItem\",\"position\":1,\"name\":\"Accueil\",\"item\":\"https:\/\/librairie7l.com\/en\/\"},{\"@type\":\"ListItem\",\"position\":2,\"name\":\"Shop\",\"item\":\"https:\/\/librairie7l.com\/en\/shop\/\"},{\"@type\":\"ListItem\",\"position\":3,\"name\":\"L&#8217;\u00c9COLOGIE D&#8217;INT\u00c9RIEUR : VIVRE MIEUX AVEC MOINS\"}]},{\"@type\":\"WebSite\",\"@id\":\"https:\/\/librairie7l.com\/en\/#website\",\"url\":\"https:\/\/librairie7l.com\/en\/\",\"name\":\"Librairie 7L\",\"description\":\"Librairie fond\u00e9e en 1999 par Karl Lagerfeld \u00e0 Paris\",\"publisher\":{\"@id\":\"https:\/\/librairie7l.com\/en\/#organization\"},\"potentialAction\":[{\"@type\":\"SearchAction\",\"target\":{\"@type\":\"EntryPoint\",\"urlTemplate\":\"https:\/\/librairie7l.com\/en\/?s={search_term_string}\"},\"query-input\":\"required name=search_term_string\"}],\"inLanguage\":\"en-US\"},{\"@type\":\"Organization\",\"@id\":\"https:\/\/librairie7l.com\/en\/#organization\",\"name\":\"Librairie 7L\",\"url\":\"https:\/\/librairie7l.com\/en\/\",\"logo\":{\"@type\":\"ImageObject\",\"inLanguage\":\"en-US\",\"@id\":\"https:\/\/librairie7l.com\/en\/#\/schema\/logo\/image\/\",\"url\":\"https:\/\/librairie7l.com\/wp-content\/uploads\/2022\/08\/logo-1.png\",\"contentUrl\":\"https:\/\/librairie7l.com\/wp-content\/uploads\/2022\/08\/logo-1.png\",\"width\":227,\"height\":301,\"caption\":\"Librairie 7L\"},\"image\":{\"@id\":\"https:\/\/librairie7l.com\/en\/#\/schema\/logo\/image\/\"}}]}<\/script>\n<!-- \/ Yoast SEO plugin. -->","yoast_head_json":{"title":"L'\u00e9cologie d'int\u00e9rieur : vivre mieux avec moins - Librairie 7L","robots":{"index":"index","follow":"follow","max-snippet":"max-snippet:-1","max-image-preview":"max-image-preview:large","max-video-preview":"max-video-preview:-1"},"canonical":"https:\/\/librairie7l.com\/en\/produit\/lecologie-dinterieur-vivre-mieux-avec-moins\/","og_locale":"en_US","og_type":"article","og_title":"L'\u00e9cologie d'int\u00e9rieur : vivre mieux avec moins - Librairie 7L","og_description":"RENDRE LE DURABLE D\u00c9SIRABLE AVEC L&#8217;\u00c9COLOGIE D&#8217;INT\u00c9RIEUR Ce guide pratique inspirant d\u00e9crypte de fa\u00e7on singuli\u00e8re notre rapport \u00e0 l&#8217;objet. Gr\u00e2ce \u00e0 une double comp\u00e9tence scientifique et marketing, Marie Qu\u00e9ru nous \u00e9claire sur la fa\u00e7on dont l&#8217;\u00e9volution de notre cerveau explique notre propension \u00e0 tout conserver et \u00e0 adopter des comportements de consommation fr\u00e9n\u00e9tiques. Elle synth\u00e9tise [&hellip;]","og_url":"https:\/\/librairie7l.com\/en\/produit\/lecologie-dinterieur-vivre-mieux-avec-moins\/","og_site_name":"Librairie 7L","article_modified_time":"2026-04-12T00:01:33+00:00","og_image":[{"width":600,"height":798,"url":"https:\/\/librairie7l.com\/wp-content\/uploads\/2022\/06\/9782416005640_1_75.jpg","type":"image\/jpeg"}],"twitter_card":"summary_large_image","twitter_misc":{"Est. reading time":"1 minute"},"schema":{"@context":"https:\/\/schema.org","@graph":[{"@type":"WebPage","@id":"https:\/\/librairie7l.com\/en\/produit\/lecologie-dinterieur-vivre-mieux-avec-moins\/","url":"https:\/\/librairie7l.com\/en\/produit\/lecologie-dinterieur-vivre-mieux-avec-moins\/","name":"L'\u00e9cologie d'int\u00e9rieur : vivre mieux avec moins - Librairie 7L","isPartOf":{"@id":"https:\/\/librairie7l.com\/en\/#website"},"datePublished":"2024-06-25T17:06:42+00:00","dateModified":"2026-04-12T00:01:33+00:00","breadcrumb":{"@id":"https:\/\/librairie7l.com\/en\/produit\/lecologie-dinterieur-vivre-mieux-avec-moins\/#breadcrumb"},"inLanguage":"en-US","potentialAction":[{"@type":"ReadAction","target":["https:\/\/librairie7l.com\/en\/produit\/lecologie-dinterieur-vivre-mieux-avec-moins\/"]}]},{"@type":"BreadcrumbList","@id":"https:\/\/librairie7l.com\/en\/produit\/lecologie-dinterieur-vivre-mieux-avec-moins\/#breadcrumb","itemListElement":[{"@type":"ListItem","position":1,"name":"Accueil","item":"https:\/\/librairie7l.com\/en\/"},{"@type":"ListItem","position":2,"name":"Shop","item":"https:\/\/librairie7l.com\/en\/shop\/"},{"@type":"ListItem","position":3,"name":"L&#8217;\u00c9COLOGIE D&#8217;INT\u00c9RIEUR : VIVRE MIEUX AVEC MOINS"}]},{"@type":"WebSite","@id":"https:\/\/librairie7l.com\/en\/#website","url":"https:\/\/librairie7l.com\/en\/","name":"Librairie 7L","description":"Librairie fond\u00e9e en 1999 par Karl Lagerfeld \u00e0 Paris","publisher":{"@id":"https:\/\/librairie7l.com\/en\/#organization"},"potentialAction":[{"@type":"SearchAction","target":{"@type":"EntryPoint","urlTemplate":"https:\/\/librairie7l.com\/en\/?s={search_term_string}"},"query-input":"required name=search_term_string"}],"inLanguage":"en-US"},{"@type":"Organization","@id":"https:\/\/librairie7l.com\/en\/#organization","name":"Librairie 7L","url":"https:\/\/librairie7l.com\/en\/","logo":{"@type":"ImageObject","inLanguage":"en-US","@id":"https:\/\/librairie7l.com\/en\/#\/schema\/logo\/image\/","url":"https:\/\/librairie7l.com\/wp-content\/uploads\/2022\/08\/logo-1.png","contentUrl":"https:\/\/librairie7l.com\/wp-content\/uploads\/2022\/08\/logo-1.png","width":227,"height":301,"caption":"Librairie 7L"},"image":{"@id":"https:\/\/librairie7l.com\/en\/#\/schema\/logo\/image\/"}}]}},"_links":{"self":[{"href":"https:\/\/librairie7l.com\/en\/wp-json\/wp\/v2\/product\/36210"}],"collection":[{"href":"https:\/\/librairie7l.com\/en\/wp-json\/wp\/v2\/product"}],"about":[{"href":"https:\/\/librairie7l.com\/en\/wp-json\/wp\/v2\/types\/product"}],"wp:featuredmedia":[{"embeddable":true,"href":"https:\/\/librairie7l.com\/en\/wp-json\/wp\/v2\/media\/36208"}],"wp:attachment":[{"href":"https:\/\/librairie7l.com\/en\/wp-json\/wp\/v2\/media?parent=36210"}],"wp:term":[{"taxonomy":"product_cat","embeddable":true,"href":"https:\/\/librairie7l.com\/en\/wp-json\/wp\/v2\/product_cat?post=36210"},{"taxonomy":"product_tag","embeddable":true,"href":"https:\/\/librairie7l.com\/en\/wp-json\/wp\/v2\/product_tag?post=36210"}],"curies":[{"name":"wp","href":"https:\/\/api.w.org\/{rel}","templated":true}]}}