{"id":36216,"date":"2024-06-25T19:07:05","date_gmt":"2024-06-25T17:07:05","guid":{"rendered":"https:\/\/librairie7l.com\/?post_type=product&#038;p=36216"},"modified":"2026-04-17T20:48:11","modified_gmt":"2026-04-17T18:48:11","slug":"instants-tres-simples","status":"publish","type":"product","link":"https:\/\/librairie7l.com\/en\/produit\/instants-tres-simples\/","title":{"rendered":"INSTANTS TR\u00c9S SIMPLES"},"content":{"rendered":"<p>En deux d\u00e9cennies, Claude Batho a produit une oeuvre d&#8217;une rare sinc\u00e9rit\u00e9. Op\u00e9rant dans le cadre circonscrit de son univers familial, la photographe a patiemment construit sa photographie \u00e0 l&#8217;abri des regards. Sous son objectif se d\u00e9clinent les mille et une variations d&#8217;une po\u00e9sie du quotidien : une lumi\u00e8re de fin d&#8217;apr\u00e8s-midi, un coin de chemin\u00e9e, un enfant qui s&#8217;ennuie.<\/p>\n<p> Alors que les femmes photographes font l&#8217;objet ces deux derni\u00e8res ann\u00e9es d&#8217;une relecture et d&#8217;une (re) mise en valeur, l&#8217;oeuvre de Claude Batho est encore m\u00e9connue. Pour en saisir toute la complexit\u00e9, il nous faut plonger dans l&#8217;intimit\u00e9 de son univers qui d\u00e9crit tout autant sa condition de femme &#8211; \u00e9pouse et m\u00e8re &#8211; \u00e0 une \u00e9poque o\u00f9 le f\u00e9minisme voit le jour que son combat quotidien avec le temps qui passe, h\u00e9las trop vite pour elle. Mais la puissance de son oeuvre r\u00e9side \u00e9galement dans son acharnement \u00e0 percer un certain myst\u00e8re de la photographie.<\/p>\n<p> R\u00e9alis\u00e9 avec la participation de son mari John Batho, ce livre voit le jour gr\u00e2ce au soutien de la M\u00e9diath\u00e8que du Patrimoine et de la Photographie qui accueille aujourd&#8217;hui son archive.<\/p>\n<p> D\u00e8s son plus jeune \u00e2ge, Claude Batho dessine et peint. En 1950, elle est admise \u00e0 l&#8217;\u00c9cole sup\u00e9rieure des arts appliqu\u00e9s Duperr\u00e9 \u00e0 Paris. C&#8217;est gr\u00e2ce \u00e0 son p\u00e8re qui lui offre son premier appareil photo qu&#8217;elle vient \u00e0 la photographie. Elle se sp\u00e9cialise dans la reproduction documentaire aux Archives nationales de France, o\u00f9 elle rencontre son mari John Batho, lui- m\u00eame photographe. En 1975, elle r\u00e9alise un portfolio intitul\u00e9 Portraits d&#8217;enfants, dont les mod\u00e8les sont Marie-Ang\u00e8le et Delphine, leurs deux filles. Cet ensemble permet \u00e0 la photographe d&#8217;affirmer un style empreint de sensibilit\u00e9 dans des photographies en noir et blanc au th\u00e8me classique. En 1977, elle expose une s\u00e9lection d&#8217;images \u00e0 la galerie Agathe Gaillard \u00e0 Paris et acquiert une notori\u00e9t\u00e9 gr\u00e2ce au livre qu&#8217;Antoinette Fouque, directrice des \u00c9ditions des femmes, lui propose de publier : Le Moment des choses (1977). Atteinte d&#8217;un cancer, la photographe d\u00e9c\u00e8de en 1981. Une exposition organis\u00e9e au Mus\u00e9e d&#8217;art moderne de la ville de Paris lui rend hommage l&#8217;ann\u00e9e suivante.<\/p>\n","protected":false},"excerpt":{"rendered":"<p>En deux d\u00e9cennies, Claude Batho a produit une oeuvre d&#8217;une rare sinc\u00e9rit\u00e9. Op\u00e9rant dans le cadre circonscrit de son univers familial, la photographe a patiemment construit sa photographie \u00e0 l&#8217;abri des regards. Sous son objectif se d\u00e9clinent les mille et une variations d&#8217;une po\u00e9sie du quotidien : une lumi\u00e8re de fin d&#8217;apr\u00e8s-midi, un coin de [&hellip;]<\/p>\n","protected":false},"featured_media":36214,"template":"","meta":[],"product_cat":[2948,2958],"product_tag":[],"acf":[],"yoast_head":"<!-- This site is optimized with the Yoast SEO plugin v20.11 - https:\/\/yoast.com\/wordpress\/plugins\/seo\/ -->\n<title>Instants tr\u00e9s simples - Librairie 7L<\/title>\n<meta name=\"robots\" content=\"index, follow, max-snippet:-1, max-image-preview:large, max-video-preview:-1\" \/>\n<link rel=\"canonical\" href=\"https:\/\/librairie7l.com\/en\/produit\/instants-tres-simples\/\" \/>\n<meta property=\"og:locale\" content=\"en_US\" \/>\n<meta property=\"og:type\" content=\"article\" \/>\n<meta property=\"og:title\" content=\"Instants tr\u00e9s simples - Librairie 7L\" \/>\n<meta property=\"og:description\" content=\"En deux d\u00e9cennies, Claude Batho a produit une oeuvre d&#8217;une rare sinc\u00e9rit\u00e9. Op\u00e9rant dans le cadre circonscrit de son univers familial, la photographe a patiemment construit sa photographie \u00e0 l&#8217;abri des regards. Sous son objectif se d\u00e9clinent les mille et une variations d&#8217;une po\u00e9sie du quotidien : une lumi\u00e8re de fin d&#8217;apr\u00e8s-midi, un coin de [&hellip;]\" \/>\n<meta property=\"og:url\" content=\"https:\/\/librairie7l.com\/en\/produit\/instants-tres-simples\/\" \/>\n<meta property=\"og:site_name\" content=\"Librairie 7L\" \/>\n<meta property=\"article:modified_time\" content=\"2026-04-17T18:48:11+00:00\" \/>\n<meta property=\"og:image\" content=\"https:\/\/librairie7l.com\/wp-content\/uploads\/2023\/03\/9791090294578_1_75.jpg\" \/>\n\t<meta property=\"og:image:width\" content=\"600\" \/>\n\t<meta property=\"og:image:height\" content=\"750\" \/>\n\t<meta property=\"og:image:type\" content=\"image\/jpeg\" \/>\n<meta name=\"twitter:card\" content=\"summary_large_image\" \/>\n<meta name=\"twitter:label1\" content=\"Est. reading time\" \/>\n\t<meta name=\"twitter:data1\" content=\"2 minutes\" \/>\n<script type=\"application\/ld+json\" class=\"yoast-schema-graph\">{\"@context\":\"https:\/\/schema.org\",\"@graph\":[{\"@type\":\"WebPage\",\"@id\":\"https:\/\/librairie7l.com\/en\/produit\/instants-tres-simples\/\",\"url\":\"https:\/\/librairie7l.com\/en\/produit\/instants-tres-simples\/\",\"name\":\"Instants tr\u00e9s simples - Librairie 7L\",\"isPartOf\":{\"@id\":\"https:\/\/librairie7l.com\/en\/#website\"},\"datePublished\":\"2024-06-25T17:07:05+00:00\",\"dateModified\":\"2026-04-17T18:48:11+00:00\",\"breadcrumb\":{\"@id\":\"https:\/\/librairie7l.com\/en\/produit\/instants-tres-simples\/#breadcrumb\"},\"inLanguage\":\"en-US\",\"potentialAction\":[{\"@type\":\"ReadAction\",\"target\":[\"https:\/\/librairie7l.com\/en\/produit\/instants-tres-simples\/\"]}]},{\"@type\":\"BreadcrumbList\",\"@id\":\"https:\/\/librairie7l.com\/en\/produit\/instants-tres-simples\/#breadcrumb\",\"itemListElement\":[{\"@type\":\"ListItem\",\"position\":1,\"name\":\"Accueil\",\"item\":\"https:\/\/librairie7l.com\/en\/\"},{\"@type\":\"ListItem\",\"position\":2,\"name\":\"Shop\",\"item\":\"https:\/\/librairie7l.com\/en\/shop\/\"},{\"@type\":\"ListItem\",\"position\":3,\"name\":\"INSTANTS TR\u00c9S SIMPLES\"}]},{\"@type\":\"WebSite\",\"@id\":\"https:\/\/librairie7l.com\/en\/#website\",\"url\":\"https:\/\/librairie7l.com\/en\/\",\"name\":\"Librairie 7L\",\"description\":\"Librairie fond\u00e9e en 1999 par Karl Lagerfeld \u00e0 Paris\",\"publisher\":{\"@id\":\"https:\/\/librairie7l.com\/en\/#organization\"},\"potentialAction\":[{\"@type\":\"SearchAction\",\"target\":{\"@type\":\"EntryPoint\",\"urlTemplate\":\"https:\/\/librairie7l.com\/en\/?s={search_term_string}\"},\"query-input\":\"required name=search_term_string\"}],\"inLanguage\":\"en-US\"},{\"@type\":\"Organization\",\"@id\":\"https:\/\/librairie7l.com\/en\/#organization\",\"name\":\"Librairie 7L\",\"url\":\"https:\/\/librairie7l.com\/en\/\",\"logo\":{\"@type\":\"ImageObject\",\"inLanguage\":\"en-US\",\"@id\":\"https:\/\/librairie7l.com\/en\/#\/schema\/logo\/image\/\",\"url\":\"https:\/\/librairie7l.com\/wp-content\/uploads\/2022\/08\/logo-1.png\",\"contentUrl\":\"https:\/\/librairie7l.com\/wp-content\/uploads\/2022\/08\/logo-1.png\",\"width\":227,\"height\":301,\"caption\":\"Librairie 7L\"},\"image\":{\"@id\":\"https:\/\/librairie7l.com\/en\/#\/schema\/logo\/image\/\"}}]}<\/script>\n<!-- \/ Yoast SEO plugin. -->","yoast_head_json":{"title":"Instants tr\u00e9s simples - Librairie 7L","robots":{"index":"index","follow":"follow","max-snippet":"max-snippet:-1","max-image-preview":"max-image-preview:large","max-video-preview":"max-video-preview:-1"},"canonical":"https:\/\/librairie7l.com\/en\/produit\/instants-tres-simples\/","og_locale":"en_US","og_type":"article","og_title":"Instants tr\u00e9s simples - Librairie 7L","og_description":"En deux d\u00e9cennies, Claude Batho a produit une oeuvre d&#8217;une rare sinc\u00e9rit\u00e9. Op\u00e9rant dans le cadre circonscrit de son univers familial, la photographe a patiemment construit sa photographie \u00e0 l&#8217;abri des regards. Sous son objectif se d\u00e9clinent les mille et une variations d&#8217;une po\u00e9sie du quotidien : une lumi\u00e8re de fin d&#8217;apr\u00e8s-midi, un coin de [&hellip;]","og_url":"https:\/\/librairie7l.com\/en\/produit\/instants-tres-simples\/","og_site_name":"Librairie 7L","article_modified_time":"2026-04-17T18:48:11+00:00","og_image":[{"width":600,"height":750,"url":"https:\/\/librairie7l.com\/wp-content\/uploads\/2023\/03\/9791090294578_1_75.jpg","type":"image\/jpeg"}],"twitter_card":"summary_large_image","twitter_misc":{"Est. reading time":"2 minutes"},"schema":{"@context":"https:\/\/schema.org","@graph":[{"@type":"WebPage","@id":"https:\/\/librairie7l.com\/en\/produit\/instants-tres-simples\/","url":"https:\/\/librairie7l.com\/en\/produit\/instants-tres-simples\/","name":"Instants tr\u00e9s simples - Librairie 7L","isPartOf":{"@id":"https:\/\/librairie7l.com\/en\/#website"},"datePublished":"2024-06-25T17:07:05+00:00","dateModified":"2026-04-17T18:48:11+00:00","breadcrumb":{"@id":"https:\/\/librairie7l.com\/en\/produit\/instants-tres-simples\/#breadcrumb"},"inLanguage":"en-US","potentialAction":[{"@type":"ReadAction","target":["https:\/\/librairie7l.com\/en\/produit\/instants-tres-simples\/"]}]},{"@type":"BreadcrumbList","@id":"https:\/\/librairie7l.com\/en\/produit\/instants-tres-simples\/#breadcrumb","itemListElement":[{"@type":"ListItem","position":1,"name":"Accueil","item":"https:\/\/librairie7l.com\/en\/"},{"@type":"ListItem","position":2,"name":"Shop","item":"https:\/\/librairie7l.com\/en\/shop\/"},{"@type":"ListItem","position":3,"name":"INSTANTS TR\u00c9S SIMPLES"}]},{"@type":"WebSite","@id":"https:\/\/librairie7l.com\/en\/#website","url":"https:\/\/librairie7l.com\/en\/","name":"Librairie 7L","description":"Librairie fond\u00e9e en 1999 par Karl Lagerfeld \u00e0 Paris","publisher":{"@id":"https:\/\/librairie7l.com\/en\/#organization"},"potentialAction":[{"@type":"SearchAction","target":{"@type":"EntryPoint","urlTemplate":"https:\/\/librairie7l.com\/en\/?s={search_term_string}"},"query-input":"required name=search_term_string"}],"inLanguage":"en-US"},{"@type":"Organization","@id":"https:\/\/librairie7l.com\/en\/#organization","name":"Librairie 7L","url":"https:\/\/librairie7l.com\/en\/","logo":{"@type":"ImageObject","inLanguage":"en-US","@id":"https:\/\/librairie7l.com\/en\/#\/schema\/logo\/image\/","url":"https:\/\/librairie7l.com\/wp-content\/uploads\/2022\/08\/logo-1.png","contentUrl":"https:\/\/librairie7l.com\/wp-content\/uploads\/2022\/08\/logo-1.png","width":227,"height":301,"caption":"Librairie 7L"},"image":{"@id":"https:\/\/librairie7l.com\/en\/#\/schema\/logo\/image\/"}}]}},"_links":{"self":[{"href":"https:\/\/librairie7l.com\/en\/wp-json\/wp\/v2\/product\/36216"}],"collection":[{"href":"https:\/\/librairie7l.com\/en\/wp-json\/wp\/v2\/product"}],"about":[{"href":"https:\/\/librairie7l.com\/en\/wp-json\/wp\/v2\/types\/product"}],"wp:featuredmedia":[{"embeddable":true,"href":"https:\/\/librairie7l.com\/en\/wp-json\/wp\/v2\/media\/36214"}],"wp:attachment":[{"href":"https:\/\/librairie7l.com\/en\/wp-json\/wp\/v2\/media?parent=36216"}],"wp:term":[{"taxonomy":"product_cat","embeddable":true,"href":"https:\/\/librairie7l.com\/en\/wp-json\/wp\/v2\/product_cat?post=36216"},{"taxonomy":"product_tag","embeddable":true,"href":"https:\/\/librairie7l.com\/en\/wp-json\/wp\/v2\/product_tag?post=36216"}],"curies":[{"name":"wp","href":"https:\/\/api.w.org\/{rel}","templated":true}]}}