{"id":36227,"date":"2024-06-25T20:06:29","date_gmt":"2024-06-25T18:06:29","guid":{"rendered":"https:\/\/librairie7l.com\/?post_type=product&#038;p=36227"},"modified":"2026-05-04T11:58:47","modified_gmt":"2026-05-04T09:58:47","slug":"picasso-1969-1972-la-fin-du-debut","status":"publish","type":"product","link":"https:\/\/librairie7l.com\/en\/produit\/picasso-1969-1972-la-fin-du-debut\/","title":{"rendered":"PICASSO 1969-1972 : LA FIN DU D\u00c9BUT"},"content":{"rendered":"<p>\u00ab Picasso a envahi le palais des Papes \u00e0 Avignon \u00e0 la t\u00eate d&#8217;une colonne de plus  de cent hommes, accompagn\u00e9s de plus de trente femmes, de deux nains, de deux  Arlequins et d&#8217;un Pierrot, de plusieurs enfants, de quelques bouquets de fleurs et  de quelques fruits. [&#8230;] Ils ont investi la plus grande et la plus solennelle des salles  du pape [&#8230;] et avec un bavardage myst\u00e9rieux et silencieux, ils se sont accroch\u00e9s aux  murs [&#8230;] et ont commenc\u00e9 \u00e0 parler : \u00abNous sommes arriv\u00e9s ici tout juste n\u00e9s. Nous  avons un peu plus d&#8217;un an&#8230;\u00bb \u00bb Ainsi le po\u00e8te Rafael, grand ami de Picasso, r\u00e9sumait-il la grande exposition avignonnaise de 1971 dans son introduction au catalogue, donnant un parfait \u00e9cho \u00e0 la production picassienne de ces derni\u00e8res ann\u00e9es.<br \/>\nC&#8217;est sur cette p\u00e9riode 1969-1972 que se concentre l&#8217;exposition du mus\u00e9e Picasso  d&#8217;Antibes. L&#8217;ouvrage qui l&#8217;accompagne, \u00e0 travers une centaine d&#8217;oeuvres, s&#8217;attarde sur  ce moment cl\u00e9 o\u00f9 l&#8217;inventivit\u00e9 de l&#8217;artiste est particuli\u00e8rement prolifique, malgr\u00e9 l&#8217;incompr\u00e9hension d&#8217;une partie de la critique.<br \/>\nAlors qu&#8217;il avance en \u00e2ge, Picasso fait retour sur ses origines espagnoles : il revisite  alors la galerie de ses personnages familiers, les toreros, les mousquetaires, et peint  des tableaux qui semblent prendre forme sous nos yeux, dans une facture l\u00e2che qui  surprend. Si Picasso regarde du c\u00f4t\u00e9 du si\u00e8cle d&#8217;or espagnol, il tend aussi un miroir  \u00e0 Rembrandt comme \u00e0 Frans Hals, se ressour\u00e7ant aupr\u00e8s d&#8217;une peinture fid\u00e8le \u00e0 sa  d\u00e9finition ancienne, tout en s&#8217;\u00e9mancipant de toute obligation \u00e0 l&#8217;endroit de l&#8217;Histoire,  comme de l&#8217;art moderne.<br \/>\nIl entend assumer le lyrisme de ses oeuvres sur les hauts murs du Palais des Papes \u00e0  Avignon, en 1970 et 1973. D\u00e9sormais l&#8217;exub\u00e9rance qui dans ses derni\u00e8res toiles s&#8217;exprime par des teintes vives, et le plus souvent, par de grands formats, t\u00e9moigne de  l&#8217;extraordinaire pouvoir cr\u00e9ateur de l&#8217;artiste, dans une libert\u00e9 qui n&#8217;h\u00e9site pas \u00e0 s&#8217;affranchir des valeurs de l&#8217;\u00e9poque, voire \u00e0 les mettre en doute.<\/p>\n","protected":false},"excerpt":{"rendered":"<p>\u00ab Picasso a envahi le palais des Papes \u00e0 Avignon \u00e0 la t\u00eate d&#8217;une colonne de plus de cent hommes, accompagn\u00e9s de plus de trente femmes, de deux nains, de deux Arlequins et d&#8217;un Pierrot, de plusieurs enfants, de quelques bouquets de fleurs et de quelques fruits. [&#8230;] Ils ont investi la plus grande et [&hellip;]<\/p>\n","protected":false},"featured_media":36225,"template":"","meta":[],"product_cat":[2948,2953],"product_tag":[],"acf":[],"yoast_head":"<!-- This site is optimized with the Yoast SEO plugin v20.11 - https:\/\/yoast.com\/wordpress\/plugins\/seo\/ -->\n<title>Picasso 1969-1972 : la fin du d\u00e9but - Librairie 7L<\/title>\n<meta name=\"robots\" content=\"index, follow, max-snippet:-1, max-image-preview:large, max-video-preview:-1\" \/>\n<link rel=\"canonical\" href=\"https:\/\/librairie7l.com\/en\/produit\/picasso-1969-1972-la-fin-du-debut\/\" \/>\n<meta property=\"og:locale\" content=\"en_US\" \/>\n<meta property=\"og:type\" content=\"article\" \/>\n<meta property=\"og:title\" content=\"Picasso 1969-1972 : la fin du d\u00e9but - Librairie 7L\" \/>\n<meta property=\"og:description\" content=\"\u00ab Picasso a envahi le palais des Papes \u00e0 Avignon \u00e0 la t\u00eate d&#8217;une colonne de plus de cent hommes, accompagn\u00e9s de plus de trente femmes, de deux nains, de deux Arlequins et d&#8217;un Pierrot, de plusieurs enfants, de quelques bouquets de fleurs et de quelques fruits. [&#8230;] Ils ont investi la plus grande et [&hellip;]\" \/>\n<meta property=\"og:url\" content=\"https:\/\/librairie7l.com\/en\/produit\/picasso-1969-1972-la-fin-du-debut\/\" \/>\n<meta property=\"og:site_name\" content=\"Librairie 7L\" \/>\n<meta property=\"article:modified_time\" content=\"2026-05-04T09:58:47+00:00\" \/>\n<meta property=\"og:image\" content=\"https:\/\/librairie7l.com\/wp-content\/uploads\/2022\/11\/9782711879687_1_75.jpg\" \/>\n\t<meta property=\"og:image:width\" content=\"600\" \/>\n\t<meta property=\"og:image:height\" content=\"752\" \/>\n\t<meta property=\"og:image:type\" content=\"image\/jpeg\" \/>\n<meta name=\"twitter:card\" content=\"summary_large_image\" \/>\n<meta name=\"twitter:label1\" content=\"Est. reading time\" \/>\n\t<meta name=\"twitter:data1\" content=\"2 minutes\" \/>\n<script type=\"application\/ld+json\" class=\"yoast-schema-graph\">{\"@context\":\"https:\/\/schema.org\",\"@graph\":[{\"@type\":\"WebPage\",\"@id\":\"https:\/\/librairie7l.com\/en\/produit\/picasso-1969-1972-la-fin-du-debut\/\",\"url\":\"https:\/\/librairie7l.com\/en\/produit\/picasso-1969-1972-la-fin-du-debut\/\",\"name\":\"Picasso 1969-1972 : la fin du d\u00e9but - Librairie 7L\",\"isPartOf\":{\"@id\":\"https:\/\/librairie7l.com\/en\/#website\"},\"datePublished\":\"2024-06-25T18:06:29+00:00\",\"dateModified\":\"2026-05-04T09:58:47+00:00\",\"breadcrumb\":{\"@id\":\"https:\/\/librairie7l.com\/en\/produit\/picasso-1969-1972-la-fin-du-debut\/#breadcrumb\"},\"inLanguage\":\"en-US\",\"potentialAction\":[{\"@type\":\"ReadAction\",\"target\":[\"https:\/\/librairie7l.com\/en\/produit\/picasso-1969-1972-la-fin-du-debut\/\"]}]},{\"@type\":\"BreadcrumbList\",\"@id\":\"https:\/\/librairie7l.com\/en\/produit\/picasso-1969-1972-la-fin-du-debut\/#breadcrumb\",\"itemListElement\":[{\"@type\":\"ListItem\",\"position\":1,\"name\":\"Accueil\",\"item\":\"https:\/\/librairie7l.com\/en\/\"},{\"@type\":\"ListItem\",\"position\":2,\"name\":\"Shop\",\"item\":\"https:\/\/librairie7l.com\/en\/shop\/\"},{\"@type\":\"ListItem\",\"position\":3,\"name\":\"PICASSO 1969-1972 : LA FIN DU D\u00c9BUT\"}]},{\"@type\":\"WebSite\",\"@id\":\"https:\/\/librairie7l.com\/en\/#website\",\"url\":\"https:\/\/librairie7l.com\/en\/\",\"name\":\"Librairie 7L\",\"description\":\"Librairie fond\u00e9e en 1999 par Karl Lagerfeld \u00e0 Paris\",\"publisher\":{\"@id\":\"https:\/\/librairie7l.com\/en\/#organization\"},\"potentialAction\":[{\"@type\":\"SearchAction\",\"target\":{\"@type\":\"EntryPoint\",\"urlTemplate\":\"https:\/\/librairie7l.com\/en\/?s={search_term_string}\"},\"query-input\":\"required name=search_term_string\"}],\"inLanguage\":\"en-US\"},{\"@type\":\"Organization\",\"@id\":\"https:\/\/librairie7l.com\/en\/#organization\",\"name\":\"Librairie 7L\",\"url\":\"https:\/\/librairie7l.com\/en\/\",\"logo\":{\"@type\":\"ImageObject\",\"inLanguage\":\"en-US\",\"@id\":\"https:\/\/librairie7l.com\/en\/#\/schema\/logo\/image\/\",\"url\":\"https:\/\/librairie7l.com\/wp-content\/uploads\/2022\/08\/logo-1.png\",\"contentUrl\":\"https:\/\/librairie7l.com\/wp-content\/uploads\/2022\/08\/logo-1.png\",\"width\":227,\"height\":301,\"caption\":\"Librairie 7L\"},\"image\":{\"@id\":\"https:\/\/librairie7l.com\/en\/#\/schema\/logo\/image\/\"}}]}<\/script>\n<!-- \/ Yoast SEO plugin. -->","yoast_head_json":{"title":"Picasso 1969-1972 : la fin du d\u00e9but - Librairie 7L","robots":{"index":"index","follow":"follow","max-snippet":"max-snippet:-1","max-image-preview":"max-image-preview:large","max-video-preview":"max-video-preview:-1"},"canonical":"https:\/\/librairie7l.com\/en\/produit\/picasso-1969-1972-la-fin-du-debut\/","og_locale":"en_US","og_type":"article","og_title":"Picasso 1969-1972 : la fin du d\u00e9but - Librairie 7L","og_description":"\u00ab Picasso a envahi le palais des Papes \u00e0 Avignon \u00e0 la t\u00eate d&#8217;une colonne de plus de cent hommes, accompagn\u00e9s de plus de trente femmes, de deux nains, de deux Arlequins et d&#8217;un Pierrot, de plusieurs enfants, de quelques bouquets de fleurs et de quelques fruits. [&#8230;] Ils ont investi la plus grande et [&hellip;]","og_url":"https:\/\/librairie7l.com\/en\/produit\/picasso-1969-1972-la-fin-du-debut\/","og_site_name":"Librairie 7L","article_modified_time":"2026-05-04T09:58:47+00:00","og_image":[{"width":600,"height":752,"url":"https:\/\/librairie7l.com\/wp-content\/uploads\/2022\/11\/9782711879687_1_75.jpg","type":"image\/jpeg"}],"twitter_card":"summary_large_image","twitter_misc":{"Est. reading time":"2 minutes"},"schema":{"@context":"https:\/\/schema.org","@graph":[{"@type":"WebPage","@id":"https:\/\/librairie7l.com\/en\/produit\/picasso-1969-1972-la-fin-du-debut\/","url":"https:\/\/librairie7l.com\/en\/produit\/picasso-1969-1972-la-fin-du-debut\/","name":"Picasso 1969-1972 : la fin du d\u00e9but - Librairie 7L","isPartOf":{"@id":"https:\/\/librairie7l.com\/en\/#website"},"datePublished":"2024-06-25T18:06:29+00:00","dateModified":"2026-05-04T09:58:47+00:00","breadcrumb":{"@id":"https:\/\/librairie7l.com\/en\/produit\/picasso-1969-1972-la-fin-du-debut\/#breadcrumb"},"inLanguage":"en-US","potentialAction":[{"@type":"ReadAction","target":["https:\/\/librairie7l.com\/en\/produit\/picasso-1969-1972-la-fin-du-debut\/"]}]},{"@type":"BreadcrumbList","@id":"https:\/\/librairie7l.com\/en\/produit\/picasso-1969-1972-la-fin-du-debut\/#breadcrumb","itemListElement":[{"@type":"ListItem","position":1,"name":"Accueil","item":"https:\/\/librairie7l.com\/en\/"},{"@type":"ListItem","position":2,"name":"Shop","item":"https:\/\/librairie7l.com\/en\/shop\/"},{"@type":"ListItem","position":3,"name":"PICASSO 1969-1972 : LA FIN DU D\u00c9BUT"}]},{"@type":"WebSite","@id":"https:\/\/librairie7l.com\/en\/#website","url":"https:\/\/librairie7l.com\/en\/","name":"Librairie 7L","description":"Librairie fond\u00e9e en 1999 par Karl Lagerfeld \u00e0 Paris","publisher":{"@id":"https:\/\/librairie7l.com\/en\/#organization"},"potentialAction":[{"@type":"SearchAction","target":{"@type":"EntryPoint","urlTemplate":"https:\/\/librairie7l.com\/en\/?s={search_term_string}"},"query-input":"required name=search_term_string"}],"inLanguage":"en-US"},{"@type":"Organization","@id":"https:\/\/librairie7l.com\/en\/#organization","name":"Librairie 7L","url":"https:\/\/librairie7l.com\/en\/","logo":{"@type":"ImageObject","inLanguage":"en-US","@id":"https:\/\/librairie7l.com\/en\/#\/schema\/logo\/image\/","url":"https:\/\/librairie7l.com\/wp-content\/uploads\/2022\/08\/logo-1.png","contentUrl":"https:\/\/librairie7l.com\/wp-content\/uploads\/2022\/08\/logo-1.png","width":227,"height":301,"caption":"Librairie 7L"},"image":{"@id":"https:\/\/librairie7l.com\/en\/#\/schema\/logo\/image\/"}}]}},"_links":{"self":[{"href":"https:\/\/librairie7l.com\/en\/wp-json\/wp\/v2\/product\/36227"}],"collection":[{"href":"https:\/\/librairie7l.com\/en\/wp-json\/wp\/v2\/product"}],"about":[{"href":"https:\/\/librairie7l.com\/en\/wp-json\/wp\/v2\/types\/product"}],"wp:featuredmedia":[{"embeddable":true,"href":"https:\/\/librairie7l.com\/en\/wp-json\/wp\/v2\/media\/36225"}],"wp:attachment":[{"href":"https:\/\/librairie7l.com\/en\/wp-json\/wp\/v2\/media?parent=36227"}],"wp:term":[{"taxonomy":"product_cat","embeddable":true,"href":"https:\/\/librairie7l.com\/en\/wp-json\/wp\/v2\/product_cat?post=36227"},{"taxonomy":"product_tag","embeddable":true,"href":"https:\/\/librairie7l.com\/en\/wp-json\/wp\/v2\/product_tag?post=36227"}],"curies":[{"name":"wp","href":"https:\/\/api.w.org\/{rel}","templated":true}]}}