{"id":36233,"date":"2024-06-25T20:05:36","date_gmt":"2024-06-25T18:05:36","guid":{"rendered":"https:\/\/librairie7l.com\/?post_type=product&#038;p=36233"},"modified":"2026-04-10T16:55:14","modified_gmt":"2026-04-10T14:55:14","slug":"contemplations-a-travers-la-foret-et-au-dela","status":"publish","type":"product","link":"https:\/\/librairie7l.com\/en\/produit\/contemplations-a-travers-la-foret-et-au-dela\/","title":{"rendered":"CONTEMPLATIONS : \u00c0 TRAVERS LA FOR\u00caT ET AU-DEL\u00c0"},"content":{"rendered":"<p>Il y a plus de 25 ans, Takeshi Shikama, qui est n\u00e9 et vit \u00e0 Tokyo, d\u00e9cide de s&#8217;installer \u00e0 la campagne, dans la province de Yamanashi. Pour construire une maison sur le terrain qu&#8217;il poss\u00e8de, il faut abattre un certain nombre de conif\u00e8res centenaires. Takeshi participe au d\u00e9blayement du terrain et racontera plus tard son exp\u00e9rience, lorsque la s\u00e8ve des arbres coup\u00e9s lui coulait sur les bras, impr\u00e9gnant sa peau et son esprit.<br \/>\nAbordant l&#8217;obscurit\u00e9 comme point de d\u00e9part il laisse l&#8217;oeil cheminer vers la lumi\u00e8re, symbole d&#8217;espoir. S&#8217;attelant \u00e0 photographier les for\u00eats du Japon, il laisse son instinct le guider, et se met \u00e0 l&#8217;\u00e9coute de la nature. \u00ab Ce n&#8217;est pas moi qui choisis les arbres \u00e0 photographier, c&#8217;est eux qui me choisissent \u00bb, dira-t-il.<br \/>\n\u00ab Ils m&#8217;appellent et me demandent de r\u00e9aliser leurs portraits. \u00bb Il nommera sa premi\u00e8re s\u00e9rie: Respiration silencieuse des for\u00eats, dont il r\u00e9alise un ouvrage en 2008.<br \/>\nC&#8217;est en venant aux Rencontres d&#8217;Arles en 2008, et avec l&#8217;aide de Yukiko, sa femme, assistante et interpr\u00e8te, que Takeshi Shikama confronte son travail au monde professionnel de la photographie. Il se r\u00e9v\u00e8le \u00eatre aussi un artisan du tirage. Les participants sont subjugu\u00e9s. Le collectionneur Bill Hunt en pleure d&#8217;\u00e9motion. La route sera encore longue avant sa premi\u00e8re exposition en galerie, mais le photographe a enfin la confirmation, de par ses pairs, qu&#8217;il est sur la bonne voie.<br \/>\nGr\u00e2ce aux expositions organis\u00e9es sur plusieurs continents, l&#8217;artiste aura l&#8217;occasion de voyager. Il appliquera ce m\u00eame regard contemplatif pour cr\u00e9er de nouvelles s\u00e9ries autour des espaces sauvages (Yosemite, Galicia, Isle of Skye) ou ceux dompt\u00e9s par l&#8217;homme (Urban Forests, Valley of Beauty, Garden of Memory).<br \/>\nLa p\u00e9riode que nous vivons, entre le r\u00e9chauffement climatique et la pand\u00e9mie, nous fait prendre conscience de l&#8217;importance qu&#8217;a la nature dans nos vies. Ce livre souhaite r\u00e9conforter et renforcer le sentiment d&#8217;\u00e9merveillement et d&#8217;attachement que nous \u00e9prouvons pour notre plan\u00e8te. \u00c0 d\u00e9faut de changer les mentalit\u00e9s, cet ouvrage restera un t\u00e9moin durable et universel des tr\u00e9sors que rec\u00e8le notre Terre m\u00e8re, pour les g\u00e9n\u00e9rations futures.<\/p>\n","protected":false},"excerpt":{"rendered":"<p>Il y a plus de 25 ans, Takeshi Shikama, qui est n\u00e9 et vit \u00e0 Tokyo, d\u00e9cide de s&#8217;installer \u00e0 la campagne, dans la province de Yamanashi. Pour construire une maison sur le terrain qu&#8217;il poss\u00e8de, il faut abattre un certain nombre de conif\u00e8res centenaires. Takeshi participe au d\u00e9blayement du terrain et racontera plus tard [&hellip;]<\/p>\n","protected":false},"featured_media":36231,"template":"","meta":[],"product_cat":[2948,2958],"product_tag":[],"acf":[],"yoast_head":"<!-- This site is optimized with the Yoast SEO plugin v20.11 - https:\/\/yoast.com\/wordpress\/plugins\/seo\/ -->\n<title>Contemplations : \u00e0 travers la for\u00eat et au-del\u00e0 - Librairie 7L<\/title>\n<meta name=\"robots\" content=\"index, follow, max-snippet:-1, max-image-preview:large, max-video-preview:-1\" \/>\n<link rel=\"canonical\" href=\"https:\/\/librairie7l.com\/en\/produit\/contemplations-a-travers-la-foret-et-au-dela\/\" \/>\n<meta property=\"og:locale\" content=\"en_US\" \/>\n<meta property=\"og:type\" content=\"article\" \/>\n<meta property=\"og:title\" content=\"Contemplations : \u00e0 travers la for\u00eat et au-del\u00e0 - Librairie 7L\" \/>\n<meta property=\"og:description\" content=\"Il y a plus de 25 ans, Takeshi Shikama, qui est n\u00e9 et vit \u00e0 Tokyo, d\u00e9cide de s&#8217;installer \u00e0 la campagne, dans la province de Yamanashi. Pour construire une maison sur le terrain qu&#8217;il poss\u00e8de, il faut abattre un certain nombre de conif\u00e8res centenaires. Takeshi participe au d\u00e9blayement du terrain et racontera plus tard [&hellip;]\" \/>\n<meta property=\"og:url\" content=\"https:\/\/librairie7l.com\/en\/produit\/contemplations-a-travers-la-foret-et-au-dela\/\" \/>\n<meta property=\"og:site_name\" content=\"Librairie 7L\" \/>\n<meta property=\"article:modified_time\" content=\"2026-04-10T14:55:14+00:00\" \/>\n<meta property=\"og:image\" content=\"https:\/\/librairie7l.com\/wp-content\/uploads\/2019\/05\/9791095822097_1_75.jpg\" \/>\n\t<meta property=\"og:image:width\" content=\"400\" \/>\n\t<meta property=\"og:image:height\" content=\"493\" \/>\n\t<meta property=\"og:image:type\" content=\"image\/jpeg\" \/>\n<meta name=\"twitter:card\" content=\"summary_large_image\" \/>\n<meta name=\"twitter:label1\" content=\"Est. reading time\" \/>\n\t<meta name=\"twitter:data1\" content=\"2 minutes\" \/>\n<script type=\"application\/ld+json\" class=\"yoast-schema-graph\">{\"@context\":\"https:\/\/schema.org\",\"@graph\":[{\"@type\":\"WebPage\",\"@id\":\"https:\/\/librairie7l.com\/en\/produit\/contemplations-a-travers-la-foret-et-au-dela\/\",\"url\":\"https:\/\/librairie7l.com\/en\/produit\/contemplations-a-travers-la-foret-et-au-dela\/\",\"name\":\"Contemplations : \u00e0 travers la for\u00eat et au-del\u00e0 - Librairie 7L\",\"isPartOf\":{\"@id\":\"https:\/\/librairie7l.com\/en\/#website\"},\"datePublished\":\"2024-06-25T18:05:36+00:00\",\"dateModified\":\"2026-04-10T14:55:14+00:00\",\"breadcrumb\":{\"@id\":\"https:\/\/librairie7l.com\/en\/produit\/contemplations-a-travers-la-foret-et-au-dela\/#breadcrumb\"},\"inLanguage\":\"en-US\",\"potentialAction\":[{\"@type\":\"ReadAction\",\"target\":[\"https:\/\/librairie7l.com\/en\/produit\/contemplations-a-travers-la-foret-et-au-dela\/\"]}]},{\"@type\":\"BreadcrumbList\",\"@id\":\"https:\/\/librairie7l.com\/en\/produit\/contemplations-a-travers-la-foret-et-au-dela\/#breadcrumb\",\"itemListElement\":[{\"@type\":\"ListItem\",\"position\":1,\"name\":\"Accueil\",\"item\":\"https:\/\/librairie7l.com\/en\/\"},{\"@type\":\"ListItem\",\"position\":2,\"name\":\"Shop\",\"item\":\"https:\/\/librairie7l.com\/en\/shop\/\"},{\"@type\":\"ListItem\",\"position\":3,\"name\":\"CONTEMPLATIONS : \u00c0 TRAVERS LA FOR\u00caT ET AU-DEL\u00c0\"}]},{\"@type\":\"WebSite\",\"@id\":\"https:\/\/librairie7l.com\/en\/#website\",\"url\":\"https:\/\/librairie7l.com\/en\/\",\"name\":\"Librairie 7L\",\"description\":\"Librairie fond\u00e9e en 1999 par Karl Lagerfeld \u00e0 Paris\",\"publisher\":{\"@id\":\"https:\/\/librairie7l.com\/en\/#organization\"},\"potentialAction\":[{\"@type\":\"SearchAction\",\"target\":{\"@type\":\"EntryPoint\",\"urlTemplate\":\"https:\/\/librairie7l.com\/en\/?s={search_term_string}\"},\"query-input\":\"required name=search_term_string\"}],\"inLanguage\":\"en-US\"},{\"@type\":\"Organization\",\"@id\":\"https:\/\/librairie7l.com\/en\/#organization\",\"name\":\"Librairie 7L\",\"url\":\"https:\/\/librairie7l.com\/en\/\",\"logo\":{\"@type\":\"ImageObject\",\"inLanguage\":\"en-US\",\"@id\":\"https:\/\/librairie7l.com\/en\/#\/schema\/logo\/image\/\",\"url\":\"https:\/\/librairie7l.com\/wp-content\/uploads\/2022\/08\/logo-1.png\",\"contentUrl\":\"https:\/\/librairie7l.com\/wp-content\/uploads\/2022\/08\/logo-1.png\",\"width\":227,\"height\":301,\"caption\":\"Librairie 7L\"},\"image\":{\"@id\":\"https:\/\/librairie7l.com\/en\/#\/schema\/logo\/image\/\"}}]}<\/script>\n<!-- \/ Yoast SEO plugin. -->","yoast_head_json":{"title":"Contemplations : \u00e0 travers la for\u00eat et au-del\u00e0 - Librairie 7L","robots":{"index":"index","follow":"follow","max-snippet":"max-snippet:-1","max-image-preview":"max-image-preview:large","max-video-preview":"max-video-preview:-1"},"canonical":"https:\/\/librairie7l.com\/en\/produit\/contemplations-a-travers-la-foret-et-au-dela\/","og_locale":"en_US","og_type":"article","og_title":"Contemplations : \u00e0 travers la for\u00eat et au-del\u00e0 - Librairie 7L","og_description":"Il y a plus de 25 ans, Takeshi Shikama, qui est n\u00e9 et vit \u00e0 Tokyo, d\u00e9cide de s&#8217;installer \u00e0 la campagne, dans la province de Yamanashi. Pour construire une maison sur le terrain qu&#8217;il poss\u00e8de, il faut abattre un certain nombre de conif\u00e8res centenaires. Takeshi participe au d\u00e9blayement du terrain et racontera plus tard [&hellip;]","og_url":"https:\/\/librairie7l.com\/en\/produit\/contemplations-a-travers-la-foret-et-au-dela\/","og_site_name":"Librairie 7L","article_modified_time":"2026-04-10T14:55:14+00:00","og_image":[{"width":400,"height":493,"url":"https:\/\/librairie7l.com\/wp-content\/uploads\/2019\/05\/9791095822097_1_75.jpg","type":"image\/jpeg"}],"twitter_card":"summary_large_image","twitter_misc":{"Est. reading time":"2 minutes"},"schema":{"@context":"https:\/\/schema.org","@graph":[{"@type":"WebPage","@id":"https:\/\/librairie7l.com\/en\/produit\/contemplations-a-travers-la-foret-et-au-dela\/","url":"https:\/\/librairie7l.com\/en\/produit\/contemplations-a-travers-la-foret-et-au-dela\/","name":"Contemplations : \u00e0 travers la for\u00eat et au-del\u00e0 - Librairie 7L","isPartOf":{"@id":"https:\/\/librairie7l.com\/en\/#website"},"datePublished":"2024-06-25T18:05:36+00:00","dateModified":"2026-04-10T14:55:14+00:00","breadcrumb":{"@id":"https:\/\/librairie7l.com\/en\/produit\/contemplations-a-travers-la-foret-et-au-dela\/#breadcrumb"},"inLanguage":"en-US","potentialAction":[{"@type":"ReadAction","target":["https:\/\/librairie7l.com\/en\/produit\/contemplations-a-travers-la-foret-et-au-dela\/"]}]},{"@type":"BreadcrumbList","@id":"https:\/\/librairie7l.com\/en\/produit\/contemplations-a-travers-la-foret-et-au-dela\/#breadcrumb","itemListElement":[{"@type":"ListItem","position":1,"name":"Accueil","item":"https:\/\/librairie7l.com\/en\/"},{"@type":"ListItem","position":2,"name":"Shop","item":"https:\/\/librairie7l.com\/en\/shop\/"},{"@type":"ListItem","position":3,"name":"CONTEMPLATIONS : \u00c0 TRAVERS LA FOR\u00caT ET AU-DEL\u00c0"}]},{"@type":"WebSite","@id":"https:\/\/librairie7l.com\/en\/#website","url":"https:\/\/librairie7l.com\/en\/","name":"Librairie 7L","description":"Librairie fond\u00e9e en 1999 par Karl Lagerfeld \u00e0 Paris","publisher":{"@id":"https:\/\/librairie7l.com\/en\/#organization"},"potentialAction":[{"@type":"SearchAction","target":{"@type":"EntryPoint","urlTemplate":"https:\/\/librairie7l.com\/en\/?s={search_term_string}"},"query-input":"required name=search_term_string"}],"inLanguage":"en-US"},{"@type":"Organization","@id":"https:\/\/librairie7l.com\/en\/#organization","name":"Librairie 7L","url":"https:\/\/librairie7l.com\/en\/","logo":{"@type":"ImageObject","inLanguage":"en-US","@id":"https:\/\/librairie7l.com\/en\/#\/schema\/logo\/image\/","url":"https:\/\/librairie7l.com\/wp-content\/uploads\/2022\/08\/logo-1.png","contentUrl":"https:\/\/librairie7l.com\/wp-content\/uploads\/2022\/08\/logo-1.png","width":227,"height":301,"caption":"Librairie 7L"},"image":{"@id":"https:\/\/librairie7l.com\/en\/#\/schema\/logo\/image\/"}}]}},"_links":{"self":[{"href":"https:\/\/librairie7l.com\/en\/wp-json\/wp\/v2\/product\/36233"}],"collection":[{"href":"https:\/\/librairie7l.com\/en\/wp-json\/wp\/v2\/product"}],"about":[{"href":"https:\/\/librairie7l.com\/en\/wp-json\/wp\/v2\/types\/product"}],"wp:featuredmedia":[{"embeddable":true,"href":"https:\/\/librairie7l.com\/en\/wp-json\/wp\/v2\/media\/36231"}],"wp:attachment":[{"href":"https:\/\/librairie7l.com\/en\/wp-json\/wp\/v2\/media?parent=36233"}],"wp:term":[{"taxonomy":"product_cat","embeddable":true,"href":"https:\/\/librairie7l.com\/en\/wp-json\/wp\/v2\/product_cat?post=36233"},{"taxonomy":"product_tag","embeddable":true,"href":"https:\/\/librairie7l.com\/en\/wp-json\/wp\/v2\/product_tag?post=36233"}],"curies":[{"name":"wp","href":"https:\/\/api.w.org\/{rel}","templated":true}]}}