{"id":36250,"date":"2024-06-25T20:06:37","date_gmt":"2024-06-25T18:06:37","guid":{"rendered":"https:\/\/librairie7l.com\/?post_type=product&#038;p=36250"},"modified":"2026-04-12T21:36:29","modified_gmt":"2026-04-12T19:36:29","slug":"annees-70-la-nouvelle-photographie-francaise","status":"publish","type":"product","link":"https:\/\/librairie7l.com\/en\/produit\/annees-70-la-nouvelle-photographie-francaise\/","title":{"rendered":"ANN\u00c9ES 70 : LA NOUVELLE PHOTOGRAPHIE FRAN\u00c7AISE"},"content":{"rendered":"<p>Enfin, racont\u00e9e la fabuleuse histoire de la Nouvelle Photographie fran\u00e7aise dans la subversion des ann\u00e9es 70 par ceux qui l&#8217;ont connue et v\u00e9cue !   De 1972 \u00e0 1981, la photographie en France op\u00e9ra un virage pour investir tout l&#8217;espace culturel, s&#8217;affranchir des ultimes r\u00e9ticences, r\u00e9volutionner les pratiques artistiques, devenir une source d&#8217;\u00e9tudes et d&#8217;inspiration permettant \u00e0 une g\u00e9n\u00e9ration enti\u00e8re de s&#8217;exprimer en toute libert\u00e9.  Avec  de nombreux textes, t\u00e9moignages, analyses  de critiques, historiens et photographes et plus de 200 images  subversives  ou politiques  de reportage, des portraits, des nus, et des exp\u00e9rimentations.  Parmi lesquels Eddy Kuligowski,  Bernard Descamps, Bruno Requillart, Claude Batho, Arnaud Claass, Bernard Plossu, Guy Le Querrec, Herv\u00e9 Gloaguen, Bernard Faucon, Denis Roche, Agn\u00e8s Varda, Gilles Peress, Michel Dieuzaide, Raymond Depardon, Andr\u00e9 Laude., Jean-Claude Lemagny&#8230;.  En accompagnement de l&#8217;exposition au Pavillon des Arts \u00e0 Montpellier en octobre 2022\u00e2\u20ac\u00a8<\/p>\n","protected":false},"excerpt":{"rendered":"<p>Enfin, racont\u00e9e la fabuleuse histoire de la Nouvelle Photographie fran\u00e7aise dans la subversion des ann\u00e9es 70 par ceux qui l&#8217;ont connue et v\u00e9cue ! De 1972 \u00e0 1981, la photographie en France op\u00e9ra un virage pour investir tout l&#8217;espace culturel, s&#8217;affranchir des ultimes r\u00e9ticences, r\u00e9volutionner les pratiques artistiques, devenir une source d&#8217;\u00e9tudes et d&#8217;inspiration permettant [&hellip;]<\/p>\n","protected":false},"featured_media":36248,"template":"","meta":[],"product_cat":[2948,2958],"product_tag":[],"acf":[],"yoast_head":"<!-- This site is optimized with the Yoast SEO plugin v20.11 - https:\/\/yoast.com\/wordpress\/plugins\/seo\/ -->\n<title>Ann\u00e9es 70 : la nouvelle photographie fran\u00e7aise - Librairie 7L<\/title>\n<meta name=\"robots\" content=\"index, follow, max-snippet:-1, max-image-preview:large, max-video-preview:-1\" \/>\n<link rel=\"canonical\" href=\"https:\/\/librairie7l.com\/en\/produit\/annees-70-la-nouvelle-photographie-francaise\/\" \/>\n<meta property=\"og:locale\" content=\"en_US\" \/>\n<meta property=\"og:type\" content=\"article\" \/>\n<meta property=\"og:title\" content=\"Ann\u00e9es 70 : la nouvelle photographie fran\u00e7aise - Librairie 7L\" \/>\n<meta property=\"og:description\" content=\"Enfin, racont\u00e9e la fabuleuse histoire de la Nouvelle Photographie fran\u00e7aise dans la subversion des ann\u00e9es 70 par ceux qui l&#8217;ont connue et v\u00e9cue ! De 1972 \u00e0 1981, la photographie en France op\u00e9ra un virage pour investir tout l&#8217;espace culturel, s&#8217;affranchir des ultimes r\u00e9ticences, r\u00e9volutionner les pratiques artistiques, devenir une source d&#8217;\u00e9tudes et d&#8217;inspiration permettant [&hellip;]\" \/>\n<meta property=\"og:url\" content=\"https:\/\/librairie7l.com\/en\/produit\/annees-70-la-nouvelle-photographie-francaise\/\" \/>\n<meta property=\"og:site_name\" content=\"Librairie 7L\" \/>\n<meta property=\"article:modified_time\" content=\"2026-04-12T19:36:29+00:00\" \/>\n<meta property=\"og:image\" content=\"https:\/\/librairie7l.com\/wp-content\/uploads\/2022\/06\/9791090294523_1_75.jpg\" \/>\n\t<meta property=\"og:image:width\" content=\"600\" \/>\n\t<meta property=\"og:image:height\" content=\"734\" \/>\n\t<meta property=\"og:image:type\" content=\"image\/jpeg\" \/>\n<meta name=\"twitter:card\" content=\"summary_large_image\" \/>\n<meta name=\"twitter:label1\" content=\"Est. reading time\" \/>\n\t<meta name=\"twitter:data1\" content=\"1 minute\" \/>\n<script type=\"application\/ld+json\" class=\"yoast-schema-graph\">{\"@context\":\"https:\/\/schema.org\",\"@graph\":[{\"@type\":\"WebPage\",\"@id\":\"https:\/\/librairie7l.com\/en\/produit\/annees-70-la-nouvelle-photographie-francaise\/\",\"url\":\"https:\/\/librairie7l.com\/en\/produit\/annees-70-la-nouvelle-photographie-francaise\/\",\"name\":\"Ann\u00e9es 70 : la nouvelle photographie fran\u00e7aise - Librairie 7L\",\"isPartOf\":{\"@id\":\"https:\/\/librairie7l.com\/en\/#website\"},\"datePublished\":\"2024-06-25T18:06:37+00:00\",\"dateModified\":\"2026-04-12T19:36:29+00:00\",\"breadcrumb\":{\"@id\":\"https:\/\/librairie7l.com\/en\/produit\/annees-70-la-nouvelle-photographie-francaise\/#breadcrumb\"},\"inLanguage\":\"en-US\",\"potentialAction\":[{\"@type\":\"ReadAction\",\"target\":[\"https:\/\/librairie7l.com\/en\/produit\/annees-70-la-nouvelle-photographie-francaise\/\"]}]},{\"@type\":\"BreadcrumbList\",\"@id\":\"https:\/\/librairie7l.com\/en\/produit\/annees-70-la-nouvelle-photographie-francaise\/#breadcrumb\",\"itemListElement\":[{\"@type\":\"ListItem\",\"position\":1,\"name\":\"Accueil\",\"item\":\"https:\/\/librairie7l.com\/en\/\"},{\"@type\":\"ListItem\",\"position\":2,\"name\":\"Shop\",\"item\":\"https:\/\/librairie7l.com\/en\/shop\/\"},{\"@type\":\"ListItem\",\"position\":3,\"name\":\"ANN\u00c9ES 70 : LA NOUVELLE PHOTOGRAPHIE FRAN\u00c7AISE\"}]},{\"@type\":\"WebSite\",\"@id\":\"https:\/\/librairie7l.com\/en\/#website\",\"url\":\"https:\/\/librairie7l.com\/en\/\",\"name\":\"Librairie 7L\",\"description\":\"Librairie fond\u00e9e en 1999 par Karl Lagerfeld \u00e0 Paris\",\"publisher\":{\"@id\":\"https:\/\/librairie7l.com\/en\/#organization\"},\"potentialAction\":[{\"@type\":\"SearchAction\",\"target\":{\"@type\":\"EntryPoint\",\"urlTemplate\":\"https:\/\/librairie7l.com\/en\/?s={search_term_string}\"},\"query-input\":\"required name=search_term_string\"}],\"inLanguage\":\"en-US\"},{\"@type\":\"Organization\",\"@id\":\"https:\/\/librairie7l.com\/en\/#organization\",\"name\":\"Librairie 7L\",\"url\":\"https:\/\/librairie7l.com\/en\/\",\"logo\":{\"@type\":\"ImageObject\",\"inLanguage\":\"en-US\",\"@id\":\"https:\/\/librairie7l.com\/en\/#\/schema\/logo\/image\/\",\"url\":\"https:\/\/librairie7l.com\/wp-content\/uploads\/2022\/08\/logo-1.png\",\"contentUrl\":\"https:\/\/librairie7l.com\/wp-content\/uploads\/2022\/08\/logo-1.png\",\"width\":227,\"height\":301,\"caption\":\"Librairie 7L\"},\"image\":{\"@id\":\"https:\/\/librairie7l.com\/en\/#\/schema\/logo\/image\/\"}}]}<\/script>\n<!-- \/ Yoast SEO plugin. -->","yoast_head_json":{"title":"Ann\u00e9es 70 : la nouvelle photographie fran\u00e7aise - Librairie 7L","robots":{"index":"index","follow":"follow","max-snippet":"max-snippet:-1","max-image-preview":"max-image-preview:large","max-video-preview":"max-video-preview:-1"},"canonical":"https:\/\/librairie7l.com\/en\/produit\/annees-70-la-nouvelle-photographie-francaise\/","og_locale":"en_US","og_type":"article","og_title":"Ann\u00e9es 70 : la nouvelle photographie fran\u00e7aise - Librairie 7L","og_description":"Enfin, racont\u00e9e la fabuleuse histoire de la Nouvelle Photographie fran\u00e7aise dans la subversion des ann\u00e9es 70 par ceux qui l&#8217;ont connue et v\u00e9cue ! De 1972 \u00e0 1981, la photographie en France op\u00e9ra un virage pour investir tout l&#8217;espace culturel, s&#8217;affranchir des ultimes r\u00e9ticences, r\u00e9volutionner les pratiques artistiques, devenir une source d&#8217;\u00e9tudes et d&#8217;inspiration permettant [&hellip;]","og_url":"https:\/\/librairie7l.com\/en\/produit\/annees-70-la-nouvelle-photographie-francaise\/","og_site_name":"Librairie 7L","article_modified_time":"2026-04-12T19:36:29+00:00","og_image":[{"width":600,"height":734,"url":"https:\/\/librairie7l.com\/wp-content\/uploads\/2022\/06\/9791090294523_1_75.jpg","type":"image\/jpeg"}],"twitter_card":"summary_large_image","twitter_misc":{"Est. reading time":"1 minute"},"schema":{"@context":"https:\/\/schema.org","@graph":[{"@type":"WebPage","@id":"https:\/\/librairie7l.com\/en\/produit\/annees-70-la-nouvelle-photographie-francaise\/","url":"https:\/\/librairie7l.com\/en\/produit\/annees-70-la-nouvelle-photographie-francaise\/","name":"Ann\u00e9es 70 : la nouvelle photographie fran\u00e7aise - Librairie 7L","isPartOf":{"@id":"https:\/\/librairie7l.com\/en\/#website"},"datePublished":"2024-06-25T18:06:37+00:00","dateModified":"2026-04-12T19:36:29+00:00","breadcrumb":{"@id":"https:\/\/librairie7l.com\/en\/produit\/annees-70-la-nouvelle-photographie-francaise\/#breadcrumb"},"inLanguage":"en-US","potentialAction":[{"@type":"ReadAction","target":["https:\/\/librairie7l.com\/en\/produit\/annees-70-la-nouvelle-photographie-francaise\/"]}]},{"@type":"BreadcrumbList","@id":"https:\/\/librairie7l.com\/en\/produit\/annees-70-la-nouvelle-photographie-francaise\/#breadcrumb","itemListElement":[{"@type":"ListItem","position":1,"name":"Accueil","item":"https:\/\/librairie7l.com\/en\/"},{"@type":"ListItem","position":2,"name":"Shop","item":"https:\/\/librairie7l.com\/en\/shop\/"},{"@type":"ListItem","position":3,"name":"ANN\u00c9ES 70 : LA NOUVELLE PHOTOGRAPHIE FRAN\u00c7AISE"}]},{"@type":"WebSite","@id":"https:\/\/librairie7l.com\/en\/#website","url":"https:\/\/librairie7l.com\/en\/","name":"Librairie 7L","description":"Librairie fond\u00e9e en 1999 par Karl Lagerfeld \u00e0 Paris","publisher":{"@id":"https:\/\/librairie7l.com\/en\/#organization"},"potentialAction":[{"@type":"SearchAction","target":{"@type":"EntryPoint","urlTemplate":"https:\/\/librairie7l.com\/en\/?s={search_term_string}"},"query-input":"required name=search_term_string"}],"inLanguage":"en-US"},{"@type":"Organization","@id":"https:\/\/librairie7l.com\/en\/#organization","name":"Librairie 7L","url":"https:\/\/librairie7l.com\/en\/","logo":{"@type":"ImageObject","inLanguage":"en-US","@id":"https:\/\/librairie7l.com\/en\/#\/schema\/logo\/image\/","url":"https:\/\/librairie7l.com\/wp-content\/uploads\/2022\/08\/logo-1.png","contentUrl":"https:\/\/librairie7l.com\/wp-content\/uploads\/2022\/08\/logo-1.png","width":227,"height":301,"caption":"Librairie 7L"},"image":{"@id":"https:\/\/librairie7l.com\/en\/#\/schema\/logo\/image\/"}}]}},"_links":{"self":[{"href":"https:\/\/librairie7l.com\/en\/wp-json\/wp\/v2\/product\/36250"}],"collection":[{"href":"https:\/\/librairie7l.com\/en\/wp-json\/wp\/v2\/product"}],"about":[{"href":"https:\/\/librairie7l.com\/en\/wp-json\/wp\/v2\/types\/product"}],"wp:featuredmedia":[{"embeddable":true,"href":"https:\/\/librairie7l.com\/en\/wp-json\/wp\/v2\/media\/36248"}],"wp:attachment":[{"href":"https:\/\/librairie7l.com\/en\/wp-json\/wp\/v2\/media?parent=36250"}],"wp:term":[{"taxonomy":"product_cat","embeddable":true,"href":"https:\/\/librairie7l.com\/en\/wp-json\/wp\/v2\/product_cat?post=36250"},{"taxonomy":"product_tag","embeddable":true,"href":"https:\/\/librairie7l.com\/en\/wp-json\/wp\/v2\/product_tag?post=36250"}],"curies":[{"name":"wp","href":"https:\/\/api.w.org\/{rel}","templated":true}]}}