{"id":36298,"date":"2024-06-25T21:06:45","date_gmt":"2024-06-25T19:06:45","guid":{"rendered":"https:\/\/librairie7l.com\/?post_type=product&#038;p=36298"},"modified":"2026-04-09T18:35:46","modified_gmt":"2026-04-09T16:35:46","slug":"honzo-zufu-la-flore-japonaise","status":"publish","type":"product","link":"https:\/\/librairie7l.com\/en\/produit\/honzo-zufu-la-flore-japonaise\/","title":{"rendered":"HONZO ZUFU, LA FLORE JAPONAISE"},"content":{"rendered":"<p>Cette nouvelle s\u00e9rie \u00e9tonnante de livres de poche des jardins botaniques de Kew offre un aper\u00e7u du monde diversifi\u00e9 et magnifique des plantes.  Des livres cadeaux de luxe \u00e0 tout petit prix. Chaque livre pr\u00e9sente des plantes r\u00e9unies par th\u00e8me. 40 peintures botaniques dans chaque livre, mettant en valeur les tr\u00e9sors des archives in\u00e9gal\u00e9es de Kew. Le chapitre d&#8217;introduction de chaque livre, r\u00e9dig\u00e9 par un expert de Kew, donne un aper\u00e7u du groupe de plantes ou du th\u00e8me. Ce livre pr\u00e9sente des dessins en couleur de la flore du Japon, r\u00e9alis\u00e9s par Tsunemasa Iwasaki (1786-1842)<\/p>\n","protected":false},"excerpt":{"rendered":"<p>Cette nouvelle s\u00e9rie \u00e9tonnante de livres de poche des jardins botaniques de Kew offre un aper\u00e7u du monde diversifi\u00e9 et magnifique des plantes. Des livres cadeaux de luxe \u00e0 tout petit prix. Chaque livre pr\u00e9sente des plantes r\u00e9unies par th\u00e8me. 40 peintures botaniques dans chaque livre, mettant en valeur les tr\u00e9sors des archives in\u00e9gal\u00e9es de [&hellip;]<\/p>\n","protected":false},"featured_media":36296,"template":"","meta":[],"product_cat":[2948,2956],"product_tag":[],"acf":[],"yoast_head":"<!-- This site is optimized with the Yoast SEO plugin v20.11 - https:\/\/yoast.com\/wordpress\/plugins\/seo\/ -->\n<title>Honzo Zufu, la flore japonaise - Librairie 7L<\/title>\n<meta name=\"robots\" content=\"index, follow, max-snippet:-1, max-image-preview:large, max-video-preview:-1\" \/>\n<link rel=\"canonical\" href=\"https:\/\/librairie7l.com\/en\/produit\/honzo-zufu-la-flore-japonaise\/\" \/>\n<meta property=\"og:locale\" content=\"en_US\" \/>\n<meta property=\"og:type\" content=\"article\" \/>\n<meta property=\"og:title\" content=\"Honzo Zufu, la flore japonaise - Librairie 7L\" \/>\n<meta property=\"og:description\" content=\"Cette nouvelle s\u00e9rie \u00e9tonnante de livres de poche des jardins botaniques de Kew offre un aper\u00e7u du monde diversifi\u00e9 et magnifique des plantes. Des livres cadeaux de luxe \u00e0 tout petit prix. Chaque livre pr\u00e9sente des plantes r\u00e9unies par th\u00e8me. 40 peintures botaniques dans chaque livre, mettant en valeur les tr\u00e9sors des archives in\u00e9gal\u00e9es de [&hellip;]\" \/>\n<meta property=\"og:url\" content=\"https:\/\/librairie7l.com\/en\/produit\/honzo-zufu-la-flore-japonaise\/\" \/>\n<meta property=\"og:site_name\" content=\"Librairie 7L\" \/>\n<meta property=\"article:modified_time\" content=\"2026-04-09T16:35:46+00:00\" \/>\n<meta property=\"og:image\" content=\"https:\/\/librairie7l.com\/wp-content\/uploads\/2022\/02\/9782846733984_1_75.jpg\" \/>\n\t<meta property=\"og:image:width\" content=\"600\" \/>\n\t<meta property=\"og:image:height\" content=\"787\" \/>\n\t<meta property=\"og:image:type\" content=\"image\/jpeg\" \/>\n<meta name=\"twitter:card\" content=\"summary_large_image\" \/>\n<meta name=\"twitter:label1\" content=\"Est. reading time\" \/>\n\t<meta name=\"twitter:data1\" content=\"1 minute\" \/>\n<script type=\"application\/ld+json\" class=\"yoast-schema-graph\">{\"@context\":\"https:\/\/schema.org\",\"@graph\":[{\"@type\":\"WebPage\",\"@id\":\"https:\/\/librairie7l.com\/en\/produit\/honzo-zufu-la-flore-japonaise\/\",\"url\":\"https:\/\/librairie7l.com\/en\/produit\/honzo-zufu-la-flore-japonaise\/\",\"name\":\"Honzo Zufu, la flore japonaise - Librairie 7L\",\"isPartOf\":{\"@id\":\"https:\/\/librairie7l.com\/en\/#website\"},\"datePublished\":\"2024-06-25T19:06:45+00:00\",\"dateModified\":\"2026-04-09T16:35:46+00:00\",\"breadcrumb\":{\"@id\":\"https:\/\/librairie7l.com\/en\/produit\/honzo-zufu-la-flore-japonaise\/#breadcrumb\"},\"inLanguage\":\"en-US\",\"potentialAction\":[{\"@type\":\"ReadAction\",\"target\":[\"https:\/\/librairie7l.com\/en\/produit\/honzo-zufu-la-flore-japonaise\/\"]}]},{\"@type\":\"BreadcrumbList\",\"@id\":\"https:\/\/librairie7l.com\/en\/produit\/honzo-zufu-la-flore-japonaise\/#breadcrumb\",\"itemListElement\":[{\"@type\":\"ListItem\",\"position\":1,\"name\":\"Accueil\",\"item\":\"https:\/\/librairie7l.com\/en\/\"},{\"@type\":\"ListItem\",\"position\":2,\"name\":\"Shop\",\"item\":\"https:\/\/librairie7l.com\/en\/shop\/\"},{\"@type\":\"ListItem\",\"position\":3,\"name\":\"HONZO ZUFU, LA FLORE JAPONAISE\"}]},{\"@type\":\"WebSite\",\"@id\":\"https:\/\/librairie7l.com\/en\/#website\",\"url\":\"https:\/\/librairie7l.com\/en\/\",\"name\":\"Librairie 7L\",\"description\":\"Librairie fond\u00e9e en 1999 par Karl Lagerfeld \u00e0 Paris\",\"publisher\":{\"@id\":\"https:\/\/librairie7l.com\/en\/#organization\"},\"potentialAction\":[{\"@type\":\"SearchAction\",\"target\":{\"@type\":\"EntryPoint\",\"urlTemplate\":\"https:\/\/librairie7l.com\/en\/?s={search_term_string}\"},\"query-input\":\"required name=search_term_string\"}],\"inLanguage\":\"en-US\"},{\"@type\":\"Organization\",\"@id\":\"https:\/\/librairie7l.com\/en\/#organization\",\"name\":\"Librairie 7L\",\"url\":\"https:\/\/librairie7l.com\/en\/\",\"logo\":{\"@type\":\"ImageObject\",\"inLanguage\":\"en-US\",\"@id\":\"https:\/\/librairie7l.com\/en\/#\/schema\/logo\/image\/\",\"url\":\"https:\/\/librairie7l.com\/wp-content\/uploads\/2022\/08\/logo-1.png\",\"contentUrl\":\"https:\/\/librairie7l.com\/wp-content\/uploads\/2022\/08\/logo-1.png\",\"width\":227,\"height\":301,\"caption\":\"Librairie 7L\"},\"image\":{\"@id\":\"https:\/\/librairie7l.com\/en\/#\/schema\/logo\/image\/\"}}]}<\/script>\n<!-- \/ Yoast SEO plugin. -->","yoast_head_json":{"title":"Honzo Zufu, la flore japonaise - Librairie 7L","robots":{"index":"index","follow":"follow","max-snippet":"max-snippet:-1","max-image-preview":"max-image-preview:large","max-video-preview":"max-video-preview:-1"},"canonical":"https:\/\/librairie7l.com\/en\/produit\/honzo-zufu-la-flore-japonaise\/","og_locale":"en_US","og_type":"article","og_title":"Honzo Zufu, la flore japonaise - Librairie 7L","og_description":"Cette nouvelle s\u00e9rie \u00e9tonnante de livres de poche des jardins botaniques de Kew offre un aper\u00e7u du monde diversifi\u00e9 et magnifique des plantes. Des livres cadeaux de luxe \u00e0 tout petit prix. Chaque livre pr\u00e9sente des plantes r\u00e9unies par th\u00e8me. 40 peintures botaniques dans chaque livre, mettant en valeur les tr\u00e9sors des archives in\u00e9gal\u00e9es de [&hellip;]","og_url":"https:\/\/librairie7l.com\/en\/produit\/honzo-zufu-la-flore-japonaise\/","og_site_name":"Librairie 7L","article_modified_time":"2026-04-09T16:35:46+00:00","og_image":[{"width":600,"height":787,"url":"https:\/\/librairie7l.com\/wp-content\/uploads\/2022\/02\/9782846733984_1_75.jpg","type":"image\/jpeg"}],"twitter_card":"summary_large_image","twitter_misc":{"Est. reading time":"1 minute"},"schema":{"@context":"https:\/\/schema.org","@graph":[{"@type":"WebPage","@id":"https:\/\/librairie7l.com\/en\/produit\/honzo-zufu-la-flore-japonaise\/","url":"https:\/\/librairie7l.com\/en\/produit\/honzo-zufu-la-flore-japonaise\/","name":"Honzo Zufu, la flore japonaise - Librairie 7L","isPartOf":{"@id":"https:\/\/librairie7l.com\/en\/#website"},"datePublished":"2024-06-25T19:06:45+00:00","dateModified":"2026-04-09T16:35:46+00:00","breadcrumb":{"@id":"https:\/\/librairie7l.com\/en\/produit\/honzo-zufu-la-flore-japonaise\/#breadcrumb"},"inLanguage":"en-US","potentialAction":[{"@type":"ReadAction","target":["https:\/\/librairie7l.com\/en\/produit\/honzo-zufu-la-flore-japonaise\/"]}]},{"@type":"BreadcrumbList","@id":"https:\/\/librairie7l.com\/en\/produit\/honzo-zufu-la-flore-japonaise\/#breadcrumb","itemListElement":[{"@type":"ListItem","position":1,"name":"Accueil","item":"https:\/\/librairie7l.com\/en\/"},{"@type":"ListItem","position":2,"name":"Shop","item":"https:\/\/librairie7l.com\/en\/shop\/"},{"@type":"ListItem","position":3,"name":"HONZO ZUFU, LA FLORE JAPONAISE"}]},{"@type":"WebSite","@id":"https:\/\/librairie7l.com\/en\/#website","url":"https:\/\/librairie7l.com\/en\/","name":"Librairie 7L","description":"Librairie fond\u00e9e en 1999 par Karl Lagerfeld \u00e0 Paris","publisher":{"@id":"https:\/\/librairie7l.com\/en\/#organization"},"potentialAction":[{"@type":"SearchAction","target":{"@type":"EntryPoint","urlTemplate":"https:\/\/librairie7l.com\/en\/?s={search_term_string}"},"query-input":"required name=search_term_string"}],"inLanguage":"en-US"},{"@type":"Organization","@id":"https:\/\/librairie7l.com\/en\/#organization","name":"Librairie 7L","url":"https:\/\/librairie7l.com\/en\/","logo":{"@type":"ImageObject","inLanguage":"en-US","@id":"https:\/\/librairie7l.com\/en\/#\/schema\/logo\/image\/","url":"https:\/\/librairie7l.com\/wp-content\/uploads\/2022\/08\/logo-1.png","contentUrl":"https:\/\/librairie7l.com\/wp-content\/uploads\/2022\/08\/logo-1.png","width":227,"height":301,"caption":"Librairie 7L"},"image":{"@id":"https:\/\/librairie7l.com\/en\/#\/schema\/logo\/image\/"}}]}},"_links":{"self":[{"href":"https:\/\/librairie7l.com\/en\/wp-json\/wp\/v2\/product\/36298"}],"collection":[{"href":"https:\/\/librairie7l.com\/en\/wp-json\/wp\/v2\/product"}],"about":[{"href":"https:\/\/librairie7l.com\/en\/wp-json\/wp\/v2\/types\/product"}],"wp:featuredmedia":[{"embeddable":true,"href":"https:\/\/librairie7l.com\/en\/wp-json\/wp\/v2\/media\/36296"}],"wp:attachment":[{"href":"https:\/\/librairie7l.com\/en\/wp-json\/wp\/v2\/media?parent=36298"}],"wp:term":[{"taxonomy":"product_cat","embeddable":true,"href":"https:\/\/librairie7l.com\/en\/wp-json\/wp\/v2\/product_cat?post=36298"},{"taxonomy":"product_tag","embeddable":true,"href":"https:\/\/librairie7l.com\/en\/wp-json\/wp\/v2\/product_tag?post=36298"}],"curies":[{"name":"wp","href":"https:\/\/api.w.org\/{rel}","templated":true}]}}