{"id":36313,"date":"2024-06-25T21:26:54","date_gmt":"2024-06-25T19:26:54","guid":{"rendered":"https:\/\/librairie7l.com\/?post_type=product&#038;p=36313"},"modified":"2026-05-04T13:23:39","modified_gmt":"2026-05-04T11:23:39","slug":"carl-andre-hollis-frampton-12-dialogues-1962-1963","status":"publish","type":"product","link":"https:\/\/librairie7l.com\/en\/produit\/carl-andre-hollis-frampton-12-dialogues-1962-1963\/","title":{"rendered":"CARL ANDRE, HOLLIS FRAMPTON, 12 DIALOGUES (1962-1963)"},"content":{"rendered":"<p>Ces 12 dialogues forment un document essentiel pour comprendre la formation de la pens\u00e9e esth\u00e9tique avant-gardiste du d\u00e9but des ann\u00e9es 1960 aux \u00c9tats-Unis. Ils sont une passionnante introduction aux id\u00e9es et aux probl\u00e9matiques de l&#8217;art de cette p\u00e9riode et \u00e0 leur contextualisation dans l&#8217;histoire de l&#8217;art du XXe si\u00e8cle. Cet ouvrage brosse un portrait unique de deux artistes en devenir dont les int\u00e9r\u00eats touchent autant \u00e0 la po\u00e9sie qu&#8217;aux arts visuels. Pendant plus d&#8217;une ann\u00e9e, Carl Andre et Hollis Frampton vont se retrouver le dimanche soir pour d\u00e9battre de questions artistiques. Les deux amis ont alors entre 26 et 27 ans. Ils sont quasiment inconnus, mais ont d\u00e9j\u00e0 tiss\u00e9 des liens essentiels avec ce qui va devenir le milieu de l&#8217;art new-yorkais qui dominera la sc\u00e8ne artistique mondiale dans les ann\u00e9es 1960. Ils vont aborder quantit\u00e9 de sujets li\u00e9s aux arts et d\u00e9cident de conserver leurs \u00ab dialogues \u00bb en les tapant \u00e0 la machine \u00e0 \u00e9crire. De ces feuillets, dont plusieurs se sont perdus et d&#8217;autres existent de fa\u00e7on fragmentaires, Benjamin Buchloh en a retenu 12 avec la complicit\u00e9 des deux artistes qui ont accept\u00e9 de les voir publi\u00e9s (en 1980, aux \u00c9tats-Unis ; et pour la premi\u00e8re fois ici en fran\u00e7ais). Ce titre s&#8217;ins\u00e8re naturellement dans le catalogue des \u00e9ditions Macula, dans la lign\u00e9e du formalisme am\u00e9ricain et aux c\u00f4t\u00e9s des textes de Rosalind Krauss (Passages. Une histoire de la sculpture de Rodin \u00e0 Smithson ; L&#8217;Originalit\u00e9 de l&#8217;avant-garde et autres mythes modernistes),<\/p>\n","protected":false},"excerpt":{"rendered":"<p>Ces 12 dialogues forment un document essentiel pour comprendre la formation de la pens\u00e9e esth\u00e9tique avant-gardiste du d\u00e9but des ann\u00e9es 1960 aux \u00c9tats-Unis. Ils sont une passionnante introduction aux id\u00e9es et aux probl\u00e9matiques de l&#8217;art de cette p\u00e9riode et \u00e0 leur contextualisation dans l&#8217;histoire de l&#8217;art du XXe si\u00e8cle. Cet ouvrage brosse un portrait unique [&hellip;]<\/p>\n","protected":false},"featured_media":36311,"template":"","meta":[],"product_cat":[2948,2953],"product_tag":[],"acf":[],"yoast_head":"<!-- This site is optimized with the Yoast SEO plugin v20.11 - https:\/\/yoast.com\/wordpress\/plugins\/seo\/ -->\n<title>Carl Andre, Hollis Frampton, 12 dialogues (1962-1963) - Librairie 7L<\/title>\n<meta name=\"robots\" content=\"index, follow, max-snippet:-1, max-image-preview:large, max-video-preview:-1\" \/>\n<link rel=\"canonical\" href=\"https:\/\/librairie7l.com\/en\/produit\/carl-andre-hollis-frampton-12-dialogues-1962-1963\/\" \/>\n<meta property=\"og:locale\" content=\"en_US\" \/>\n<meta property=\"og:type\" content=\"article\" \/>\n<meta property=\"og:title\" content=\"Carl Andre, Hollis Frampton, 12 dialogues (1962-1963) - Librairie 7L\" \/>\n<meta property=\"og:description\" content=\"Ces 12 dialogues forment un document essentiel pour comprendre la formation de la pens\u00e9e esth\u00e9tique avant-gardiste du d\u00e9but des ann\u00e9es 1960 aux \u00c9tats-Unis. Ils sont une passionnante introduction aux id\u00e9es et aux probl\u00e9matiques de l&#8217;art de cette p\u00e9riode et \u00e0 leur contextualisation dans l&#8217;histoire de l&#8217;art du XXe si\u00e8cle. Cet ouvrage brosse un portrait unique [&hellip;]\" \/>\n<meta property=\"og:url\" content=\"https:\/\/librairie7l.com\/en\/produit\/carl-andre-hollis-frampton-12-dialogues-1962-1963\/\" \/>\n<meta property=\"og:site_name\" content=\"Librairie 7L\" \/>\n<meta property=\"article:modified_time\" content=\"2026-05-04T11:23:39+00:00\" \/>\n<meta property=\"og:image\" content=\"https:\/\/librairie7l.com\/wp-content\/uploads\/2022\/10\/9782865891450_1_75.jpg\" \/>\n\t<meta property=\"og:image:width\" content=\"400\" \/>\n\t<meta property=\"og:image:height\" content=\"600\" \/>\n\t<meta property=\"og:image:type\" content=\"image\/jpeg\" \/>\n<meta name=\"twitter:card\" content=\"summary_large_image\" \/>\n<meta name=\"twitter:label1\" content=\"Est. reading time\" \/>\n\t<meta name=\"twitter:data1\" content=\"1 minute\" \/>\n<script type=\"application\/ld+json\" class=\"yoast-schema-graph\">{\"@context\":\"https:\/\/schema.org\",\"@graph\":[{\"@type\":\"WebPage\",\"@id\":\"https:\/\/librairie7l.com\/en\/produit\/carl-andre-hollis-frampton-12-dialogues-1962-1963\/\",\"url\":\"https:\/\/librairie7l.com\/en\/produit\/carl-andre-hollis-frampton-12-dialogues-1962-1963\/\",\"name\":\"Carl Andre, Hollis Frampton, 12 dialogues (1962-1963) - Librairie 7L\",\"isPartOf\":{\"@id\":\"https:\/\/librairie7l.com\/en\/#website\"},\"datePublished\":\"2024-06-25T19:26:54+00:00\",\"dateModified\":\"2026-05-04T11:23:39+00:00\",\"breadcrumb\":{\"@id\":\"https:\/\/librairie7l.com\/en\/produit\/carl-andre-hollis-frampton-12-dialogues-1962-1963\/#breadcrumb\"},\"inLanguage\":\"en-US\",\"potentialAction\":[{\"@type\":\"ReadAction\",\"target\":[\"https:\/\/librairie7l.com\/en\/produit\/carl-andre-hollis-frampton-12-dialogues-1962-1963\/\"]}]},{\"@type\":\"BreadcrumbList\",\"@id\":\"https:\/\/librairie7l.com\/en\/produit\/carl-andre-hollis-frampton-12-dialogues-1962-1963\/#breadcrumb\",\"itemListElement\":[{\"@type\":\"ListItem\",\"position\":1,\"name\":\"Accueil\",\"item\":\"https:\/\/librairie7l.com\/en\/\"},{\"@type\":\"ListItem\",\"position\":2,\"name\":\"Shop\",\"item\":\"https:\/\/librairie7l.com\/en\/shop\/\"},{\"@type\":\"ListItem\",\"position\":3,\"name\":\"CARL ANDRE, HOLLIS FRAMPTON, 12 DIALOGUES (1962-1963)\"}]},{\"@type\":\"WebSite\",\"@id\":\"https:\/\/librairie7l.com\/en\/#website\",\"url\":\"https:\/\/librairie7l.com\/en\/\",\"name\":\"Librairie 7L\",\"description\":\"Librairie fond\u00e9e en 1999 par Karl Lagerfeld \u00e0 Paris\",\"publisher\":{\"@id\":\"https:\/\/librairie7l.com\/en\/#organization\"},\"potentialAction\":[{\"@type\":\"SearchAction\",\"target\":{\"@type\":\"EntryPoint\",\"urlTemplate\":\"https:\/\/librairie7l.com\/en\/?s={search_term_string}\"},\"query-input\":\"required name=search_term_string\"}],\"inLanguage\":\"en-US\"},{\"@type\":\"Organization\",\"@id\":\"https:\/\/librairie7l.com\/en\/#organization\",\"name\":\"Librairie 7L\",\"url\":\"https:\/\/librairie7l.com\/en\/\",\"logo\":{\"@type\":\"ImageObject\",\"inLanguage\":\"en-US\",\"@id\":\"https:\/\/librairie7l.com\/en\/#\/schema\/logo\/image\/\",\"url\":\"https:\/\/librairie7l.com\/wp-content\/uploads\/2022\/08\/logo-1.png\",\"contentUrl\":\"https:\/\/librairie7l.com\/wp-content\/uploads\/2022\/08\/logo-1.png\",\"width\":227,\"height\":301,\"caption\":\"Librairie 7L\"},\"image\":{\"@id\":\"https:\/\/librairie7l.com\/en\/#\/schema\/logo\/image\/\"}}]}<\/script>\n<!-- \/ Yoast SEO plugin. -->","yoast_head_json":{"title":"Carl Andre, Hollis Frampton, 12 dialogues (1962-1963) - Librairie 7L","robots":{"index":"index","follow":"follow","max-snippet":"max-snippet:-1","max-image-preview":"max-image-preview:large","max-video-preview":"max-video-preview:-1"},"canonical":"https:\/\/librairie7l.com\/en\/produit\/carl-andre-hollis-frampton-12-dialogues-1962-1963\/","og_locale":"en_US","og_type":"article","og_title":"Carl Andre, Hollis Frampton, 12 dialogues (1962-1963) - Librairie 7L","og_description":"Ces 12 dialogues forment un document essentiel pour comprendre la formation de la pens\u00e9e esth\u00e9tique avant-gardiste du d\u00e9but des ann\u00e9es 1960 aux \u00c9tats-Unis. Ils sont une passionnante introduction aux id\u00e9es et aux probl\u00e9matiques de l&#8217;art de cette p\u00e9riode et \u00e0 leur contextualisation dans l&#8217;histoire de l&#8217;art du XXe si\u00e8cle. Cet ouvrage brosse un portrait unique [&hellip;]","og_url":"https:\/\/librairie7l.com\/en\/produit\/carl-andre-hollis-frampton-12-dialogues-1962-1963\/","og_site_name":"Librairie 7L","article_modified_time":"2026-05-04T11:23:39+00:00","og_image":[{"width":400,"height":600,"url":"https:\/\/librairie7l.com\/wp-content\/uploads\/2022\/10\/9782865891450_1_75.jpg","type":"image\/jpeg"}],"twitter_card":"summary_large_image","twitter_misc":{"Est. reading time":"1 minute"},"schema":{"@context":"https:\/\/schema.org","@graph":[{"@type":"WebPage","@id":"https:\/\/librairie7l.com\/en\/produit\/carl-andre-hollis-frampton-12-dialogues-1962-1963\/","url":"https:\/\/librairie7l.com\/en\/produit\/carl-andre-hollis-frampton-12-dialogues-1962-1963\/","name":"Carl Andre, Hollis Frampton, 12 dialogues (1962-1963) - Librairie 7L","isPartOf":{"@id":"https:\/\/librairie7l.com\/en\/#website"},"datePublished":"2024-06-25T19:26:54+00:00","dateModified":"2026-05-04T11:23:39+00:00","breadcrumb":{"@id":"https:\/\/librairie7l.com\/en\/produit\/carl-andre-hollis-frampton-12-dialogues-1962-1963\/#breadcrumb"},"inLanguage":"en-US","potentialAction":[{"@type":"ReadAction","target":["https:\/\/librairie7l.com\/en\/produit\/carl-andre-hollis-frampton-12-dialogues-1962-1963\/"]}]},{"@type":"BreadcrumbList","@id":"https:\/\/librairie7l.com\/en\/produit\/carl-andre-hollis-frampton-12-dialogues-1962-1963\/#breadcrumb","itemListElement":[{"@type":"ListItem","position":1,"name":"Accueil","item":"https:\/\/librairie7l.com\/en\/"},{"@type":"ListItem","position":2,"name":"Shop","item":"https:\/\/librairie7l.com\/en\/shop\/"},{"@type":"ListItem","position":3,"name":"CARL ANDRE, HOLLIS FRAMPTON, 12 DIALOGUES (1962-1963)"}]},{"@type":"WebSite","@id":"https:\/\/librairie7l.com\/en\/#website","url":"https:\/\/librairie7l.com\/en\/","name":"Librairie 7L","description":"Librairie fond\u00e9e en 1999 par Karl Lagerfeld \u00e0 Paris","publisher":{"@id":"https:\/\/librairie7l.com\/en\/#organization"},"potentialAction":[{"@type":"SearchAction","target":{"@type":"EntryPoint","urlTemplate":"https:\/\/librairie7l.com\/en\/?s={search_term_string}"},"query-input":"required name=search_term_string"}],"inLanguage":"en-US"},{"@type":"Organization","@id":"https:\/\/librairie7l.com\/en\/#organization","name":"Librairie 7L","url":"https:\/\/librairie7l.com\/en\/","logo":{"@type":"ImageObject","inLanguage":"en-US","@id":"https:\/\/librairie7l.com\/en\/#\/schema\/logo\/image\/","url":"https:\/\/librairie7l.com\/wp-content\/uploads\/2022\/08\/logo-1.png","contentUrl":"https:\/\/librairie7l.com\/wp-content\/uploads\/2022\/08\/logo-1.png","width":227,"height":301,"caption":"Librairie 7L"},"image":{"@id":"https:\/\/librairie7l.com\/en\/#\/schema\/logo\/image\/"}}]}},"_links":{"self":[{"href":"https:\/\/librairie7l.com\/en\/wp-json\/wp\/v2\/product\/36313"}],"collection":[{"href":"https:\/\/librairie7l.com\/en\/wp-json\/wp\/v2\/product"}],"about":[{"href":"https:\/\/librairie7l.com\/en\/wp-json\/wp\/v2\/types\/product"}],"wp:featuredmedia":[{"embeddable":true,"href":"https:\/\/librairie7l.com\/en\/wp-json\/wp\/v2\/media\/36311"}],"wp:attachment":[{"href":"https:\/\/librairie7l.com\/en\/wp-json\/wp\/v2\/media?parent=36313"}],"wp:term":[{"taxonomy":"product_cat","embeddable":true,"href":"https:\/\/librairie7l.com\/en\/wp-json\/wp\/v2\/product_cat?post=36313"},{"taxonomy":"product_tag","embeddable":true,"href":"https:\/\/librairie7l.com\/en\/wp-json\/wp\/v2\/product_tag?post=36313"}],"curies":[{"name":"wp","href":"https:\/\/api.w.org\/{rel}","templated":true}]}}