{"id":36335,"date":"2023-10-19T17:58:28","date_gmt":"2023-10-19T15:58:28","guid":{"rendered":"https:\/\/librairie7l.com\/?post_type=product&#038;p=36335"},"modified":"2026-04-26T09:14:18","modified_gmt":"2026-04-26T07:14:18","slug":"les-youssoupoff-un-siecle-de-collections-francaises","status":"publish","type":"product","link":"https:\/\/librairie7l.com\/en\/produit\/les-youssoupoff-un-siecle-de-collections-francaises\/","title":{"rendered":"LES YOUSSOUPOFF : UN SI\u00c8CLE DE COLLECTIONS FRAN\u00c7AISES"},"content":{"rendered":"<p>Bas\u00e9 sur une documentation in\u00e9dite, cet ouvrage retrace l&#8217;histoire du go\u00fbt francophile de l&#8217;une des plus c\u00e9l\u00e8bres familles aristocratiques russes, les Youssoupoff. L&#8217;auteur explore les collections fran\u00e7aises amass\u00e9es par les membres de cette famille sur cinq g\u00e9n\u00e9rations, de la fin du xviiie si\u00e8cle au d\u00e9but du xxe si\u00e8cle, dans une saga r\u00e9v\u00e9lant leur destin au lendemain de la R\u00e9volution russe. Des collections de peintures fran\u00e7aises aux joyaux royaux provenant de la reine Marie Antoinette ou de la famille Bonaparte, des d\u00e9cors complets con\u00e7us \u00e0 Paris pour les palais de Saint-P\u00e9tersbourg aux r\u00e9sidences, un h\u00f4tel et un ch\u00e2teau en Bretagne, b\u00e2tis en France, de la mode \u00e0 l&#8217;orf\u00e8vrerie, cette \u00e9tude diss\u00e8que pour la premi\u00e8re fois, \u00e0 travers un exemple multi- g\u00e9n\u00e9rationnel, les diff\u00e9rents aspects du go\u00fbt de la noblesse russe pour la culture fran\u00e7aise, quand la Russie et son \u00e9lite regardaient vers l&#8217;Occident.<\/p>\n","protected":false},"excerpt":{"rendered":"<p>Bas\u00e9 sur une documentation in\u00e9dite, cet ouvrage retrace l&#8217;histoire du go\u00fbt francophile de l&#8217;une des plus c\u00e9l\u00e8bres familles aristocratiques russes, les Youssoupoff. L&#8217;auteur explore les collections fran\u00e7aises amass\u00e9es par les membres de cette famille sur cinq g\u00e9n\u00e9rations, de la fin du xviiie si\u00e8cle au d\u00e9but du xxe si\u00e8cle, dans une saga r\u00e9v\u00e9lant leur destin au [&hellip;]<\/p>\n","protected":false},"featured_media":36333,"template":"","meta":[],"product_cat":[2948,2953],"product_tag":[],"acf":[],"yoast_head":"<!-- This site is optimized with the Yoast SEO plugin v20.11 - https:\/\/yoast.com\/wordpress\/plugins\/seo\/ -->\n<title>Les Youssoupoff : un si\u00e8cle de collections fran\u00e7aises - Librairie 7L<\/title>\n<meta name=\"robots\" content=\"index, follow, max-snippet:-1, max-image-preview:large, max-video-preview:-1\" \/>\n<link rel=\"canonical\" href=\"https:\/\/librairie7l.com\/en\/produit\/les-youssoupoff-un-siecle-de-collections-francaises\/\" \/>\n<meta property=\"og:locale\" content=\"en_US\" \/>\n<meta property=\"og:type\" content=\"article\" \/>\n<meta property=\"og:title\" content=\"Les Youssoupoff : un si\u00e8cle de collections fran\u00e7aises - Librairie 7L\" \/>\n<meta property=\"og:description\" content=\"Bas\u00e9 sur une documentation in\u00e9dite, cet ouvrage retrace l&#8217;histoire du go\u00fbt francophile de l&#8217;une des plus c\u00e9l\u00e8bres familles aristocratiques russes, les Youssoupoff. L&#8217;auteur explore les collections fran\u00e7aises amass\u00e9es par les membres de cette famille sur cinq g\u00e9n\u00e9rations, de la fin du xviiie si\u00e8cle au d\u00e9but du xxe si\u00e8cle, dans une saga r\u00e9v\u00e9lant leur destin au [&hellip;]\" \/>\n<meta property=\"og:url\" content=\"https:\/\/librairie7l.com\/en\/produit\/les-youssoupoff-un-siecle-de-collections-francaises\/\" \/>\n<meta property=\"og:site_name\" content=\"Librairie 7L\" \/>\n<meta property=\"article:modified_time\" content=\"2026-04-26T07:14:18+00:00\" \/>\n<meta property=\"og:image\" content=\"https:\/\/librairie7l.com\/wp-content\/uploads\/2022\/09\/9782362220869_1_75.jpg\" \/>\n\t<meta property=\"og:image:width\" content=\"600\" \/>\n\t<meta property=\"og:image:height\" content=\"818\" \/>\n\t<meta property=\"og:image:type\" content=\"image\/jpeg\" \/>\n<meta name=\"twitter:card\" content=\"summary_large_image\" \/>\n<meta name=\"twitter:label1\" content=\"Est. reading time\" \/>\n\t<meta name=\"twitter:data1\" content=\"1 minute\" \/>\n<script type=\"application\/ld+json\" class=\"yoast-schema-graph\">{\"@context\":\"https:\/\/schema.org\",\"@graph\":[{\"@type\":\"WebPage\",\"@id\":\"https:\/\/librairie7l.com\/en\/produit\/les-youssoupoff-un-siecle-de-collections-francaises\/\",\"url\":\"https:\/\/librairie7l.com\/en\/produit\/les-youssoupoff-un-siecle-de-collections-francaises\/\",\"name\":\"Les Youssoupoff : un si\u00e8cle de collections fran\u00e7aises - Librairie 7L\",\"isPartOf\":{\"@id\":\"https:\/\/librairie7l.com\/en\/#website\"},\"datePublished\":\"2023-10-19T15:58:28+00:00\",\"dateModified\":\"2026-04-26T07:14:18+00:00\",\"breadcrumb\":{\"@id\":\"https:\/\/librairie7l.com\/en\/produit\/les-youssoupoff-un-siecle-de-collections-francaises\/#breadcrumb\"},\"inLanguage\":\"en-US\",\"potentialAction\":[{\"@type\":\"ReadAction\",\"target\":[\"https:\/\/librairie7l.com\/en\/produit\/les-youssoupoff-un-siecle-de-collections-francaises\/\"]}]},{\"@type\":\"BreadcrumbList\",\"@id\":\"https:\/\/librairie7l.com\/en\/produit\/les-youssoupoff-un-siecle-de-collections-francaises\/#breadcrumb\",\"itemListElement\":[{\"@type\":\"ListItem\",\"position\":1,\"name\":\"Accueil\",\"item\":\"https:\/\/librairie7l.com\/en\/\"},{\"@type\":\"ListItem\",\"position\":2,\"name\":\"Shop\",\"item\":\"https:\/\/librairie7l.com\/en\/shop\/\"},{\"@type\":\"ListItem\",\"position\":3,\"name\":\"LES YOUSSOUPOFF : UN SI\u00c8CLE DE COLLECTIONS FRAN\u00c7AISES\"}]},{\"@type\":\"WebSite\",\"@id\":\"https:\/\/librairie7l.com\/en\/#website\",\"url\":\"https:\/\/librairie7l.com\/en\/\",\"name\":\"Librairie 7L\",\"description\":\"Librairie fond\u00e9e en 1999 par Karl Lagerfeld \u00e0 Paris\",\"publisher\":{\"@id\":\"https:\/\/librairie7l.com\/en\/#organization\"},\"potentialAction\":[{\"@type\":\"SearchAction\",\"target\":{\"@type\":\"EntryPoint\",\"urlTemplate\":\"https:\/\/librairie7l.com\/en\/?s={search_term_string}\"},\"query-input\":\"required name=search_term_string\"}],\"inLanguage\":\"en-US\"},{\"@type\":\"Organization\",\"@id\":\"https:\/\/librairie7l.com\/en\/#organization\",\"name\":\"Librairie 7L\",\"url\":\"https:\/\/librairie7l.com\/en\/\",\"logo\":{\"@type\":\"ImageObject\",\"inLanguage\":\"en-US\",\"@id\":\"https:\/\/librairie7l.com\/en\/#\/schema\/logo\/image\/\",\"url\":\"https:\/\/librairie7l.com\/wp-content\/uploads\/2022\/08\/logo-1.png\",\"contentUrl\":\"https:\/\/librairie7l.com\/wp-content\/uploads\/2022\/08\/logo-1.png\",\"width\":227,\"height\":301,\"caption\":\"Librairie 7L\"},\"image\":{\"@id\":\"https:\/\/librairie7l.com\/en\/#\/schema\/logo\/image\/\"}}]}<\/script>\n<!-- \/ Yoast SEO plugin. -->","yoast_head_json":{"title":"Les Youssoupoff : un si\u00e8cle de collections fran\u00e7aises - Librairie 7L","robots":{"index":"index","follow":"follow","max-snippet":"max-snippet:-1","max-image-preview":"max-image-preview:large","max-video-preview":"max-video-preview:-1"},"canonical":"https:\/\/librairie7l.com\/en\/produit\/les-youssoupoff-un-siecle-de-collections-francaises\/","og_locale":"en_US","og_type":"article","og_title":"Les Youssoupoff : un si\u00e8cle de collections fran\u00e7aises - Librairie 7L","og_description":"Bas\u00e9 sur une documentation in\u00e9dite, cet ouvrage retrace l&#8217;histoire du go\u00fbt francophile de l&#8217;une des plus c\u00e9l\u00e8bres familles aristocratiques russes, les Youssoupoff. L&#8217;auteur explore les collections fran\u00e7aises amass\u00e9es par les membres de cette famille sur cinq g\u00e9n\u00e9rations, de la fin du xviiie si\u00e8cle au d\u00e9but du xxe si\u00e8cle, dans une saga r\u00e9v\u00e9lant leur destin au [&hellip;]","og_url":"https:\/\/librairie7l.com\/en\/produit\/les-youssoupoff-un-siecle-de-collections-francaises\/","og_site_name":"Librairie 7L","article_modified_time":"2026-04-26T07:14:18+00:00","og_image":[{"width":600,"height":818,"url":"https:\/\/librairie7l.com\/wp-content\/uploads\/2022\/09\/9782362220869_1_75.jpg","type":"image\/jpeg"}],"twitter_card":"summary_large_image","twitter_misc":{"Est. reading time":"1 minute"},"schema":{"@context":"https:\/\/schema.org","@graph":[{"@type":"WebPage","@id":"https:\/\/librairie7l.com\/en\/produit\/les-youssoupoff-un-siecle-de-collections-francaises\/","url":"https:\/\/librairie7l.com\/en\/produit\/les-youssoupoff-un-siecle-de-collections-francaises\/","name":"Les Youssoupoff : un si\u00e8cle de collections fran\u00e7aises - Librairie 7L","isPartOf":{"@id":"https:\/\/librairie7l.com\/en\/#website"},"datePublished":"2023-10-19T15:58:28+00:00","dateModified":"2026-04-26T07:14:18+00:00","breadcrumb":{"@id":"https:\/\/librairie7l.com\/en\/produit\/les-youssoupoff-un-siecle-de-collections-francaises\/#breadcrumb"},"inLanguage":"en-US","potentialAction":[{"@type":"ReadAction","target":["https:\/\/librairie7l.com\/en\/produit\/les-youssoupoff-un-siecle-de-collections-francaises\/"]}]},{"@type":"BreadcrumbList","@id":"https:\/\/librairie7l.com\/en\/produit\/les-youssoupoff-un-siecle-de-collections-francaises\/#breadcrumb","itemListElement":[{"@type":"ListItem","position":1,"name":"Accueil","item":"https:\/\/librairie7l.com\/en\/"},{"@type":"ListItem","position":2,"name":"Shop","item":"https:\/\/librairie7l.com\/en\/shop\/"},{"@type":"ListItem","position":3,"name":"LES YOUSSOUPOFF : UN SI\u00c8CLE DE COLLECTIONS FRAN\u00c7AISES"}]},{"@type":"WebSite","@id":"https:\/\/librairie7l.com\/en\/#website","url":"https:\/\/librairie7l.com\/en\/","name":"Librairie 7L","description":"Librairie fond\u00e9e en 1999 par Karl Lagerfeld \u00e0 Paris","publisher":{"@id":"https:\/\/librairie7l.com\/en\/#organization"},"potentialAction":[{"@type":"SearchAction","target":{"@type":"EntryPoint","urlTemplate":"https:\/\/librairie7l.com\/en\/?s={search_term_string}"},"query-input":"required name=search_term_string"}],"inLanguage":"en-US"},{"@type":"Organization","@id":"https:\/\/librairie7l.com\/en\/#organization","name":"Librairie 7L","url":"https:\/\/librairie7l.com\/en\/","logo":{"@type":"ImageObject","inLanguage":"en-US","@id":"https:\/\/librairie7l.com\/en\/#\/schema\/logo\/image\/","url":"https:\/\/librairie7l.com\/wp-content\/uploads\/2022\/08\/logo-1.png","contentUrl":"https:\/\/librairie7l.com\/wp-content\/uploads\/2022\/08\/logo-1.png","width":227,"height":301,"caption":"Librairie 7L"},"image":{"@id":"https:\/\/librairie7l.com\/en\/#\/schema\/logo\/image\/"}}]}},"_links":{"self":[{"href":"https:\/\/librairie7l.com\/en\/wp-json\/wp\/v2\/product\/36335"}],"collection":[{"href":"https:\/\/librairie7l.com\/en\/wp-json\/wp\/v2\/product"}],"about":[{"href":"https:\/\/librairie7l.com\/en\/wp-json\/wp\/v2\/types\/product"}],"wp:featuredmedia":[{"embeddable":true,"href":"https:\/\/librairie7l.com\/en\/wp-json\/wp\/v2\/media\/36333"}],"wp:attachment":[{"href":"https:\/\/librairie7l.com\/en\/wp-json\/wp\/v2\/media?parent=36335"}],"wp:term":[{"taxonomy":"product_cat","embeddable":true,"href":"https:\/\/librairie7l.com\/en\/wp-json\/wp\/v2\/product_cat?post=36335"},{"taxonomy":"product_tag","embeddable":true,"href":"https:\/\/librairie7l.com\/en\/wp-json\/wp\/v2\/product_tag?post=36335"}],"curies":[{"name":"wp","href":"https:\/\/api.w.org\/{rel}","templated":true}]}}