{"id":36353,"date":"2023-10-19T18:23:29","date_gmt":"2023-10-19T16:23:29","guid":{"rendered":"https:\/\/librairie7l.com\/?post_type=product&#038;p=36353"},"modified":"2026-04-09T21:17:20","modified_gmt":"2026-04-09T19:17:20","slug":"des-etoffes-pour-le-vetement-et-la-decoration-vivre-en-indiennes-france-xvi","status":"publish","type":"product","link":"https:\/\/librairie7l.com\/en\/produit\/des-etoffes-pour-le-vetement-et-la-decoration-vivre-en-indiennes-france-xvi\/","title":{"rendered":"DES \u00c9TOFFES POUR LE V\u00caTEMENT ET LA D\u00c9CORATION : VIVRE EN INDIENNES &#8211; FRANCE (XVIIIE-XIXE SI\u00c8CLE)"},"content":{"rendered":"<p>Retracer une histoire du go\u00fbt en \u00e9tudiant l&#8217;usage des indiennes dans la mode et la d\u00e9coration int\u00e9rieure aux 18e et 19e si\u00e8cles, tel est l&#8217;objectif de ce livre. Il montre comment les manufacturiers ont particip\u00e9 \u00e0 l&#8217;essor d&#8217;une soci\u00e9t\u00e9 consum\u00e9riste o\u00f9 la question des modes et des couleurs est indissociable du d\u00e9veloppement d&#8217;une industrie textile. En appr\u00e9hendant des pratiques vestimentaires et d\u00e9coratives sur deux si\u00e8cles, les ph\u00e9nom\u00e8nes de recyclages, de renouvellement ainsi que de permanence de certains d\u00e9cors sont analys\u00e9s \u00e0 la lumi\u00e8re de la fascination que le 18e si\u00e8cle exer\u00e7a sur la soci\u00e9t\u00e9 du 19e si\u00e8cle. Dans la parure vestimentaire, l&#8217;usage des indiennes raconte la diffusion dans la soci\u00e9t\u00e9 de pratiques longtemps r\u00e9serv\u00e9es aux \u00e9lites et la capacit\u00e9 des industriels \u00e0 se renouveler pour accompagner l&#8217;essor de la consommation des \u00e9toffes, depuis les marchandes de mode jusqu&#8217;aux Grands Magasins. La question de la place des cotonnades dans la d\u00e9coration int\u00e9rieure offre un point de vue renouvel\u00e9 sur le r\u00f4le des \u00e9toffes dans l&#8217;embellissement du cadre de vie qui perdure et se d\u00e9veloppe au 19e si\u00e8cle en participant au concept des styles historiques.<\/p>\n","protected":false},"excerpt":{"rendered":"<p>Retracer une histoire du go\u00fbt en \u00e9tudiant l&#8217;usage des indiennes dans la mode et la d\u00e9coration int\u00e9rieure aux 18e et 19e si\u00e8cles, tel est l&#8217;objectif de ce livre. Il montre comment les manufacturiers ont particip\u00e9 \u00e0 l&#8217;essor d&#8217;une soci\u00e9t\u00e9 consum\u00e9riste o\u00f9 la question des modes et des couleurs est indissociable du d\u00e9veloppement d&#8217;une industrie textile. [&hellip;]<\/p>\n","protected":false},"featured_media":36351,"template":"","meta":[],"product_cat":[2948,2957],"product_tag":[],"acf":[],"yoast_head":"<!-- This site is optimized with the Yoast SEO plugin v20.11 - https:\/\/yoast.com\/wordpress\/plugins\/seo\/ -->\n<title>Des \u00e9toffes pour le v\u00eatement et la d\u00e9coration : vivre en indiennes - France (XVIIIe-XIXe si\u00e8cle) - Librairie 7L<\/title>\n<meta name=\"robots\" content=\"index, follow, max-snippet:-1, max-image-preview:large, max-video-preview:-1\" \/>\n<link rel=\"canonical\" href=\"https:\/\/librairie7l.com\/en\/produit\/des-etoffes-pour-le-vetement-et-la-decoration-vivre-en-indiennes-france-xvi\/\" \/>\n<meta property=\"og:locale\" content=\"en_US\" \/>\n<meta property=\"og:type\" content=\"article\" \/>\n<meta property=\"og:title\" content=\"Des \u00e9toffes pour le v\u00eatement et la d\u00e9coration : vivre en indiennes - France (XVIIIe-XIXe si\u00e8cle) - Librairie 7L\" \/>\n<meta property=\"og:description\" content=\"Retracer une histoire du go\u00fbt en \u00e9tudiant l&#8217;usage des indiennes dans la mode et la d\u00e9coration int\u00e9rieure aux 18e et 19e si\u00e8cles, tel est l&#8217;objectif de ce livre. Il montre comment les manufacturiers ont particip\u00e9 \u00e0 l&#8217;essor d&#8217;une soci\u00e9t\u00e9 consum\u00e9riste o\u00f9 la question des modes et des couleurs est indissociable du d\u00e9veloppement d&#8217;une industrie textile. [&hellip;]\" \/>\n<meta property=\"og:url\" content=\"https:\/\/librairie7l.com\/en\/produit\/des-etoffes-pour-le-vetement-et-la-decoration-vivre-en-indiennes-france-xvi\/\" \/>\n<meta property=\"og:site_name\" content=\"Librairie 7L\" \/>\n<meta property=\"article:modified_time\" content=\"2026-04-09T19:17:20+00:00\" \/>\n<meta property=\"og:image\" content=\"https:\/\/librairie7l.com\/wp-content\/uploads\/2023\/03\/9782753592445_1_75.jpg\" \/>\n\t<meta property=\"og:image:width\" content=\"600\" \/>\n\t<meta property=\"og:image:height\" content=\"749\" \/>\n\t<meta property=\"og:image:type\" content=\"image\/jpeg\" \/>\n<meta name=\"twitter:card\" content=\"summary_large_image\" \/>\n<meta name=\"twitter:label1\" content=\"Est. reading time\" \/>\n\t<meta name=\"twitter:data1\" content=\"1 minute\" \/>\n<script type=\"application\/ld+json\" class=\"yoast-schema-graph\">{\"@context\":\"https:\/\/schema.org\",\"@graph\":[{\"@type\":\"WebPage\",\"@id\":\"https:\/\/librairie7l.com\/en\/produit\/des-etoffes-pour-le-vetement-et-la-decoration-vivre-en-indiennes-france-xvi\/\",\"url\":\"https:\/\/librairie7l.com\/en\/produit\/des-etoffes-pour-le-vetement-et-la-decoration-vivre-en-indiennes-france-xvi\/\",\"name\":\"Des \u00e9toffes pour le v\u00eatement et la d\u00e9coration : vivre en indiennes - France (XVIIIe-XIXe si\u00e8cle) - Librairie 7L\",\"isPartOf\":{\"@id\":\"https:\/\/librairie7l.com\/en\/#website\"},\"datePublished\":\"2023-10-19T16:23:29+00:00\",\"dateModified\":\"2026-04-09T19:17:20+00:00\",\"breadcrumb\":{\"@id\":\"https:\/\/librairie7l.com\/en\/produit\/des-etoffes-pour-le-vetement-et-la-decoration-vivre-en-indiennes-france-xvi\/#breadcrumb\"},\"inLanguage\":\"en-US\",\"potentialAction\":[{\"@type\":\"ReadAction\",\"target\":[\"https:\/\/librairie7l.com\/en\/produit\/des-etoffes-pour-le-vetement-et-la-decoration-vivre-en-indiennes-france-xvi\/\"]}]},{\"@type\":\"BreadcrumbList\",\"@id\":\"https:\/\/librairie7l.com\/en\/produit\/des-etoffes-pour-le-vetement-et-la-decoration-vivre-en-indiennes-france-xvi\/#breadcrumb\",\"itemListElement\":[{\"@type\":\"ListItem\",\"position\":1,\"name\":\"Accueil\",\"item\":\"https:\/\/librairie7l.com\/en\/\"},{\"@type\":\"ListItem\",\"position\":2,\"name\":\"Shop\",\"item\":\"https:\/\/librairie7l.com\/en\/shop\/\"},{\"@type\":\"ListItem\",\"position\":3,\"name\":\"DES \u00c9TOFFES POUR LE V\u00caTEMENT ET LA D\u00c9CORATION : VIVRE EN INDIENNES &#8211; FRANCE (XVIIIE-XIXE SI\u00c8CLE)\"}]},{\"@type\":\"WebSite\",\"@id\":\"https:\/\/librairie7l.com\/en\/#website\",\"url\":\"https:\/\/librairie7l.com\/en\/\",\"name\":\"Librairie 7L\",\"description\":\"Librairie fond\u00e9e en 1999 par Karl Lagerfeld \u00e0 Paris\",\"publisher\":{\"@id\":\"https:\/\/librairie7l.com\/en\/#organization\"},\"potentialAction\":[{\"@type\":\"SearchAction\",\"target\":{\"@type\":\"EntryPoint\",\"urlTemplate\":\"https:\/\/librairie7l.com\/en\/?s={search_term_string}\"},\"query-input\":\"required name=search_term_string\"}],\"inLanguage\":\"en-US\"},{\"@type\":\"Organization\",\"@id\":\"https:\/\/librairie7l.com\/en\/#organization\",\"name\":\"Librairie 7L\",\"url\":\"https:\/\/librairie7l.com\/en\/\",\"logo\":{\"@type\":\"ImageObject\",\"inLanguage\":\"en-US\",\"@id\":\"https:\/\/librairie7l.com\/en\/#\/schema\/logo\/image\/\",\"url\":\"https:\/\/librairie7l.com\/wp-content\/uploads\/2022\/08\/logo-1.png\",\"contentUrl\":\"https:\/\/librairie7l.com\/wp-content\/uploads\/2022\/08\/logo-1.png\",\"width\":227,\"height\":301,\"caption\":\"Librairie 7L\"},\"image\":{\"@id\":\"https:\/\/librairie7l.com\/en\/#\/schema\/logo\/image\/\"}}]}<\/script>\n<!-- \/ Yoast SEO plugin. -->","yoast_head_json":{"title":"Des \u00e9toffes pour le v\u00eatement et la d\u00e9coration : vivre en indiennes - France (XVIIIe-XIXe si\u00e8cle) - Librairie 7L","robots":{"index":"index","follow":"follow","max-snippet":"max-snippet:-1","max-image-preview":"max-image-preview:large","max-video-preview":"max-video-preview:-1"},"canonical":"https:\/\/librairie7l.com\/en\/produit\/des-etoffes-pour-le-vetement-et-la-decoration-vivre-en-indiennes-france-xvi\/","og_locale":"en_US","og_type":"article","og_title":"Des \u00e9toffes pour le v\u00eatement et la d\u00e9coration : vivre en indiennes - France (XVIIIe-XIXe si\u00e8cle) - Librairie 7L","og_description":"Retracer une histoire du go\u00fbt en \u00e9tudiant l&#8217;usage des indiennes dans la mode et la d\u00e9coration int\u00e9rieure aux 18e et 19e si\u00e8cles, tel est l&#8217;objectif de ce livre. Il montre comment les manufacturiers ont particip\u00e9 \u00e0 l&#8217;essor d&#8217;une soci\u00e9t\u00e9 consum\u00e9riste o\u00f9 la question des modes et des couleurs est indissociable du d\u00e9veloppement d&#8217;une industrie textile. [&hellip;]","og_url":"https:\/\/librairie7l.com\/en\/produit\/des-etoffes-pour-le-vetement-et-la-decoration-vivre-en-indiennes-france-xvi\/","og_site_name":"Librairie 7L","article_modified_time":"2026-04-09T19:17:20+00:00","og_image":[{"width":600,"height":749,"url":"https:\/\/librairie7l.com\/wp-content\/uploads\/2023\/03\/9782753592445_1_75.jpg","type":"image\/jpeg"}],"twitter_card":"summary_large_image","twitter_misc":{"Est. reading time":"1 minute"},"schema":{"@context":"https:\/\/schema.org","@graph":[{"@type":"WebPage","@id":"https:\/\/librairie7l.com\/en\/produit\/des-etoffes-pour-le-vetement-et-la-decoration-vivre-en-indiennes-france-xvi\/","url":"https:\/\/librairie7l.com\/en\/produit\/des-etoffes-pour-le-vetement-et-la-decoration-vivre-en-indiennes-france-xvi\/","name":"Des \u00e9toffes pour le v\u00eatement et la d\u00e9coration : vivre en indiennes - France (XVIIIe-XIXe si\u00e8cle) - Librairie 7L","isPartOf":{"@id":"https:\/\/librairie7l.com\/en\/#website"},"datePublished":"2023-10-19T16:23:29+00:00","dateModified":"2026-04-09T19:17:20+00:00","breadcrumb":{"@id":"https:\/\/librairie7l.com\/en\/produit\/des-etoffes-pour-le-vetement-et-la-decoration-vivre-en-indiennes-france-xvi\/#breadcrumb"},"inLanguage":"en-US","potentialAction":[{"@type":"ReadAction","target":["https:\/\/librairie7l.com\/en\/produit\/des-etoffes-pour-le-vetement-et-la-decoration-vivre-en-indiennes-france-xvi\/"]}]},{"@type":"BreadcrumbList","@id":"https:\/\/librairie7l.com\/en\/produit\/des-etoffes-pour-le-vetement-et-la-decoration-vivre-en-indiennes-france-xvi\/#breadcrumb","itemListElement":[{"@type":"ListItem","position":1,"name":"Accueil","item":"https:\/\/librairie7l.com\/en\/"},{"@type":"ListItem","position":2,"name":"Shop","item":"https:\/\/librairie7l.com\/en\/shop\/"},{"@type":"ListItem","position":3,"name":"DES \u00c9TOFFES POUR LE V\u00caTEMENT ET LA D\u00c9CORATION : VIVRE EN INDIENNES &#8211; FRANCE (XVIIIE-XIXE SI\u00c8CLE)"}]},{"@type":"WebSite","@id":"https:\/\/librairie7l.com\/en\/#website","url":"https:\/\/librairie7l.com\/en\/","name":"Librairie 7L","description":"Librairie fond\u00e9e en 1999 par Karl Lagerfeld \u00e0 Paris","publisher":{"@id":"https:\/\/librairie7l.com\/en\/#organization"},"potentialAction":[{"@type":"SearchAction","target":{"@type":"EntryPoint","urlTemplate":"https:\/\/librairie7l.com\/en\/?s={search_term_string}"},"query-input":"required name=search_term_string"}],"inLanguage":"en-US"},{"@type":"Organization","@id":"https:\/\/librairie7l.com\/en\/#organization","name":"Librairie 7L","url":"https:\/\/librairie7l.com\/en\/","logo":{"@type":"ImageObject","inLanguage":"en-US","@id":"https:\/\/librairie7l.com\/en\/#\/schema\/logo\/image\/","url":"https:\/\/librairie7l.com\/wp-content\/uploads\/2022\/08\/logo-1.png","contentUrl":"https:\/\/librairie7l.com\/wp-content\/uploads\/2022\/08\/logo-1.png","width":227,"height":301,"caption":"Librairie 7L"},"image":{"@id":"https:\/\/librairie7l.com\/en\/#\/schema\/logo\/image\/"}}]}},"_links":{"self":[{"href":"https:\/\/librairie7l.com\/en\/wp-json\/wp\/v2\/product\/36353"}],"collection":[{"href":"https:\/\/librairie7l.com\/en\/wp-json\/wp\/v2\/product"}],"about":[{"href":"https:\/\/librairie7l.com\/en\/wp-json\/wp\/v2\/types\/product"}],"wp:featuredmedia":[{"embeddable":true,"href":"https:\/\/librairie7l.com\/en\/wp-json\/wp\/v2\/media\/36351"}],"wp:attachment":[{"href":"https:\/\/librairie7l.com\/en\/wp-json\/wp\/v2\/media?parent=36353"}],"wp:term":[{"taxonomy":"product_cat","embeddable":true,"href":"https:\/\/librairie7l.com\/en\/wp-json\/wp\/v2\/product_cat?post=36353"},{"taxonomy":"product_tag","embeddable":true,"href":"https:\/\/librairie7l.com\/en\/wp-json\/wp\/v2\/product_tag?post=36353"}],"curies":[{"name":"wp","href":"https:\/\/api.w.org\/{rel}","templated":true}]}}