{"id":36357,"date":"2023-10-19T18:29:20","date_gmt":"2023-10-19T16:29:20","guid":{"rendered":"https:\/\/librairie7l.com\/?post_type=product&#038;p=36357"},"modified":"2026-04-30T04:12:31","modified_gmt":"2026-04-30T02:12:31","slug":"le-geant-la-licorne-et-la-tulipe-les-cabinets-de-curiosites-en-france-au-xvii","status":"publish","type":"product","link":"https:\/\/librairie7l.com\/en\/produit\/le-geant-la-licorne-et-la-tulipe-les-cabinets-de-curiosites-en-france-au-xvii\/","title":{"rendered":"LE G\u00c9ANT, LA LICORNE ET LA TULIPE ; LES CABINETS DE CURIOSIT\u00c9S EN FRANCE AU XVII SI\u00c8CLE"},"content":{"rendered":"<p>Cette passionnante \u00e9tude pr\u00e9sente un panorama de la curiosit\u00e9 encyclop\u00e9dique qui fonde la plupart des cabinets du XVIIe si\u00e8cle. Les cabinets de curiosit\u00e9s sont un r\u00e9sum\u00e9 du monde au moyen de ce qu&#8217;il offre de plus bizarre et de plus exotique. La prodigieuse h\u00e9t\u00e9rog\u00e9n\u00e9it\u00e9 des collections &#8211; Crocodiles du Nil c\u00f4toyant les petites m\u00e9dailles d&#8217;or ou d&#8217;argent de l&#8217;antiquit\u00e9, tulipes et hyacinthes discutant avec une t\u00eate de monstre et un cano\u00eb indien &#8211; n&#8217;est qu&#8217;une forme achev\u00e9e d&#8217;un trait essentiel de la curiosit\u00e9 europ\u00e9enne du si\u00e8cle des Lumi\u00e8res : son ouverture \u00e0 l&#8217;ensemble des ph\u00e9nom\u00e8nes visibles du monde, cr\u00e9\u00e9s par Dieu ou par l&#8217;homme.<br \/>\nAntoine Schnapper, en \u00e9tudiant le cas fran\u00e7ais, passe en revue les acteurs vari\u00e9s de cette Com\u00e9die de la curiosit\u00e9 et montre combien de vieilles l\u00e9gendes restent n\u00e9anmoins vivaces, ce qui expliquent l&#8217;attachement de ces collections pour des objets aussi \u00e9trange que la corne de licorne, la rose de J\u00e9richo ou les dents de g\u00e9ants. Le G\u00e9ant, la licorne et la tulipe est un livre essentiel sur l&#8217;\u00e9tude des cabinets de curiosit\u00e9s en France, qui compl\u00e8te Curieux du Grand Si\u00e8cle (Champs), ouvrage fondamental sur les collectionneurs au XVIIe si\u00e8cle.<\/p>\n","protected":false},"excerpt":{"rendered":"<p>Cette passionnante \u00e9tude pr\u00e9sente un panorama de la curiosit\u00e9 encyclop\u00e9dique qui fonde la plupart des cabinets du XVIIe si\u00e8cle. Les cabinets de curiosit\u00e9s sont un r\u00e9sum\u00e9 du monde au moyen de ce qu&#8217;il offre de plus bizarre et de plus exotique. La prodigieuse h\u00e9t\u00e9rog\u00e9n\u00e9it\u00e9 des collections &#8211; Crocodiles du Nil c\u00f4toyant les petites m\u00e9dailles d&#8217;or [&hellip;]<\/p>\n","protected":false},"featured_media":36355,"template":"","meta":[],"product_cat":[2948,2953],"product_tag":[],"acf":[],"yoast_head":"<!-- This site is optimized with the Yoast SEO plugin v20.11 - https:\/\/yoast.com\/wordpress\/plugins\/seo\/ -->\n<title>Le g\u00e9ant, la licorne et la tulipe ; les cabinets de curiosit\u00e9s en France au XVII si\u00e8cle - Librairie 7L<\/title>\n<meta name=\"robots\" content=\"index, follow, max-snippet:-1, max-image-preview:large, max-video-preview:-1\" \/>\n<link rel=\"canonical\" href=\"https:\/\/librairie7l.com\/en\/produit\/le-geant-la-licorne-et-la-tulipe-les-cabinets-de-curiosites-en-france-au-xvii\/\" \/>\n<meta property=\"og:locale\" content=\"en_US\" \/>\n<meta property=\"og:type\" content=\"article\" \/>\n<meta property=\"og:title\" content=\"Le g\u00e9ant, la licorne et la tulipe ; les cabinets de curiosit\u00e9s en France au XVII si\u00e8cle - Librairie 7L\" \/>\n<meta property=\"og:description\" content=\"Cette passionnante \u00e9tude pr\u00e9sente un panorama de la curiosit\u00e9 encyclop\u00e9dique qui fonde la plupart des cabinets du XVIIe si\u00e8cle. Les cabinets de curiosit\u00e9s sont un r\u00e9sum\u00e9 du monde au moyen de ce qu&#8217;il offre de plus bizarre et de plus exotique. La prodigieuse h\u00e9t\u00e9rog\u00e9n\u00e9it\u00e9 des collections &#8211; Crocodiles du Nil c\u00f4toyant les petites m\u00e9dailles d&#8217;or [&hellip;]\" \/>\n<meta property=\"og:url\" content=\"https:\/\/librairie7l.com\/en\/produit\/le-geant-la-licorne-et-la-tulipe-les-cabinets-de-curiosites-en-france-au-xvii\/\" \/>\n<meta property=\"og:site_name\" content=\"Librairie 7L\" \/>\n<meta property=\"article:modified_time\" content=\"2026-04-30T02:12:31+00:00\" \/>\n<meta property=\"og:image\" content=\"https:\/\/librairie7l.com\/wp-content\/uploads\/2012\/01\/9782081282636_1_75.jpg\" \/>\n\t<meta property=\"og:image:width\" content=\"600\" \/>\n\t<meta property=\"og:image:height\" content=\"986\" \/>\n\t<meta property=\"og:image:type\" content=\"image\/jpeg\" \/>\n<meta name=\"twitter:card\" content=\"summary_large_image\" \/>\n<meta name=\"twitter:label1\" content=\"Est. reading time\" \/>\n\t<meta name=\"twitter:data1\" content=\"1 minute\" \/>\n<script type=\"application\/ld+json\" class=\"yoast-schema-graph\">{\"@context\":\"https:\/\/schema.org\",\"@graph\":[{\"@type\":\"WebPage\",\"@id\":\"https:\/\/librairie7l.com\/en\/produit\/le-geant-la-licorne-et-la-tulipe-les-cabinets-de-curiosites-en-france-au-xvii\/\",\"url\":\"https:\/\/librairie7l.com\/en\/produit\/le-geant-la-licorne-et-la-tulipe-les-cabinets-de-curiosites-en-france-au-xvii\/\",\"name\":\"Le g\u00e9ant, la licorne et la tulipe ; les cabinets de curiosit\u00e9s en France au XVII si\u00e8cle - Librairie 7L\",\"isPartOf\":{\"@id\":\"https:\/\/librairie7l.com\/en\/#website\"},\"datePublished\":\"2023-10-19T16:29:20+00:00\",\"dateModified\":\"2026-04-30T02:12:31+00:00\",\"breadcrumb\":{\"@id\":\"https:\/\/librairie7l.com\/en\/produit\/le-geant-la-licorne-et-la-tulipe-les-cabinets-de-curiosites-en-france-au-xvii\/#breadcrumb\"},\"inLanguage\":\"en-US\",\"potentialAction\":[{\"@type\":\"ReadAction\",\"target\":[\"https:\/\/librairie7l.com\/en\/produit\/le-geant-la-licorne-et-la-tulipe-les-cabinets-de-curiosites-en-france-au-xvii\/\"]}]},{\"@type\":\"BreadcrumbList\",\"@id\":\"https:\/\/librairie7l.com\/en\/produit\/le-geant-la-licorne-et-la-tulipe-les-cabinets-de-curiosites-en-france-au-xvii\/#breadcrumb\",\"itemListElement\":[{\"@type\":\"ListItem\",\"position\":1,\"name\":\"Accueil\",\"item\":\"https:\/\/librairie7l.com\/en\/\"},{\"@type\":\"ListItem\",\"position\":2,\"name\":\"Shop\",\"item\":\"https:\/\/librairie7l.com\/en\/shop\/\"},{\"@type\":\"ListItem\",\"position\":3,\"name\":\"LE G\u00c9ANT, LA LICORNE ET LA TULIPE ; LES CABINETS DE CURIOSIT\u00c9S EN FRANCE AU XVII SI\u00c8CLE\"}]},{\"@type\":\"WebSite\",\"@id\":\"https:\/\/librairie7l.com\/en\/#website\",\"url\":\"https:\/\/librairie7l.com\/en\/\",\"name\":\"Librairie 7L\",\"description\":\"Librairie fond\u00e9e en 1999 par Karl Lagerfeld \u00e0 Paris\",\"publisher\":{\"@id\":\"https:\/\/librairie7l.com\/en\/#organization\"},\"potentialAction\":[{\"@type\":\"SearchAction\",\"target\":{\"@type\":\"EntryPoint\",\"urlTemplate\":\"https:\/\/librairie7l.com\/en\/?s={search_term_string}\"},\"query-input\":\"required name=search_term_string\"}],\"inLanguage\":\"en-US\"},{\"@type\":\"Organization\",\"@id\":\"https:\/\/librairie7l.com\/en\/#organization\",\"name\":\"Librairie 7L\",\"url\":\"https:\/\/librairie7l.com\/en\/\",\"logo\":{\"@type\":\"ImageObject\",\"inLanguage\":\"en-US\",\"@id\":\"https:\/\/librairie7l.com\/en\/#\/schema\/logo\/image\/\",\"url\":\"https:\/\/librairie7l.com\/wp-content\/uploads\/2022\/08\/logo-1.png\",\"contentUrl\":\"https:\/\/librairie7l.com\/wp-content\/uploads\/2022\/08\/logo-1.png\",\"width\":227,\"height\":301,\"caption\":\"Librairie 7L\"},\"image\":{\"@id\":\"https:\/\/librairie7l.com\/en\/#\/schema\/logo\/image\/\"}}]}<\/script>\n<!-- \/ Yoast SEO plugin. -->","yoast_head_json":{"title":"Le g\u00e9ant, la licorne et la tulipe ; les cabinets de curiosit\u00e9s en France au XVII si\u00e8cle - Librairie 7L","robots":{"index":"index","follow":"follow","max-snippet":"max-snippet:-1","max-image-preview":"max-image-preview:large","max-video-preview":"max-video-preview:-1"},"canonical":"https:\/\/librairie7l.com\/en\/produit\/le-geant-la-licorne-et-la-tulipe-les-cabinets-de-curiosites-en-france-au-xvii\/","og_locale":"en_US","og_type":"article","og_title":"Le g\u00e9ant, la licorne et la tulipe ; les cabinets de curiosit\u00e9s en France au XVII si\u00e8cle - Librairie 7L","og_description":"Cette passionnante \u00e9tude pr\u00e9sente un panorama de la curiosit\u00e9 encyclop\u00e9dique qui fonde la plupart des cabinets du XVIIe si\u00e8cle. Les cabinets de curiosit\u00e9s sont un r\u00e9sum\u00e9 du monde au moyen de ce qu&#8217;il offre de plus bizarre et de plus exotique. La prodigieuse h\u00e9t\u00e9rog\u00e9n\u00e9it\u00e9 des collections &#8211; Crocodiles du Nil c\u00f4toyant les petites m\u00e9dailles d&#8217;or [&hellip;]","og_url":"https:\/\/librairie7l.com\/en\/produit\/le-geant-la-licorne-et-la-tulipe-les-cabinets-de-curiosites-en-france-au-xvii\/","og_site_name":"Librairie 7L","article_modified_time":"2026-04-30T02:12:31+00:00","og_image":[{"width":600,"height":986,"url":"https:\/\/librairie7l.com\/wp-content\/uploads\/2012\/01\/9782081282636_1_75.jpg","type":"image\/jpeg"}],"twitter_card":"summary_large_image","twitter_misc":{"Est. reading time":"1 minute"},"schema":{"@context":"https:\/\/schema.org","@graph":[{"@type":"WebPage","@id":"https:\/\/librairie7l.com\/en\/produit\/le-geant-la-licorne-et-la-tulipe-les-cabinets-de-curiosites-en-france-au-xvii\/","url":"https:\/\/librairie7l.com\/en\/produit\/le-geant-la-licorne-et-la-tulipe-les-cabinets-de-curiosites-en-france-au-xvii\/","name":"Le g\u00e9ant, la licorne et la tulipe ; les cabinets de curiosit\u00e9s en France au XVII si\u00e8cle - Librairie 7L","isPartOf":{"@id":"https:\/\/librairie7l.com\/en\/#website"},"datePublished":"2023-10-19T16:29:20+00:00","dateModified":"2026-04-30T02:12:31+00:00","breadcrumb":{"@id":"https:\/\/librairie7l.com\/en\/produit\/le-geant-la-licorne-et-la-tulipe-les-cabinets-de-curiosites-en-france-au-xvii\/#breadcrumb"},"inLanguage":"en-US","potentialAction":[{"@type":"ReadAction","target":["https:\/\/librairie7l.com\/en\/produit\/le-geant-la-licorne-et-la-tulipe-les-cabinets-de-curiosites-en-france-au-xvii\/"]}]},{"@type":"BreadcrumbList","@id":"https:\/\/librairie7l.com\/en\/produit\/le-geant-la-licorne-et-la-tulipe-les-cabinets-de-curiosites-en-france-au-xvii\/#breadcrumb","itemListElement":[{"@type":"ListItem","position":1,"name":"Accueil","item":"https:\/\/librairie7l.com\/en\/"},{"@type":"ListItem","position":2,"name":"Shop","item":"https:\/\/librairie7l.com\/en\/shop\/"},{"@type":"ListItem","position":3,"name":"LE G\u00c9ANT, LA LICORNE ET LA TULIPE ; LES CABINETS DE CURIOSIT\u00c9S EN FRANCE AU XVII SI\u00c8CLE"}]},{"@type":"WebSite","@id":"https:\/\/librairie7l.com\/en\/#website","url":"https:\/\/librairie7l.com\/en\/","name":"Librairie 7L","description":"Librairie fond\u00e9e en 1999 par Karl Lagerfeld \u00e0 Paris","publisher":{"@id":"https:\/\/librairie7l.com\/en\/#organization"},"potentialAction":[{"@type":"SearchAction","target":{"@type":"EntryPoint","urlTemplate":"https:\/\/librairie7l.com\/en\/?s={search_term_string}"},"query-input":"required name=search_term_string"}],"inLanguage":"en-US"},{"@type":"Organization","@id":"https:\/\/librairie7l.com\/en\/#organization","name":"Librairie 7L","url":"https:\/\/librairie7l.com\/en\/","logo":{"@type":"ImageObject","inLanguage":"en-US","@id":"https:\/\/librairie7l.com\/en\/#\/schema\/logo\/image\/","url":"https:\/\/librairie7l.com\/wp-content\/uploads\/2022\/08\/logo-1.png","contentUrl":"https:\/\/librairie7l.com\/wp-content\/uploads\/2022\/08\/logo-1.png","width":227,"height":301,"caption":"Librairie 7L"},"image":{"@id":"https:\/\/librairie7l.com\/en\/#\/schema\/logo\/image\/"}}]}},"_links":{"self":[{"href":"https:\/\/librairie7l.com\/en\/wp-json\/wp\/v2\/product\/36357"}],"collection":[{"href":"https:\/\/librairie7l.com\/en\/wp-json\/wp\/v2\/product"}],"about":[{"href":"https:\/\/librairie7l.com\/en\/wp-json\/wp\/v2\/types\/product"}],"wp:featuredmedia":[{"embeddable":true,"href":"https:\/\/librairie7l.com\/en\/wp-json\/wp\/v2\/media\/36355"}],"wp:attachment":[{"href":"https:\/\/librairie7l.com\/en\/wp-json\/wp\/v2\/media?parent=36357"}],"wp:term":[{"taxonomy":"product_cat","embeddable":true,"href":"https:\/\/librairie7l.com\/en\/wp-json\/wp\/v2\/product_cat?post=36357"},{"taxonomy":"product_tag","embeddable":true,"href":"https:\/\/librairie7l.com\/en\/wp-json\/wp\/v2\/product_tag?post=36357"}],"curies":[{"name":"wp","href":"https:\/\/api.w.org\/{rel}","templated":true}]}}