{"id":36361,"date":"2023-10-19T18:33:31","date_gmt":"2023-10-19T16:33:31","guid":{"rendered":"https:\/\/librairie7l.com\/?post_type=product&#038;p=36361"},"modified":"2026-04-05T10:20:48","modified_gmt":"2026-04-05T08:20:48","slug":"jacques-germain","status":"publish","type":"product","link":"https:\/\/librairie7l.com\/en\/produit\/jacques-germain\/","title":{"rendered":"JACQUES GERMAIN"},"content":{"rendered":"<p>Premi\u00e8re monographie de Jacques Germain (1915- 2001), qui a suivi l&#8217;enseignement de Fernand L\u00e9ger et Am\u00e9d\u00e9e Ozenfant \u00e0 l&#8217;Acad\u00e9mie moderne qu&#8217;il rejoint sur les conseils de Blaise Cendrars.<br \/>\nUnique artiste fran\u00e7ais \u00e0 avoir suivi l&#8217;enseignement du Bauhaus, aupr\u00e8s de Kandinsky, Albers et Baumeister. De retour en France apr\u00e8s la guerre, il prend part \u00e0 l&#8217;aventure de l&#8217;\u00c9cole de Paris. D\u00e9fendu par la galerie Pierre, il participe \u00e0 l&#8217;exposition \u00ab White &amp; Black \u00bb qui fait date, organis\u00e9e par Georges Mathieu. Son oeuvre abstraite tente de transmettre le mouvement, le cycle de la vie et des \u00e9l\u00e9ments, et de la lumi\u00e8re par la seule mati\u00e8re. Un oeuvre exigeant con\u00e7u dans la solitude et la proximit\u00e9 des po\u00e8tes comme Blaise Cendrars et Antonin Artaud.<br \/>\nN\u00e9 en 1915, Jacques Germain s&#8217;inscrit dans l&#8217;abstraction de la Seconde ou Nouvelle \u00c9cole de Paris qui \u00e9clot apr\u00e8s la Seconde Guerre mondiale. Il commence la peinture \u00e0 l&#8217;Acad\u00e9mie moderne de Fernand L\u00e9ger et Am\u00e9d\u00e9e Ozenfant sur les conseils de Blaise Cendrars et y r\u00e9alise ses premi\u00e8res oeuvres abstraites. Sur les conseils de L\u00e9ger, il se rend en Allemagne en 1931 pour suivre l&#8217;enseignement du Bauhaus et y suit principalement les cours de Josef Albers et de Kandinsky. Puis \u00e0 Francfort, il est l&#8217;\u00e9l\u00e8ve de Baumeister.<br \/>\nDe retour en France en 1936, il est fait prisonnier pendant la guerre et ne recommence la peinture qu&#8217;\u00e0 la ??n du con??it. Il abandonne le constructivisme pour entrer pleinement dans la peinture non ??gurative. D\u00e8s 1947, il prend part aux manifestations de l&#8217;\u00c9cole de Paris. D\u00e9fendu par les \u00e9minents critiques de l&#8217;\u00e9poque, il rejoint la prestigieuse galerie Pierre en 1953. Par son \u00e9pouse, il fait la connaissance en 1946 d&#8217;Antonin Artaud, avec qui il se lie d&#8217;amiti\u00e9. Peintre de la mati\u00e8re et du geste, Germain veut t\u00e9moigner de l&#8217;espace \u00e0 travers la peinture seule et la plan\u00e9it\u00e9 de la toile.<\/p>\n","protected":false},"excerpt":{"rendered":"<p>Premi\u00e8re monographie de Jacques Germain (1915- 2001), qui a suivi l&#8217;enseignement de Fernand L\u00e9ger et Am\u00e9d\u00e9e Ozenfant \u00e0 l&#8217;Acad\u00e9mie moderne qu&#8217;il rejoint sur les conseils de Blaise Cendrars. Unique artiste fran\u00e7ais \u00e0 avoir suivi l&#8217;enseignement du Bauhaus, aupr\u00e8s de Kandinsky, Albers et Baumeister. De retour en France apr\u00e8s la guerre, il prend part \u00e0 l&#8217;aventure [&hellip;]<\/p>\n","protected":false},"featured_media":0,"template":"","meta":[],"product_cat":[2948,2953],"product_tag":[],"acf":[],"yoast_head":"<!-- This site is optimized with the Yoast SEO plugin v20.11 - https:\/\/yoast.com\/wordpress\/plugins\/seo\/ -->\n<title>Jacques Germain - Librairie 7L<\/title>\n<meta name=\"robots\" content=\"index, follow, max-snippet:-1, max-image-preview:large, max-video-preview:-1\" \/>\n<link rel=\"canonical\" href=\"https:\/\/librairie7l.com\/en\/produit\/jacques-germain\/\" \/>\n<meta property=\"og:locale\" content=\"en_US\" \/>\n<meta property=\"og:type\" content=\"article\" \/>\n<meta property=\"og:title\" content=\"Jacques Germain - Librairie 7L\" \/>\n<meta property=\"og:description\" content=\"Premi\u00e8re monographie de Jacques Germain (1915- 2001), qui a suivi l&#8217;enseignement de Fernand L\u00e9ger et Am\u00e9d\u00e9e Ozenfant \u00e0 l&#8217;Acad\u00e9mie moderne qu&#8217;il rejoint sur les conseils de Blaise Cendrars. Unique artiste fran\u00e7ais \u00e0 avoir suivi l&#8217;enseignement du Bauhaus, aupr\u00e8s de Kandinsky, Albers et Baumeister. De retour en France apr\u00e8s la guerre, il prend part \u00e0 l&#8217;aventure [&hellip;]\" \/>\n<meta property=\"og:url\" content=\"https:\/\/librairie7l.com\/en\/produit\/jacques-germain\/\" \/>\n<meta property=\"og:site_name\" content=\"Librairie 7L\" \/>\n<meta property=\"article:modified_time\" content=\"2026-04-05T08:20:48+00:00\" \/>\n<meta name=\"twitter:card\" content=\"summary_large_image\" \/>\n<meta name=\"twitter:label1\" content=\"Est. reading time\" \/>\n\t<meta name=\"twitter:data1\" content=\"2 minutes\" \/>\n<script type=\"application\/ld+json\" class=\"yoast-schema-graph\">{\"@context\":\"https:\/\/schema.org\",\"@graph\":[{\"@type\":\"WebPage\",\"@id\":\"https:\/\/librairie7l.com\/en\/produit\/jacques-germain\/\",\"url\":\"https:\/\/librairie7l.com\/en\/produit\/jacques-germain\/\",\"name\":\"Jacques Germain - Librairie 7L\",\"isPartOf\":{\"@id\":\"https:\/\/librairie7l.com\/en\/#website\"},\"datePublished\":\"2023-10-19T16:33:31+00:00\",\"dateModified\":\"2026-04-05T08:20:48+00:00\",\"breadcrumb\":{\"@id\":\"https:\/\/librairie7l.com\/en\/produit\/jacques-germain\/#breadcrumb\"},\"inLanguage\":\"en-US\",\"potentialAction\":[{\"@type\":\"ReadAction\",\"target\":[\"https:\/\/librairie7l.com\/en\/produit\/jacques-germain\/\"]}]},{\"@type\":\"BreadcrumbList\",\"@id\":\"https:\/\/librairie7l.com\/en\/produit\/jacques-germain\/#breadcrumb\",\"itemListElement\":[{\"@type\":\"ListItem\",\"position\":1,\"name\":\"Accueil\",\"item\":\"https:\/\/librairie7l.com\/en\/\"},{\"@type\":\"ListItem\",\"position\":2,\"name\":\"Shop\",\"item\":\"https:\/\/librairie7l.com\/en\/shop\/\"},{\"@type\":\"ListItem\",\"position\":3,\"name\":\"JACQUES GERMAIN\"}]},{\"@type\":\"WebSite\",\"@id\":\"https:\/\/librairie7l.com\/en\/#website\",\"url\":\"https:\/\/librairie7l.com\/en\/\",\"name\":\"Librairie 7L\",\"description\":\"Librairie fond\u00e9e en 1999 par Karl Lagerfeld \u00e0 Paris\",\"publisher\":{\"@id\":\"https:\/\/librairie7l.com\/en\/#organization\"},\"potentialAction\":[{\"@type\":\"SearchAction\",\"target\":{\"@type\":\"EntryPoint\",\"urlTemplate\":\"https:\/\/librairie7l.com\/en\/?s={search_term_string}\"},\"query-input\":\"required name=search_term_string\"}],\"inLanguage\":\"en-US\"},{\"@type\":\"Organization\",\"@id\":\"https:\/\/librairie7l.com\/en\/#organization\",\"name\":\"Librairie 7L\",\"url\":\"https:\/\/librairie7l.com\/en\/\",\"logo\":{\"@type\":\"ImageObject\",\"inLanguage\":\"en-US\",\"@id\":\"https:\/\/librairie7l.com\/en\/#\/schema\/logo\/image\/\",\"url\":\"https:\/\/librairie7l.com\/wp-content\/uploads\/2022\/08\/logo-1.png\",\"contentUrl\":\"https:\/\/librairie7l.com\/wp-content\/uploads\/2022\/08\/logo-1.png\",\"width\":227,\"height\":301,\"caption\":\"Librairie 7L\"},\"image\":{\"@id\":\"https:\/\/librairie7l.com\/en\/#\/schema\/logo\/image\/\"}}]}<\/script>\n<!-- \/ Yoast SEO plugin. -->","yoast_head_json":{"title":"Jacques Germain - Librairie 7L","robots":{"index":"index","follow":"follow","max-snippet":"max-snippet:-1","max-image-preview":"max-image-preview:large","max-video-preview":"max-video-preview:-1"},"canonical":"https:\/\/librairie7l.com\/en\/produit\/jacques-germain\/","og_locale":"en_US","og_type":"article","og_title":"Jacques Germain - Librairie 7L","og_description":"Premi\u00e8re monographie de Jacques Germain (1915- 2001), qui a suivi l&#8217;enseignement de Fernand L\u00e9ger et Am\u00e9d\u00e9e Ozenfant \u00e0 l&#8217;Acad\u00e9mie moderne qu&#8217;il rejoint sur les conseils de Blaise Cendrars. Unique artiste fran\u00e7ais \u00e0 avoir suivi l&#8217;enseignement du Bauhaus, aupr\u00e8s de Kandinsky, Albers et Baumeister. De retour en France apr\u00e8s la guerre, il prend part \u00e0 l&#8217;aventure [&hellip;]","og_url":"https:\/\/librairie7l.com\/en\/produit\/jacques-germain\/","og_site_name":"Librairie 7L","article_modified_time":"2026-04-05T08:20:48+00:00","twitter_card":"summary_large_image","twitter_misc":{"Est. reading time":"2 minutes"},"schema":{"@context":"https:\/\/schema.org","@graph":[{"@type":"WebPage","@id":"https:\/\/librairie7l.com\/en\/produit\/jacques-germain\/","url":"https:\/\/librairie7l.com\/en\/produit\/jacques-germain\/","name":"Jacques Germain - Librairie 7L","isPartOf":{"@id":"https:\/\/librairie7l.com\/en\/#website"},"datePublished":"2023-10-19T16:33:31+00:00","dateModified":"2026-04-05T08:20:48+00:00","breadcrumb":{"@id":"https:\/\/librairie7l.com\/en\/produit\/jacques-germain\/#breadcrumb"},"inLanguage":"en-US","potentialAction":[{"@type":"ReadAction","target":["https:\/\/librairie7l.com\/en\/produit\/jacques-germain\/"]}]},{"@type":"BreadcrumbList","@id":"https:\/\/librairie7l.com\/en\/produit\/jacques-germain\/#breadcrumb","itemListElement":[{"@type":"ListItem","position":1,"name":"Accueil","item":"https:\/\/librairie7l.com\/en\/"},{"@type":"ListItem","position":2,"name":"Shop","item":"https:\/\/librairie7l.com\/en\/shop\/"},{"@type":"ListItem","position":3,"name":"JACQUES GERMAIN"}]},{"@type":"WebSite","@id":"https:\/\/librairie7l.com\/en\/#website","url":"https:\/\/librairie7l.com\/en\/","name":"Librairie 7L","description":"Librairie fond\u00e9e en 1999 par Karl Lagerfeld \u00e0 Paris","publisher":{"@id":"https:\/\/librairie7l.com\/en\/#organization"},"potentialAction":[{"@type":"SearchAction","target":{"@type":"EntryPoint","urlTemplate":"https:\/\/librairie7l.com\/en\/?s={search_term_string}"},"query-input":"required name=search_term_string"}],"inLanguage":"en-US"},{"@type":"Organization","@id":"https:\/\/librairie7l.com\/en\/#organization","name":"Librairie 7L","url":"https:\/\/librairie7l.com\/en\/","logo":{"@type":"ImageObject","inLanguage":"en-US","@id":"https:\/\/librairie7l.com\/en\/#\/schema\/logo\/image\/","url":"https:\/\/librairie7l.com\/wp-content\/uploads\/2022\/08\/logo-1.png","contentUrl":"https:\/\/librairie7l.com\/wp-content\/uploads\/2022\/08\/logo-1.png","width":227,"height":301,"caption":"Librairie 7L"},"image":{"@id":"https:\/\/librairie7l.com\/en\/#\/schema\/logo\/image\/"}}]}},"_links":{"self":[{"href":"https:\/\/librairie7l.com\/en\/wp-json\/wp\/v2\/product\/36361"}],"collection":[{"href":"https:\/\/librairie7l.com\/en\/wp-json\/wp\/v2\/product"}],"about":[{"href":"https:\/\/librairie7l.com\/en\/wp-json\/wp\/v2\/types\/product"}],"wp:attachment":[{"href":"https:\/\/librairie7l.com\/en\/wp-json\/wp\/v2\/media?parent=36361"}],"wp:term":[{"taxonomy":"product_cat","embeddable":true,"href":"https:\/\/librairie7l.com\/en\/wp-json\/wp\/v2\/product_cat?post=36361"},{"taxonomy":"product_tag","embeddable":true,"href":"https:\/\/librairie7l.com\/en\/wp-json\/wp\/v2\/product_tag?post=36361"}],"curies":[{"name":"wp","href":"https:\/\/api.w.org\/{rel}","templated":true}]}}