{"id":36402,"date":"2023-10-20T09:16:23","date_gmt":"2023-10-20T07:16:23","guid":{"rendered":"https:\/\/librairie7l.com\/?post_type=product&#038;p=36402"},"modified":"2026-04-05T20:30:08","modified_gmt":"2026-04-05T18:30:08","slug":"paris-pop-culture","status":"publish","type":"product","link":"https:\/\/librairie7l.com\/en\/produit\/paris-pop-culture\/","title":{"rendered":"PARIS POP CULTURE"},"content":{"rendered":"<p>Arts, musique, th\u00e9\u00e2tre, cin\u00e9ma, BD, t\u00e9l\u00e9, happenings&#8230;<br \/>\nVivant, inattendu, souvent festif, le Paris de la pop culture vient de la rue et lui parle. Il y eut ainsi un million de spectateurs pour le bicentenaire de la R\u00e9volution et plusieurs centaines de milliers au m\u00e9ga-concert de Johnny Hallyday devant la tour Eiffel. Les Parisiens se d\u00e9plac\u00e8rent aussi en foule pour d\u00e9couvrir le Pont-Neuf emball\u00e9 par Christo, assister \u00e0 la moisson d&#8217;un champ de bl\u00e9 au pied de l&#8217;Arc de Triomphe ou c\u00e9l\u00e9brer les Bleus champions du monde sur les Champs-\u00c9lys\u00e9es.<\/p>\n<p>De happenings bien perch\u00e9s en exploits insolites, de tournages rocambolesques en premi\u00e8res \u00e0 grand spectacle&#8230; la chronique pop de la capitale nous en fait voir de toutes les couleurs !<\/p>\n","protected":false},"excerpt":{"rendered":"<p>Arts, musique, th\u00e9\u00e2tre, cin\u00e9ma, BD, t\u00e9l\u00e9, happenings&#8230; Vivant, inattendu, souvent festif, le Paris de la pop culture vient de la rue et lui parle. Il y eut ainsi un million de spectateurs pour le bicentenaire de la R\u00e9volution et plusieurs centaines de milliers au m\u00e9ga-concert de Johnny Hallyday devant la tour Eiffel. Les Parisiens se [&hellip;]<\/p>\n","protected":false},"featured_media":36400,"template":"","meta":[],"product_cat":[2948,2953],"product_tag":[],"acf":[],"yoast_head":"<!-- This site is optimized with the Yoast SEO plugin v20.11 - https:\/\/yoast.com\/wordpress\/plugins\/seo\/ -->\n<title>Paris pop culture - Librairie 7L<\/title>\n<meta name=\"robots\" content=\"index, follow, max-snippet:-1, max-image-preview:large, max-video-preview:-1\" \/>\n<link rel=\"canonical\" href=\"https:\/\/librairie7l.com\/en\/produit\/paris-pop-culture\/\" \/>\n<meta property=\"og:locale\" content=\"en_US\" \/>\n<meta property=\"og:type\" content=\"article\" \/>\n<meta property=\"og:title\" content=\"Paris pop culture - Librairie 7L\" \/>\n<meta property=\"og:description\" content=\"Arts, musique, th\u00e9\u00e2tre, cin\u00e9ma, BD, t\u00e9l\u00e9, happenings&#8230; Vivant, inattendu, souvent festif, le Paris de la pop culture vient de la rue et lui parle. Il y eut ainsi un million de spectateurs pour le bicentenaire de la R\u00e9volution et plusieurs centaines de milliers au m\u00e9ga-concert de Johnny Hallyday devant la tour Eiffel. Les Parisiens se [&hellip;]\" \/>\n<meta property=\"og:url\" content=\"https:\/\/librairie7l.com\/en\/produit\/paris-pop-culture\/\" \/>\n<meta property=\"og:site_name\" content=\"Librairie 7L\" \/>\n<meta property=\"article:modified_time\" content=\"2026-04-05T18:30:08+00:00\" \/>\n<meta property=\"og:image\" content=\"https:\/\/librairie7l.com\/wp-content\/uploads\/2023\/06\/9782373952193_1_75.jpg\" \/>\n\t<meta property=\"og:image:width\" content=\"400\" \/>\n\t<meta property=\"og:image:height\" content=\"494\" \/>\n\t<meta property=\"og:image:type\" content=\"image\/jpeg\" \/>\n<meta name=\"twitter:card\" content=\"summary_large_image\" \/>\n<meta name=\"twitter:label1\" content=\"Est. reading time\" \/>\n\t<meta name=\"twitter:data1\" content=\"1 minute\" \/>\n<script type=\"application\/ld+json\" class=\"yoast-schema-graph\">{\"@context\":\"https:\/\/schema.org\",\"@graph\":[{\"@type\":\"WebPage\",\"@id\":\"https:\/\/librairie7l.com\/en\/produit\/paris-pop-culture\/\",\"url\":\"https:\/\/librairie7l.com\/en\/produit\/paris-pop-culture\/\",\"name\":\"Paris pop culture - Librairie 7L\",\"isPartOf\":{\"@id\":\"https:\/\/librairie7l.com\/en\/#website\"},\"datePublished\":\"2023-10-20T07:16:23+00:00\",\"dateModified\":\"2026-04-05T18:30:08+00:00\",\"breadcrumb\":{\"@id\":\"https:\/\/librairie7l.com\/en\/produit\/paris-pop-culture\/#breadcrumb\"},\"inLanguage\":\"en-US\",\"potentialAction\":[{\"@type\":\"ReadAction\",\"target\":[\"https:\/\/librairie7l.com\/en\/produit\/paris-pop-culture\/\"]}]},{\"@type\":\"BreadcrumbList\",\"@id\":\"https:\/\/librairie7l.com\/en\/produit\/paris-pop-culture\/#breadcrumb\",\"itemListElement\":[{\"@type\":\"ListItem\",\"position\":1,\"name\":\"Accueil\",\"item\":\"https:\/\/librairie7l.com\/en\/\"},{\"@type\":\"ListItem\",\"position\":2,\"name\":\"Shop\",\"item\":\"https:\/\/librairie7l.com\/en\/shop\/\"},{\"@type\":\"ListItem\",\"position\":3,\"name\":\"PARIS POP CULTURE\"}]},{\"@type\":\"WebSite\",\"@id\":\"https:\/\/librairie7l.com\/en\/#website\",\"url\":\"https:\/\/librairie7l.com\/en\/\",\"name\":\"Librairie 7L\",\"description\":\"Librairie fond\u00e9e en 1999 par Karl Lagerfeld \u00e0 Paris\",\"publisher\":{\"@id\":\"https:\/\/librairie7l.com\/en\/#organization\"},\"potentialAction\":[{\"@type\":\"SearchAction\",\"target\":{\"@type\":\"EntryPoint\",\"urlTemplate\":\"https:\/\/librairie7l.com\/en\/?s={search_term_string}\"},\"query-input\":\"required name=search_term_string\"}],\"inLanguage\":\"en-US\"},{\"@type\":\"Organization\",\"@id\":\"https:\/\/librairie7l.com\/en\/#organization\",\"name\":\"Librairie 7L\",\"url\":\"https:\/\/librairie7l.com\/en\/\",\"logo\":{\"@type\":\"ImageObject\",\"inLanguage\":\"en-US\",\"@id\":\"https:\/\/librairie7l.com\/en\/#\/schema\/logo\/image\/\",\"url\":\"https:\/\/librairie7l.com\/wp-content\/uploads\/2022\/08\/logo-1.png\",\"contentUrl\":\"https:\/\/librairie7l.com\/wp-content\/uploads\/2022\/08\/logo-1.png\",\"width\":227,\"height\":301,\"caption\":\"Librairie 7L\"},\"image\":{\"@id\":\"https:\/\/librairie7l.com\/en\/#\/schema\/logo\/image\/\"}}]}<\/script>\n<!-- \/ Yoast SEO plugin. -->","yoast_head_json":{"title":"Paris pop culture - Librairie 7L","robots":{"index":"index","follow":"follow","max-snippet":"max-snippet:-1","max-image-preview":"max-image-preview:large","max-video-preview":"max-video-preview:-1"},"canonical":"https:\/\/librairie7l.com\/en\/produit\/paris-pop-culture\/","og_locale":"en_US","og_type":"article","og_title":"Paris pop culture - Librairie 7L","og_description":"Arts, musique, th\u00e9\u00e2tre, cin\u00e9ma, BD, t\u00e9l\u00e9, happenings&#8230; Vivant, inattendu, souvent festif, le Paris de la pop culture vient de la rue et lui parle. Il y eut ainsi un million de spectateurs pour le bicentenaire de la R\u00e9volution et plusieurs centaines de milliers au m\u00e9ga-concert de Johnny Hallyday devant la tour Eiffel. Les Parisiens se [&hellip;]","og_url":"https:\/\/librairie7l.com\/en\/produit\/paris-pop-culture\/","og_site_name":"Librairie 7L","article_modified_time":"2026-04-05T18:30:08+00:00","og_image":[{"width":400,"height":494,"url":"https:\/\/librairie7l.com\/wp-content\/uploads\/2023\/06\/9782373952193_1_75.jpg","type":"image\/jpeg"}],"twitter_card":"summary_large_image","twitter_misc":{"Est. reading time":"1 minute"},"schema":{"@context":"https:\/\/schema.org","@graph":[{"@type":"WebPage","@id":"https:\/\/librairie7l.com\/en\/produit\/paris-pop-culture\/","url":"https:\/\/librairie7l.com\/en\/produit\/paris-pop-culture\/","name":"Paris pop culture - Librairie 7L","isPartOf":{"@id":"https:\/\/librairie7l.com\/en\/#website"},"datePublished":"2023-10-20T07:16:23+00:00","dateModified":"2026-04-05T18:30:08+00:00","breadcrumb":{"@id":"https:\/\/librairie7l.com\/en\/produit\/paris-pop-culture\/#breadcrumb"},"inLanguage":"en-US","potentialAction":[{"@type":"ReadAction","target":["https:\/\/librairie7l.com\/en\/produit\/paris-pop-culture\/"]}]},{"@type":"BreadcrumbList","@id":"https:\/\/librairie7l.com\/en\/produit\/paris-pop-culture\/#breadcrumb","itemListElement":[{"@type":"ListItem","position":1,"name":"Accueil","item":"https:\/\/librairie7l.com\/en\/"},{"@type":"ListItem","position":2,"name":"Shop","item":"https:\/\/librairie7l.com\/en\/shop\/"},{"@type":"ListItem","position":3,"name":"PARIS POP CULTURE"}]},{"@type":"WebSite","@id":"https:\/\/librairie7l.com\/en\/#website","url":"https:\/\/librairie7l.com\/en\/","name":"Librairie 7L","description":"Librairie fond\u00e9e en 1999 par Karl Lagerfeld \u00e0 Paris","publisher":{"@id":"https:\/\/librairie7l.com\/en\/#organization"},"potentialAction":[{"@type":"SearchAction","target":{"@type":"EntryPoint","urlTemplate":"https:\/\/librairie7l.com\/en\/?s={search_term_string}"},"query-input":"required name=search_term_string"}],"inLanguage":"en-US"},{"@type":"Organization","@id":"https:\/\/librairie7l.com\/en\/#organization","name":"Librairie 7L","url":"https:\/\/librairie7l.com\/en\/","logo":{"@type":"ImageObject","inLanguage":"en-US","@id":"https:\/\/librairie7l.com\/en\/#\/schema\/logo\/image\/","url":"https:\/\/librairie7l.com\/wp-content\/uploads\/2022\/08\/logo-1.png","contentUrl":"https:\/\/librairie7l.com\/wp-content\/uploads\/2022\/08\/logo-1.png","width":227,"height":301,"caption":"Librairie 7L"},"image":{"@id":"https:\/\/librairie7l.com\/en\/#\/schema\/logo\/image\/"}}]}},"_links":{"self":[{"href":"https:\/\/librairie7l.com\/en\/wp-json\/wp\/v2\/product\/36402"}],"collection":[{"href":"https:\/\/librairie7l.com\/en\/wp-json\/wp\/v2\/product"}],"about":[{"href":"https:\/\/librairie7l.com\/en\/wp-json\/wp\/v2\/types\/product"}],"wp:featuredmedia":[{"embeddable":true,"href":"https:\/\/librairie7l.com\/en\/wp-json\/wp\/v2\/media\/36400"}],"wp:attachment":[{"href":"https:\/\/librairie7l.com\/en\/wp-json\/wp\/v2\/media?parent=36402"}],"wp:term":[{"taxonomy":"product_cat","embeddable":true,"href":"https:\/\/librairie7l.com\/en\/wp-json\/wp\/v2\/product_cat?post=36402"},{"taxonomy":"product_tag","embeddable":true,"href":"https:\/\/librairie7l.com\/en\/wp-json\/wp\/v2\/product_tag?post=36402"}],"curies":[{"name":"wp","href":"https:\/\/api.w.org\/{rel}","templated":true}]}}