{"id":36673,"date":"2023-10-20T11:36:34","date_gmt":"2023-10-20T09:36:34","guid":{"rendered":"https:\/\/librairie7l.com\/?post_type=product&#038;p=36673"},"modified":"2026-04-23T21:48:09","modified_gmt":"2026-04-23T19:48:09","slug":"ceramics","status":"publish","type":"product","link":"https:\/\/librairie7l.com\/en\/produit\/ceramics\/","title":{"rendered":"CERAMICS"},"content":{"rendered":"<p>Avec des photographies r\u00e9alis\u00e9es par le musicien et photographe Lary 7, ce catalogue en \u00e9dition limit\u00e9e documente la s\u00e9rie de c\u00e9ramiques de Tori Kudo pr\u00e9sent\u00e9e dans la galerie de Blank Forms \u00e0 Brooklyn en 2021, la premi\u00e8re exposition de l&#8217;artiste aux \u00c9tats-Unis. L&#8217;ouvrage pr\u00e9sente trente photographies en couleur des poteries, accompagn\u00e9es des commentaires de Kudo sur leurs formes et leurs fonctions.<br \/>\nSelon Tori Kudo, la c\u00e9ramique est une \u00ab op\u00e9ration hasardeuse \u00e0 moiti\u00e9 garantie \u00bb. Kudo, qui s&#8217;est d\u00e9crit un jour comme le \u00ab roi de l&#8217;erreur \u00bb, consid\u00e8re que le renoncement \u00e0 toute attente \u00e0 l&#8217;\u00e9gard de son travail est \u00e0 la base de sa production artistique. Au cours des cinq derni\u00e8res d\u00e9cennies, il a renonc\u00e9 \u00e0 toute pr\u00e9tention de contr\u00f4le dans sa musique hautement improvis\u00e9e, en rassemblant des groupes h\u00e9t\u00e9roclites de musiciens sans formation pour former son ensemble Maher Shalal Hash Baz, en jouant dans une s\u00e9rie de groupes psych-punk et noise dans les ann\u00e9es 1970 et 80, et, selon ses dires, en empruntant des instruments pour ses concerts \u00e0 quiconque se trouve \u00e0 proximit\u00e9 de la salle de concert. \u00c0 bien des \u00e9gards, les improvisations de Kudo sont un chaos contr\u00f4l\u00e9, et ce modus operandi d\u00e9coule certainement de ses racines anarchistes radicales. Mais c&#8217;est dans ce chaos que Kudo trouve la forme, \u00e0 la fois dans son son et dans ses c\u00e9ramiques.<br \/>\nKudo a grandi dans l&#8217;atelier de c\u00e9ramique de son p\u00e8re, un peintre d&#8217;art informel devenu artisan qui pratiquait la technique du Tobe-yaki. La c\u00e9ramique de Tobe est produite dans la pr\u00e9fecture d&#8217;Ehime, la ville natale de Kudo, depuis la fin du XVIIIe si\u00e8cle et est connue pour ses motifs indigo distinctifs r\u00e9alis\u00e9s sur une porcelaine d&#8217;un blanc \u00e9clatant. Dans les mains de Kudo, cette tradition est honor\u00e9e, d\u00e9form\u00e9e et \u00e9largie. Ses formes libres et ludiques sont d\u00e9cor\u00e9es de coups de pinceau et de motifs organiques. Lorsqu&#8217;on lui demande si, dans son style exp\u00e9rimental, il consid\u00e8re toujours sa pratique comme faisant partie de la tradition Tobe-yaki, Kudo r\u00e9pond : \u00ab J&#8217;ose dire que je suis Tobe-yaki \u00bb.<\/p>\n","protected":false},"excerpt":{"rendered":"<p>Avec des photographies r\u00e9alis\u00e9es par le musicien et photographe Lary 7, ce catalogue en \u00e9dition limit\u00e9e documente la s\u00e9rie de c\u00e9ramiques de Tori Kudo pr\u00e9sent\u00e9e dans la galerie de Blank Forms \u00e0 Brooklyn en 2021, la premi\u00e8re exposition de l&#8217;artiste aux \u00c9tats-Unis. L&#8217;ouvrage pr\u00e9sente trente photographies en couleur des poteries, accompagn\u00e9es des commentaires de Kudo [&hellip;]<\/p>\n","protected":false},"featured_media":36671,"template":"","meta":[],"product_cat":[55,2948,18,2952],"product_tag":[],"acf":[],"yoast_head":"<!-- This site is optimized with the Yoast SEO plugin v20.11 - https:\/\/yoast.com\/wordpress\/plugins\/seo\/ -->\n<title>Ceramics - Librairie 7L<\/title>\n<meta name=\"robots\" content=\"index, follow, max-snippet:-1, max-image-preview:large, max-video-preview:-1\" \/>\n<link rel=\"canonical\" href=\"https:\/\/librairie7l.com\/en\/produit\/ceramics\/\" \/>\n<meta property=\"og:locale\" content=\"en_US\" \/>\n<meta property=\"og:type\" content=\"article\" \/>\n<meta property=\"og:title\" content=\"Ceramics - Librairie 7L\" \/>\n<meta property=\"og:description\" content=\"Avec des photographies r\u00e9alis\u00e9es par le musicien et photographe Lary 7, ce catalogue en \u00e9dition limit\u00e9e documente la s\u00e9rie de c\u00e9ramiques de Tori Kudo pr\u00e9sent\u00e9e dans la galerie de Blank Forms \u00e0 Brooklyn en 2021, la premi\u00e8re exposition de l&#8217;artiste aux \u00c9tats-Unis. L&#8217;ouvrage pr\u00e9sente trente photographies en couleur des poteries, accompagn\u00e9es des commentaires de Kudo [&hellip;]\" \/>\n<meta property=\"og:url\" content=\"https:\/\/librairie7l.com\/en\/produit\/ceramics\/\" \/>\n<meta property=\"og:site_name\" content=\"Librairie 7L\" \/>\n<meta property=\"article:modified_time\" content=\"2026-04-23T19:48:09+00:00\" \/>\n<meta property=\"og:image\" content=\"https:\/\/librairie7l.com\/wp-content\/uploads\/2023\/09\/9781953691132_1_75.jpg\" \/>\n\t<meta property=\"og:image:width\" content=\"600\" \/>\n\t<meta property=\"og:image:height\" content=\"711\" \/>\n\t<meta property=\"og:image:type\" content=\"image\/jpeg\" \/>\n<meta name=\"twitter:card\" content=\"summary_large_image\" \/>\n<meta name=\"twitter:label1\" content=\"Est. reading time\" \/>\n\t<meta name=\"twitter:data1\" content=\"2 minutes\" \/>\n<script type=\"application\/ld+json\" class=\"yoast-schema-graph\">{\"@context\":\"https:\/\/schema.org\",\"@graph\":[{\"@type\":\"WebPage\",\"@id\":\"https:\/\/librairie7l.com\/en\/produit\/ceramics\/\",\"url\":\"https:\/\/librairie7l.com\/en\/produit\/ceramics\/\",\"name\":\"Ceramics - Librairie 7L\",\"isPartOf\":{\"@id\":\"https:\/\/librairie7l.com\/en\/#website\"},\"datePublished\":\"2023-10-20T09:36:34+00:00\",\"dateModified\":\"2026-04-23T19:48:09+00:00\",\"breadcrumb\":{\"@id\":\"https:\/\/librairie7l.com\/en\/produit\/ceramics\/#breadcrumb\"},\"inLanguage\":\"en-US\",\"potentialAction\":[{\"@type\":\"ReadAction\",\"target\":[\"https:\/\/librairie7l.com\/en\/produit\/ceramics\/\"]}]},{\"@type\":\"BreadcrumbList\",\"@id\":\"https:\/\/librairie7l.com\/en\/produit\/ceramics\/#breadcrumb\",\"itemListElement\":[{\"@type\":\"ListItem\",\"position\":1,\"name\":\"Accueil\",\"item\":\"https:\/\/librairie7l.com\/en\/\"},{\"@type\":\"ListItem\",\"position\":2,\"name\":\"Shop\",\"item\":\"https:\/\/librairie7l.com\/en\/shop\/\"},{\"@type\":\"ListItem\",\"position\":3,\"name\":\"CERAMICS\"}]},{\"@type\":\"WebSite\",\"@id\":\"https:\/\/librairie7l.com\/en\/#website\",\"url\":\"https:\/\/librairie7l.com\/en\/\",\"name\":\"Librairie 7L\",\"description\":\"Librairie fond\u00e9e en 1999 par Karl Lagerfeld \u00e0 Paris\",\"publisher\":{\"@id\":\"https:\/\/librairie7l.com\/en\/#organization\"},\"potentialAction\":[{\"@type\":\"SearchAction\",\"target\":{\"@type\":\"EntryPoint\",\"urlTemplate\":\"https:\/\/librairie7l.com\/en\/?s={search_term_string}\"},\"query-input\":\"required name=search_term_string\"}],\"inLanguage\":\"en-US\"},{\"@type\":\"Organization\",\"@id\":\"https:\/\/librairie7l.com\/en\/#organization\",\"name\":\"Librairie 7L\",\"url\":\"https:\/\/librairie7l.com\/en\/\",\"logo\":{\"@type\":\"ImageObject\",\"inLanguage\":\"en-US\",\"@id\":\"https:\/\/librairie7l.com\/en\/#\/schema\/logo\/image\/\",\"url\":\"https:\/\/librairie7l.com\/wp-content\/uploads\/2022\/08\/logo-1.png\",\"contentUrl\":\"https:\/\/librairie7l.com\/wp-content\/uploads\/2022\/08\/logo-1.png\",\"width\":227,\"height\":301,\"caption\":\"Librairie 7L\"},\"image\":{\"@id\":\"https:\/\/librairie7l.com\/en\/#\/schema\/logo\/image\/\"}}]}<\/script>\n<!-- \/ Yoast SEO plugin. -->","yoast_head_json":{"title":"Ceramics - Librairie 7L","robots":{"index":"index","follow":"follow","max-snippet":"max-snippet:-1","max-image-preview":"max-image-preview:large","max-video-preview":"max-video-preview:-1"},"canonical":"https:\/\/librairie7l.com\/en\/produit\/ceramics\/","og_locale":"en_US","og_type":"article","og_title":"Ceramics - Librairie 7L","og_description":"Avec des photographies r\u00e9alis\u00e9es par le musicien et photographe Lary 7, ce catalogue en \u00e9dition limit\u00e9e documente la s\u00e9rie de c\u00e9ramiques de Tori Kudo pr\u00e9sent\u00e9e dans la galerie de Blank Forms \u00e0 Brooklyn en 2021, la premi\u00e8re exposition de l&#8217;artiste aux \u00c9tats-Unis. L&#8217;ouvrage pr\u00e9sente trente photographies en couleur des poteries, accompagn\u00e9es des commentaires de Kudo [&hellip;]","og_url":"https:\/\/librairie7l.com\/en\/produit\/ceramics\/","og_site_name":"Librairie 7L","article_modified_time":"2026-04-23T19:48:09+00:00","og_image":[{"width":600,"height":711,"url":"https:\/\/librairie7l.com\/wp-content\/uploads\/2023\/09\/9781953691132_1_75.jpg","type":"image\/jpeg"}],"twitter_card":"summary_large_image","twitter_misc":{"Est. reading time":"2 minutes"},"schema":{"@context":"https:\/\/schema.org","@graph":[{"@type":"WebPage","@id":"https:\/\/librairie7l.com\/en\/produit\/ceramics\/","url":"https:\/\/librairie7l.com\/en\/produit\/ceramics\/","name":"Ceramics - Librairie 7L","isPartOf":{"@id":"https:\/\/librairie7l.com\/en\/#website"},"datePublished":"2023-10-20T09:36:34+00:00","dateModified":"2026-04-23T19:48:09+00:00","breadcrumb":{"@id":"https:\/\/librairie7l.com\/en\/produit\/ceramics\/#breadcrumb"},"inLanguage":"en-US","potentialAction":[{"@type":"ReadAction","target":["https:\/\/librairie7l.com\/en\/produit\/ceramics\/"]}]},{"@type":"BreadcrumbList","@id":"https:\/\/librairie7l.com\/en\/produit\/ceramics\/#breadcrumb","itemListElement":[{"@type":"ListItem","position":1,"name":"Accueil","item":"https:\/\/librairie7l.com\/en\/"},{"@type":"ListItem","position":2,"name":"Shop","item":"https:\/\/librairie7l.com\/en\/shop\/"},{"@type":"ListItem","position":3,"name":"CERAMICS"}]},{"@type":"WebSite","@id":"https:\/\/librairie7l.com\/en\/#website","url":"https:\/\/librairie7l.com\/en\/","name":"Librairie 7L","description":"Librairie fond\u00e9e en 1999 par Karl Lagerfeld \u00e0 Paris","publisher":{"@id":"https:\/\/librairie7l.com\/en\/#organization"},"potentialAction":[{"@type":"SearchAction","target":{"@type":"EntryPoint","urlTemplate":"https:\/\/librairie7l.com\/en\/?s={search_term_string}"},"query-input":"required name=search_term_string"}],"inLanguage":"en-US"},{"@type":"Organization","@id":"https:\/\/librairie7l.com\/en\/#organization","name":"Librairie 7L","url":"https:\/\/librairie7l.com\/en\/","logo":{"@type":"ImageObject","inLanguage":"en-US","@id":"https:\/\/librairie7l.com\/en\/#\/schema\/logo\/image\/","url":"https:\/\/librairie7l.com\/wp-content\/uploads\/2022\/08\/logo-1.png","contentUrl":"https:\/\/librairie7l.com\/wp-content\/uploads\/2022\/08\/logo-1.png","width":227,"height":301,"caption":"Librairie 7L"},"image":{"@id":"https:\/\/librairie7l.com\/en\/#\/schema\/logo\/image\/"}}]}},"_links":{"self":[{"href":"https:\/\/librairie7l.com\/en\/wp-json\/wp\/v2\/product\/36673"}],"collection":[{"href":"https:\/\/librairie7l.com\/en\/wp-json\/wp\/v2\/product"}],"about":[{"href":"https:\/\/librairie7l.com\/en\/wp-json\/wp\/v2\/types\/product"}],"wp:featuredmedia":[{"embeddable":true,"href":"https:\/\/librairie7l.com\/en\/wp-json\/wp\/v2\/media\/36671"}],"wp:attachment":[{"href":"https:\/\/librairie7l.com\/en\/wp-json\/wp\/v2\/media?parent=36673"}],"wp:term":[{"taxonomy":"product_cat","embeddable":true,"href":"https:\/\/librairie7l.com\/en\/wp-json\/wp\/v2\/product_cat?post=36673"},{"taxonomy":"product_tag","embeddable":true,"href":"https:\/\/librairie7l.com\/en\/wp-json\/wp\/v2\/product_tag?post=36673"}],"curies":[{"name":"wp","href":"https:\/\/api.w.org\/{rel}","templated":true}]}}