{"id":36675,"date":"2023-10-20T11:38:39","date_gmt":"2023-10-20T09:38:39","guid":{"rendered":"https:\/\/librairie7l.com\/?post_type=product&#038;p=36675"},"modified":"2026-04-09T20:47:09","modified_gmt":"2026-04-09T18:47:09","slug":"mood-of-the-moment-gaby-aghion-and-chloe","status":"publish","type":"product","link":"https:\/\/librairie7l.com\/en\/produit\/mood-of-the-moment-gaby-aghion-and-chloe\/","title":{"rendered":"MOOD OF THE MOMENT &#8211; GABY AGHION AND CHLOE"},"content":{"rendered":"<p>An exploration of fashion designer Gaby Aghion&#8217;s life, career, and legacy at the French fashion house Chlo\u00e9.<\/p>\n<p>As imagined by the company&#8217;s founder, Gaby Aghion (1921-2014), the sophisticated, romantic, and glamorous designs of Chlo\u00e9 have captured the energy and aspirations of generations of women since Aghion designed her first collection in 1952. This sumptuously illustrated book centers Chlo\u00e9 and Aghion within the cultural arena and crystallizes a major transition in the postwar Parisian fashion industry, from haute couture to pr\u00eat-\u00e0-porter. Aghion defined Chlo\u00e9 as a brand of luxury ready-to-wear clothing combining high-end materials and savoir faire with light shapes for active women. Aghion, an Egyptian Jew in Paris, brought a fresh, outsider perspective to French fashion.<\/p>\n<p>Seventy years of archival clothing from Chlo\u00e9 designers are reproduced here, many for the first time, along with sketches, advertisements, and photographs. Essays shed light on Aghion&#8217;s life, the company&#8217;s approach to fashion, and the ways in which it fostered young talents. The book celebrates Aghion&#8217;s daring entrepreneurship and her legacy through the acclaimed designers who embodied and reinterpreted her original inspiration. Paulo Melim Andersson, Gabriela Hearst, Clare Waight Keller, Karl Lagerfeld, Hanna MacGibbon, Stella McCartney, Peter O&#8217;Brien, Phoebe Philo, Natacha Ramsay-Levi, and Martine Sitbon offer recollections of their experiences working at the fashion house.<\/p>\n<p>Published in association with the Jewish Museum, New York.<\/p>\n<p>Exhibition Schedule:<\/p>\n<p>Jewish Museum, New York (October 13, 2023-February 18, 2024).<\/p>\n","protected":false},"excerpt":{"rendered":"<p>An exploration of fashion designer Gaby Aghion&#8217;s life, career, and legacy at the French fashion house Chlo\u00e9. As imagined by the company&#8217;s founder, Gaby Aghion (1921-2014), the sophisticated, romantic, and glamorous designs of Chlo\u00e9 have captured the energy and aspirations of generations of women since Aghion designed her first collection in 1952. This sumptuously illustrated [&hellip;]<\/p>\n","protected":false},"featured_media":37158,"template":"","meta":[],"product_cat":[55,2948,2957,19],"product_tag":[],"acf":[],"yoast_head":"<!-- This site is optimized with the Yoast SEO plugin v20.11 - https:\/\/yoast.com\/wordpress\/plugins\/seo\/ -->\n<title>Mood of the moment - gaby aghion and chloe - Librairie 7L<\/title>\n<meta name=\"robots\" content=\"index, follow, max-snippet:-1, max-image-preview:large, max-video-preview:-1\" \/>\n<link rel=\"canonical\" href=\"https:\/\/librairie7l.com\/en\/produit\/mood-of-the-moment-gaby-aghion-and-chloe\/\" \/>\n<meta property=\"og:locale\" content=\"en_US\" \/>\n<meta property=\"og:type\" content=\"article\" \/>\n<meta property=\"og:title\" content=\"Mood of the moment - gaby aghion and chloe - Librairie 7L\" \/>\n<meta property=\"og:description\" content=\"An exploration of fashion designer Gaby Aghion&#8217;s life, career, and legacy at the French fashion house Chlo\u00e9. As imagined by the company&#8217;s founder, Gaby Aghion (1921-2014), the sophisticated, romantic, and glamorous designs of Chlo\u00e9 have captured the energy and aspirations of generations of women since Aghion designed her first collection in 1952. This sumptuously illustrated [&hellip;]\" \/>\n<meta property=\"og:url\" content=\"https:\/\/librairie7l.com\/en\/produit\/mood-of-the-moment-gaby-aghion-and-chloe\/\" \/>\n<meta property=\"og:site_name\" content=\"Librairie 7L\" \/>\n<meta property=\"article:modified_time\" content=\"2026-04-09T18:47:09+00:00\" \/>\n<meta property=\"og:image\" content=\"https:\/\/librairie7l.com\/wp-content\/uploads\/2023\/11\/9780300271188_1_75.jpg\" \/>\n\t<meta property=\"og:image:width\" content=\"600\" \/>\n\t<meta property=\"og:image:height\" content=\"790\" \/>\n\t<meta property=\"og:image:type\" content=\"image\/jpeg\" \/>\n<meta name=\"twitter:card\" content=\"summary_large_image\" \/>\n<meta name=\"twitter:label1\" content=\"Est. reading time\" \/>\n\t<meta name=\"twitter:data1\" content=\"1 minute\" \/>\n<script type=\"application\/ld+json\" class=\"yoast-schema-graph\">{\"@context\":\"https:\/\/schema.org\",\"@graph\":[{\"@type\":\"WebPage\",\"@id\":\"https:\/\/librairie7l.com\/en\/produit\/mood-of-the-moment-gaby-aghion-and-chloe\/\",\"url\":\"https:\/\/librairie7l.com\/en\/produit\/mood-of-the-moment-gaby-aghion-and-chloe\/\",\"name\":\"Mood of the moment - gaby aghion and chloe - Librairie 7L\",\"isPartOf\":{\"@id\":\"https:\/\/librairie7l.com\/en\/#website\"},\"datePublished\":\"2023-10-20T09:38:39+00:00\",\"dateModified\":\"2026-04-09T18:47:09+00:00\",\"breadcrumb\":{\"@id\":\"https:\/\/librairie7l.com\/en\/produit\/mood-of-the-moment-gaby-aghion-and-chloe\/#breadcrumb\"},\"inLanguage\":\"en-US\",\"potentialAction\":[{\"@type\":\"ReadAction\",\"target\":[\"https:\/\/librairie7l.com\/en\/produit\/mood-of-the-moment-gaby-aghion-and-chloe\/\"]}]},{\"@type\":\"BreadcrumbList\",\"@id\":\"https:\/\/librairie7l.com\/en\/produit\/mood-of-the-moment-gaby-aghion-and-chloe\/#breadcrumb\",\"itemListElement\":[{\"@type\":\"ListItem\",\"position\":1,\"name\":\"Accueil\",\"item\":\"https:\/\/librairie7l.com\/en\/\"},{\"@type\":\"ListItem\",\"position\":2,\"name\":\"Shop\",\"item\":\"https:\/\/librairie7l.com\/en\/shop\/\"},{\"@type\":\"ListItem\",\"position\":3,\"name\":\"MOOD OF THE MOMENT &#8211; GABY AGHION AND CHLOE\"}]},{\"@type\":\"WebSite\",\"@id\":\"https:\/\/librairie7l.com\/en\/#website\",\"url\":\"https:\/\/librairie7l.com\/en\/\",\"name\":\"Librairie 7L\",\"description\":\"Librairie fond\u00e9e en 1999 par Karl Lagerfeld \u00e0 Paris\",\"publisher\":{\"@id\":\"https:\/\/librairie7l.com\/en\/#organization\"},\"potentialAction\":[{\"@type\":\"SearchAction\",\"target\":{\"@type\":\"EntryPoint\",\"urlTemplate\":\"https:\/\/librairie7l.com\/en\/?s={search_term_string}\"},\"query-input\":\"required name=search_term_string\"}],\"inLanguage\":\"en-US\"},{\"@type\":\"Organization\",\"@id\":\"https:\/\/librairie7l.com\/en\/#organization\",\"name\":\"Librairie 7L\",\"url\":\"https:\/\/librairie7l.com\/en\/\",\"logo\":{\"@type\":\"ImageObject\",\"inLanguage\":\"en-US\",\"@id\":\"https:\/\/librairie7l.com\/en\/#\/schema\/logo\/image\/\",\"url\":\"https:\/\/librairie7l.com\/wp-content\/uploads\/2022\/08\/logo-1.png\",\"contentUrl\":\"https:\/\/librairie7l.com\/wp-content\/uploads\/2022\/08\/logo-1.png\",\"width\":227,\"height\":301,\"caption\":\"Librairie 7L\"},\"image\":{\"@id\":\"https:\/\/librairie7l.com\/en\/#\/schema\/logo\/image\/\"}}]}<\/script>\n<!-- \/ Yoast SEO plugin. -->","yoast_head_json":{"title":"Mood of the moment - gaby aghion and chloe - Librairie 7L","robots":{"index":"index","follow":"follow","max-snippet":"max-snippet:-1","max-image-preview":"max-image-preview:large","max-video-preview":"max-video-preview:-1"},"canonical":"https:\/\/librairie7l.com\/en\/produit\/mood-of-the-moment-gaby-aghion-and-chloe\/","og_locale":"en_US","og_type":"article","og_title":"Mood of the moment - gaby aghion and chloe - Librairie 7L","og_description":"An exploration of fashion designer Gaby Aghion&#8217;s life, career, and legacy at the French fashion house Chlo\u00e9. As imagined by the company&#8217;s founder, Gaby Aghion (1921-2014), the sophisticated, romantic, and glamorous designs of Chlo\u00e9 have captured the energy and aspirations of generations of women since Aghion designed her first collection in 1952. This sumptuously illustrated [&hellip;]","og_url":"https:\/\/librairie7l.com\/en\/produit\/mood-of-the-moment-gaby-aghion-and-chloe\/","og_site_name":"Librairie 7L","article_modified_time":"2026-04-09T18:47:09+00:00","og_image":[{"width":600,"height":790,"url":"https:\/\/librairie7l.com\/wp-content\/uploads\/2023\/11\/9780300271188_1_75.jpg","type":"image\/jpeg"}],"twitter_card":"summary_large_image","twitter_misc":{"Est. reading time":"1 minute"},"schema":{"@context":"https:\/\/schema.org","@graph":[{"@type":"WebPage","@id":"https:\/\/librairie7l.com\/en\/produit\/mood-of-the-moment-gaby-aghion-and-chloe\/","url":"https:\/\/librairie7l.com\/en\/produit\/mood-of-the-moment-gaby-aghion-and-chloe\/","name":"Mood of the moment - gaby aghion and chloe - Librairie 7L","isPartOf":{"@id":"https:\/\/librairie7l.com\/en\/#website"},"datePublished":"2023-10-20T09:38:39+00:00","dateModified":"2026-04-09T18:47:09+00:00","breadcrumb":{"@id":"https:\/\/librairie7l.com\/en\/produit\/mood-of-the-moment-gaby-aghion-and-chloe\/#breadcrumb"},"inLanguage":"en-US","potentialAction":[{"@type":"ReadAction","target":["https:\/\/librairie7l.com\/en\/produit\/mood-of-the-moment-gaby-aghion-and-chloe\/"]}]},{"@type":"BreadcrumbList","@id":"https:\/\/librairie7l.com\/en\/produit\/mood-of-the-moment-gaby-aghion-and-chloe\/#breadcrumb","itemListElement":[{"@type":"ListItem","position":1,"name":"Accueil","item":"https:\/\/librairie7l.com\/en\/"},{"@type":"ListItem","position":2,"name":"Shop","item":"https:\/\/librairie7l.com\/en\/shop\/"},{"@type":"ListItem","position":3,"name":"MOOD OF THE MOMENT &#8211; GABY AGHION AND CHLOE"}]},{"@type":"WebSite","@id":"https:\/\/librairie7l.com\/en\/#website","url":"https:\/\/librairie7l.com\/en\/","name":"Librairie 7L","description":"Librairie fond\u00e9e en 1999 par Karl Lagerfeld \u00e0 Paris","publisher":{"@id":"https:\/\/librairie7l.com\/en\/#organization"},"potentialAction":[{"@type":"SearchAction","target":{"@type":"EntryPoint","urlTemplate":"https:\/\/librairie7l.com\/en\/?s={search_term_string}"},"query-input":"required name=search_term_string"}],"inLanguage":"en-US"},{"@type":"Organization","@id":"https:\/\/librairie7l.com\/en\/#organization","name":"Librairie 7L","url":"https:\/\/librairie7l.com\/en\/","logo":{"@type":"ImageObject","inLanguage":"en-US","@id":"https:\/\/librairie7l.com\/en\/#\/schema\/logo\/image\/","url":"https:\/\/librairie7l.com\/wp-content\/uploads\/2022\/08\/logo-1.png","contentUrl":"https:\/\/librairie7l.com\/wp-content\/uploads\/2022\/08\/logo-1.png","width":227,"height":301,"caption":"Librairie 7L"},"image":{"@id":"https:\/\/librairie7l.com\/en\/#\/schema\/logo\/image\/"}}]}},"_links":{"self":[{"href":"https:\/\/librairie7l.com\/en\/wp-json\/wp\/v2\/product\/36675"}],"collection":[{"href":"https:\/\/librairie7l.com\/en\/wp-json\/wp\/v2\/product"}],"about":[{"href":"https:\/\/librairie7l.com\/en\/wp-json\/wp\/v2\/types\/product"}],"wp:featuredmedia":[{"embeddable":true,"href":"https:\/\/librairie7l.com\/en\/wp-json\/wp\/v2\/media\/37158"}],"wp:attachment":[{"href":"https:\/\/librairie7l.com\/en\/wp-json\/wp\/v2\/media?parent=36675"}],"wp:term":[{"taxonomy":"product_cat","embeddable":true,"href":"https:\/\/librairie7l.com\/en\/wp-json\/wp\/v2\/product_cat?post=36675"},{"taxonomy":"product_tag","embeddable":true,"href":"https:\/\/librairie7l.com\/en\/wp-json\/wp\/v2\/product_tag?post=36675"}],"curies":[{"name":"wp","href":"https:\/\/api.w.org\/{rel}","templated":true}]}}