{"id":36703,"date":"2023-10-20T12:23:53","date_gmt":"2023-10-20T10:23:53","guid":{"rendered":"https:\/\/librairie7l.com\/?post_type=product&#038;p=36703"},"modified":"2026-04-26T09:00:25","modified_gmt":"2026-04-26T07:00:25","slug":"arch-of-hysteria-between-madness-and-ecstasy","status":"publish","type":"product","link":"https:\/\/librairie7l.com\/en\/produit\/arch-of-hysteria-between-madness-and-ecstasy\/","title":{"rendered":"ARCH OF HYSTERIA : BETWEEN MADNESS AND ECSTASY"},"content":{"rendered":"<p>Le \u00ab grand arc \u00bb ou \u00ab arc de cercle \u00bb et son caract\u00e8re ambivalent entre perte de contr\u00f4le et ma\u00eetrise est un motif qui s\u00e9duit et poss\u00e8de une longue tradition dans l&#8217;histoire de l&#8217;art et de la culture. On le trouve dans les repr\u00e9sentations de danse et d&#8217;acrobatie, mais il peut aussi illustrer des maladies physiques ou psychologiques : le corps (f\u00e9minin) tendu \u00e0 l&#8217;extr\u00eame exprime le ravissement extatique, mais aussi un trouble psychotique, s&#8217;il est dans\u00e9, il incarne une ma\u00eetrise virtuose du corps et l&#8217;expressivit\u00e9. Avec \u00ab Arc de l&#8217;hyst\u00e9rie \u00bb, le mus\u00e9e d&#8217;art moderne de Salzbourg propose une exposition enti\u00e8rement consacr\u00e9e \u00e0 ce motif \u00e0 la force imag\u00e9e \u00e9vocatrice. Des oeuvres d&#8217;art des 100 derni\u00e8res ann\u00e9es et de contextes divers sont pr\u00e9sent\u00e9es, et avec elles la vari\u00e9t\u00e9 des possibilit\u00e9s d&#8217;expression est explor\u00e9e, inh\u00e9rente \u00e0 la forme &#8211; jusqu&#8217;\u00e0 sa modification en formes abstraites, et pourtant expressives et incontestables. Le livre et l&#8217;exposition d\u00e9voilent les racines historiques (artistiques) du motif et sa continuation actuelle dans la peinture, le dessin, la sculpture, la photographie, ainsi que l&#8217;art vid\u00e9o et performatif. Les artistes pr\u00e9sents comprennent notamment Denis Darzacq, Max Ernst, Georg Herold, Gustav Klimt, Alfred Kubin, Auguste Rodin, mais aussi Alexandra Bircken, Louise Bourgeois, Ronit Porat, Barbis Ruder, Charlotte Rudolph, Valerie Schmidt ou VALIE EXPORT ; de nombreuses oeuvres ont \u00e9galement \u00e9t\u00e9 cr\u00e9\u00e9es sp\u00e9cialement pour l&#8217;exposition.<\/p>\n","protected":false},"excerpt":{"rendered":"<p>Le \u00ab grand arc \u00bb ou \u00ab arc de cercle \u00bb et son caract\u00e8re ambivalent entre perte de contr\u00f4le et ma\u00eetrise est un motif qui s\u00e9duit et poss\u00e8de une longue tradition dans l&#8217;histoire de l&#8217;art et de la culture. On le trouve dans les repr\u00e9sentations de danse et d&#8217;acrobatie, mais il peut aussi illustrer des [&hellip;]<\/p>\n","protected":false},"featured_media":41217,"template":"","meta":[],"product_cat":[2948,2953],"product_tag":[],"acf":[],"yoast_head":"<!-- This site is optimized with the Yoast SEO plugin v20.11 - https:\/\/yoast.com\/wordpress\/plugins\/seo\/ -->\n<title>Arch of hysteria : between madness and ecstasy - Librairie 7L<\/title>\n<meta name=\"robots\" content=\"index, follow, max-snippet:-1, max-image-preview:large, max-video-preview:-1\" \/>\n<link rel=\"canonical\" href=\"https:\/\/librairie7l.com\/en\/produit\/arch-of-hysteria-between-madness-and-ecstasy\/\" \/>\n<meta property=\"og:locale\" content=\"en_US\" \/>\n<meta property=\"og:type\" content=\"article\" \/>\n<meta property=\"og:title\" content=\"Arch of hysteria : between madness and ecstasy - Librairie 7L\" \/>\n<meta property=\"og:description\" content=\"Le \u00ab grand arc \u00bb ou \u00ab arc de cercle \u00bb et son caract\u00e8re ambivalent entre perte de contr\u00f4le et ma\u00eetrise est un motif qui s\u00e9duit et poss\u00e8de une longue tradition dans l&#8217;histoire de l&#8217;art et de la culture. On le trouve dans les repr\u00e9sentations de danse et d&#8217;acrobatie, mais il peut aussi illustrer des [&hellip;]\" \/>\n<meta property=\"og:url\" content=\"https:\/\/librairie7l.com\/en\/produit\/arch-of-hysteria-between-madness-and-ecstasy\/\" \/>\n<meta property=\"og:site_name\" content=\"Librairie 7L\" \/>\n<meta property=\"article:modified_time\" content=\"2026-04-26T07:00:25+00:00\" \/>\n<meta property=\"og:image\" content=\"https:\/\/librairie7l.com\/wp-content\/uploads\/2024\/06\/9783864424199_1_75.jpg\" \/>\n\t<meta property=\"og:image:width\" content=\"600\" \/>\n\t<meta property=\"og:image:height\" content=\"677\" \/>\n\t<meta property=\"og:image:type\" content=\"image\/jpeg\" \/>\n<meta name=\"twitter:card\" content=\"summary_large_image\" \/>\n<meta name=\"twitter:label1\" content=\"Est. reading time\" \/>\n\t<meta name=\"twitter:data1\" content=\"1 minute\" \/>\n<script type=\"application\/ld+json\" class=\"yoast-schema-graph\">{\"@context\":\"https:\/\/schema.org\",\"@graph\":[{\"@type\":\"WebPage\",\"@id\":\"https:\/\/librairie7l.com\/en\/produit\/arch-of-hysteria-between-madness-and-ecstasy\/\",\"url\":\"https:\/\/librairie7l.com\/en\/produit\/arch-of-hysteria-between-madness-and-ecstasy\/\",\"name\":\"Arch of hysteria : between madness and ecstasy - Librairie 7L\",\"isPartOf\":{\"@id\":\"https:\/\/librairie7l.com\/en\/#website\"},\"datePublished\":\"2023-10-20T10:23:53+00:00\",\"dateModified\":\"2026-04-26T07:00:25+00:00\",\"breadcrumb\":{\"@id\":\"https:\/\/librairie7l.com\/en\/produit\/arch-of-hysteria-between-madness-and-ecstasy\/#breadcrumb\"},\"inLanguage\":\"en-US\",\"potentialAction\":[{\"@type\":\"ReadAction\",\"target\":[\"https:\/\/librairie7l.com\/en\/produit\/arch-of-hysteria-between-madness-and-ecstasy\/\"]}]},{\"@type\":\"BreadcrumbList\",\"@id\":\"https:\/\/librairie7l.com\/en\/produit\/arch-of-hysteria-between-madness-and-ecstasy\/#breadcrumb\",\"itemListElement\":[{\"@type\":\"ListItem\",\"position\":1,\"name\":\"Accueil\",\"item\":\"https:\/\/librairie7l.com\/en\/\"},{\"@type\":\"ListItem\",\"position\":2,\"name\":\"Shop\",\"item\":\"https:\/\/librairie7l.com\/en\/shop\/\"},{\"@type\":\"ListItem\",\"position\":3,\"name\":\"ARCH OF HYSTERIA : BETWEEN MADNESS AND ECSTASY\"}]},{\"@type\":\"WebSite\",\"@id\":\"https:\/\/librairie7l.com\/en\/#website\",\"url\":\"https:\/\/librairie7l.com\/en\/\",\"name\":\"Librairie 7L\",\"description\":\"Librairie fond\u00e9e en 1999 par Karl Lagerfeld \u00e0 Paris\",\"publisher\":{\"@id\":\"https:\/\/librairie7l.com\/en\/#organization\"},\"potentialAction\":[{\"@type\":\"SearchAction\",\"target\":{\"@type\":\"EntryPoint\",\"urlTemplate\":\"https:\/\/librairie7l.com\/en\/?s={search_term_string}\"},\"query-input\":\"required name=search_term_string\"}],\"inLanguage\":\"en-US\"},{\"@type\":\"Organization\",\"@id\":\"https:\/\/librairie7l.com\/en\/#organization\",\"name\":\"Librairie 7L\",\"url\":\"https:\/\/librairie7l.com\/en\/\",\"logo\":{\"@type\":\"ImageObject\",\"inLanguage\":\"en-US\",\"@id\":\"https:\/\/librairie7l.com\/en\/#\/schema\/logo\/image\/\",\"url\":\"https:\/\/librairie7l.com\/wp-content\/uploads\/2022\/08\/logo-1.png\",\"contentUrl\":\"https:\/\/librairie7l.com\/wp-content\/uploads\/2022\/08\/logo-1.png\",\"width\":227,\"height\":301,\"caption\":\"Librairie 7L\"},\"image\":{\"@id\":\"https:\/\/librairie7l.com\/en\/#\/schema\/logo\/image\/\"}}]}<\/script>\n<!-- \/ Yoast SEO plugin. -->","yoast_head_json":{"title":"Arch of hysteria : between madness and ecstasy - Librairie 7L","robots":{"index":"index","follow":"follow","max-snippet":"max-snippet:-1","max-image-preview":"max-image-preview:large","max-video-preview":"max-video-preview:-1"},"canonical":"https:\/\/librairie7l.com\/en\/produit\/arch-of-hysteria-between-madness-and-ecstasy\/","og_locale":"en_US","og_type":"article","og_title":"Arch of hysteria : between madness and ecstasy - Librairie 7L","og_description":"Le \u00ab grand arc \u00bb ou \u00ab arc de cercle \u00bb et son caract\u00e8re ambivalent entre perte de contr\u00f4le et ma\u00eetrise est un motif qui s\u00e9duit et poss\u00e8de une longue tradition dans l&#8217;histoire de l&#8217;art et de la culture. On le trouve dans les repr\u00e9sentations de danse et d&#8217;acrobatie, mais il peut aussi illustrer des [&hellip;]","og_url":"https:\/\/librairie7l.com\/en\/produit\/arch-of-hysteria-between-madness-and-ecstasy\/","og_site_name":"Librairie 7L","article_modified_time":"2026-04-26T07:00:25+00:00","og_image":[{"width":600,"height":677,"url":"https:\/\/librairie7l.com\/wp-content\/uploads\/2024\/06\/9783864424199_1_75.jpg","type":"image\/jpeg"}],"twitter_card":"summary_large_image","twitter_misc":{"Est. reading time":"1 minute"},"schema":{"@context":"https:\/\/schema.org","@graph":[{"@type":"WebPage","@id":"https:\/\/librairie7l.com\/en\/produit\/arch-of-hysteria-between-madness-and-ecstasy\/","url":"https:\/\/librairie7l.com\/en\/produit\/arch-of-hysteria-between-madness-and-ecstasy\/","name":"Arch of hysteria : between madness and ecstasy - Librairie 7L","isPartOf":{"@id":"https:\/\/librairie7l.com\/en\/#website"},"datePublished":"2023-10-20T10:23:53+00:00","dateModified":"2026-04-26T07:00:25+00:00","breadcrumb":{"@id":"https:\/\/librairie7l.com\/en\/produit\/arch-of-hysteria-between-madness-and-ecstasy\/#breadcrumb"},"inLanguage":"en-US","potentialAction":[{"@type":"ReadAction","target":["https:\/\/librairie7l.com\/en\/produit\/arch-of-hysteria-between-madness-and-ecstasy\/"]}]},{"@type":"BreadcrumbList","@id":"https:\/\/librairie7l.com\/en\/produit\/arch-of-hysteria-between-madness-and-ecstasy\/#breadcrumb","itemListElement":[{"@type":"ListItem","position":1,"name":"Accueil","item":"https:\/\/librairie7l.com\/en\/"},{"@type":"ListItem","position":2,"name":"Shop","item":"https:\/\/librairie7l.com\/en\/shop\/"},{"@type":"ListItem","position":3,"name":"ARCH OF HYSTERIA : BETWEEN MADNESS AND ECSTASY"}]},{"@type":"WebSite","@id":"https:\/\/librairie7l.com\/en\/#website","url":"https:\/\/librairie7l.com\/en\/","name":"Librairie 7L","description":"Librairie fond\u00e9e en 1999 par Karl Lagerfeld \u00e0 Paris","publisher":{"@id":"https:\/\/librairie7l.com\/en\/#organization"},"potentialAction":[{"@type":"SearchAction","target":{"@type":"EntryPoint","urlTemplate":"https:\/\/librairie7l.com\/en\/?s={search_term_string}"},"query-input":"required name=search_term_string"}],"inLanguage":"en-US"},{"@type":"Organization","@id":"https:\/\/librairie7l.com\/en\/#organization","name":"Librairie 7L","url":"https:\/\/librairie7l.com\/en\/","logo":{"@type":"ImageObject","inLanguage":"en-US","@id":"https:\/\/librairie7l.com\/en\/#\/schema\/logo\/image\/","url":"https:\/\/librairie7l.com\/wp-content\/uploads\/2022\/08\/logo-1.png","contentUrl":"https:\/\/librairie7l.com\/wp-content\/uploads\/2022\/08\/logo-1.png","width":227,"height":301,"caption":"Librairie 7L"},"image":{"@id":"https:\/\/librairie7l.com\/en\/#\/schema\/logo\/image\/"}}]}},"_links":{"self":[{"href":"https:\/\/librairie7l.com\/en\/wp-json\/wp\/v2\/product\/36703"}],"collection":[{"href":"https:\/\/librairie7l.com\/en\/wp-json\/wp\/v2\/product"}],"about":[{"href":"https:\/\/librairie7l.com\/en\/wp-json\/wp\/v2\/types\/product"}],"wp:featuredmedia":[{"embeddable":true,"href":"https:\/\/librairie7l.com\/en\/wp-json\/wp\/v2\/media\/41217"}],"wp:attachment":[{"href":"https:\/\/librairie7l.com\/en\/wp-json\/wp\/v2\/media?parent=36703"}],"wp:term":[{"taxonomy":"product_cat","embeddable":true,"href":"https:\/\/librairie7l.com\/en\/wp-json\/wp\/v2\/product_cat?post=36703"},{"taxonomy":"product_tag","embeddable":true,"href":"https:\/\/librairie7l.com\/en\/wp-json\/wp\/v2\/product_tag?post=36703"}],"curies":[{"name":"wp","href":"https:\/\/api.w.org\/{rel}","templated":true}]}}