{"id":36705,"date":"2023-10-20T12:24:01","date_gmt":"2023-10-20T10:24:01","guid":{"rendered":"https:\/\/librairie7l.com\/?post_type=product&#038;p=36705"},"modified":"2026-04-05T06:39:48","modified_gmt":"2026-04-05T04:39:48","slug":"sylvie-fleury-exhibition-history-1991-2023","status":"publish","type":"product","link":"https:\/\/librairie7l.com\/en\/produit\/sylvie-fleury-exhibition-history-1991-2023\/","title":{"rendered":"SYLVIE FLEURY : EXHIBITION HISTORY 1991-2023"},"content":{"rendered":"<p>Mode, glamour, style de vie &#8211; toutes les fois o\u00f9 un mus\u00e9e d&#8217;art se transforme en un d\u00e9fil\u00e9 de mode, on peut \u00eatre s\u00fbr que Sylvie Fleury en est l&#8217;invit\u00e9e. Depuis pr\u00e8s de 25 ans, l&#8217;artiste joue et se moque des clich\u00e9s sexistes et des st\u00e9r\u00e9otypes de la soci\u00e9t\u00e9 de consommation. Avec \u00ab Shoplifters from Venus \u00bb (\u00ab Voleurs \u00e0 l&#8217;\u00e9talage v\u00e9nusiens \u00bb), le Kunst Museum de Winterthour pr\u00e9sente, pour la premi\u00e8re fois en Suisse depuis quinze ans, une exposition individuelle compl\u00e8te de l&#8217;artiste genevoise dans laquelle elle cherche \u00e0 dialoguer avec l&#8217;\u00e9cole moderne et en d\u00e9voile avec volupt\u00e9 le penchant masculin. Le livre publi\u00e9 ici est donc plus qu&#8217;un simple catalogue d&#8217;exposition : il suit l&#8217;\u00e9volution du travail de l&#8217;artiste \u00e0 travers toutes ses expositions individuelles depuis les ann\u00e9es 1990. Des essais de Simon Baier, Konrad Bitterli et Elisabeth Bronfen \u00e9clairent certains aspects choisis de sa cr\u00e9ation qui n&#8217;a rien perdu avec les ann\u00e9es de sa puissance \u00e9mancipatrice ni de sa nature fondamentalement explosive.<\/p>\n","protected":false},"excerpt":{"rendered":"<p>Mode, glamour, style de vie &#8211; toutes les fois o\u00f9 un mus\u00e9e d&#8217;art se transforme en un d\u00e9fil\u00e9 de mode, on peut \u00eatre s\u00fbr que Sylvie Fleury en est l&#8217;invit\u00e9e. Depuis pr\u00e8s de 25 ans, l&#8217;artiste joue et se moque des clich\u00e9s sexistes et des st\u00e9r\u00e9otypes de la soci\u00e9t\u00e9 de consommation. Avec \u00ab Shoplifters from [&hellip;]<\/p>\n","protected":false},"featured_media":41323,"template":"","meta":[],"product_cat":[2948,2953],"product_tag":[],"acf":[],"yoast_head":"<!-- This site is optimized with the Yoast SEO plugin v20.11 - https:\/\/yoast.com\/wordpress\/plugins\/seo\/ -->\n<title>Sylvie Fleury : exhibition history 1991-2023 - Librairie 7L<\/title>\n<meta name=\"robots\" content=\"index, follow, max-snippet:-1, max-image-preview:large, max-video-preview:-1\" \/>\n<link rel=\"canonical\" href=\"https:\/\/librairie7l.com\/en\/produit\/sylvie-fleury-exhibition-history-1991-2023\/\" \/>\n<meta property=\"og:locale\" content=\"en_US\" \/>\n<meta property=\"og:type\" content=\"article\" \/>\n<meta property=\"og:title\" content=\"Sylvie Fleury : exhibition history 1991-2023 - Librairie 7L\" \/>\n<meta property=\"og:description\" content=\"Mode, glamour, style de vie &#8211; toutes les fois o\u00f9 un mus\u00e9e d&#8217;art se transforme en un d\u00e9fil\u00e9 de mode, on peut \u00eatre s\u00fbr que Sylvie Fleury en est l&#8217;invit\u00e9e. Depuis pr\u00e8s de 25 ans, l&#8217;artiste joue et se moque des clich\u00e9s sexistes et des st\u00e9r\u00e9otypes de la soci\u00e9t\u00e9 de consommation. Avec \u00ab Shoplifters from [&hellip;]\" \/>\n<meta property=\"og:url\" content=\"https:\/\/librairie7l.com\/en\/produit\/sylvie-fleury-exhibition-history-1991-2023\/\" \/>\n<meta property=\"og:site_name\" content=\"Librairie 7L\" \/>\n<meta property=\"article:modified_time\" content=\"2026-04-05T04:39:48+00:00\" \/>\n<meta property=\"og:image\" content=\"https:\/\/librairie7l.com\/wp-content\/uploads\/2024\/06\/9783864424205_1_75.jpg\" \/>\n\t<meta property=\"og:image:width\" content=\"600\" \/>\n\t<meta property=\"og:image:height\" content=\"677\" \/>\n\t<meta property=\"og:image:type\" content=\"image\/jpeg\" \/>\n<meta name=\"twitter:card\" content=\"summary_large_image\" \/>\n<meta name=\"twitter:label1\" content=\"Est. reading time\" \/>\n\t<meta name=\"twitter:data1\" content=\"1 minute\" \/>\n<script type=\"application\/ld+json\" class=\"yoast-schema-graph\">{\"@context\":\"https:\/\/schema.org\",\"@graph\":[{\"@type\":\"WebPage\",\"@id\":\"https:\/\/librairie7l.com\/en\/produit\/sylvie-fleury-exhibition-history-1991-2023\/\",\"url\":\"https:\/\/librairie7l.com\/en\/produit\/sylvie-fleury-exhibition-history-1991-2023\/\",\"name\":\"Sylvie Fleury : exhibition history 1991-2023 - Librairie 7L\",\"isPartOf\":{\"@id\":\"https:\/\/librairie7l.com\/en\/#website\"},\"datePublished\":\"2023-10-20T10:24:01+00:00\",\"dateModified\":\"2026-04-05T04:39:48+00:00\",\"breadcrumb\":{\"@id\":\"https:\/\/librairie7l.com\/en\/produit\/sylvie-fleury-exhibition-history-1991-2023\/#breadcrumb\"},\"inLanguage\":\"en-US\",\"potentialAction\":[{\"@type\":\"ReadAction\",\"target\":[\"https:\/\/librairie7l.com\/en\/produit\/sylvie-fleury-exhibition-history-1991-2023\/\"]}]},{\"@type\":\"BreadcrumbList\",\"@id\":\"https:\/\/librairie7l.com\/en\/produit\/sylvie-fleury-exhibition-history-1991-2023\/#breadcrumb\",\"itemListElement\":[{\"@type\":\"ListItem\",\"position\":1,\"name\":\"Accueil\",\"item\":\"https:\/\/librairie7l.com\/en\/\"},{\"@type\":\"ListItem\",\"position\":2,\"name\":\"Shop\",\"item\":\"https:\/\/librairie7l.com\/en\/shop\/\"},{\"@type\":\"ListItem\",\"position\":3,\"name\":\"SYLVIE FLEURY : EXHIBITION HISTORY 1991-2023\"}]},{\"@type\":\"WebSite\",\"@id\":\"https:\/\/librairie7l.com\/en\/#website\",\"url\":\"https:\/\/librairie7l.com\/en\/\",\"name\":\"Librairie 7L\",\"description\":\"Librairie fond\u00e9e en 1999 par Karl Lagerfeld \u00e0 Paris\",\"publisher\":{\"@id\":\"https:\/\/librairie7l.com\/en\/#organization\"},\"potentialAction\":[{\"@type\":\"SearchAction\",\"target\":{\"@type\":\"EntryPoint\",\"urlTemplate\":\"https:\/\/librairie7l.com\/en\/?s={search_term_string}\"},\"query-input\":\"required name=search_term_string\"}],\"inLanguage\":\"en-US\"},{\"@type\":\"Organization\",\"@id\":\"https:\/\/librairie7l.com\/en\/#organization\",\"name\":\"Librairie 7L\",\"url\":\"https:\/\/librairie7l.com\/en\/\",\"logo\":{\"@type\":\"ImageObject\",\"inLanguage\":\"en-US\",\"@id\":\"https:\/\/librairie7l.com\/en\/#\/schema\/logo\/image\/\",\"url\":\"https:\/\/librairie7l.com\/wp-content\/uploads\/2022\/08\/logo-1.png\",\"contentUrl\":\"https:\/\/librairie7l.com\/wp-content\/uploads\/2022\/08\/logo-1.png\",\"width\":227,\"height\":301,\"caption\":\"Librairie 7L\"},\"image\":{\"@id\":\"https:\/\/librairie7l.com\/en\/#\/schema\/logo\/image\/\"}}]}<\/script>\n<!-- \/ Yoast SEO plugin. -->","yoast_head_json":{"title":"Sylvie Fleury : exhibition history 1991-2023 - Librairie 7L","robots":{"index":"index","follow":"follow","max-snippet":"max-snippet:-1","max-image-preview":"max-image-preview:large","max-video-preview":"max-video-preview:-1"},"canonical":"https:\/\/librairie7l.com\/en\/produit\/sylvie-fleury-exhibition-history-1991-2023\/","og_locale":"en_US","og_type":"article","og_title":"Sylvie Fleury : exhibition history 1991-2023 - Librairie 7L","og_description":"Mode, glamour, style de vie &#8211; toutes les fois o\u00f9 un mus\u00e9e d&#8217;art se transforme en un d\u00e9fil\u00e9 de mode, on peut \u00eatre s\u00fbr que Sylvie Fleury en est l&#8217;invit\u00e9e. Depuis pr\u00e8s de 25 ans, l&#8217;artiste joue et se moque des clich\u00e9s sexistes et des st\u00e9r\u00e9otypes de la soci\u00e9t\u00e9 de consommation. Avec \u00ab Shoplifters from [&hellip;]","og_url":"https:\/\/librairie7l.com\/en\/produit\/sylvie-fleury-exhibition-history-1991-2023\/","og_site_name":"Librairie 7L","article_modified_time":"2026-04-05T04:39:48+00:00","og_image":[{"width":600,"height":677,"url":"https:\/\/librairie7l.com\/wp-content\/uploads\/2024\/06\/9783864424205_1_75.jpg","type":"image\/jpeg"}],"twitter_card":"summary_large_image","twitter_misc":{"Est. reading time":"1 minute"},"schema":{"@context":"https:\/\/schema.org","@graph":[{"@type":"WebPage","@id":"https:\/\/librairie7l.com\/en\/produit\/sylvie-fleury-exhibition-history-1991-2023\/","url":"https:\/\/librairie7l.com\/en\/produit\/sylvie-fleury-exhibition-history-1991-2023\/","name":"Sylvie Fleury : exhibition history 1991-2023 - Librairie 7L","isPartOf":{"@id":"https:\/\/librairie7l.com\/en\/#website"},"datePublished":"2023-10-20T10:24:01+00:00","dateModified":"2026-04-05T04:39:48+00:00","breadcrumb":{"@id":"https:\/\/librairie7l.com\/en\/produit\/sylvie-fleury-exhibition-history-1991-2023\/#breadcrumb"},"inLanguage":"en-US","potentialAction":[{"@type":"ReadAction","target":["https:\/\/librairie7l.com\/en\/produit\/sylvie-fleury-exhibition-history-1991-2023\/"]}]},{"@type":"BreadcrumbList","@id":"https:\/\/librairie7l.com\/en\/produit\/sylvie-fleury-exhibition-history-1991-2023\/#breadcrumb","itemListElement":[{"@type":"ListItem","position":1,"name":"Accueil","item":"https:\/\/librairie7l.com\/en\/"},{"@type":"ListItem","position":2,"name":"Shop","item":"https:\/\/librairie7l.com\/en\/shop\/"},{"@type":"ListItem","position":3,"name":"SYLVIE FLEURY : EXHIBITION HISTORY 1991-2023"}]},{"@type":"WebSite","@id":"https:\/\/librairie7l.com\/en\/#website","url":"https:\/\/librairie7l.com\/en\/","name":"Librairie 7L","description":"Librairie fond\u00e9e en 1999 par Karl Lagerfeld \u00e0 Paris","publisher":{"@id":"https:\/\/librairie7l.com\/en\/#organization"},"potentialAction":[{"@type":"SearchAction","target":{"@type":"EntryPoint","urlTemplate":"https:\/\/librairie7l.com\/en\/?s={search_term_string}"},"query-input":"required name=search_term_string"}],"inLanguage":"en-US"},{"@type":"Organization","@id":"https:\/\/librairie7l.com\/en\/#organization","name":"Librairie 7L","url":"https:\/\/librairie7l.com\/en\/","logo":{"@type":"ImageObject","inLanguage":"en-US","@id":"https:\/\/librairie7l.com\/en\/#\/schema\/logo\/image\/","url":"https:\/\/librairie7l.com\/wp-content\/uploads\/2022\/08\/logo-1.png","contentUrl":"https:\/\/librairie7l.com\/wp-content\/uploads\/2022\/08\/logo-1.png","width":227,"height":301,"caption":"Librairie 7L"},"image":{"@id":"https:\/\/librairie7l.com\/en\/#\/schema\/logo\/image\/"}}]}},"_links":{"self":[{"href":"https:\/\/librairie7l.com\/en\/wp-json\/wp\/v2\/product\/36705"}],"collection":[{"href":"https:\/\/librairie7l.com\/en\/wp-json\/wp\/v2\/product"}],"about":[{"href":"https:\/\/librairie7l.com\/en\/wp-json\/wp\/v2\/types\/product"}],"wp:featuredmedia":[{"embeddable":true,"href":"https:\/\/librairie7l.com\/en\/wp-json\/wp\/v2\/media\/41323"}],"wp:attachment":[{"href":"https:\/\/librairie7l.com\/en\/wp-json\/wp\/v2\/media?parent=36705"}],"wp:term":[{"taxonomy":"product_cat","embeddable":true,"href":"https:\/\/librairie7l.com\/en\/wp-json\/wp\/v2\/product_cat?post=36705"},{"taxonomy":"product_tag","embeddable":true,"href":"https:\/\/librairie7l.com\/en\/wp-json\/wp\/v2\/product_tag?post=36705"}],"curies":[{"name":"wp","href":"https:\/\/api.w.org\/{rel}","templated":true}]}}