{"id":36779,"date":"2024-06-26T06:06:51","date_gmt":"2024-06-26T04:06:51","guid":{"rendered":"https:\/\/librairie7l.com\/?post_type=product&#038;p=36779"},"modified":"2026-04-17T12:06:03","modified_gmt":"2026-04-17T10:06:03","slug":"cachemires-la-creation-francaise-1800-1880","status":"publish","type":"product","link":"https:\/\/librairie7l.com\/en\/produit\/cachemires-la-creation-francaise-1800-1880\/","title":{"rendered":"CACHEMIRES ; LA CR\u00c9ATION FRAN\u00c7AISE ; 1800-1880"},"content":{"rendered":"<p>Au XIXe si\u00e8cle, les ch\u00e2les en cachemire suscit\u00e8rent une folle passion, fort bien d\u00e9crite &#8211; et parfois raill\u00e9e &#8211; par Balzac. Ramen\u00e9s de la campagne d&#8217;Egypte par les soldats de Bonaparte, ils donn\u00e8rent naissance \u00e0 une vogue qui se r\u00e9pandit comme une tra\u00een\u00e9e de poudre. Jos\u00e9phine Bonaparte ouvrit la voie, toutes les \u00e9l\u00e9gantes suivirent. Une nouvelle industrie se d\u00e9veloppa alors en Europe pour r\u00e9pondre \u00e0 cet engouement croissant, et Napol\u00e9on poussa les fabricants fran\u00e7ais \u00e0 rivaliser d&#8217;astuce pour imiter ces cachemires hors de prix. L&#8217;invention du m\u00e9tier \u00e0 tisser Jacquard permis alors d&#8217;ex\u00e9cuter des d\u00e9cors \u00e9tonnamment riches et complexes. La production fran\u00e7aise, \u00e9blouissante, entra\u00eena m\u00eame les artisans du Cachemire \u00e0 imiter les mod\u00e8les envoy\u00e9s de Paris. Surprenant retournement de situation, que cet ouvrage illustre en faisant conna\u00eetre les principaux cr\u00e9ateurs, parisiens pour l&#8217;essentiel.Monique L\u00e9vi-Strauss, retrace, dans cet ouvrage tr\u00e8s document\u00e9, richement illustr\u00e9 et compl\u00e9t\u00e9 par de r\u00e9centes d\u00e9couvertes, l&#8217;histoire de cette magnifique production, symbole du g\u00e9nie industriel, du raffinement et de la d\u00e9licatesse du XIXe si\u00e8cle. Exploitant documents d&#8217;archives, comptes rendus d&#8217;expositions et collections priv\u00e9es et publiques, l&#8217;auteur explore ce pan de l&#8217;histoire des arts et des techniques et fait de ce livre un v\u00e9ritable ouvrage de r\u00e9f\u00e9rence.<\/p>\n","protected":false},"excerpt":{"rendered":"<p>Au XIXe si\u00e8cle, les ch\u00e2les en cachemire suscit\u00e8rent une folle passion, fort bien d\u00e9crite &#8211; et parfois raill\u00e9e &#8211; par Balzac. Ramen\u00e9s de la campagne d&#8217;Egypte par les soldats de Bonaparte, ils donn\u00e8rent naissance \u00e0 une vogue qui se r\u00e9pandit comme une tra\u00een\u00e9e de poudre. Jos\u00e9phine Bonaparte ouvrit la voie, toutes les \u00e9l\u00e9gantes suivirent. Une [&hellip;]<\/p>\n","protected":false},"featured_media":36777,"template":"","meta":[],"product_cat":[2948,2957],"product_tag":[],"acf":[],"yoast_head":"<!-- This site is optimized with the Yoast SEO plugin v20.11 - https:\/\/yoast.com\/wordpress\/plugins\/seo\/ -->\n<title>Cachemires ; la cr\u00e9ation fran\u00e7aise ; 1800-1880 - Librairie 7L<\/title>\n<meta name=\"robots\" content=\"index, follow, max-snippet:-1, max-image-preview:large, max-video-preview:-1\" \/>\n<link rel=\"canonical\" href=\"https:\/\/librairie7l.com\/en\/produit\/cachemires-la-creation-francaise-1800-1880\/\" \/>\n<meta property=\"og:locale\" content=\"en_US\" \/>\n<meta property=\"og:type\" content=\"article\" \/>\n<meta property=\"og:title\" content=\"Cachemires ; la cr\u00e9ation fran\u00e7aise ; 1800-1880 - Librairie 7L\" \/>\n<meta property=\"og:description\" content=\"Au XIXe si\u00e8cle, les ch\u00e2les en cachemire suscit\u00e8rent une folle passion, fort bien d\u00e9crite &#8211; et parfois raill\u00e9e &#8211; par Balzac. Ramen\u00e9s de la campagne d&#8217;Egypte par les soldats de Bonaparte, ils donn\u00e8rent naissance \u00e0 une vogue qui se r\u00e9pandit comme une tra\u00een\u00e9e de poudre. Jos\u00e9phine Bonaparte ouvrit la voie, toutes les \u00e9l\u00e9gantes suivirent. Une [&hellip;]\" \/>\n<meta property=\"og:url\" content=\"https:\/\/librairie7l.com\/en\/produit\/cachemires-la-creation-francaise-1800-1880\/\" \/>\n<meta property=\"og:site_name\" content=\"Librairie 7L\" \/>\n<meta property=\"article:modified_time\" content=\"2026-04-17T10:06:03+00:00\" \/>\n<meta property=\"og:image\" content=\"https:\/\/librairie7l.com\/wp-content\/uploads\/2012\/04\/9782732452081_1_75.jpg\" \/>\n\t<meta property=\"og:image:width\" content=\"500\" \/>\n\t<meta property=\"og:image:height\" content=\"621\" \/>\n\t<meta property=\"og:image:type\" content=\"image\/jpeg\" \/>\n<meta name=\"twitter:card\" content=\"summary_large_image\" \/>\n<meta name=\"twitter:label1\" content=\"Est. reading time\" \/>\n\t<meta name=\"twitter:data1\" content=\"1 minute\" \/>\n<script type=\"application\/ld+json\" class=\"yoast-schema-graph\">{\"@context\":\"https:\/\/schema.org\",\"@graph\":[{\"@type\":\"WebPage\",\"@id\":\"https:\/\/librairie7l.com\/en\/produit\/cachemires-la-creation-francaise-1800-1880\/\",\"url\":\"https:\/\/librairie7l.com\/en\/produit\/cachemires-la-creation-francaise-1800-1880\/\",\"name\":\"Cachemires ; la cr\u00e9ation fran\u00e7aise ; 1800-1880 - Librairie 7L\",\"isPartOf\":{\"@id\":\"https:\/\/librairie7l.com\/en\/#website\"},\"datePublished\":\"2024-06-26T04:06:51+00:00\",\"dateModified\":\"2026-04-17T10:06:03+00:00\",\"breadcrumb\":{\"@id\":\"https:\/\/librairie7l.com\/en\/produit\/cachemires-la-creation-francaise-1800-1880\/#breadcrumb\"},\"inLanguage\":\"en-US\",\"potentialAction\":[{\"@type\":\"ReadAction\",\"target\":[\"https:\/\/librairie7l.com\/en\/produit\/cachemires-la-creation-francaise-1800-1880\/\"]}]},{\"@type\":\"BreadcrumbList\",\"@id\":\"https:\/\/librairie7l.com\/en\/produit\/cachemires-la-creation-francaise-1800-1880\/#breadcrumb\",\"itemListElement\":[{\"@type\":\"ListItem\",\"position\":1,\"name\":\"Accueil\",\"item\":\"https:\/\/librairie7l.com\/en\/\"},{\"@type\":\"ListItem\",\"position\":2,\"name\":\"Shop\",\"item\":\"https:\/\/librairie7l.com\/en\/shop\/\"},{\"@type\":\"ListItem\",\"position\":3,\"name\":\"CACHEMIRES ; LA CR\u00c9ATION FRAN\u00c7AISE ; 1800-1880\"}]},{\"@type\":\"WebSite\",\"@id\":\"https:\/\/librairie7l.com\/en\/#website\",\"url\":\"https:\/\/librairie7l.com\/en\/\",\"name\":\"Librairie 7L\",\"description\":\"Librairie fond\u00e9e en 1999 par Karl Lagerfeld \u00e0 Paris\",\"publisher\":{\"@id\":\"https:\/\/librairie7l.com\/en\/#organization\"},\"potentialAction\":[{\"@type\":\"SearchAction\",\"target\":{\"@type\":\"EntryPoint\",\"urlTemplate\":\"https:\/\/librairie7l.com\/en\/?s={search_term_string}\"},\"query-input\":\"required name=search_term_string\"}],\"inLanguage\":\"en-US\"},{\"@type\":\"Organization\",\"@id\":\"https:\/\/librairie7l.com\/en\/#organization\",\"name\":\"Librairie 7L\",\"url\":\"https:\/\/librairie7l.com\/en\/\",\"logo\":{\"@type\":\"ImageObject\",\"inLanguage\":\"en-US\",\"@id\":\"https:\/\/librairie7l.com\/en\/#\/schema\/logo\/image\/\",\"url\":\"https:\/\/librairie7l.com\/wp-content\/uploads\/2022\/08\/logo-1.png\",\"contentUrl\":\"https:\/\/librairie7l.com\/wp-content\/uploads\/2022\/08\/logo-1.png\",\"width\":227,\"height\":301,\"caption\":\"Librairie 7L\"},\"image\":{\"@id\":\"https:\/\/librairie7l.com\/en\/#\/schema\/logo\/image\/\"}}]}<\/script>\n<!-- \/ Yoast SEO plugin. -->","yoast_head_json":{"title":"Cachemires ; la cr\u00e9ation fran\u00e7aise ; 1800-1880 - Librairie 7L","robots":{"index":"index","follow":"follow","max-snippet":"max-snippet:-1","max-image-preview":"max-image-preview:large","max-video-preview":"max-video-preview:-1"},"canonical":"https:\/\/librairie7l.com\/en\/produit\/cachemires-la-creation-francaise-1800-1880\/","og_locale":"en_US","og_type":"article","og_title":"Cachemires ; la cr\u00e9ation fran\u00e7aise ; 1800-1880 - Librairie 7L","og_description":"Au XIXe si\u00e8cle, les ch\u00e2les en cachemire suscit\u00e8rent une folle passion, fort bien d\u00e9crite &#8211; et parfois raill\u00e9e &#8211; par Balzac. Ramen\u00e9s de la campagne d&#8217;Egypte par les soldats de Bonaparte, ils donn\u00e8rent naissance \u00e0 une vogue qui se r\u00e9pandit comme une tra\u00een\u00e9e de poudre. Jos\u00e9phine Bonaparte ouvrit la voie, toutes les \u00e9l\u00e9gantes suivirent. Une [&hellip;]","og_url":"https:\/\/librairie7l.com\/en\/produit\/cachemires-la-creation-francaise-1800-1880\/","og_site_name":"Librairie 7L","article_modified_time":"2026-04-17T10:06:03+00:00","og_image":[{"width":500,"height":621,"url":"https:\/\/librairie7l.com\/wp-content\/uploads\/2012\/04\/9782732452081_1_75.jpg","type":"image\/jpeg"}],"twitter_card":"summary_large_image","twitter_misc":{"Est. reading time":"1 minute"},"schema":{"@context":"https:\/\/schema.org","@graph":[{"@type":"WebPage","@id":"https:\/\/librairie7l.com\/en\/produit\/cachemires-la-creation-francaise-1800-1880\/","url":"https:\/\/librairie7l.com\/en\/produit\/cachemires-la-creation-francaise-1800-1880\/","name":"Cachemires ; la cr\u00e9ation fran\u00e7aise ; 1800-1880 - Librairie 7L","isPartOf":{"@id":"https:\/\/librairie7l.com\/en\/#website"},"datePublished":"2024-06-26T04:06:51+00:00","dateModified":"2026-04-17T10:06:03+00:00","breadcrumb":{"@id":"https:\/\/librairie7l.com\/en\/produit\/cachemires-la-creation-francaise-1800-1880\/#breadcrumb"},"inLanguage":"en-US","potentialAction":[{"@type":"ReadAction","target":["https:\/\/librairie7l.com\/en\/produit\/cachemires-la-creation-francaise-1800-1880\/"]}]},{"@type":"BreadcrumbList","@id":"https:\/\/librairie7l.com\/en\/produit\/cachemires-la-creation-francaise-1800-1880\/#breadcrumb","itemListElement":[{"@type":"ListItem","position":1,"name":"Accueil","item":"https:\/\/librairie7l.com\/en\/"},{"@type":"ListItem","position":2,"name":"Shop","item":"https:\/\/librairie7l.com\/en\/shop\/"},{"@type":"ListItem","position":3,"name":"CACHEMIRES ; LA CR\u00c9ATION FRAN\u00c7AISE ; 1800-1880"}]},{"@type":"WebSite","@id":"https:\/\/librairie7l.com\/en\/#website","url":"https:\/\/librairie7l.com\/en\/","name":"Librairie 7L","description":"Librairie fond\u00e9e en 1999 par Karl Lagerfeld \u00e0 Paris","publisher":{"@id":"https:\/\/librairie7l.com\/en\/#organization"},"potentialAction":[{"@type":"SearchAction","target":{"@type":"EntryPoint","urlTemplate":"https:\/\/librairie7l.com\/en\/?s={search_term_string}"},"query-input":"required name=search_term_string"}],"inLanguage":"en-US"},{"@type":"Organization","@id":"https:\/\/librairie7l.com\/en\/#organization","name":"Librairie 7L","url":"https:\/\/librairie7l.com\/en\/","logo":{"@type":"ImageObject","inLanguage":"en-US","@id":"https:\/\/librairie7l.com\/en\/#\/schema\/logo\/image\/","url":"https:\/\/librairie7l.com\/wp-content\/uploads\/2022\/08\/logo-1.png","contentUrl":"https:\/\/librairie7l.com\/wp-content\/uploads\/2022\/08\/logo-1.png","width":227,"height":301,"caption":"Librairie 7L"},"image":{"@id":"https:\/\/librairie7l.com\/en\/#\/schema\/logo\/image\/"}}]}},"_links":{"self":[{"href":"https:\/\/librairie7l.com\/en\/wp-json\/wp\/v2\/product\/36779"}],"collection":[{"href":"https:\/\/librairie7l.com\/en\/wp-json\/wp\/v2\/product"}],"about":[{"href":"https:\/\/librairie7l.com\/en\/wp-json\/wp\/v2\/types\/product"}],"wp:featuredmedia":[{"embeddable":true,"href":"https:\/\/librairie7l.com\/en\/wp-json\/wp\/v2\/media\/36777"}],"wp:attachment":[{"href":"https:\/\/librairie7l.com\/en\/wp-json\/wp\/v2\/media?parent=36779"}],"wp:term":[{"taxonomy":"product_cat","embeddable":true,"href":"https:\/\/librairie7l.com\/en\/wp-json\/wp\/v2\/product_cat?post=36779"},{"taxonomy":"product_tag","embeddable":true,"href":"https:\/\/librairie7l.com\/en\/wp-json\/wp\/v2\/product_tag?post=36779"}],"curies":[{"name":"wp","href":"https:\/\/api.w.org\/{rel}","templated":true}]}}