{"id":36885,"date":"2024-06-25T21:21:25","date_gmt":"2024-06-25T19:21:25","guid":{"rendered":"https:\/\/librairie7l.com\/?post_type=product&#038;p=36885"},"modified":"2026-04-04T20:05:44","modified_gmt":"2026-04-04T18:05:44","slug":"musee-dart-hyacinthe-rigaud-du-xiv-au-xxi-siecle","status":"publish","type":"product","link":"https:\/\/librairie7l.com\/en\/produit\/musee-dart-hyacinthe-rigaud-du-xiv-au-xxi-siecle\/","title":{"rendered":"MUS\u00c9E D&#8217;ART HYACINTHE RIGAUD ; DU XIV AU XXI SI\u00c8CLE"},"content":{"rendered":"<p>Apr\u00e8s \u00a0plusieurs \u00a0ann\u00e9es \u00a0de \u00a0fermeture \u00a0pour \u00a0travaux, \u00a0le \u00a0mus\u00e9e \u00a0d&#8217;art \u00a0Hyacinthe \u00a0Rigaud \u00a0ouvre \u00a0\u00e0  nouveau \u00a0ses \u00a0portes \u00a0en \u00a0juin \u00a02017 \u00a0d\u00e9voilant \u00a0pour \u00a0la \u00a0premi\u00e8re \u00a0fois \u00a0au \u00a0public \u00a0l&#8217;int\u00e9gralit\u00e9\u00b4 \u00a0de \u00a0l&#8217;h\u00f4tel  de \u00a0Lazerme. \u00a0La \u00a0conservation \u00a0des \u00a0volumes \u00a0domestiques \u00a0et \u00a0la \u00a0restauration \u00a0d&#8217;\u00e9l\u00e9ments \u00a0d\u00e9coratifs  significatifs \u00a0invitent \u00a0\u00e0 \u00a0d\u00e9ambuler \u00a0\u00ab \u00a0entre \u00a0cour \u00a0et \u00a0jardin \u00a0\u00bb \u00a0dans \u00a0cette \u00a0vaste \u00a0demeure \u00a0ayant \u00a0abrit\u00e9  dans \u00a0l&#8217;imm\u00e9diate \u00a0apr\u00e8s-\u00ad-guerre \u00a0une \u00a0intense \u00a0activit\u00e9\u00b4 \u00a0artistique.<br \/>\nLes \u00a0collections \u00a0permanentes \u00a0du \u00a0mus\u00e9e \u00a0seront \u00a0expos\u00e9es \u00a0\u00e0 \u00a0partir \u00a0du \u00a024\/06\/2017.<br \/>\nEditions \u00a0anglaise, \u00a0catalane \u00a0et \u00a0espagnole \u00a0aussi \u00a0pr\u00e9vues.<\/p>\n","protected":false},"excerpt":{"rendered":"<p>Apr\u00e8s \u00a0plusieurs \u00a0ann\u00e9es \u00a0de \u00a0fermeture \u00a0pour \u00a0travaux, \u00a0le \u00a0mus\u00e9e \u00a0d&#8217;art \u00a0Hyacinthe \u00a0Rigaud \u00a0ouvre \u00a0\u00e0 nouveau \u00a0ses \u00a0portes \u00a0en \u00a0juin \u00a02017 \u00a0d\u00e9voilant \u00a0pour \u00a0la \u00a0premi\u00e8re \u00a0fois \u00a0au \u00a0public \u00a0l&#8217;int\u00e9gralit\u00e9\u00b4 \u00a0de \u00a0l&#8217;h\u00f4tel de \u00a0Lazerme. \u00a0La \u00a0conservation \u00a0des \u00a0volumes \u00a0domestiques \u00a0et \u00a0la \u00a0restauration \u00a0d&#8217;\u00e9l\u00e9ments \u00a0d\u00e9coratifs significatifs \u00a0invitent \u00a0\u00e0 \u00a0d\u00e9ambuler \u00a0\u00ab \u00a0entre \u00a0cour \u00a0et \u00a0jardin \u00a0\u00bb \u00a0dans \u00a0cette \u00a0vaste [&hellip;]<\/p>\n","protected":false},"featured_media":36883,"template":"","meta":[],"product_cat":[2948,2953],"product_tag":[],"acf":[],"yoast_head":"<!-- This site is optimized with the Yoast SEO plugin v20.11 - https:\/\/yoast.com\/wordpress\/plugins\/seo\/ -->\n<title>Mus\u00e9e d&#039;art Hyacinthe Rigaud ; du XIV au XXI si\u00e8cle - Librairie 7L<\/title>\n<meta name=\"robots\" content=\"index, follow, max-snippet:-1, max-image-preview:large, max-video-preview:-1\" \/>\n<link rel=\"canonical\" href=\"https:\/\/librairie7l.com\/en\/produit\/musee-dart-hyacinthe-rigaud-du-xiv-au-xxi-siecle\/\" \/>\n<meta property=\"og:locale\" content=\"en_US\" \/>\n<meta property=\"og:type\" content=\"article\" \/>\n<meta property=\"og:title\" content=\"Mus\u00e9e d&#039;art Hyacinthe Rigaud ; du XIV au XXI si\u00e8cle - Librairie 7L\" \/>\n<meta property=\"og:description\" content=\"Apr\u00e8s \u00a0plusieurs \u00a0ann\u00e9es \u00a0de \u00a0fermeture \u00a0pour \u00a0travaux, \u00a0le \u00a0mus\u00e9e \u00a0d&#8217;art \u00a0Hyacinthe \u00a0Rigaud \u00a0ouvre \u00a0\u00e0 nouveau \u00a0ses \u00a0portes \u00a0en \u00a0juin \u00a02017 \u00a0d\u00e9voilant \u00a0pour \u00a0la \u00a0premi\u00e8re \u00a0fois \u00a0au \u00a0public \u00a0l&#8217;int\u00e9gralit\u00e9\u00b4 \u00a0de \u00a0l&#8217;h\u00f4tel de \u00a0Lazerme. \u00a0La \u00a0conservation \u00a0des \u00a0volumes \u00a0domestiques \u00a0et \u00a0la \u00a0restauration \u00a0d&#8217;\u00e9l\u00e9ments \u00a0d\u00e9coratifs significatifs \u00a0invitent \u00a0\u00e0 \u00a0d\u00e9ambuler \u00a0\u00ab \u00a0entre \u00a0cour \u00a0et \u00a0jardin \u00a0\u00bb \u00a0dans \u00a0cette \u00a0vaste [&hellip;]\" \/>\n<meta property=\"og:url\" content=\"https:\/\/librairie7l.com\/en\/produit\/musee-dart-hyacinthe-rigaud-du-xiv-au-xxi-siecle\/\" \/>\n<meta property=\"og:site_name\" content=\"Librairie 7L\" \/>\n<meta property=\"article:modified_time\" content=\"2026-04-04T18:05:44+00:00\" \/>\n<meta property=\"og:image\" content=\"https:\/\/librairie7l.com\/wp-content\/uploads\/2017\/02\/9789461613608_1_75.jpg\" \/>\n\t<meta property=\"og:image:width\" content=\"600\" \/>\n\t<meta property=\"og:image:height\" content=\"675\" \/>\n\t<meta property=\"og:image:type\" content=\"image\/jpeg\" \/>\n<meta name=\"twitter:card\" content=\"summary_large_image\" \/>\n<script type=\"application\/ld+json\" class=\"yoast-schema-graph\">{\"@context\":\"https:\/\/schema.org\",\"@graph\":[{\"@type\":\"WebPage\",\"@id\":\"https:\/\/librairie7l.com\/en\/produit\/musee-dart-hyacinthe-rigaud-du-xiv-au-xxi-siecle\/\",\"url\":\"https:\/\/librairie7l.com\/en\/produit\/musee-dart-hyacinthe-rigaud-du-xiv-au-xxi-siecle\/\",\"name\":\"Mus\u00e9e d'art Hyacinthe Rigaud ; du XIV au XXI si\u00e8cle - Librairie 7L\",\"isPartOf\":{\"@id\":\"https:\/\/librairie7l.com\/en\/#website\"},\"datePublished\":\"2024-06-25T19:21:25+00:00\",\"dateModified\":\"2026-04-04T18:05:44+00:00\",\"breadcrumb\":{\"@id\":\"https:\/\/librairie7l.com\/en\/produit\/musee-dart-hyacinthe-rigaud-du-xiv-au-xxi-siecle\/#breadcrumb\"},\"inLanguage\":\"en-US\",\"potentialAction\":[{\"@type\":\"ReadAction\",\"target\":[\"https:\/\/librairie7l.com\/en\/produit\/musee-dart-hyacinthe-rigaud-du-xiv-au-xxi-siecle\/\"]}]},{\"@type\":\"BreadcrumbList\",\"@id\":\"https:\/\/librairie7l.com\/en\/produit\/musee-dart-hyacinthe-rigaud-du-xiv-au-xxi-siecle\/#breadcrumb\",\"itemListElement\":[{\"@type\":\"ListItem\",\"position\":1,\"name\":\"Accueil\",\"item\":\"https:\/\/librairie7l.com\/en\/\"},{\"@type\":\"ListItem\",\"position\":2,\"name\":\"Shop\",\"item\":\"https:\/\/librairie7l.com\/en\/shop\/\"},{\"@type\":\"ListItem\",\"position\":3,\"name\":\"MUS\u00c9E D&#8217;ART HYACINTHE RIGAUD ; DU XIV AU XXI SI\u00c8CLE\"}]},{\"@type\":\"WebSite\",\"@id\":\"https:\/\/librairie7l.com\/en\/#website\",\"url\":\"https:\/\/librairie7l.com\/en\/\",\"name\":\"Librairie 7L\",\"description\":\"Librairie fond\u00e9e en 1999 par Karl Lagerfeld \u00e0 Paris\",\"publisher\":{\"@id\":\"https:\/\/librairie7l.com\/en\/#organization\"},\"potentialAction\":[{\"@type\":\"SearchAction\",\"target\":{\"@type\":\"EntryPoint\",\"urlTemplate\":\"https:\/\/librairie7l.com\/en\/?s={search_term_string}\"},\"query-input\":\"required name=search_term_string\"}],\"inLanguage\":\"en-US\"},{\"@type\":\"Organization\",\"@id\":\"https:\/\/librairie7l.com\/en\/#organization\",\"name\":\"Librairie 7L\",\"url\":\"https:\/\/librairie7l.com\/en\/\",\"logo\":{\"@type\":\"ImageObject\",\"inLanguage\":\"en-US\",\"@id\":\"https:\/\/librairie7l.com\/en\/#\/schema\/logo\/image\/\",\"url\":\"https:\/\/librairie7l.com\/wp-content\/uploads\/2022\/08\/logo-1.png\",\"contentUrl\":\"https:\/\/librairie7l.com\/wp-content\/uploads\/2022\/08\/logo-1.png\",\"width\":227,\"height\":301,\"caption\":\"Librairie 7L\"},\"image\":{\"@id\":\"https:\/\/librairie7l.com\/en\/#\/schema\/logo\/image\/\"}}]}<\/script>\n<!-- \/ Yoast SEO plugin. -->","yoast_head_json":{"title":"Mus\u00e9e d'art Hyacinthe Rigaud ; du XIV au XXI si\u00e8cle - Librairie 7L","robots":{"index":"index","follow":"follow","max-snippet":"max-snippet:-1","max-image-preview":"max-image-preview:large","max-video-preview":"max-video-preview:-1"},"canonical":"https:\/\/librairie7l.com\/en\/produit\/musee-dart-hyacinthe-rigaud-du-xiv-au-xxi-siecle\/","og_locale":"en_US","og_type":"article","og_title":"Mus\u00e9e d'art Hyacinthe Rigaud ; du XIV au XXI si\u00e8cle - Librairie 7L","og_description":"Apr\u00e8s \u00a0plusieurs \u00a0ann\u00e9es \u00a0de \u00a0fermeture \u00a0pour \u00a0travaux, \u00a0le \u00a0mus\u00e9e \u00a0d&#8217;art \u00a0Hyacinthe \u00a0Rigaud \u00a0ouvre \u00a0\u00e0 nouveau \u00a0ses \u00a0portes \u00a0en \u00a0juin \u00a02017 \u00a0d\u00e9voilant \u00a0pour \u00a0la \u00a0premi\u00e8re \u00a0fois \u00a0au \u00a0public \u00a0l&#8217;int\u00e9gralit\u00e9\u00b4 \u00a0de \u00a0l&#8217;h\u00f4tel de \u00a0Lazerme. \u00a0La \u00a0conservation \u00a0des \u00a0volumes \u00a0domestiques \u00a0et \u00a0la \u00a0restauration \u00a0d&#8217;\u00e9l\u00e9ments \u00a0d\u00e9coratifs significatifs \u00a0invitent \u00a0\u00e0 \u00a0d\u00e9ambuler \u00a0\u00ab \u00a0entre \u00a0cour \u00a0et \u00a0jardin \u00a0\u00bb \u00a0dans \u00a0cette \u00a0vaste [&hellip;]","og_url":"https:\/\/librairie7l.com\/en\/produit\/musee-dart-hyacinthe-rigaud-du-xiv-au-xxi-siecle\/","og_site_name":"Librairie 7L","article_modified_time":"2026-04-04T18:05:44+00:00","og_image":[{"width":600,"height":675,"url":"https:\/\/librairie7l.com\/wp-content\/uploads\/2017\/02\/9789461613608_1_75.jpg","type":"image\/jpeg"}],"twitter_card":"summary_large_image","schema":{"@context":"https:\/\/schema.org","@graph":[{"@type":"WebPage","@id":"https:\/\/librairie7l.com\/en\/produit\/musee-dart-hyacinthe-rigaud-du-xiv-au-xxi-siecle\/","url":"https:\/\/librairie7l.com\/en\/produit\/musee-dart-hyacinthe-rigaud-du-xiv-au-xxi-siecle\/","name":"Mus\u00e9e d'art Hyacinthe Rigaud ; du XIV au XXI si\u00e8cle - Librairie 7L","isPartOf":{"@id":"https:\/\/librairie7l.com\/en\/#website"},"datePublished":"2024-06-25T19:21:25+00:00","dateModified":"2026-04-04T18:05:44+00:00","breadcrumb":{"@id":"https:\/\/librairie7l.com\/en\/produit\/musee-dart-hyacinthe-rigaud-du-xiv-au-xxi-siecle\/#breadcrumb"},"inLanguage":"en-US","potentialAction":[{"@type":"ReadAction","target":["https:\/\/librairie7l.com\/en\/produit\/musee-dart-hyacinthe-rigaud-du-xiv-au-xxi-siecle\/"]}]},{"@type":"BreadcrumbList","@id":"https:\/\/librairie7l.com\/en\/produit\/musee-dart-hyacinthe-rigaud-du-xiv-au-xxi-siecle\/#breadcrumb","itemListElement":[{"@type":"ListItem","position":1,"name":"Accueil","item":"https:\/\/librairie7l.com\/en\/"},{"@type":"ListItem","position":2,"name":"Shop","item":"https:\/\/librairie7l.com\/en\/shop\/"},{"@type":"ListItem","position":3,"name":"MUS\u00c9E D&#8217;ART HYACINTHE RIGAUD ; DU XIV AU XXI SI\u00c8CLE"}]},{"@type":"WebSite","@id":"https:\/\/librairie7l.com\/en\/#website","url":"https:\/\/librairie7l.com\/en\/","name":"Librairie 7L","description":"Librairie fond\u00e9e en 1999 par Karl Lagerfeld \u00e0 Paris","publisher":{"@id":"https:\/\/librairie7l.com\/en\/#organization"},"potentialAction":[{"@type":"SearchAction","target":{"@type":"EntryPoint","urlTemplate":"https:\/\/librairie7l.com\/en\/?s={search_term_string}"},"query-input":"required name=search_term_string"}],"inLanguage":"en-US"},{"@type":"Organization","@id":"https:\/\/librairie7l.com\/en\/#organization","name":"Librairie 7L","url":"https:\/\/librairie7l.com\/en\/","logo":{"@type":"ImageObject","inLanguage":"en-US","@id":"https:\/\/librairie7l.com\/en\/#\/schema\/logo\/image\/","url":"https:\/\/librairie7l.com\/wp-content\/uploads\/2022\/08\/logo-1.png","contentUrl":"https:\/\/librairie7l.com\/wp-content\/uploads\/2022\/08\/logo-1.png","width":227,"height":301,"caption":"Librairie 7L"},"image":{"@id":"https:\/\/librairie7l.com\/en\/#\/schema\/logo\/image\/"}}]}},"_links":{"self":[{"href":"https:\/\/librairie7l.com\/en\/wp-json\/wp\/v2\/product\/36885"}],"collection":[{"href":"https:\/\/librairie7l.com\/en\/wp-json\/wp\/v2\/product"}],"about":[{"href":"https:\/\/librairie7l.com\/en\/wp-json\/wp\/v2\/types\/product"}],"wp:featuredmedia":[{"embeddable":true,"href":"https:\/\/librairie7l.com\/en\/wp-json\/wp\/v2\/media\/36883"}],"wp:attachment":[{"href":"https:\/\/librairie7l.com\/en\/wp-json\/wp\/v2\/media?parent=36885"}],"wp:term":[{"taxonomy":"product_cat","embeddable":true,"href":"https:\/\/librairie7l.com\/en\/wp-json\/wp\/v2\/product_cat?post=36885"},{"taxonomy":"product_tag","embeddable":true,"href":"https:\/\/librairie7l.com\/en\/wp-json\/wp\/v2\/product_tag?post=36885"}],"curies":[{"name":"wp","href":"https:\/\/api.w.org\/{rel}","templated":true}]}}