{"id":36893,"date":"2024-06-25T21:32:27","date_gmt":"2024-06-25T19:32:27","guid":{"rendered":"https:\/\/librairie7l.com\/?post_type=product&#038;p=36893"},"modified":"2026-04-23T13:23:08","modified_gmt":"2026-04-23T11:23:08","slug":"albert-diato","status":"publish","type":"product","link":"https:\/\/librairie7l.com\/en\/produit\/albert-diato\/","title":{"rendered":"ALBERT DIATO"},"content":{"rendered":"<p>Artiste prot\u00e9iforme qui manie avec brio pinceau, stylo ou argile, Albert Diato na\u00eet \u00e0 Monaco en 1927, o\u00f9 il passe son bac en 1945. \u00c0 Paris, pendant la p\u00e9riode euphorique de l&#8217;apr\u00e8s-guerre, il se frotte \u00e0 tous les courants artistiques de l&#8217;\u00e9poque : abstraction, surr\u00e9alisme et lettrisme principalement. Ses po\u00e8mes et nouvelles r\u00e9v\u00e8lent un univers onirique et \u00ab underground \u00bb original.<br \/>\nD\u00e9couvrant le plaisir du travail de la terre gr\u00e2ce \u00e0 Picasso qui l&#8217;invite \u00e0 Vallauris et qui explore la c\u00e9ramique \u00e0 l&#8217;atelier Madoura, Albert Diato cr\u00e9e, en 1948, avec Francine Del Pierre et Gilbert Portanier, l&#8217;atelier du Triptyque, qui contribue \u00e0 la r\u00e9volution esth\u00e9tique de la c\u00e9ramique des ann\u00e9es 1950. \u00c0 partir de 1952, il ouvre diff\u00e9rents ateliers \u00e0 Paris, Londres, Faenza, etc. Ses pi\u00e8ces sont expos\u00e9es dans les grandes galeries et acquises par de nombreux mus\u00e9es en France et \u00e0 l&#8217;\u00e9tranger (Saint-\u00c9tienne, Victoria and Albert Museum, etc.). Ses c\u00e9ramiques sont fortes et puissantes, et leurs dessins pr\u00e9paratoires cr\u00e9atifs et vigoureux.<br \/>\nEn 1959, Diato obtient la m\u00e9daille d&#8217;or \u00e0 l&#8217;Exposition internationale de la c\u00e9ramique d&#8217;Ostende. Cette m\u00eame ann\u00e9e, le prince Pierre de Monaco remarque ce c\u00e9ramiste dou\u00e9 et lui demande d&#8217;effectuer le d\u00e9cor de la Biblioth\u00e8que Princesse Caroline \u00e0 Monaco, inaugur\u00e9e par la toute jeune princesse. En 1960, il le charge de r\u00e9aliser un grand panneau mural en c\u00e9ramique et un plafond en stuc pour la salle des d\u00e9l\u00e9gu\u00e9s \u00e0 l&#8217;Unesco \u00e0 Paris.<br \/>\nMais le talent du c\u00e9ramiste ne doit pas \u00e9clipser celui du peintre. Sa peinture est tout \u00e0 fait unique et originale, et tr\u00e8s t\u00f4t apparaissent gouaches, huiles, gravures ou lithographies. Stylis\u00e9e et ac\u00e9r\u00e9e, elle est d&#8217;abord figurative, avant que Diato ne se lance \u00e0 corps perdu, vers 1957, dans une belle abstraction po\u00e9tique. En 1962, influenc\u00e9 par Yves Klein et ses monochromes dor\u00e9s, il introduit la feuille d&#8217;or dans ses cr\u00e9ations. Son oeuvre, d&#8217;o\u00f9 se d\u00e9gagent mysticisme et s\u00e9r\u00e9nit\u00e9, a \u00e9t\u00e9 expos\u00e9e par les plus grandes galeries internationales.<br \/>\nEn 1967, \u00e0 la demande du roi Zaher Shah d&#8217;Afghanistan, et gr\u00e2ce \u00e0 ses grandes connaissances en mati\u00e8re d&#8217;\u00e9maux et de cuisson, Albert Diato est nomm\u00e9 expert par le Bureau International du Travail (BIT) de Gen\u00e8ve afin de relancer la poterie afghane. Il ex\u00e9cute pour l&#8217;ambassade de France \u00e0 Kaboul un grand panneau mural, puis deux autres pour la villa du roi \u00e0 Naghlu.<br \/>\nCe n&#8217;est que peu de temps avant sa mort pr\u00e9matur\u00e9e qu&#8217;Albert Diato revient \u00e0 Monaco, laissant le souvenir d&#8217;une personnalit\u00e9 chaleureuse et po\u00e9tique hors du commun.<br \/>\nL&#8217;exposition r\u00e9trospective de l&#8217;\u00e9t\u00e9 2013, organis\u00e9e par la Direction des Affaires Culturelles de Monaco et les commissaires d&#8217;exposition Adriano Ribolzi et Marie-Pascale Suhard, permettra de redonner \u00e0 Albert Diato la place qui lui revient dans le coeur des Mon\u00e9gasques et celle de grand cr\u00e9ateur dans le contexte artistique du XXe si\u00e8cle qu&#8217;il occupait de son vivant.<\/p>\n","protected":false},"excerpt":{"rendered":"<p>Artiste prot\u00e9iforme qui manie avec brio pinceau, stylo ou argile, Albert Diato na\u00eet \u00e0 Monaco en 1927, o\u00f9 il passe son bac en 1945. \u00c0 Paris, pendant la p\u00e9riode euphorique de l&#8217;apr\u00e8s-guerre, il se frotte \u00e0 tous les courants artistiques de l&#8217;\u00e9poque : abstraction, surr\u00e9alisme et lettrisme principalement. Ses po\u00e8mes et nouvelles r\u00e9v\u00e8lent un univers [&hellip;]<\/p>\n","protected":false},"featured_media":36891,"template":"","meta":[],"product_cat":[2948,2952],"product_tag":[],"acf":[],"yoast_head":"<!-- This site is optimized with the Yoast SEO plugin v20.11 - https:\/\/yoast.com\/wordpress\/plugins\/seo\/ -->\n<title>Albert Diato - Librairie 7L<\/title>\n<meta name=\"robots\" content=\"index, follow, max-snippet:-1, max-image-preview:large, max-video-preview:-1\" \/>\n<link rel=\"canonical\" href=\"https:\/\/librairie7l.com\/en\/produit\/albert-diato\/\" \/>\n<meta property=\"og:locale\" content=\"en_US\" \/>\n<meta property=\"og:type\" content=\"article\" \/>\n<meta property=\"og:title\" content=\"Albert Diato - Librairie 7L\" \/>\n<meta property=\"og:description\" content=\"Artiste prot\u00e9iforme qui manie avec brio pinceau, stylo ou argile, Albert Diato na\u00eet \u00e0 Monaco en 1927, o\u00f9 il passe son bac en 1945. \u00c0 Paris, pendant la p\u00e9riode euphorique de l&#8217;apr\u00e8s-guerre, il se frotte \u00e0 tous les courants artistiques de l&#8217;\u00e9poque : abstraction, surr\u00e9alisme et lettrisme principalement. Ses po\u00e8mes et nouvelles r\u00e9v\u00e8lent un univers [&hellip;]\" \/>\n<meta property=\"og:url\" content=\"https:\/\/librairie7l.com\/en\/produit\/albert-diato\/\" \/>\n<meta property=\"og:site_name\" content=\"Librairie 7L\" \/>\n<meta property=\"article:modified_time\" content=\"2026-04-23T11:23:08+00:00\" \/>\n<meta property=\"og:image\" content=\"https:\/\/librairie7l.com\/wp-content\/uploads\/2013\/03\/9782915542530_1_75.jpg\" \/>\n\t<meta property=\"og:image:width\" content=\"379\" \/>\n\t<meta property=\"og:image:height\" content=\"500\" \/>\n\t<meta property=\"og:image:type\" content=\"image\/jpeg\" \/>\n<meta name=\"twitter:card\" content=\"summary_large_image\" \/>\n<meta name=\"twitter:label1\" content=\"Est. reading time\" \/>\n\t<meta name=\"twitter:data1\" content=\"2 minutes\" \/>\n<script type=\"application\/ld+json\" class=\"yoast-schema-graph\">{\"@context\":\"https:\/\/schema.org\",\"@graph\":[{\"@type\":\"WebPage\",\"@id\":\"https:\/\/librairie7l.com\/en\/produit\/albert-diato\/\",\"url\":\"https:\/\/librairie7l.com\/en\/produit\/albert-diato\/\",\"name\":\"Albert Diato - Librairie 7L\",\"isPartOf\":{\"@id\":\"https:\/\/librairie7l.com\/en\/#website\"},\"datePublished\":\"2024-06-25T19:32:27+00:00\",\"dateModified\":\"2026-04-23T11:23:08+00:00\",\"breadcrumb\":{\"@id\":\"https:\/\/librairie7l.com\/en\/produit\/albert-diato\/#breadcrumb\"},\"inLanguage\":\"en-US\",\"potentialAction\":[{\"@type\":\"ReadAction\",\"target\":[\"https:\/\/librairie7l.com\/en\/produit\/albert-diato\/\"]}]},{\"@type\":\"BreadcrumbList\",\"@id\":\"https:\/\/librairie7l.com\/en\/produit\/albert-diato\/#breadcrumb\",\"itemListElement\":[{\"@type\":\"ListItem\",\"position\":1,\"name\":\"Accueil\",\"item\":\"https:\/\/librairie7l.com\/en\/\"},{\"@type\":\"ListItem\",\"position\":2,\"name\":\"Shop\",\"item\":\"https:\/\/librairie7l.com\/en\/shop\/\"},{\"@type\":\"ListItem\",\"position\":3,\"name\":\"ALBERT DIATO\"}]},{\"@type\":\"WebSite\",\"@id\":\"https:\/\/librairie7l.com\/en\/#website\",\"url\":\"https:\/\/librairie7l.com\/en\/\",\"name\":\"Librairie 7L\",\"description\":\"Librairie fond\u00e9e en 1999 par Karl Lagerfeld \u00e0 Paris\",\"publisher\":{\"@id\":\"https:\/\/librairie7l.com\/en\/#organization\"},\"potentialAction\":[{\"@type\":\"SearchAction\",\"target\":{\"@type\":\"EntryPoint\",\"urlTemplate\":\"https:\/\/librairie7l.com\/en\/?s={search_term_string}\"},\"query-input\":\"required name=search_term_string\"}],\"inLanguage\":\"en-US\"},{\"@type\":\"Organization\",\"@id\":\"https:\/\/librairie7l.com\/en\/#organization\",\"name\":\"Librairie 7L\",\"url\":\"https:\/\/librairie7l.com\/en\/\",\"logo\":{\"@type\":\"ImageObject\",\"inLanguage\":\"en-US\",\"@id\":\"https:\/\/librairie7l.com\/en\/#\/schema\/logo\/image\/\",\"url\":\"https:\/\/librairie7l.com\/wp-content\/uploads\/2022\/08\/logo-1.png\",\"contentUrl\":\"https:\/\/librairie7l.com\/wp-content\/uploads\/2022\/08\/logo-1.png\",\"width\":227,\"height\":301,\"caption\":\"Librairie 7L\"},\"image\":{\"@id\":\"https:\/\/librairie7l.com\/en\/#\/schema\/logo\/image\/\"}}]}<\/script>\n<!-- \/ Yoast SEO plugin. -->","yoast_head_json":{"title":"Albert Diato - Librairie 7L","robots":{"index":"index","follow":"follow","max-snippet":"max-snippet:-1","max-image-preview":"max-image-preview:large","max-video-preview":"max-video-preview:-1"},"canonical":"https:\/\/librairie7l.com\/en\/produit\/albert-diato\/","og_locale":"en_US","og_type":"article","og_title":"Albert Diato - Librairie 7L","og_description":"Artiste prot\u00e9iforme qui manie avec brio pinceau, stylo ou argile, Albert Diato na\u00eet \u00e0 Monaco en 1927, o\u00f9 il passe son bac en 1945. \u00c0 Paris, pendant la p\u00e9riode euphorique de l&#8217;apr\u00e8s-guerre, il se frotte \u00e0 tous les courants artistiques de l&#8217;\u00e9poque : abstraction, surr\u00e9alisme et lettrisme principalement. Ses po\u00e8mes et nouvelles r\u00e9v\u00e8lent un univers [&hellip;]","og_url":"https:\/\/librairie7l.com\/en\/produit\/albert-diato\/","og_site_name":"Librairie 7L","article_modified_time":"2026-04-23T11:23:08+00:00","og_image":[{"width":379,"height":500,"url":"https:\/\/librairie7l.com\/wp-content\/uploads\/2013\/03\/9782915542530_1_75.jpg","type":"image\/jpeg"}],"twitter_card":"summary_large_image","twitter_misc":{"Est. reading time":"2 minutes"},"schema":{"@context":"https:\/\/schema.org","@graph":[{"@type":"WebPage","@id":"https:\/\/librairie7l.com\/en\/produit\/albert-diato\/","url":"https:\/\/librairie7l.com\/en\/produit\/albert-diato\/","name":"Albert Diato - Librairie 7L","isPartOf":{"@id":"https:\/\/librairie7l.com\/en\/#website"},"datePublished":"2024-06-25T19:32:27+00:00","dateModified":"2026-04-23T11:23:08+00:00","breadcrumb":{"@id":"https:\/\/librairie7l.com\/en\/produit\/albert-diato\/#breadcrumb"},"inLanguage":"en-US","potentialAction":[{"@type":"ReadAction","target":["https:\/\/librairie7l.com\/en\/produit\/albert-diato\/"]}]},{"@type":"BreadcrumbList","@id":"https:\/\/librairie7l.com\/en\/produit\/albert-diato\/#breadcrumb","itemListElement":[{"@type":"ListItem","position":1,"name":"Accueil","item":"https:\/\/librairie7l.com\/en\/"},{"@type":"ListItem","position":2,"name":"Shop","item":"https:\/\/librairie7l.com\/en\/shop\/"},{"@type":"ListItem","position":3,"name":"ALBERT DIATO"}]},{"@type":"WebSite","@id":"https:\/\/librairie7l.com\/en\/#website","url":"https:\/\/librairie7l.com\/en\/","name":"Librairie 7L","description":"Librairie fond\u00e9e en 1999 par Karl Lagerfeld \u00e0 Paris","publisher":{"@id":"https:\/\/librairie7l.com\/en\/#organization"},"potentialAction":[{"@type":"SearchAction","target":{"@type":"EntryPoint","urlTemplate":"https:\/\/librairie7l.com\/en\/?s={search_term_string}"},"query-input":"required name=search_term_string"}],"inLanguage":"en-US"},{"@type":"Organization","@id":"https:\/\/librairie7l.com\/en\/#organization","name":"Librairie 7L","url":"https:\/\/librairie7l.com\/en\/","logo":{"@type":"ImageObject","inLanguage":"en-US","@id":"https:\/\/librairie7l.com\/en\/#\/schema\/logo\/image\/","url":"https:\/\/librairie7l.com\/wp-content\/uploads\/2022\/08\/logo-1.png","contentUrl":"https:\/\/librairie7l.com\/wp-content\/uploads\/2022\/08\/logo-1.png","width":227,"height":301,"caption":"Librairie 7L"},"image":{"@id":"https:\/\/librairie7l.com\/en\/#\/schema\/logo\/image\/"}}]}},"_links":{"self":[{"href":"https:\/\/librairie7l.com\/en\/wp-json\/wp\/v2\/product\/36893"}],"collection":[{"href":"https:\/\/librairie7l.com\/en\/wp-json\/wp\/v2\/product"}],"about":[{"href":"https:\/\/librairie7l.com\/en\/wp-json\/wp\/v2\/types\/product"}],"wp:featuredmedia":[{"embeddable":true,"href":"https:\/\/librairie7l.com\/en\/wp-json\/wp\/v2\/media\/36891"}],"wp:attachment":[{"href":"https:\/\/librairie7l.com\/en\/wp-json\/wp\/v2\/media?parent=36893"}],"wp:term":[{"taxonomy":"product_cat","embeddable":true,"href":"https:\/\/librairie7l.com\/en\/wp-json\/wp\/v2\/product_cat?post=36893"},{"taxonomy":"product_tag","embeddable":true,"href":"https:\/\/librairie7l.com\/en\/wp-json\/wp\/v2\/product_tag?post=36893"}],"curies":[{"name":"wp","href":"https:\/\/api.w.org\/{rel}","templated":true}]}}