{"id":36903,"date":"2024-06-11T17:06:44","date_gmt":"2024-06-11T15:06:44","guid":{"rendered":"https:\/\/librairie7l.com\/?post_type=product&#038;p=36903"},"modified":"2026-05-08T18:07:04","modified_gmt":"2026-05-08T16:07:04","slug":"martin-szekely-constructions","status":"publish","type":"product","link":"https:\/\/librairie7l.com\/en\/produit\/martin-szekely-constructions\/","title":{"rendered":"MARTIN SZEKELY ; CONSTRUCTIONS"},"content":{"rendered":"<p>Du 26 avril au 16 septembre 2018, Martin Szekely expose au mus\u00e9e des Arts d\u00e9coratifs et du Design (MADD) de Bordeaux un ensemble exceptionnel d&#8217;une quarantaine de pi\u00e8ces, con\u00e7ues entre 1996 et 2018, autour du th\u00e8me de la construction.<br \/>\nCes meubles et objets semblent r\u00e9inventer leur composition m\u00eame : ils sont tous le r\u00e9sultat d&#8217;un d\u00e92 structurel.<br \/>\nExp\u00e9rimentant tous les mat\u00e9riaux, traditionnels ou nouveaux, Martin Szekely aborde chaque projet comme une nouvelle remise en question. Les meubles et les objets du designer sont le r\u00e9sultat d&#8217;un travail prospectif sur l&#8217;\u00e9quilibre \u00e0 partir de donn\u00e9es de masse, de pesanteur et de r\u00e9seaux de forces, le plus souvent invisibles \u00e0 l&#8217;oeil nu.<br \/>\nPour Szekely, construire rel\u00e8ve de l&#8217;essence m\u00eame du m\u00e9tier du designer :<br \/>\n\u00ab J&#8217;envisage ma pratique sous l&#8217;angle du constructeur et de l&#8217;usage qui sera fait de ma construction ; ce qui implique d&#8217;embl\u00e9e l&#8217;usager, son corps et son environnement. Qui implique l&#8217;usager, appelle l&#8217;histoire des usages.<br \/>\nQui construit &#8211; ce qui est le propre du designer contrairement \u00e0 l&#8217;artiste qui peut se suf2re des id\u00e9es &#8211; appelle l&#8217;histoire des structures et des technologies qui les sous-tendent. \u00bb Sa r\u00e9&gt;exion est corr\u00e9l\u00e9e \u00e0 une recherche de simpli2cation pour approcher, avec exigence, l&#8217;\u00e9tat limite des mat\u00e9riaux.<br \/>\nDans ce processus de r\u00e9duction, voire d&#8217;effacement, le designer tend vers un dispositif structurel a minima.<br \/>\nLes pi\u00e8ces paraissent simples, \u00e9videntes et poss\u00e8dent une dimension universelle.<\/p>\n","protected":false},"excerpt":{"rendered":"<p>Du 26 avril au 16 septembre 2018, Martin Szekely expose au mus\u00e9e des Arts d\u00e9coratifs et du Design (MADD) de Bordeaux un ensemble exceptionnel d&#8217;une quarantaine de pi\u00e8ces, con\u00e7ues entre 1996 et 2018, autour du th\u00e8me de la construction. Ces meubles et objets semblent r\u00e9inventer leur composition m\u00eame : ils sont tous le r\u00e9sultat d&#8217;un [&hellip;]<\/p>\n","protected":false},"featured_media":36901,"template":"","meta":[],"product_cat":[2948,2952],"product_tag":[],"acf":[],"yoast_head":"<!-- This site is optimized with the Yoast SEO plugin v20.11 - https:\/\/yoast.com\/wordpress\/plugins\/seo\/ -->\n<title>Martin Szekely ; constructions - Librairie 7L<\/title>\n<meta name=\"robots\" content=\"index, follow, max-snippet:-1, max-image-preview:large, max-video-preview:-1\" \/>\n<link rel=\"canonical\" href=\"https:\/\/librairie7l.com\/en\/produit\/martin-szekely-constructions\/\" \/>\n<meta property=\"og:locale\" content=\"en_US\" \/>\n<meta property=\"og:type\" content=\"article\" \/>\n<meta property=\"og:title\" content=\"Martin Szekely ; constructions - Librairie 7L\" \/>\n<meta property=\"og:description\" content=\"Du 26 avril au 16 septembre 2018, Martin Szekely expose au mus\u00e9e des Arts d\u00e9coratifs et du Design (MADD) de Bordeaux un ensemble exceptionnel d&#8217;une quarantaine de pi\u00e8ces, con\u00e7ues entre 1996 et 2018, autour du th\u00e8me de la construction. Ces meubles et objets semblent r\u00e9inventer leur composition m\u00eame : ils sont tous le r\u00e9sultat d&#8217;un [&hellip;]\" \/>\n<meta property=\"og:url\" content=\"https:\/\/librairie7l.com\/en\/produit\/martin-szekely-constructions\/\" \/>\n<meta property=\"og:site_name\" content=\"Librairie 7L\" \/>\n<meta property=\"article:modified_time\" content=\"2026-05-08T16:07:04+00:00\" \/>\n<meta property=\"og:image\" content=\"https:\/\/librairie7l.com\/wp-content\/uploads\/2017\/12\/9782376660149_1_75.jpg\" \/>\n\t<meta property=\"og:image:width\" content=\"600\" \/>\n\t<meta property=\"og:image:height\" content=\"796\" \/>\n\t<meta property=\"og:image:type\" content=\"image\/jpeg\" \/>\n<meta name=\"twitter:card\" content=\"summary_large_image\" \/>\n<meta name=\"twitter:label1\" content=\"Est. reading time\" \/>\n\t<meta name=\"twitter:data1\" content=\"1 minute\" \/>\n<script type=\"application\/ld+json\" class=\"yoast-schema-graph\">{\"@context\":\"https:\/\/schema.org\",\"@graph\":[{\"@type\":\"WebPage\",\"@id\":\"https:\/\/librairie7l.com\/en\/produit\/martin-szekely-constructions\/\",\"url\":\"https:\/\/librairie7l.com\/en\/produit\/martin-szekely-constructions\/\",\"name\":\"Martin Szekely ; constructions - Librairie 7L\",\"isPartOf\":{\"@id\":\"https:\/\/librairie7l.com\/en\/#website\"},\"datePublished\":\"2024-06-11T15:06:44+00:00\",\"dateModified\":\"2026-05-08T16:07:04+00:00\",\"breadcrumb\":{\"@id\":\"https:\/\/librairie7l.com\/en\/produit\/martin-szekely-constructions\/#breadcrumb\"},\"inLanguage\":\"en-US\",\"potentialAction\":[{\"@type\":\"ReadAction\",\"target\":[\"https:\/\/librairie7l.com\/en\/produit\/martin-szekely-constructions\/\"]}]},{\"@type\":\"BreadcrumbList\",\"@id\":\"https:\/\/librairie7l.com\/en\/produit\/martin-szekely-constructions\/#breadcrumb\",\"itemListElement\":[{\"@type\":\"ListItem\",\"position\":1,\"name\":\"Accueil\",\"item\":\"https:\/\/librairie7l.com\/en\/\"},{\"@type\":\"ListItem\",\"position\":2,\"name\":\"Shop\",\"item\":\"https:\/\/librairie7l.com\/en\/shop\/\"},{\"@type\":\"ListItem\",\"position\":3,\"name\":\"MARTIN SZEKELY ; CONSTRUCTIONS\"}]},{\"@type\":\"WebSite\",\"@id\":\"https:\/\/librairie7l.com\/en\/#website\",\"url\":\"https:\/\/librairie7l.com\/en\/\",\"name\":\"Librairie 7L\",\"description\":\"Librairie fond\u00e9e en 1999 par Karl Lagerfeld \u00e0 Paris\",\"publisher\":{\"@id\":\"https:\/\/librairie7l.com\/en\/#organization\"},\"potentialAction\":[{\"@type\":\"SearchAction\",\"target\":{\"@type\":\"EntryPoint\",\"urlTemplate\":\"https:\/\/librairie7l.com\/en\/?s={search_term_string}\"},\"query-input\":\"required name=search_term_string\"}],\"inLanguage\":\"en-US\"},{\"@type\":\"Organization\",\"@id\":\"https:\/\/librairie7l.com\/en\/#organization\",\"name\":\"Librairie 7L\",\"url\":\"https:\/\/librairie7l.com\/en\/\",\"logo\":{\"@type\":\"ImageObject\",\"inLanguage\":\"en-US\",\"@id\":\"https:\/\/librairie7l.com\/en\/#\/schema\/logo\/image\/\",\"url\":\"https:\/\/librairie7l.com\/wp-content\/uploads\/2022\/08\/logo-1.png\",\"contentUrl\":\"https:\/\/librairie7l.com\/wp-content\/uploads\/2022\/08\/logo-1.png\",\"width\":227,\"height\":301,\"caption\":\"Librairie 7L\"},\"image\":{\"@id\":\"https:\/\/librairie7l.com\/en\/#\/schema\/logo\/image\/\"}}]}<\/script>\n<!-- \/ Yoast SEO plugin. -->","yoast_head_json":{"title":"Martin Szekely ; constructions - Librairie 7L","robots":{"index":"index","follow":"follow","max-snippet":"max-snippet:-1","max-image-preview":"max-image-preview:large","max-video-preview":"max-video-preview:-1"},"canonical":"https:\/\/librairie7l.com\/en\/produit\/martin-szekely-constructions\/","og_locale":"en_US","og_type":"article","og_title":"Martin Szekely ; constructions - Librairie 7L","og_description":"Du 26 avril au 16 septembre 2018, Martin Szekely expose au mus\u00e9e des Arts d\u00e9coratifs et du Design (MADD) de Bordeaux un ensemble exceptionnel d&#8217;une quarantaine de pi\u00e8ces, con\u00e7ues entre 1996 et 2018, autour du th\u00e8me de la construction. Ces meubles et objets semblent r\u00e9inventer leur composition m\u00eame : ils sont tous le r\u00e9sultat d&#8217;un [&hellip;]","og_url":"https:\/\/librairie7l.com\/en\/produit\/martin-szekely-constructions\/","og_site_name":"Librairie 7L","article_modified_time":"2026-05-08T16:07:04+00:00","og_image":[{"width":600,"height":796,"url":"https:\/\/librairie7l.com\/wp-content\/uploads\/2017\/12\/9782376660149_1_75.jpg","type":"image\/jpeg"}],"twitter_card":"summary_large_image","twitter_misc":{"Est. reading time":"1 minute"},"schema":{"@context":"https:\/\/schema.org","@graph":[{"@type":"WebPage","@id":"https:\/\/librairie7l.com\/en\/produit\/martin-szekely-constructions\/","url":"https:\/\/librairie7l.com\/en\/produit\/martin-szekely-constructions\/","name":"Martin Szekely ; constructions - Librairie 7L","isPartOf":{"@id":"https:\/\/librairie7l.com\/en\/#website"},"datePublished":"2024-06-11T15:06:44+00:00","dateModified":"2026-05-08T16:07:04+00:00","breadcrumb":{"@id":"https:\/\/librairie7l.com\/en\/produit\/martin-szekely-constructions\/#breadcrumb"},"inLanguage":"en-US","potentialAction":[{"@type":"ReadAction","target":["https:\/\/librairie7l.com\/en\/produit\/martin-szekely-constructions\/"]}]},{"@type":"BreadcrumbList","@id":"https:\/\/librairie7l.com\/en\/produit\/martin-szekely-constructions\/#breadcrumb","itemListElement":[{"@type":"ListItem","position":1,"name":"Accueil","item":"https:\/\/librairie7l.com\/en\/"},{"@type":"ListItem","position":2,"name":"Shop","item":"https:\/\/librairie7l.com\/en\/shop\/"},{"@type":"ListItem","position":3,"name":"MARTIN SZEKELY ; CONSTRUCTIONS"}]},{"@type":"WebSite","@id":"https:\/\/librairie7l.com\/en\/#website","url":"https:\/\/librairie7l.com\/en\/","name":"Librairie 7L","description":"Librairie fond\u00e9e en 1999 par Karl Lagerfeld \u00e0 Paris","publisher":{"@id":"https:\/\/librairie7l.com\/en\/#organization"},"potentialAction":[{"@type":"SearchAction","target":{"@type":"EntryPoint","urlTemplate":"https:\/\/librairie7l.com\/en\/?s={search_term_string}"},"query-input":"required name=search_term_string"}],"inLanguage":"en-US"},{"@type":"Organization","@id":"https:\/\/librairie7l.com\/en\/#organization","name":"Librairie 7L","url":"https:\/\/librairie7l.com\/en\/","logo":{"@type":"ImageObject","inLanguage":"en-US","@id":"https:\/\/librairie7l.com\/en\/#\/schema\/logo\/image\/","url":"https:\/\/librairie7l.com\/wp-content\/uploads\/2022\/08\/logo-1.png","contentUrl":"https:\/\/librairie7l.com\/wp-content\/uploads\/2022\/08\/logo-1.png","width":227,"height":301,"caption":"Librairie 7L"},"image":{"@id":"https:\/\/librairie7l.com\/en\/#\/schema\/logo\/image\/"}}]}},"_links":{"self":[{"href":"https:\/\/librairie7l.com\/en\/wp-json\/wp\/v2\/product\/36903"}],"collection":[{"href":"https:\/\/librairie7l.com\/en\/wp-json\/wp\/v2\/product"}],"about":[{"href":"https:\/\/librairie7l.com\/en\/wp-json\/wp\/v2\/types\/product"}],"wp:featuredmedia":[{"embeddable":true,"href":"https:\/\/librairie7l.com\/en\/wp-json\/wp\/v2\/media\/36901"}],"wp:attachment":[{"href":"https:\/\/librairie7l.com\/en\/wp-json\/wp\/v2\/media?parent=36903"}],"wp:term":[{"taxonomy":"product_cat","embeddable":true,"href":"https:\/\/librairie7l.com\/en\/wp-json\/wp\/v2\/product_cat?post=36903"},{"taxonomy":"product_tag","embeddable":true,"href":"https:\/\/librairie7l.com\/en\/wp-json\/wp\/v2\/product_tag?post=36903"}],"curies":[{"name":"wp","href":"https:\/\/api.w.org\/{rel}","templated":true}]}}