{"id":36975,"date":"2024-06-25T13:29:19","date_gmt":"2024-06-25T11:29:19","guid":{"rendered":"https:\/\/librairie7l.com\/?post_type=product&#038;p=36975"},"modified":"2026-04-23T12:06:48","modified_gmt":"2026-04-23T10:06:48","slug":"brazilian-modern-design-anglais-portugais","status":"publish","type":"product","link":"https:\/\/librairie7l.com\/en\/produit\/brazilian-modern-design-anglais-portugais\/","title":{"rendered":"BRAZILIAN MODERN DESIGN \/ANGLAIS\/PORTUGAIS"},"content":{"rendered":"<p>Cet imposant recueil de 484 pages documente le travail de 15 des principaux designers de meubles br\u00e9siliens de la p\u00e9riode moderne, entre les ann\u00e9es 40 et 70, dont Lina Bo Bardi, Joaquim Tenreiro, Jos\u00e9 Zanine Caldas, Sergio Rodrigues et Jorge Zalszupin. Le grand nombre d&#8217;images permet d&#8217;appr\u00e9cier les d\u00e9tails de la pens\u00e9e cr\u00e9ative des designers et la vari\u00e9t\u00e9 des solutions esth\u00e9tiques. Le texte d&#8217;accompagnement de Maria Cecilia Loschiavo examine les \u00e9l\u00e9ments qui ont provoqu\u00e9 la gen\u00e8se du design br\u00e9silien moderne. Le livre comprend \u00e9galement une courte biographie de chacun des designers, ainsi qu&#8217;un chapitre sur les contributions des architectes \u00e0 la conception de meubles modernes.<\/p>\n","protected":false},"excerpt":{"rendered":"<p>Cet imposant recueil de 484 pages documente le travail de 15 des principaux designers de meubles br\u00e9siliens de la p\u00e9riode moderne, entre les ann\u00e9es 40 et 70, dont Lina Bo Bardi, Joaquim Tenreiro, Jos\u00e9 Zanine Caldas, Sergio Rodrigues et Jorge Zalszupin. Le grand nombre d&#8217;images permet d&#8217;appr\u00e9cier les d\u00e9tails de la pens\u00e9e cr\u00e9ative des designers [&hellip;]<\/p>\n","protected":false},"featured_media":36973,"template":"","meta":[],"product_cat":[2948,2952],"product_tag":[],"acf":[],"yoast_head":"<!-- This site is optimized with the Yoast SEO plugin v20.11 - https:\/\/yoast.com\/wordpress\/plugins\/seo\/ -->\n<title>Brazilian modern design \/anglais\/portugais - Librairie 7L<\/title>\n<meta name=\"robots\" content=\"index, follow, max-snippet:-1, max-image-preview:large, max-video-preview:-1\" \/>\n<link rel=\"canonical\" href=\"https:\/\/librairie7l.com\/en\/produit\/brazilian-modern-design-anglais-portugais\/\" \/>\n<meta property=\"og:locale\" content=\"en_US\" \/>\n<meta property=\"og:type\" content=\"article\" \/>\n<meta property=\"og:title\" content=\"Brazilian modern design \/anglais\/portugais - Librairie 7L\" \/>\n<meta property=\"og:description\" content=\"Cet imposant recueil de 484 pages documente le travail de 15 des principaux designers de meubles br\u00e9siliens de la p\u00e9riode moderne, entre les ann\u00e9es 40 et 70, dont Lina Bo Bardi, Joaquim Tenreiro, Jos\u00e9 Zanine Caldas, Sergio Rodrigues et Jorge Zalszupin. Le grand nombre d&#8217;images permet d&#8217;appr\u00e9cier les d\u00e9tails de la pens\u00e9e cr\u00e9ative des designers [&hellip;]\" \/>\n<meta property=\"og:url\" content=\"https:\/\/librairie7l.com\/en\/produit\/brazilian-modern-design-anglais-portugais\/\" \/>\n<meta property=\"og:site_name\" content=\"Librairie 7L\" \/>\n<meta property=\"article:modified_time\" content=\"2026-04-23T10:06:48+00:00\" \/>\n<meta property=\"og:image\" content=\"https:\/\/librairie7l.com\/wp-content\/uploads\/2020\/06\/9788562114755_1_75.jpg\" \/>\n\t<meta property=\"og:image:width\" content=\"403\" \/>\n\t<meta property=\"og:image:height\" content=\"500\" \/>\n\t<meta property=\"og:image:type\" content=\"image\/jpeg\" \/>\n<meta name=\"twitter:card\" content=\"summary_large_image\" \/>\n<meta name=\"twitter:label1\" content=\"Est. reading time\" \/>\n\t<meta name=\"twitter:data1\" content=\"1 minute\" \/>\n<script type=\"application\/ld+json\" class=\"yoast-schema-graph\">{\"@context\":\"https:\/\/schema.org\",\"@graph\":[{\"@type\":\"WebPage\",\"@id\":\"https:\/\/librairie7l.com\/en\/produit\/brazilian-modern-design-anglais-portugais\/\",\"url\":\"https:\/\/librairie7l.com\/en\/produit\/brazilian-modern-design-anglais-portugais\/\",\"name\":\"Brazilian modern design \/anglais\/portugais - Librairie 7L\",\"isPartOf\":{\"@id\":\"https:\/\/librairie7l.com\/en\/#website\"},\"datePublished\":\"2024-06-25T11:29:19+00:00\",\"dateModified\":\"2026-04-23T10:06:48+00:00\",\"breadcrumb\":{\"@id\":\"https:\/\/librairie7l.com\/en\/produit\/brazilian-modern-design-anglais-portugais\/#breadcrumb\"},\"inLanguage\":\"en-US\",\"potentialAction\":[{\"@type\":\"ReadAction\",\"target\":[\"https:\/\/librairie7l.com\/en\/produit\/brazilian-modern-design-anglais-portugais\/\"]}]},{\"@type\":\"BreadcrumbList\",\"@id\":\"https:\/\/librairie7l.com\/en\/produit\/brazilian-modern-design-anglais-portugais\/#breadcrumb\",\"itemListElement\":[{\"@type\":\"ListItem\",\"position\":1,\"name\":\"Accueil\",\"item\":\"https:\/\/librairie7l.com\/en\/\"},{\"@type\":\"ListItem\",\"position\":2,\"name\":\"Shop\",\"item\":\"https:\/\/librairie7l.com\/en\/shop\/\"},{\"@type\":\"ListItem\",\"position\":3,\"name\":\"BRAZILIAN MODERN DESIGN \/ANGLAIS\/PORTUGAIS\"}]},{\"@type\":\"WebSite\",\"@id\":\"https:\/\/librairie7l.com\/en\/#website\",\"url\":\"https:\/\/librairie7l.com\/en\/\",\"name\":\"Librairie 7L\",\"description\":\"Librairie fond\u00e9e en 1999 par Karl Lagerfeld \u00e0 Paris\",\"publisher\":{\"@id\":\"https:\/\/librairie7l.com\/en\/#organization\"},\"potentialAction\":[{\"@type\":\"SearchAction\",\"target\":{\"@type\":\"EntryPoint\",\"urlTemplate\":\"https:\/\/librairie7l.com\/en\/?s={search_term_string}\"},\"query-input\":\"required name=search_term_string\"}],\"inLanguage\":\"en-US\"},{\"@type\":\"Organization\",\"@id\":\"https:\/\/librairie7l.com\/en\/#organization\",\"name\":\"Librairie 7L\",\"url\":\"https:\/\/librairie7l.com\/en\/\",\"logo\":{\"@type\":\"ImageObject\",\"inLanguage\":\"en-US\",\"@id\":\"https:\/\/librairie7l.com\/en\/#\/schema\/logo\/image\/\",\"url\":\"https:\/\/librairie7l.com\/wp-content\/uploads\/2022\/08\/logo-1.png\",\"contentUrl\":\"https:\/\/librairie7l.com\/wp-content\/uploads\/2022\/08\/logo-1.png\",\"width\":227,\"height\":301,\"caption\":\"Librairie 7L\"},\"image\":{\"@id\":\"https:\/\/librairie7l.com\/en\/#\/schema\/logo\/image\/\"}}]}<\/script>\n<!-- \/ Yoast SEO plugin. -->","yoast_head_json":{"title":"Brazilian modern design \/anglais\/portugais - Librairie 7L","robots":{"index":"index","follow":"follow","max-snippet":"max-snippet:-1","max-image-preview":"max-image-preview:large","max-video-preview":"max-video-preview:-1"},"canonical":"https:\/\/librairie7l.com\/en\/produit\/brazilian-modern-design-anglais-portugais\/","og_locale":"en_US","og_type":"article","og_title":"Brazilian modern design \/anglais\/portugais - Librairie 7L","og_description":"Cet imposant recueil de 484 pages documente le travail de 15 des principaux designers de meubles br\u00e9siliens de la p\u00e9riode moderne, entre les ann\u00e9es 40 et 70, dont Lina Bo Bardi, Joaquim Tenreiro, Jos\u00e9 Zanine Caldas, Sergio Rodrigues et Jorge Zalszupin. Le grand nombre d&#8217;images permet d&#8217;appr\u00e9cier les d\u00e9tails de la pens\u00e9e cr\u00e9ative des designers [&hellip;]","og_url":"https:\/\/librairie7l.com\/en\/produit\/brazilian-modern-design-anglais-portugais\/","og_site_name":"Librairie 7L","article_modified_time":"2026-04-23T10:06:48+00:00","og_image":[{"width":403,"height":500,"url":"https:\/\/librairie7l.com\/wp-content\/uploads\/2020\/06\/9788562114755_1_75.jpg","type":"image\/jpeg"}],"twitter_card":"summary_large_image","twitter_misc":{"Est. reading time":"1 minute"},"schema":{"@context":"https:\/\/schema.org","@graph":[{"@type":"WebPage","@id":"https:\/\/librairie7l.com\/en\/produit\/brazilian-modern-design-anglais-portugais\/","url":"https:\/\/librairie7l.com\/en\/produit\/brazilian-modern-design-anglais-portugais\/","name":"Brazilian modern design \/anglais\/portugais - Librairie 7L","isPartOf":{"@id":"https:\/\/librairie7l.com\/en\/#website"},"datePublished":"2024-06-25T11:29:19+00:00","dateModified":"2026-04-23T10:06:48+00:00","breadcrumb":{"@id":"https:\/\/librairie7l.com\/en\/produit\/brazilian-modern-design-anglais-portugais\/#breadcrumb"},"inLanguage":"en-US","potentialAction":[{"@type":"ReadAction","target":["https:\/\/librairie7l.com\/en\/produit\/brazilian-modern-design-anglais-portugais\/"]}]},{"@type":"BreadcrumbList","@id":"https:\/\/librairie7l.com\/en\/produit\/brazilian-modern-design-anglais-portugais\/#breadcrumb","itemListElement":[{"@type":"ListItem","position":1,"name":"Accueil","item":"https:\/\/librairie7l.com\/en\/"},{"@type":"ListItem","position":2,"name":"Shop","item":"https:\/\/librairie7l.com\/en\/shop\/"},{"@type":"ListItem","position":3,"name":"BRAZILIAN MODERN DESIGN \/ANGLAIS\/PORTUGAIS"}]},{"@type":"WebSite","@id":"https:\/\/librairie7l.com\/en\/#website","url":"https:\/\/librairie7l.com\/en\/","name":"Librairie 7L","description":"Librairie fond\u00e9e en 1999 par Karl Lagerfeld \u00e0 Paris","publisher":{"@id":"https:\/\/librairie7l.com\/en\/#organization"},"potentialAction":[{"@type":"SearchAction","target":{"@type":"EntryPoint","urlTemplate":"https:\/\/librairie7l.com\/en\/?s={search_term_string}"},"query-input":"required name=search_term_string"}],"inLanguage":"en-US"},{"@type":"Organization","@id":"https:\/\/librairie7l.com\/en\/#organization","name":"Librairie 7L","url":"https:\/\/librairie7l.com\/en\/","logo":{"@type":"ImageObject","inLanguage":"en-US","@id":"https:\/\/librairie7l.com\/en\/#\/schema\/logo\/image\/","url":"https:\/\/librairie7l.com\/wp-content\/uploads\/2022\/08\/logo-1.png","contentUrl":"https:\/\/librairie7l.com\/wp-content\/uploads\/2022\/08\/logo-1.png","width":227,"height":301,"caption":"Librairie 7L"},"image":{"@id":"https:\/\/librairie7l.com\/en\/#\/schema\/logo\/image\/"}}]}},"_links":{"self":[{"href":"https:\/\/librairie7l.com\/en\/wp-json\/wp\/v2\/product\/36975"}],"collection":[{"href":"https:\/\/librairie7l.com\/en\/wp-json\/wp\/v2\/product"}],"about":[{"href":"https:\/\/librairie7l.com\/en\/wp-json\/wp\/v2\/types\/product"}],"wp:featuredmedia":[{"embeddable":true,"href":"https:\/\/librairie7l.com\/en\/wp-json\/wp\/v2\/media\/36973"}],"wp:attachment":[{"href":"https:\/\/librairie7l.com\/en\/wp-json\/wp\/v2\/media?parent=36975"}],"wp:term":[{"taxonomy":"product_cat","embeddable":true,"href":"https:\/\/librairie7l.com\/en\/wp-json\/wp\/v2\/product_cat?post=36975"},{"taxonomy":"product_tag","embeddable":true,"href":"https:\/\/librairie7l.com\/en\/wp-json\/wp\/v2\/product_tag?post=36975"}],"curies":[{"name":"wp","href":"https:\/\/api.w.org\/{rel}","templated":true}]}}