{"id":36999,"date":"2024-06-25T21:33:45","date_gmt":"2024-06-25T19:33:45","guid":{"rendered":"https:\/\/librairie7l.com\/?post_type=product&#038;p=36999"},"modified":"2026-04-23T11:43:21","modified_gmt":"2026-04-23T09:43:21","slug":"a-brand-is-an-onion","status":"publish","type":"product","link":"https:\/\/librairie7l.com\/en\/produit\/a-brand-is-an-onion\/","title":{"rendered":"A BRAND IS AN ONION"},"content":{"rendered":"<p>A Brand is an Onion est un livre riche et atypique. Tant\u00f4t manuel, tant\u00f4t r\u00e9pertoire d&#8217;id\u00e9es, il fourmille d&#8217;anecdotes et d&#8217;illustrations : des exp\u00e9riences de l&#8217;auteur.<\/p>\n<p>Une marque serait-elle un oignon ? Au moins devrait-elle y ressembler et se comporter comme telle : singuli\u00e8re et pourtant coh\u00e9rente. Sur le mod\u00e8le de l&#8217;oignon culturel d\u00e9velopp\u00e9 par le chercheur Geert Hofstede, chaque couche autour de son coeur repr\u00e9sente un \u00e9l\u00e9ment de l&#8217;identit\u00e9 globale de la marque. <\/p>\n<p>A Brand is an Onion couvre un \u00e9ventail de sujets beaucoup plus large que la plupart des manuels de marque. La culture, le hasard et le timing sont tout aussi essentiels \u00e0 l&#8217;image de marque que la gestion, la cr\u00e9ativit\u00e9 et l&#8217;entrepreneuriat. \u00c0 la fois pratique et philosophique, A Brand is an Onion contient des r\u00e9flexions stimulantes provenant d&#8217;un large \u00e9ventail de sources, apportant une touche anglo-fran\u00e7aise originale au sujet. L&#8217;objectif est d&#8217;ouvrir des perspectives sans donner de r\u00e9ponses toutes faites. . Une d\u00e9sir d&#8217;id\u00e9es. <\/p>\n<p>Textes par Hugh Wilson.<\/p>\n<p>Design par Axel Vagnard.<\/p>\n","protected":false},"excerpt":{"rendered":"<p>A Brand is an Onion est un livre riche et atypique. Tant\u00f4t manuel, tant\u00f4t r\u00e9pertoire d&#8217;id\u00e9es, il fourmille d&#8217;anecdotes et d&#8217;illustrations : des exp\u00e9riences de l&#8217;auteur. Une marque serait-elle un oignon ? Au moins devrait-elle y ressembler et se comporter comme telle : singuli\u00e8re et pourtant coh\u00e9rente. Sur le mod\u00e8le de l&#8217;oignon culturel d\u00e9velopp\u00e9 par [&hellip;]<\/p>\n","protected":false},"featured_media":36997,"template":"","meta":[],"product_cat":[2948,2952],"product_tag":[],"acf":[],"yoast_head":"<!-- This site is optimized with the Yoast SEO plugin v20.11 - https:\/\/yoast.com\/wordpress\/plugins\/seo\/ -->\n<title>A brand is an onion - Librairie 7L<\/title>\n<meta name=\"robots\" content=\"index, follow, max-snippet:-1, max-image-preview:large, max-video-preview:-1\" \/>\n<link rel=\"canonical\" href=\"https:\/\/librairie7l.com\/en\/produit\/a-brand-is-an-onion\/\" \/>\n<meta property=\"og:locale\" content=\"en_US\" \/>\n<meta property=\"og:type\" content=\"article\" \/>\n<meta property=\"og:title\" content=\"A brand is an onion - Librairie 7L\" \/>\n<meta property=\"og:description\" content=\"A Brand is an Onion est un livre riche et atypique. Tant\u00f4t manuel, tant\u00f4t r\u00e9pertoire d&#8217;id\u00e9es, il fourmille d&#8217;anecdotes et d&#8217;illustrations : des exp\u00e9riences de l&#8217;auteur. Une marque serait-elle un oignon ? Au moins devrait-elle y ressembler et se comporter comme telle : singuli\u00e8re et pourtant coh\u00e9rente. Sur le mod\u00e8le de l&#8217;oignon culturel d\u00e9velopp\u00e9 par [&hellip;]\" \/>\n<meta property=\"og:url\" content=\"https:\/\/librairie7l.com\/en\/produit\/a-brand-is-an-onion\/\" \/>\n<meta property=\"og:site_name\" content=\"Librairie 7L\" \/>\n<meta property=\"article:modified_time\" content=\"2026-04-23T09:43:21+00:00\" \/>\n<meta property=\"og:image\" content=\"https:\/\/librairie7l.com\/wp-content\/uploads\/2023\/09\/9782909478616_1_75.jpg\" \/>\n\t<meta property=\"og:image:width\" content=\"400\" \/>\n\t<meta property=\"og:image:height\" content=\"400\" \/>\n\t<meta property=\"og:image:type\" content=\"image\/jpeg\" \/>\n<meta name=\"twitter:card\" content=\"summary_large_image\" \/>\n<meta name=\"twitter:label1\" content=\"Est. reading time\" \/>\n\t<meta name=\"twitter:data1\" content=\"1 minute\" \/>\n<script type=\"application\/ld+json\" class=\"yoast-schema-graph\">{\"@context\":\"https:\/\/schema.org\",\"@graph\":[{\"@type\":\"WebPage\",\"@id\":\"https:\/\/librairie7l.com\/en\/produit\/a-brand-is-an-onion\/\",\"url\":\"https:\/\/librairie7l.com\/en\/produit\/a-brand-is-an-onion\/\",\"name\":\"A brand is an onion - Librairie 7L\",\"isPartOf\":{\"@id\":\"https:\/\/librairie7l.com\/en\/#website\"},\"datePublished\":\"2024-06-25T19:33:45+00:00\",\"dateModified\":\"2026-04-23T09:43:21+00:00\",\"breadcrumb\":{\"@id\":\"https:\/\/librairie7l.com\/en\/produit\/a-brand-is-an-onion\/#breadcrumb\"},\"inLanguage\":\"en-US\",\"potentialAction\":[{\"@type\":\"ReadAction\",\"target\":[\"https:\/\/librairie7l.com\/en\/produit\/a-brand-is-an-onion\/\"]}]},{\"@type\":\"BreadcrumbList\",\"@id\":\"https:\/\/librairie7l.com\/en\/produit\/a-brand-is-an-onion\/#breadcrumb\",\"itemListElement\":[{\"@type\":\"ListItem\",\"position\":1,\"name\":\"Accueil\",\"item\":\"https:\/\/librairie7l.com\/en\/\"},{\"@type\":\"ListItem\",\"position\":2,\"name\":\"Shop\",\"item\":\"https:\/\/librairie7l.com\/en\/shop\/\"},{\"@type\":\"ListItem\",\"position\":3,\"name\":\"A BRAND IS AN ONION\"}]},{\"@type\":\"WebSite\",\"@id\":\"https:\/\/librairie7l.com\/en\/#website\",\"url\":\"https:\/\/librairie7l.com\/en\/\",\"name\":\"Librairie 7L\",\"description\":\"Librairie fond\u00e9e en 1999 par Karl Lagerfeld \u00e0 Paris\",\"publisher\":{\"@id\":\"https:\/\/librairie7l.com\/en\/#organization\"},\"potentialAction\":[{\"@type\":\"SearchAction\",\"target\":{\"@type\":\"EntryPoint\",\"urlTemplate\":\"https:\/\/librairie7l.com\/en\/?s={search_term_string}\"},\"query-input\":\"required name=search_term_string\"}],\"inLanguage\":\"en-US\"},{\"@type\":\"Organization\",\"@id\":\"https:\/\/librairie7l.com\/en\/#organization\",\"name\":\"Librairie 7L\",\"url\":\"https:\/\/librairie7l.com\/en\/\",\"logo\":{\"@type\":\"ImageObject\",\"inLanguage\":\"en-US\",\"@id\":\"https:\/\/librairie7l.com\/en\/#\/schema\/logo\/image\/\",\"url\":\"https:\/\/librairie7l.com\/wp-content\/uploads\/2022\/08\/logo-1.png\",\"contentUrl\":\"https:\/\/librairie7l.com\/wp-content\/uploads\/2022\/08\/logo-1.png\",\"width\":227,\"height\":301,\"caption\":\"Librairie 7L\"},\"image\":{\"@id\":\"https:\/\/librairie7l.com\/en\/#\/schema\/logo\/image\/\"}}]}<\/script>\n<!-- \/ Yoast SEO plugin. -->","yoast_head_json":{"title":"A brand is an onion - Librairie 7L","robots":{"index":"index","follow":"follow","max-snippet":"max-snippet:-1","max-image-preview":"max-image-preview:large","max-video-preview":"max-video-preview:-1"},"canonical":"https:\/\/librairie7l.com\/en\/produit\/a-brand-is-an-onion\/","og_locale":"en_US","og_type":"article","og_title":"A brand is an onion - Librairie 7L","og_description":"A Brand is an Onion est un livre riche et atypique. Tant\u00f4t manuel, tant\u00f4t r\u00e9pertoire d&#8217;id\u00e9es, il fourmille d&#8217;anecdotes et d&#8217;illustrations : des exp\u00e9riences de l&#8217;auteur. Une marque serait-elle un oignon ? Au moins devrait-elle y ressembler et se comporter comme telle : singuli\u00e8re et pourtant coh\u00e9rente. Sur le mod\u00e8le de l&#8217;oignon culturel d\u00e9velopp\u00e9 par [&hellip;]","og_url":"https:\/\/librairie7l.com\/en\/produit\/a-brand-is-an-onion\/","og_site_name":"Librairie 7L","article_modified_time":"2026-04-23T09:43:21+00:00","og_image":[{"width":400,"height":400,"url":"https:\/\/librairie7l.com\/wp-content\/uploads\/2023\/09\/9782909478616_1_75.jpg","type":"image\/jpeg"}],"twitter_card":"summary_large_image","twitter_misc":{"Est. reading time":"1 minute"},"schema":{"@context":"https:\/\/schema.org","@graph":[{"@type":"WebPage","@id":"https:\/\/librairie7l.com\/en\/produit\/a-brand-is-an-onion\/","url":"https:\/\/librairie7l.com\/en\/produit\/a-brand-is-an-onion\/","name":"A brand is an onion - Librairie 7L","isPartOf":{"@id":"https:\/\/librairie7l.com\/en\/#website"},"datePublished":"2024-06-25T19:33:45+00:00","dateModified":"2026-04-23T09:43:21+00:00","breadcrumb":{"@id":"https:\/\/librairie7l.com\/en\/produit\/a-brand-is-an-onion\/#breadcrumb"},"inLanguage":"en-US","potentialAction":[{"@type":"ReadAction","target":["https:\/\/librairie7l.com\/en\/produit\/a-brand-is-an-onion\/"]}]},{"@type":"BreadcrumbList","@id":"https:\/\/librairie7l.com\/en\/produit\/a-brand-is-an-onion\/#breadcrumb","itemListElement":[{"@type":"ListItem","position":1,"name":"Accueil","item":"https:\/\/librairie7l.com\/en\/"},{"@type":"ListItem","position":2,"name":"Shop","item":"https:\/\/librairie7l.com\/en\/shop\/"},{"@type":"ListItem","position":3,"name":"A BRAND IS AN ONION"}]},{"@type":"WebSite","@id":"https:\/\/librairie7l.com\/en\/#website","url":"https:\/\/librairie7l.com\/en\/","name":"Librairie 7L","description":"Librairie fond\u00e9e en 1999 par Karl Lagerfeld \u00e0 Paris","publisher":{"@id":"https:\/\/librairie7l.com\/en\/#organization"},"potentialAction":[{"@type":"SearchAction","target":{"@type":"EntryPoint","urlTemplate":"https:\/\/librairie7l.com\/en\/?s={search_term_string}"},"query-input":"required name=search_term_string"}],"inLanguage":"en-US"},{"@type":"Organization","@id":"https:\/\/librairie7l.com\/en\/#organization","name":"Librairie 7L","url":"https:\/\/librairie7l.com\/en\/","logo":{"@type":"ImageObject","inLanguage":"en-US","@id":"https:\/\/librairie7l.com\/en\/#\/schema\/logo\/image\/","url":"https:\/\/librairie7l.com\/wp-content\/uploads\/2022\/08\/logo-1.png","contentUrl":"https:\/\/librairie7l.com\/wp-content\/uploads\/2022\/08\/logo-1.png","width":227,"height":301,"caption":"Librairie 7L"},"image":{"@id":"https:\/\/librairie7l.com\/en\/#\/schema\/logo\/image\/"}}]}},"_links":{"self":[{"href":"https:\/\/librairie7l.com\/en\/wp-json\/wp\/v2\/product\/36999"}],"collection":[{"href":"https:\/\/librairie7l.com\/en\/wp-json\/wp\/v2\/product"}],"about":[{"href":"https:\/\/librairie7l.com\/en\/wp-json\/wp\/v2\/types\/product"}],"wp:featuredmedia":[{"embeddable":true,"href":"https:\/\/librairie7l.com\/en\/wp-json\/wp\/v2\/media\/36997"}],"wp:attachment":[{"href":"https:\/\/librairie7l.com\/en\/wp-json\/wp\/v2\/media?parent=36999"}],"wp:term":[{"taxonomy":"product_cat","embeddable":true,"href":"https:\/\/librairie7l.com\/en\/wp-json\/wp\/v2\/product_cat?post=36999"},{"taxonomy":"product_tag","embeddable":true,"href":"https:\/\/librairie7l.com\/en\/wp-json\/wp\/v2\/product_tag?post=36999"}],"curies":[{"name":"wp","href":"https:\/\/api.w.org\/{rel}","templated":true}]}}