{"id":37003,"date":"2024-06-25T21:30:03","date_gmt":"2024-06-25T19:30:03","guid":{"rendered":"https:\/\/librairie7l.com\/?post_type=product&#038;p=37003"},"modified":"2026-04-12T21:06:38","modified_gmt":"2026-04-12T19:06:38","slug":"profanations-textiles-design-textile-et-matiere-architecture-interieure-desi","status":"publish","type":"product","link":"https:\/\/librairie7l.com\/en\/produit\/profanations-textiles-design-textile-et-matiere-architecture-interieure-desi\/","title":{"rendered":"PROFANATIONS TEXTILES &#8211; DESIGN TEXTILE ET MATI\u00c8RE, ARCHITECTURE INT\u00c9RIEURE, DESIGN OBJET"},"content":{"rendered":"<p>Comment le textile peut-il transformer la fa\u00e7on dont nous pensons et mat\u00e9rialisons l&#8217;espace ? Comment peut-il sugg\u00e9rer de nouvelles relations plus r\u00e9silientes entre le b\u00e2ti, ses habitants et leur environnement ? Quels sont les concepts, les mat\u00e9riaux et les savoir-faire les plus \u00e0 m\u00eame de mat\u00e9rialiser une vision de l&#8217;architecture prenant mieux en compte les diff\u00e9rentes temporalit\u00e9s \u00e0 l&#8217;oeuvre dans l&#8217;habitat ?<br \/>\nC&#8217;est \u00e0 partir du site de l&#8217;\u00e9glise Saint-Eustache \u00e0 Paris, dans le quartier des Halles (Ier arrondissement), qu&#8217;il a \u00e9t\u00e9 d\u00e9cid\u00e9, en mars 2016, de donner ensemble corps \u00e0 ces r\u00e9flexions, dans le cadre de \u00ab l&#8217;Atelier partag\u00e9 \u00bb, un projet p\u00e9dagogique r\u00e9current, r\u00e9unissant cette ann\u00e9e-l\u00e0 une trentaine d&#8217;\u00e9tudiants.<\/p>\n","protected":false},"excerpt":{"rendered":"<p>Comment le textile peut-il transformer la fa\u00e7on dont nous pensons et mat\u00e9rialisons l&#8217;espace ? Comment peut-il sugg\u00e9rer de nouvelles relations plus r\u00e9silientes entre le b\u00e2ti, ses habitants et leur environnement ? Quels sont les concepts, les mat\u00e9riaux et les savoir-faire les plus \u00e0 m\u00eame de mat\u00e9rialiser une vision de l&#8217;architecture prenant mieux en compte les [&hellip;]<\/p>\n","protected":false},"featured_media":37001,"template":"","meta":[],"product_cat":[2948,2957],"product_tag":[],"acf":[],"yoast_head":"<!-- This site is optimized with the Yoast SEO plugin v20.11 - https:\/\/yoast.com\/wordpress\/plugins\/seo\/ -->\n<title>Profanations textiles - Design textile et mati\u00e8re, architecture int\u00e9rieure, design objet - Librairie 7L<\/title>\n<meta name=\"robots\" content=\"index, follow, max-snippet:-1, max-image-preview:large, max-video-preview:-1\" \/>\n<link rel=\"canonical\" href=\"https:\/\/librairie7l.com\/en\/produit\/profanations-textiles-design-textile-et-matiere-architecture-interieure-desi\/\" \/>\n<meta property=\"og:locale\" content=\"en_US\" \/>\n<meta property=\"og:type\" content=\"article\" \/>\n<meta property=\"og:title\" content=\"Profanations textiles - Design textile et mati\u00e8re, architecture int\u00e9rieure, design objet - Librairie 7L\" \/>\n<meta property=\"og:description\" content=\"Comment le textile peut-il transformer la fa\u00e7on dont nous pensons et mat\u00e9rialisons l&#8217;espace ? Comment peut-il sugg\u00e9rer de nouvelles relations plus r\u00e9silientes entre le b\u00e2ti, ses habitants et leur environnement ? Quels sont les concepts, les mat\u00e9riaux et les savoir-faire les plus \u00e0 m\u00eame de mat\u00e9rialiser une vision de l&#8217;architecture prenant mieux en compte les [&hellip;]\" \/>\n<meta property=\"og:url\" content=\"https:\/\/librairie7l.com\/en\/produit\/profanations-textiles-design-textile-et-matiere-architecture-interieure-desi\/\" \/>\n<meta property=\"og:site_name\" content=\"Librairie 7L\" \/>\n<meta property=\"article:modified_time\" content=\"2026-04-12T19:06:38+00:00\" \/>\n<meta property=\"og:image\" content=\"https:\/\/librairie7l.com\/wp-content\/uploads\/2018\/03\/9782905710970_1_75.jpg\" \/>\n\t<meta property=\"og:image:width\" content=\"466\" \/>\n\t<meta property=\"og:image:height\" content=\"658\" \/>\n\t<meta property=\"og:image:type\" content=\"image\/jpeg\" \/>\n<meta name=\"twitter:card\" content=\"summary_large_image\" \/>\n<meta name=\"twitter:label1\" content=\"Est. reading time\" \/>\n\t<meta name=\"twitter:data1\" content=\"1 minute\" \/>\n<script type=\"application\/ld+json\" class=\"yoast-schema-graph\">{\"@context\":\"https:\/\/schema.org\",\"@graph\":[{\"@type\":\"WebPage\",\"@id\":\"https:\/\/librairie7l.com\/en\/produit\/profanations-textiles-design-textile-et-matiere-architecture-interieure-desi\/\",\"url\":\"https:\/\/librairie7l.com\/en\/produit\/profanations-textiles-design-textile-et-matiere-architecture-interieure-desi\/\",\"name\":\"Profanations textiles - Design textile et mati\u00e8re, architecture int\u00e9rieure, design objet - Librairie 7L\",\"isPartOf\":{\"@id\":\"https:\/\/librairie7l.com\/en\/#website\"},\"datePublished\":\"2024-06-25T19:30:03+00:00\",\"dateModified\":\"2026-04-12T19:06:38+00:00\",\"breadcrumb\":{\"@id\":\"https:\/\/librairie7l.com\/en\/produit\/profanations-textiles-design-textile-et-matiere-architecture-interieure-desi\/#breadcrumb\"},\"inLanguage\":\"en-US\",\"potentialAction\":[{\"@type\":\"ReadAction\",\"target\":[\"https:\/\/librairie7l.com\/en\/produit\/profanations-textiles-design-textile-et-matiere-architecture-interieure-desi\/\"]}]},{\"@type\":\"BreadcrumbList\",\"@id\":\"https:\/\/librairie7l.com\/en\/produit\/profanations-textiles-design-textile-et-matiere-architecture-interieure-desi\/#breadcrumb\",\"itemListElement\":[{\"@type\":\"ListItem\",\"position\":1,\"name\":\"Accueil\",\"item\":\"https:\/\/librairie7l.com\/en\/\"},{\"@type\":\"ListItem\",\"position\":2,\"name\":\"Shop\",\"item\":\"https:\/\/librairie7l.com\/en\/shop\/\"},{\"@type\":\"ListItem\",\"position\":3,\"name\":\"PROFANATIONS TEXTILES &#8211; DESIGN TEXTILE ET MATI\u00c8RE, ARCHITECTURE INT\u00c9RIEURE, DESIGN OBJET\"}]},{\"@type\":\"WebSite\",\"@id\":\"https:\/\/librairie7l.com\/en\/#website\",\"url\":\"https:\/\/librairie7l.com\/en\/\",\"name\":\"Librairie 7L\",\"description\":\"Librairie fond\u00e9e en 1999 par Karl Lagerfeld \u00e0 Paris\",\"publisher\":{\"@id\":\"https:\/\/librairie7l.com\/en\/#organization\"},\"potentialAction\":[{\"@type\":\"SearchAction\",\"target\":{\"@type\":\"EntryPoint\",\"urlTemplate\":\"https:\/\/librairie7l.com\/en\/?s={search_term_string}\"},\"query-input\":\"required name=search_term_string\"}],\"inLanguage\":\"en-US\"},{\"@type\":\"Organization\",\"@id\":\"https:\/\/librairie7l.com\/en\/#organization\",\"name\":\"Librairie 7L\",\"url\":\"https:\/\/librairie7l.com\/en\/\",\"logo\":{\"@type\":\"ImageObject\",\"inLanguage\":\"en-US\",\"@id\":\"https:\/\/librairie7l.com\/en\/#\/schema\/logo\/image\/\",\"url\":\"https:\/\/librairie7l.com\/wp-content\/uploads\/2022\/08\/logo-1.png\",\"contentUrl\":\"https:\/\/librairie7l.com\/wp-content\/uploads\/2022\/08\/logo-1.png\",\"width\":227,\"height\":301,\"caption\":\"Librairie 7L\"},\"image\":{\"@id\":\"https:\/\/librairie7l.com\/en\/#\/schema\/logo\/image\/\"}}]}<\/script>\n<!-- \/ Yoast SEO plugin. -->","yoast_head_json":{"title":"Profanations textiles - Design textile et mati\u00e8re, architecture int\u00e9rieure, design objet - Librairie 7L","robots":{"index":"index","follow":"follow","max-snippet":"max-snippet:-1","max-image-preview":"max-image-preview:large","max-video-preview":"max-video-preview:-1"},"canonical":"https:\/\/librairie7l.com\/en\/produit\/profanations-textiles-design-textile-et-matiere-architecture-interieure-desi\/","og_locale":"en_US","og_type":"article","og_title":"Profanations textiles - Design textile et mati\u00e8re, architecture int\u00e9rieure, design objet - Librairie 7L","og_description":"Comment le textile peut-il transformer la fa\u00e7on dont nous pensons et mat\u00e9rialisons l&#8217;espace ? Comment peut-il sugg\u00e9rer de nouvelles relations plus r\u00e9silientes entre le b\u00e2ti, ses habitants et leur environnement ? Quels sont les concepts, les mat\u00e9riaux et les savoir-faire les plus \u00e0 m\u00eame de mat\u00e9rialiser une vision de l&#8217;architecture prenant mieux en compte les [&hellip;]","og_url":"https:\/\/librairie7l.com\/en\/produit\/profanations-textiles-design-textile-et-matiere-architecture-interieure-desi\/","og_site_name":"Librairie 7L","article_modified_time":"2026-04-12T19:06:38+00:00","og_image":[{"width":466,"height":658,"url":"https:\/\/librairie7l.com\/wp-content\/uploads\/2018\/03\/9782905710970_1_75.jpg","type":"image\/jpeg"}],"twitter_card":"summary_large_image","twitter_misc":{"Est. reading time":"1 minute"},"schema":{"@context":"https:\/\/schema.org","@graph":[{"@type":"WebPage","@id":"https:\/\/librairie7l.com\/en\/produit\/profanations-textiles-design-textile-et-matiere-architecture-interieure-desi\/","url":"https:\/\/librairie7l.com\/en\/produit\/profanations-textiles-design-textile-et-matiere-architecture-interieure-desi\/","name":"Profanations textiles - Design textile et mati\u00e8re, architecture int\u00e9rieure, design objet - Librairie 7L","isPartOf":{"@id":"https:\/\/librairie7l.com\/en\/#website"},"datePublished":"2024-06-25T19:30:03+00:00","dateModified":"2026-04-12T19:06:38+00:00","breadcrumb":{"@id":"https:\/\/librairie7l.com\/en\/produit\/profanations-textiles-design-textile-et-matiere-architecture-interieure-desi\/#breadcrumb"},"inLanguage":"en-US","potentialAction":[{"@type":"ReadAction","target":["https:\/\/librairie7l.com\/en\/produit\/profanations-textiles-design-textile-et-matiere-architecture-interieure-desi\/"]}]},{"@type":"BreadcrumbList","@id":"https:\/\/librairie7l.com\/en\/produit\/profanations-textiles-design-textile-et-matiere-architecture-interieure-desi\/#breadcrumb","itemListElement":[{"@type":"ListItem","position":1,"name":"Accueil","item":"https:\/\/librairie7l.com\/en\/"},{"@type":"ListItem","position":2,"name":"Shop","item":"https:\/\/librairie7l.com\/en\/shop\/"},{"@type":"ListItem","position":3,"name":"PROFANATIONS TEXTILES &#8211; DESIGN TEXTILE ET MATI\u00c8RE, ARCHITECTURE INT\u00c9RIEURE, DESIGN OBJET"}]},{"@type":"WebSite","@id":"https:\/\/librairie7l.com\/en\/#website","url":"https:\/\/librairie7l.com\/en\/","name":"Librairie 7L","description":"Librairie fond\u00e9e en 1999 par Karl Lagerfeld \u00e0 Paris","publisher":{"@id":"https:\/\/librairie7l.com\/en\/#organization"},"potentialAction":[{"@type":"SearchAction","target":{"@type":"EntryPoint","urlTemplate":"https:\/\/librairie7l.com\/en\/?s={search_term_string}"},"query-input":"required name=search_term_string"}],"inLanguage":"en-US"},{"@type":"Organization","@id":"https:\/\/librairie7l.com\/en\/#organization","name":"Librairie 7L","url":"https:\/\/librairie7l.com\/en\/","logo":{"@type":"ImageObject","inLanguage":"en-US","@id":"https:\/\/librairie7l.com\/en\/#\/schema\/logo\/image\/","url":"https:\/\/librairie7l.com\/wp-content\/uploads\/2022\/08\/logo-1.png","contentUrl":"https:\/\/librairie7l.com\/wp-content\/uploads\/2022\/08\/logo-1.png","width":227,"height":301,"caption":"Librairie 7L"},"image":{"@id":"https:\/\/librairie7l.com\/en\/#\/schema\/logo\/image\/"}}]}},"_links":{"self":[{"href":"https:\/\/librairie7l.com\/en\/wp-json\/wp\/v2\/product\/37003"}],"collection":[{"href":"https:\/\/librairie7l.com\/en\/wp-json\/wp\/v2\/product"}],"about":[{"href":"https:\/\/librairie7l.com\/en\/wp-json\/wp\/v2\/types\/product"}],"wp:featuredmedia":[{"embeddable":true,"href":"https:\/\/librairie7l.com\/en\/wp-json\/wp\/v2\/media\/37001"}],"wp:attachment":[{"href":"https:\/\/librairie7l.com\/en\/wp-json\/wp\/v2\/media?parent=37003"}],"wp:term":[{"taxonomy":"product_cat","embeddable":true,"href":"https:\/\/librairie7l.com\/en\/wp-json\/wp\/v2\/product_cat?post=37003"},{"taxonomy":"product_tag","embeddable":true,"href":"https:\/\/librairie7l.com\/en\/wp-json\/wp\/v2\/product_tag?post=37003"}],"curies":[{"name":"wp","href":"https:\/\/api.w.org\/{rel}","templated":true}]}}