{"id":37077,"date":"2023-10-25T09:16:26","date_gmt":"2023-10-25T07:16:26","guid":{"rendered":"https:\/\/librairie7l.com\/?post_type=product&#038;p=37077"},"modified":"2026-04-06T00:43:59","modified_gmt":"2026-04-05T22:43:59","slug":"les-halles-beaubourg-1970-1971-urbanisation-provisoire-dun-quartier-en-suspe","status":"publish","type":"product","link":"https:\/\/librairie7l.com\/en\/produit\/les-halles-beaubourg-1970-1971-urbanisation-provisoire-dun-quartier-en-suspe\/","title":{"rendered":"LES HALLES-BEAUBOURG, 1970-1971 : URBANISATION PROVISOIRE D&#8217;UN QUARTIER EN SUSPENS"},"content":{"rendered":"<p>Entre 1969 et 1971, le quartier des Halles et du plateau Beaubourg subit une s\u00e9rie de mutations. Le march\u00e9 de gros a d\u00e9j\u00e0 d\u00e9sert\u00e9 les Halles pour Rungis, mais les pavillons Baltard sont encore debout. Le centre Georges Pompidou n&#8217;est pas encore construit ni compl\u00e8tement programm\u00e9. Jean Zetlaoui, \u00e9tudiant \u00e0 l&#8217;UP6, \u00e9cole d&#8217;architecture nouvellement cr\u00e9\u00e9e, arpente ce quartier en suspens et photographie les derni\u00e8res activit\u00e9s culturelle et alternatives d&#8217;un quartier vou\u00e9 \u00e0 dispara\u00eetre Pour son projet de fin d&#8217;\u00e9tudes \u00e0 UP6 &#8211; future \u00e9cole d&#8217;architecture de Paris-La Villette -, Jean Zetlaoui choisit de travailler sur le quartier des Halles et du plateau Beaubourg \u00e0 un moment crucial de son histoire. Le march\u00e9 de gros a d\u00e9j\u00e0 d\u00e9sert\u00e9 les Halles pour Rungis mais les pavillons Baltard sont encore debout. Entre 1969 et 1971, ils abritent une foule d&#8217;activit\u00e9s ludiques et culturelles plus ou moins officielles : cirque, jeux pour enfants, th\u00e9\u00e2tre exp\u00e9rimental, cin\u00e9ma d&#8217;art et d&#8217;essai, expositions de design ou d&#8217;art contemporain, brocantes, foires ou salons. Le Centre Georges Pompidou n&#8217;est pas encore construit ni compl\u00e8tement programm\u00e9, mais les r\u00e9novations urbaines ont d\u00e9j\u00e0 fait table rase de plusieurs \u00eelots dits insalubres, livrant une vaste espanade au stationnement informel. Muni de son appareil Asahi-Pentax, Jean Zetlaoui r\u00e9alise un relev\u00e9 photographique de ce quartier en suspens. Fort de ces quelque deux cents clich\u00e9s, dont un tiers en couleurs, il d\u00e9veloppe un \u00e9tonnant projet d'&#8221; urbanisation provisoire &#8221; et modulaire en prise directe avec les utopies architecturales de l&#8217;\u00e9poque.<\/p>\n","protected":false},"excerpt":{"rendered":"<p>Entre 1969 et 1971, le quartier des Halles et du plateau Beaubourg subit une s\u00e9rie de mutations. Le march\u00e9 de gros a d\u00e9j\u00e0 d\u00e9sert\u00e9 les Halles pour Rungis, mais les pavillons Baltard sont encore debout. Le centre Georges Pompidou n&#8217;est pas encore construit ni compl\u00e8tement programm\u00e9. Jean Zetlaoui, \u00e9tudiant \u00e0 l&#8217;UP6, \u00e9cole d&#8217;architecture nouvellement cr\u00e9\u00e9e, [&hellip;]<\/p>\n","protected":false},"featured_media":37075,"template":"","meta":[],"product_cat":[55,2948,22,2950],"product_tag":[],"acf":[],"yoast_head":"<!-- This site is optimized with the Yoast SEO plugin v20.11 - https:\/\/yoast.com\/wordpress\/plugins\/seo\/ -->\n<title>Les Halles-Beaubourg, 1970-1971 : Urbanisation provisoire d&#039;un quartier en suspens - Librairie 7L<\/title>\n<meta name=\"robots\" content=\"index, follow, max-snippet:-1, max-image-preview:large, max-video-preview:-1\" \/>\n<link rel=\"canonical\" href=\"https:\/\/librairie7l.com\/en\/produit\/les-halles-beaubourg-1970-1971-urbanisation-provisoire-dun-quartier-en-suspe\/\" \/>\n<meta property=\"og:locale\" content=\"en_US\" \/>\n<meta property=\"og:type\" content=\"article\" \/>\n<meta property=\"og:title\" content=\"Les Halles-Beaubourg, 1970-1971 : Urbanisation provisoire d&#039;un quartier en suspens - Librairie 7L\" \/>\n<meta property=\"og:description\" content=\"Entre 1969 et 1971, le quartier des Halles et du plateau Beaubourg subit une s\u00e9rie de mutations. Le march\u00e9 de gros a d\u00e9j\u00e0 d\u00e9sert\u00e9 les Halles pour Rungis, mais les pavillons Baltard sont encore debout. Le centre Georges Pompidou n&#8217;est pas encore construit ni compl\u00e8tement programm\u00e9. Jean Zetlaoui, \u00e9tudiant \u00e0 l&#8217;UP6, \u00e9cole d&#8217;architecture nouvellement cr\u00e9\u00e9e, [&hellip;]\" \/>\n<meta property=\"og:url\" content=\"https:\/\/librairie7l.com\/en\/produit\/les-halles-beaubourg-1970-1971-urbanisation-provisoire-dun-quartier-en-suspe\/\" \/>\n<meta property=\"og:site_name\" content=\"Librairie 7L\" \/>\n<meta property=\"article:modified_time\" content=\"2026-04-05T22:43:59+00:00\" \/>\n<meta property=\"og:image\" content=\"https:\/\/librairie7l.com\/wp-content\/uploads\/2023\/04\/9782375560525_1_75.jpg\" \/>\n\t<meta property=\"og:image:width\" content=\"400\" \/>\n\t<meta property=\"og:image:height\" content=\"523\" \/>\n\t<meta property=\"og:image:type\" content=\"image\/jpeg\" \/>\n<meta name=\"twitter:card\" content=\"summary_large_image\" \/>\n<meta name=\"twitter:label1\" content=\"Est. reading time\" \/>\n\t<meta name=\"twitter:data1\" content=\"1 minute\" \/>\n<script type=\"application\/ld+json\" class=\"yoast-schema-graph\">{\"@context\":\"https:\/\/schema.org\",\"@graph\":[{\"@type\":\"WebPage\",\"@id\":\"https:\/\/librairie7l.com\/en\/produit\/les-halles-beaubourg-1970-1971-urbanisation-provisoire-dun-quartier-en-suspe\/\",\"url\":\"https:\/\/librairie7l.com\/en\/produit\/les-halles-beaubourg-1970-1971-urbanisation-provisoire-dun-quartier-en-suspe\/\",\"name\":\"Les Halles-Beaubourg, 1970-1971 : Urbanisation provisoire d'un quartier en suspens - Librairie 7L\",\"isPartOf\":{\"@id\":\"https:\/\/librairie7l.com\/en\/#website\"},\"datePublished\":\"2023-10-25T07:16:26+00:00\",\"dateModified\":\"2026-04-05T22:43:59+00:00\",\"breadcrumb\":{\"@id\":\"https:\/\/librairie7l.com\/en\/produit\/les-halles-beaubourg-1970-1971-urbanisation-provisoire-dun-quartier-en-suspe\/#breadcrumb\"},\"inLanguage\":\"en-US\",\"potentialAction\":[{\"@type\":\"ReadAction\",\"target\":[\"https:\/\/librairie7l.com\/en\/produit\/les-halles-beaubourg-1970-1971-urbanisation-provisoire-dun-quartier-en-suspe\/\"]}]},{\"@type\":\"BreadcrumbList\",\"@id\":\"https:\/\/librairie7l.com\/en\/produit\/les-halles-beaubourg-1970-1971-urbanisation-provisoire-dun-quartier-en-suspe\/#breadcrumb\",\"itemListElement\":[{\"@type\":\"ListItem\",\"position\":1,\"name\":\"Accueil\",\"item\":\"https:\/\/librairie7l.com\/en\/\"},{\"@type\":\"ListItem\",\"position\":2,\"name\":\"Shop\",\"item\":\"https:\/\/librairie7l.com\/en\/shop\/\"},{\"@type\":\"ListItem\",\"position\":3,\"name\":\"LES HALLES-BEAUBOURG, 1970-1971 : URBANISATION PROVISOIRE D&#8217;UN QUARTIER EN SUSPENS\"}]},{\"@type\":\"WebSite\",\"@id\":\"https:\/\/librairie7l.com\/en\/#website\",\"url\":\"https:\/\/librairie7l.com\/en\/\",\"name\":\"Librairie 7L\",\"description\":\"Librairie fond\u00e9e en 1999 par Karl Lagerfeld \u00e0 Paris\",\"publisher\":{\"@id\":\"https:\/\/librairie7l.com\/en\/#organization\"},\"potentialAction\":[{\"@type\":\"SearchAction\",\"target\":{\"@type\":\"EntryPoint\",\"urlTemplate\":\"https:\/\/librairie7l.com\/en\/?s={search_term_string}\"},\"query-input\":\"required name=search_term_string\"}],\"inLanguage\":\"en-US\"},{\"@type\":\"Organization\",\"@id\":\"https:\/\/librairie7l.com\/en\/#organization\",\"name\":\"Librairie 7L\",\"url\":\"https:\/\/librairie7l.com\/en\/\",\"logo\":{\"@type\":\"ImageObject\",\"inLanguage\":\"en-US\",\"@id\":\"https:\/\/librairie7l.com\/en\/#\/schema\/logo\/image\/\",\"url\":\"https:\/\/librairie7l.com\/wp-content\/uploads\/2022\/08\/logo-1.png\",\"contentUrl\":\"https:\/\/librairie7l.com\/wp-content\/uploads\/2022\/08\/logo-1.png\",\"width\":227,\"height\":301,\"caption\":\"Librairie 7L\"},\"image\":{\"@id\":\"https:\/\/librairie7l.com\/en\/#\/schema\/logo\/image\/\"}}]}<\/script>\n<!-- \/ Yoast SEO plugin. -->","yoast_head_json":{"title":"Les Halles-Beaubourg, 1970-1971 : Urbanisation provisoire d'un quartier en suspens - Librairie 7L","robots":{"index":"index","follow":"follow","max-snippet":"max-snippet:-1","max-image-preview":"max-image-preview:large","max-video-preview":"max-video-preview:-1"},"canonical":"https:\/\/librairie7l.com\/en\/produit\/les-halles-beaubourg-1970-1971-urbanisation-provisoire-dun-quartier-en-suspe\/","og_locale":"en_US","og_type":"article","og_title":"Les Halles-Beaubourg, 1970-1971 : Urbanisation provisoire d'un quartier en suspens - Librairie 7L","og_description":"Entre 1969 et 1971, le quartier des Halles et du plateau Beaubourg subit une s\u00e9rie de mutations. Le march\u00e9 de gros a d\u00e9j\u00e0 d\u00e9sert\u00e9 les Halles pour Rungis, mais les pavillons Baltard sont encore debout. Le centre Georges Pompidou n&#8217;est pas encore construit ni compl\u00e8tement programm\u00e9. Jean Zetlaoui, \u00e9tudiant \u00e0 l&#8217;UP6, \u00e9cole d&#8217;architecture nouvellement cr\u00e9\u00e9e, [&hellip;]","og_url":"https:\/\/librairie7l.com\/en\/produit\/les-halles-beaubourg-1970-1971-urbanisation-provisoire-dun-quartier-en-suspe\/","og_site_name":"Librairie 7L","article_modified_time":"2026-04-05T22:43:59+00:00","og_image":[{"width":400,"height":523,"url":"https:\/\/librairie7l.com\/wp-content\/uploads\/2023\/04\/9782375560525_1_75.jpg","type":"image\/jpeg"}],"twitter_card":"summary_large_image","twitter_misc":{"Est. reading time":"1 minute"},"schema":{"@context":"https:\/\/schema.org","@graph":[{"@type":"WebPage","@id":"https:\/\/librairie7l.com\/en\/produit\/les-halles-beaubourg-1970-1971-urbanisation-provisoire-dun-quartier-en-suspe\/","url":"https:\/\/librairie7l.com\/en\/produit\/les-halles-beaubourg-1970-1971-urbanisation-provisoire-dun-quartier-en-suspe\/","name":"Les Halles-Beaubourg, 1970-1971 : Urbanisation provisoire d'un quartier en suspens - Librairie 7L","isPartOf":{"@id":"https:\/\/librairie7l.com\/en\/#website"},"datePublished":"2023-10-25T07:16:26+00:00","dateModified":"2026-04-05T22:43:59+00:00","breadcrumb":{"@id":"https:\/\/librairie7l.com\/en\/produit\/les-halles-beaubourg-1970-1971-urbanisation-provisoire-dun-quartier-en-suspe\/#breadcrumb"},"inLanguage":"en-US","potentialAction":[{"@type":"ReadAction","target":["https:\/\/librairie7l.com\/en\/produit\/les-halles-beaubourg-1970-1971-urbanisation-provisoire-dun-quartier-en-suspe\/"]}]},{"@type":"BreadcrumbList","@id":"https:\/\/librairie7l.com\/en\/produit\/les-halles-beaubourg-1970-1971-urbanisation-provisoire-dun-quartier-en-suspe\/#breadcrumb","itemListElement":[{"@type":"ListItem","position":1,"name":"Accueil","item":"https:\/\/librairie7l.com\/en\/"},{"@type":"ListItem","position":2,"name":"Shop","item":"https:\/\/librairie7l.com\/en\/shop\/"},{"@type":"ListItem","position":3,"name":"LES HALLES-BEAUBOURG, 1970-1971 : URBANISATION PROVISOIRE D&#8217;UN QUARTIER EN SUSPENS"}]},{"@type":"WebSite","@id":"https:\/\/librairie7l.com\/en\/#website","url":"https:\/\/librairie7l.com\/en\/","name":"Librairie 7L","description":"Librairie fond\u00e9e en 1999 par Karl Lagerfeld \u00e0 Paris","publisher":{"@id":"https:\/\/librairie7l.com\/en\/#organization"},"potentialAction":[{"@type":"SearchAction","target":{"@type":"EntryPoint","urlTemplate":"https:\/\/librairie7l.com\/en\/?s={search_term_string}"},"query-input":"required name=search_term_string"}],"inLanguage":"en-US"},{"@type":"Organization","@id":"https:\/\/librairie7l.com\/en\/#organization","name":"Librairie 7L","url":"https:\/\/librairie7l.com\/en\/","logo":{"@type":"ImageObject","inLanguage":"en-US","@id":"https:\/\/librairie7l.com\/en\/#\/schema\/logo\/image\/","url":"https:\/\/librairie7l.com\/wp-content\/uploads\/2022\/08\/logo-1.png","contentUrl":"https:\/\/librairie7l.com\/wp-content\/uploads\/2022\/08\/logo-1.png","width":227,"height":301,"caption":"Librairie 7L"},"image":{"@id":"https:\/\/librairie7l.com\/en\/#\/schema\/logo\/image\/"}}]}},"_links":{"self":[{"href":"https:\/\/librairie7l.com\/en\/wp-json\/wp\/v2\/product\/37077"}],"collection":[{"href":"https:\/\/librairie7l.com\/en\/wp-json\/wp\/v2\/product"}],"about":[{"href":"https:\/\/librairie7l.com\/en\/wp-json\/wp\/v2\/types\/product"}],"wp:featuredmedia":[{"embeddable":true,"href":"https:\/\/librairie7l.com\/en\/wp-json\/wp\/v2\/media\/37075"}],"wp:attachment":[{"href":"https:\/\/librairie7l.com\/en\/wp-json\/wp\/v2\/media?parent=37077"}],"wp:term":[{"taxonomy":"product_cat","embeddable":true,"href":"https:\/\/librairie7l.com\/en\/wp-json\/wp\/v2\/product_cat?post=37077"},{"taxonomy":"product_tag","embeddable":true,"href":"https:\/\/librairie7l.com\/en\/wp-json\/wp\/v2\/product_tag?post=37077"}],"curies":[{"name":"wp","href":"https:\/\/api.w.org\/{rel}","templated":true}]}}