{"id":37081,"date":"2023-10-25T09:16:30","date_gmt":"2023-10-25T07:16:30","guid":{"rendered":"https:\/\/librairie7l.com\/?post_type=product&#038;p=37081"},"modified":"2026-04-06T00:43:58","modified_gmt":"2026-04-05T22:43:58","slug":"la-cite-radieuse-le-corbusier-un-art-pour-vivre","status":"publish","type":"product","link":"https:\/\/librairie7l.com\/en\/produit\/la-cite-radieuse-le-corbusier-un-art-pour-vivre\/","title":{"rendered":"LA CIT\u00c9 RADIEUSE : LE CORBUSIER, UN ART POUR VIVRE"},"content":{"rendered":"<p>Un titre in\u00e9dit, simple et accessible sur la Cit\u00e9 radieuse de Marseille (50 000 visiteurs par an).<br \/>\nC&#8217;est dans le contexte du vaste plan de reconstruction de la France de l&#8217;apr\u00e8s-guerre que l&#8217;\u00c9tat commande au Corbusier, \u00e0 titre exp\u00e9rimental, un immeuble \u00e0 Marseille &#8211; premier d&#8217;un ensemble pouvant constituer une ville d&#8217;un type nouveau baptis\u00e9 par Le Corbusier &#8221; Ville radieuse &#8220;.<br \/>\nLe chantier s&#8217;ouvre en 1947. L&#8217;unit\u00e9 d&#8217;habitation est un ensemble complet qui comprend dans un seul b\u00e2timent toutes les composantes d&#8217;un village : 330 logements, une rue commer\u00e7ante avec 44 boutiques, une \u00e9cole, un toit terrasse, devant favoriser les \u00e9changes&#8230;<br \/>\nLa Cit\u00e9 radieuse sera l&#8217;illustration compl\u00e8te des th\u00e9ories de l&#8217;architecte, qui cherche \u00e0 associer harmonieusement vie individuelle et collective.<\/p>\n<p>Ce livre se compose comme une visite guid\u00e9e. Il aborde, \u00e0 travers une quarantaine de th\u00e8mes, toutes les questions propres \u00e0 cette exp\u00e9rience unique : l&#8217;architecture, l&#8217;esth\u00e9tique, les inventions, l&#8217;exp\u00e9rience collective&#8230;<br \/>\n\u00c0 cet inventaire pr\u00e9cis s&#8217;ajoute une premi\u00e8re partie historique qui replace la Cit\u00e9 radieuse dans son contexte, sa construction, relate les pol\u00e9miques \u00e0 son sujet et retrace la vie et l&#8217;oeuvre de son cr\u00e9ateur visionnaire.<\/p>\n","protected":false},"excerpt":{"rendered":"<p>Un titre in\u00e9dit, simple et accessible sur la Cit\u00e9 radieuse de Marseille (50 000 visiteurs par an). C&#8217;est dans le contexte du vaste plan de reconstruction de la France de l&#8217;apr\u00e8s-guerre que l&#8217;\u00c9tat commande au Corbusier, \u00e0 titre exp\u00e9rimental, un immeuble \u00e0 Marseille &#8211; premier d&#8217;un ensemble pouvant constituer une ville d&#8217;un type nouveau baptis\u00e9 [&hellip;]<\/p>\n","protected":false},"featured_media":37079,"template":"","meta":[],"product_cat":[55,2948,22,2950],"product_tag":[],"acf":[],"yoast_head":"<!-- This site is optimized with the Yoast SEO plugin v20.11 - https:\/\/yoast.com\/wordpress\/plugins\/seo\/ -->\n<title>La Cit\u00e9 radieuse : Le Corbusier, un art pour vivre - Librairie 7L<\/title>\n<meta name=\"robots\" content=\"index, follow, max-snippet:-1, max-image-preview:large, max-video-preview:-1\" \/>\n<link rel=\"canonical\" href=\"https:\/\/librairie7l.com\/en\/produit\/la-cite-radieuse-le-corbusier-un-art-pour-vivre\/\" \/>\n<meta property=\"og:locale\" content=\"en_US\" \/>\n<meta property=\"og:type\" content=\"article\" \/>\n<meta property=\"og:title\" content=\"La Cit\u00e9 radieuse : Le Corbusier, un art pour vivre - Librairie 7L\" \/>\n<meta property=\"og:description\" content=\"Un titre in\u00e9dit, simple et accessible sur la Cit\u00e9 radieuse de Marseille (50 000 visiteurs par an). C&#8217;est dans le contexte du vaste plan de reconstruction de la France de l&#8217;apr\u00e8s-guerre que l&#8217;\u00c9tat commande au Corbusier, \u00e0 titre exp\u00e9rimental, un immeuble \u00e0 Marseille &#8211; premier d&#8217;un ensemble pouvant constituer une ville d&#8217;un type nouveau baptis\u00e9 [&hellip;]\" \/>\n<meta property=\"og:url\" content=\"https:\/\/librairie7l.com\/en\/produit\/la-cite-radieuse-le-corbusier-un-art-pour-vivre\/\" \/>\n<meta property=\"og:site_name\" content=\"Librairie 7L\" \/>\n<meta property=\"article:modified_time\" content=\"2026-04-05T22:43:58+00:00\" \/>\n<meta property=\"og:image\" content=\"https:\/\/librairie7l.com\/wp-content\/uploads\/2023\/06\/9782357207417_1_75.jpg\" \/>\n\t<meta property=\"og:image:width\" content=\"600\" \/>\n\t<meta property=\"og:image:height\" content=\"746\" \/>\n\t<meta property=\"og:image:type\" content=\"image\/jpeg\" \/>\n<meta name=\"twitter:card\" content=\"summary_large_image\" \/>\n<meta name=\"twitter:label1\" content=\"Est. reading time\" \/>\n\t<meta name=\"twitter:data1\" content=\"1 minute\" \/>\n<script type=\"application\/ld+json\" class=\"yoast-schema-graph\">{\"@context\":\"https:\/\/schema.org\",\"@graph\":[{\"@type\":\"WebPage\",\"@id\":\"https:\/\/librairie7l.com\/en\/produit\/la-cite-radieuse-le-corbusier-un-art-pour-vivre\/\",\"url\":\"https:\/\/librairie7l.com\/en\/produit\/la-cite-radieuse-le-corbusier-un-art-pour-vivre\/\",\"name\":\"La Cit\u00e9 radieuse : Le Corbusier, un art pour vivre - Librairie 7L\",\"isPartOf\":{\"@id\":\"https:\/\/librairie7l.com\/en\/#website\"},\"datePublished\":\"2023-10-25T07:16:30+00:00\",\"dateModified\":\"2026-04-05T22:43:58+00:00\",\"breadcrumb\":{\"@id\":\"https:\/\/librairie7l.com\/en\/produit\/la-cite-radieuse-le-corbusier-un-art-pour-vivre\/#breadcrumb\"},\"inLanguage\":\"en-US\",\"potentialAction\":[{\"@type\":\"ReadAction\",\"target\":[\"https:\/\/librairie7l.com\/en\/produit\/la-cite-radieuse-le-corbusier-un-art-pour-vivre\/\"]}]},{\"@type\":\"BreadcrumbList\",\"@id\":\"https:\/\/librairie7l.com\/en\/produit\/la-cite-radieuse-le-corbusier-un-art-pour-vivre\/#breadcrumb\",\"itemListElement\":[{\"@type\":\"ListItem\",\"position\":1,\"name\":\"Accueil\",\"item\":\"https:\/\/librairie7l.com\/en\/\"},{\"@type\":\"ListItem\",\"position\":2,\"name\":\"Shop\",\"item\":\"https:\/\/librairie7l.com\/en\/shop\/\"},{\"@type\":\"ListItem\",\"position\":3,\"name\":\"LA CIT\u00c9 RADIEUSE : LE CORBUSIER, UN ART POUR VIVRE\"}]},{\"@type\":\"WebSite\",\"@id\":\"https:\/\/librairie7l.com\/en\/#website\",\"url\":\"https:\/\/librairie7l.com\/en\/\",\"name\":\"Librairie 7L\",\"description\":\"Librairie fond\u00e9e en 1999 par Karl Lagerfeld \u00e0 Paris\",\"publisher\":{\"@id\":\"https:\/\/librairie7l.com\/en\/#organization\"},\"potentialAction\":[{\"@type\":\"SearchAction\",\"target\":{\"@type\":\"EntryPoint\",\"urlTemplate\":\"https:\/\/librairie7l.com\/en\/?s={search_term_string}\"},\"query-input\":\"required name=search_term_string\"}],\"inLanguage\":\"en-US\"},{\"@type\":\"Organization\",\"@id\":\"https:\/\/librairie7l.com\/en\/#organization\",\"name\":\"Librairie 7L\",\"url\":\"https:\/\/librairie7l.com\/en\/\",\"logo\":{\"@type\":\"ImageObject\",\"inLanguage\":\"en-US\",\"@id\":\"https:\/\/librairie7l.com\/en\/#\/schema\/logo\/image\/\",\"url\":\"https:\/\/librairie7l.com\/wp-content\/uploads\/2022\/08\/logo-1.png\",\"contentUrl\":\"https:\/\/librairie7l.com\/wp-content\/uploads\/2022\/08\/logo-1.png\",\"width\":227,\"height\":301,\"caption\":\"Librairie 7L\"},\"image\":{\"@id\":\"https:\/\/librairie7l.com\/en\/#\/schema\/logo\/image\/\"}}]}<\/script>\n<!-- \/ Yoast SEO plugin. -->","yoast_head_json":{"title":"La Cit\u00e9 radieuse : Le Corbusier, un art pour vivre - Librairie 7L","robots":{"index":"index","follow":"follow","max-snippet":"max-snippet:-1","max-image-preview":"max-image-preview:large","max-video-preview":"max-video-preview:-1"},"canonical":"https:\/\/librairie7l.com\/en\/produit\/la-cite-radieuse-le-corbusier-un-art-pour-vivre\/","og_locale":"en_US","og_type":"article","og_title":"La Cit\u00e9 radieuse : Le Corbusier, un art pour vivre - Librairie 7L","og_description":"Un titre in\u00e9dit, simple et accessible sur la Cit\u00e9 radieuse de Marseille (50 000 visiteurs par an). C&#8217;est dans le contexte du vaste plan de reconstruction de la France de l&#8217;apr\u00e8s-guerre que l&#8217;\u00c9tat commande au Corbusier, \u00e0 titre exp\u00e9rimental, un immeuble \u00e0 Marseille &#8211; premier d&#8217;un ensemble pouvant constituer une ville d&#8217;un type nouveau baptis\u00e9 [&hellip;]","og_url":"https:\/\/librairie7l.com\/en\/produit\/la-cite-radieuse-le-corbusier-un-art-pour-vivre\/","og_site_name":"Librairie 7L","article_modified_time":"2026-04-05T22:43:58+00:00","og_image":[{"width":600,"height":746,"url":"https:\/\/librairie7l.com\/wp-content\/uploads\/2023\/06\/9782357207417_1_75.jpg","type":"image\/jpeg"}],"twitter_card":"summary_large_image","twitter_misc":{"Est. reading time":"1 minute"},"schema":{"@context":"https:\/\/schema.org","@graph":[{"@type":"WebPage","@id":"https:\/\/librairie7l.com\/en\/produit\/la-cite-radieuse-le-corbusier-un-art-pour-vivre\/","url":"https:\/\/librairie7l.com\/en\/produit\/la-cite-radieuse-le-corbusier-un-art-pour-vivre\/","name":"La Cit\u00e9 radieuse : Le Corbusier, un art pour vivre - Librairie 7L","isPartOf":{"@id":"https:\/\/librairie7l.com\/en\/#website"},"datePublished":"2023-10-25T07:16:30+00:00","dateModified":"2026-04-05T22:43:58+00:00","breadcrumb":{"@id":"https:\/\/librairie7l.com\/en\/produit\/la-cite-radieuse-le-corbusier-un-art-pour-vivre\/#breadcrumb"},"inLanguage":"en-US","potentialAction":[{"@type":"ReadAction","target":["https:\/\/librairie7l.com\/en\/produit\/la-cite-radieuse-le-corbusier-un-art-pour-vivre\/"]}]},{"@type":"BreadcrumbList","@id":"https:\/\/librairie7l.com\/en\/produit\/la-cite-radieuse-le-corbusier-un-art-pour-vivre\/#breadcrumb","itemListElement":[{"@type":"ListItem","position":1,"name":"Accueil","item":"https:\/\/librairie7l.com\/en\/"},{"@type":"ListItem","position":2,"name":"Shop","item":"https:\/\/librairie7l.com\/en\/shop\/"},{"@type":"ListItem","position":3,"name":"LA CIT\u00c9 RADIEUSE : LE CORBUSIER, UN ART POUR VIVRE"}]},{"@type":"WebSite","@id":"https:\/\/librairie7l.com\/en\/#website","url":"https:\/\/librairie7l.com\/en\/","name":"Librairie 7L","description":"Librairie fond\u00e9e en 1999 par Karl Lagerfeld \u00e0 Paris","publisher":{"@id":"https:\/\/librairie7l.com\/en\/#organization"},"potentialAction":[{"@type":"SearchAction","target":{"@type":"EntryPoint","urlTemplate":"https:\/\/librairie7l.com\/en\/?s={search_term_string}"},"query-input":"required name=search_term_string"}],"inLanguage":"en-US"},{"@type":"Organization","@id":"https:\/\/librairie7l.com\/en\/#organization","name":"Librairie 7L","url":"https:\/\/librairie7l.com\/en\/","logo":{"@type":"ImageObject","inLanguage":"en-US","@id":"https:\/\/librairie7l.com\/en\/#\/schema\/logo\/image\/","url":"https:\/\/librairie7l.com\/wp-content\/uploads\/2022\/08\/logo-1.png","contentUrl":"https:\/\/librairie7l.com\/wp-content\/uploads\/2022\/08\/logo-1.png","width":227,"height":301,"caption":"Librairie 7L"},"image":{"@id":"https:\/\/librairie7l.com\/en\/#\/schema\/logo\/image\/"}}]}},"_links":{"self":[{"href":"https:\/\/librairie7l.com\/en\/wp-json\/wp\/v2\/product\/37081"}],"collection":[{"href":"https:\/\/librairie7l.com\/en\/wp-json\/wp\/v2\/product"}],"about":[{"href":"https:\/\/librairie7l.com\/en\/wp-json\/wp\/v2\/types\/product"}],"wp:featuredmedia":[{"embeddable":true,"href":"https:\/\/librairie7l.com\/en\/wp-json\/wp\/v2\/media\/37079"}],"wp:attachment":[{"href":"https:\/\/librairie7l.com\/en\/wp-json\/wp\/v2\/media?parent=37081"}],"wp:term":[{"taxonomy":"product_cat","embeddable":true,"href":"https:\/\/librairie7l.com\/en\/wp-json\/wp\/v2\/product_cat?post=37081"},{"taxonomy":"product_tag","embeddable":true,"href":"https:\/\/librairie7l.com\/en\/wp-json\/wp\/v2\/product_tag?post=37081"}],"curies":[{"name":"wp","href":"https:\/\/api.w.org\/{rel}","templated":true}]}}