{"id":37083,"date":"2023-10-25T09:16:34","date_gmt":"2023-10-25T07:16:34","guid":{"rendered":"https:\/\/librairie7l.com\/?post_type=product&#038;p=37083"},"modified":"2026-04-07T09:05:47","modified_gmt":"2026-04-07T07:05:47","slug":"lhumour-de-lart-tome-2","status":"publish","type":"product","link":"https:\/\/librairie7l.com\/en\/produit\/lhumour-de-lart-tome-2\/","title":{"rendered":"L&#8217;HUMOUR DE L&#8217;ART TOME 2"},"content":{"rendered":"<p>Qu&#8217;il s&#8217;agisse d&#8217;humour, d&#8217;ironie ou d&#8217;idiotie, l&#8217;art contemporain aime rire et sourire. C&#8217;est pourquoi, en \u00e9cho au volume consacr\u00e9 \u00e0 Marcel Duchamp, qui avait titr\u00e9 sa Joconde \u00e0 moustaches LHOOQ, le second recueil de la collection  50 ans d&#8217;art contemporain  \u00e0 travers les archives du magazine  artpress r\u00e9unit des artistes qui ont fait du comique, du grotesque, du burlesque ou de la parodie le coeur de leur oeuvre. Si, \u00e0 la fin du 20e si\u00e8cle, le jeu de mots \u00e0 la Duchamp semble avoir parfois c\u00e9d\u00e9 la place \u00e0 un comique de situation qui voit l&#8217;artiste se mettre en sc\u00e8ne de mani\u00e8re d\u00e9risoire, la finalit\u00e9 critique et subversive reste la m\u00eame et ce sont souvent la figure de l&#8217;artiste et le monde de l&#8217;art qui sont directement vis\u00e9s.<\/p>\n<p> Ce recueil comprendra une quinzaine d&#8217;articles, essais ou interviews mettant l&#8217;accent sur des artistes tels Erik Dietman, Maurizio Cattelan, Wim Delvoye, Jacques Liz\u00e8ne, Alain S\u00e9chas ou Pierrick Sorin. Ils seront pr\u00e9c\u00e9d\u00e9s d&#8217;une pr\u00e9face in\u00e9dite.<\/p>\n","protected":false},"excerpt":{"rendered":"<p>Qu&#8217;il s&#8217;agisse d&#8217;humour, d&#8217;ironie ou d&#8217;idiotie, l&#8217;art contemporain aime rire et sourire. C&#8217;est pourquoi, en \u00e9cho au volume consacr\u00e9 \u00e0 Marcel Duchamp, qui avait titr\u00e9 sa Joconde \u00e0 moustaches LHOOQ, le second recueil de la collection 50 ans d&#8217;art contemporain \u00e0 travers les archives du magazine artpress r\u00e9unit des artistes qui ont fait du comique, [&hellip;]<\/p>\n","protected":false},"featured_media":0,"template":"","meta":[],"product_cat":[55,2948,47,2953],"product_tag":[],"acf":[],"yoast_head":"<!-- This site is optimized with the Yoast SEO plugin v20.11 - https:\/\/yoast.com\/wordpress\/plugins\/seo\/ -->\n<title>L&#039;humour de l&#039;art Tome 2 - Librairie 7L<\/title>\n<meta name=\"robots\" content=\"index, follow, max-snippet:-1, max-image-preview:large, max-video-preview:-1\" \/>\n<link rel=\"canonical\" href=\"https:\/\/librairie7l.com\/en\/produit\/lhumour-de-lart-tome-2\/\" \/>\n<meta property=\"og:locale\" content=\"en_US\" \/>\n<meta property=\"og:type\" content=\"article\" \/>\n<meta property=\"og:title\" content=\"L&#039;humour de l&#039;art Tome 2 - Librairie 7L\" \/>\n<meta property=\"og:description\" content=\"Qu&#8217;il s&#8217;agisse d&#8217;humour, d&#8217;ironie ou d&#8217;idiotie, l&#8217;art contemporain aime rire et sourire. C&#8217;est pourquoi, en \u00e9cho au volume consacr\u00e9 \u00e0 Marcel Duchamp, qui avait titr\u00e9 sa Joconde \u00e0 moustaches LHOOQ, le second recueil de la collection 50 ans d&#8217;art contemporain \u00e0 travers les archives du magazine artpress r\u00e9unit des artistes qui ont fait du comique, [&hellip;]\" \/>\n<meta property=\"og:url\" content=\"https:\/\/librairie7l.com\/en\/produit\/lhumour-de-lart-tome-2\/\" \/>\n<meta property=\"og:site_name\" content=\"Librairie 7L\" \/>\n<meta property=\"article:modified_time\" content=\"2026-04-07T07:05:47+00:00\" \/>\n<meta name=\"twitter:card\" content=\"summary_large_image\" \/>\n<meta name=\"twitter:label1\" content=\"Est. reading time\" \/>\n\t<meta name=\"twitter:data1\" content=\"1 minute\" \/>\n<script type=\"application\/ld+json\" class=\"yoast-schema-graph\">{\"@context\":\"https:\/\/schema.org\",\"@graph\":[{\"@type\":\"WebPage\",\"@id\":\"https:\/\/librairie7l.com\/en\/produit\/lhumour-de-lart-tome-2\/\",\"url\":\"https:\/\/librairie7l.com\/en\/produit\/lhumour-de-lart-tome-2\/\",\"name\":\"L'humour de l'art Tome 2 - Librairie 7L\",\"isPartOf\":{\"@id\":\"https:\/\/librairie7l.com\/en\/#website\"},\"datePublished\":\"2023-10-25T07:16:34+00:00\",\"dateModified\":\"2026-04-07T07:05:47+00:00\",\"breadcrumb\":{\"@id\":\"https:\/\/librairie7l.com\/en\/produit\/lhumour-de-lart-tome-2\/#breadcrumb\"},\"inLanguage\":\"en-US\",\"potentialAction\":[{\"@type\":\"ReadAction\",\"target\":[\"https:\/\/librairie7l.com\/en\/produit\/lhumour-de-lart-tome-2\/\"]}]},{\"@type\":\"BreadcrumbList\",\"@id\":\"https:\/\/librairie7l.com\/en\/produit\/lhumour-de-lart-tome-2\/#breadcrumb\",\"itemListElement\":[{\"@type\":\"ListItem\",\"position\":1,\"name\":\"Accueil\",\"item\":\"https:\/\/librairie7l.com\/en\/\"},{\"@type\":\"ListItem\",\"position\":2,\"name\":\"Shop\",\"item\":\"https:\/\/librairie7l.com\/en\/shop\/\"},{\"@type\":\"ListItem\",\"position\":3,\"name\":\"L&#8217;HUMOUR DE L&#8217;ART TOME 2\"}]},{\"@type\":\"WebSite\",\"@id\":\"https:\/\/librairie7l.com\/en\/#website\",\"url\":\"https:\/\/librairie7l.com\/en\/\",\"name\":\"Librairie 7L\",\"description\":\"Librairie fond\u00e9e en 1999 par Karl Lagerfeld \u00e0 Paris\",\"publisher\":{\"@id\":\"https:\/\/librairie7l.com\/en\/#organization\"},\"potentialAction\":[{\"@type\":\"SearchAction\",\"target\":{\"@type\":\"EntryPoint\",\"urlTemplate\":\"https:\/\/librairie7l.com\/en\/?s={search_term_string}\"},\"query-input\":\"required name=search_term_string\"}],\"inLanguage\":\"en-US\"},{\"@type\":\"Organization\",\"@id\":\"https:\/\/librairie7l.com\/en\/#organization\",\"name\":\"Librairie 7L\",\"url\":\"https:\/\/librairie7l.com\/en\/\",\"logo\":{\"@type\":\"ImageObject\",\"inLanguage\":\"en-US\",\"@id\":\"https:\/\/librairie7l.com\/en\/#\/schema\/logo\/image\/\",\"url\":\"https:\/\/librairie7l.com\/wp-content\/uploads\/2022\/08\/logo-1.png\",\"contentUrl\":\"https:\/\/librairie7l.com\/wp-content\/uploads\/2022\/08\/logo-1.png\",\"width\":227,\"height\":301,\"caption\":\"Librairie 7L\"},\"image\":{\"@id\":\"https:\/\/librairie7l.com\/en\/#\/schema\/logo\/image\/\"}}]}<\/script>\n<!-- \/ Yoast SEO plugin. -->","yoast_head_json":{"title":"L'humour de l'art Tome 2 - Librairie 7L","robots":{"index":"index","follow":"follow","max-snippet":"max-snippet:-1","max-image-preview":"max-image-preview:large","max-video-preview":"max-video-preview:-1"},"canonical":"https:\/\/librairie7l.com\/en\/produit\/lhumour-de-lart-tome-2\/","og_locale":"en_US","og_type":"article","og_title":"L'humour de l'art Tome 2 - Librairie 7L","og_description":"Qu&#8217;il s&#8217;agisse d&#8217;humour, d&#8217;ironie ou d&#8217;idiotie, l&#8217;art contemporain aime rire et sourire. C&#8217;est pourquoi, en \u00e9cho au volume consacr\u00e9 \u00e0 Marcel Duchamp, qui avait titr\u00e9 sa Joconde \u00e0 moustaches LHOOQ, le second recueil de la collection 50 ans d&#8217;art contemporain \u00e0 travers les archives du magazine artpress r\u00e9unit des artistes qui ont fait du comique, [&hellip;]","og_url":"https:\/\/librairie7l.com\/en\/produit\/lhumour-de-lart-tome-2\/","og_site_name":"Librairie 7L","article_modified_time":"2026-04-07T07:05:47+00:00","twitter_card":"summary_large_image","twitter_misc":{"Est. reading time":"1 minute"},"schema":{"@context":"https:\/\/schema.org","@graph":[{"@type":"WebPage","@id":"https:\/\/librairie7l.com\/en\/produit\/lhumour-de-lart-tome-2\/","url":"https:\/\/librairie7l.com\/en\/produit\/lhumour-de-lart-tome-2\/","name":"L'humour de l'art Tome 2 - Librairie 7L","isPartOf":{"@id":"https:\/\/librairie7l.com\/en\/#website"},"datePublished":"2023-10-25T07:16:34+00:00","dateModified":"2026-04-07T07:05:47+00:00","breadcrumb":{"@id":"https:\/\/librairie7l.com\/en\/produit\/lhumour-de-lart-tome-2\/#breadcrumb"},"inLanguage":"en-US","potentialAction":[{"@type":"ReadAction","target":["https:\/\/librairie7l.com\/en\/produit\/lhumour-de-lart-tome-2\/"]}]},{"@type":"BreadcrumbList","@id":"https:\/\/librairie7l.com\/en\/produit\/lhumour-de-lart-tome-2\/#breadcrumb","itemListElement":[{"@type":"ListItem","position":1,"name":"Accueil","item":"https:\/\/librairie7l.com\/en\/"},{"@type":"ListItem","position":2,"name":"Shop","item":"https:\/\/librairie7l.com\/en\/shop\/"},{"@type":"ListItem","position":3,"name":"L&#8217;HUMOUR DE L&#8217;ART TOME 2"}]},{"@type":"WebSite","@id":"https:\/\/librairie7l.com\/en\/#website","url":"https:\/\/librairie7l.com\/en\/","name":"Librairie 7L","description":"Librairie fond\u00e9e en 1999 par Karl Lagerfeld \u00e0 Paris","publisher":{"@id":"https:\/\/librairie7l.com\/en\/#organization"},"potentialAction":[{"@type":"SearchAction","target":{"@type":"EntryPoint","urlTemplate":"https:\/\/librairie7l.com\/en\/?s={search_term_string}"},"query-input":"required name=search_term_string"}],"inLanguage":"en-US"},{"@type":"Organization","@id":"https:\/\/librairie7l.com\/en\/#organization","name":"Librairie 7L","url":"https:\/\/librairie7l.com\/en\/","logo":{"@type":"ImageObject","inLanguage":"en-US","@id":"https:\/\/librairie7l.com\/en\/#\/schema\/logo\/image\/","url":"https:\/\/librairie7l.com\/wp-content\/uploads\/2022\/08\/logo-1.png","contentUrl":"https:\/\/librairie7l.com\/wp-content\/uploads\/2022\/08\/logo-1.png","width":227,"height":301,"caption":"Librairie 7L"},"image":{"@id":"https:\/\/librairie7l.com\/en\/#\/schema\/logo\/image\/"}}]}},"_links":{"self":[{"href":"https:\/\/librairie7l.com\/en\/wp-json\/wp\/v2\/product\/37083"}],"collection":[{"href":"https:\/\/librairie7l.com\/en\/wp-json\/wp\/v2\/product"}],"about":[{"href":"https:\/\/librairie7l.com\/en\/wp-json\/wp\/v2\/types\/product"}],"wp:attachment":[{"href":"https:\/\/librairie7l.com\/en\/wp-json\/wp\/v2\/media?parent=37083"}],"wp:term":[{"taxonomy":"product_cat","embeddable":true,"href":"https:\/\/librairie7l.com\/en\/wp-json\/wp\/v2\/product_cat?post=37083"},{"taxonomy":"product_tag","embeddable":true,"href":"https:\/\/librairie7l.com\/en\/wp-json\/wp\/v2\/product_tag?post=37083"}],"curies":[{"name":"wp","href":"https:\/\/api.w.org\/{rel}","templated":true}]}}