{"id":37085,"date":"2023-10-25T09:16:38","date_gmt":"2023-10-25T07:16:38","guid":{"rendered":"https:\/\/librairie7l.com\/?post_type=product&#038;p=37085"},"modified":"2026-04-26T13:50:09","modified_gmt":"2026-04-26T11:50:09","slug":"etant-donne-marcel-duchamp-t-1","status":"publish","type":"product","link":"https:\/\/librairie7l.com\/en\/produit\/etant-donne-marcel-duchamp-t-1\/","title":{"rendered":"\u00c9TANT DONN\u00c9 MARCEL DUCHAMP TOME 1"},"content":{"rendered":"<p>Il n&#8217;est pas anodin que Marcel Duchamp ait figur\u00e9 au sommaire du premier num\u00e9ro du magazine  artpress paru en d\u00e9cembre 1972 : sans lui, pas d&#8217;art contemporain, cet art apparemment sans r\u00e8gles ni limites apparu dans les ann\u00e9es 1960-1970 et dont  artpress est le contemporain. C&#8217;est pourquoi il \u00e9tait \u00e9vident d&#8217;initier cette nouvelle collection  50 ans d&#8217;art contemporain , r\u00e9alis\u00e9e \u00e0 partir des articles publi\u00e9s dans  artpress, par cette figure incontournable des avant-gardes. <\/p>\n<p> Ce volume revient sur la vie et l&#8217;oeuvre de Marcel Duchamp (1887-1968), scrute la notion de ready-made, ne n\u00e9glige pas sa pratique de la peinture qu&#8217;il a pourtant abandonn\u00e9e tr\u00e8s t\u00f4t et souligne son apport, qui semble in\u00e9puisable. Il montre l&#8217;effet produit par Duchamp sur les g\u00e9n\u00e9rations ult\u00e9rieures, engageant certains \u00e0 reproduire son  Grand Verre pour tenter d&#8217;en percer les myst\u00e8res et d&#8217;autres \u00e0 rendre \u00e0 sa c\u00e9l\u00e8bre Fontaine sa fonction originelle&#8230;<\/p>\n<p> Compos\u00e9 d&#8217;articles de fond, d&#8217;\u00e9tudes monographiques, d&#8217;interviews, de comptes rendus pr\u00e9c\u00e9d\u00e9s d&#8217;une pr\u00e9face in\u00e9dite, ce volume confronte les points de vue, donnant la parole aux d\u00e9fenseurs de l&#8217;inventeur du ready-made comme \u00e0 ceux qui critiquent la  f\u00e9tichisation  de Duchamp.<\/p>\n","protected":false},"excerpt":{"rendered":"<p>Il n&#8217;est pas anodin que Marcel Duchamp ait figur\u00e9 au sommaire du premier num\u00e9ro du magazine artpress paru en d\u00e9cembre 1972 : sans lui, pas d&#8217;art contemporain, cet art apparemment sans r\u00e8gles ni limites apparu dans les ann\u00e9es 1960-1970 et dont artpress est le contemporain. C&#8217;est pourquoi il \u00e9tait \u00e9vident d&#8217;initier cette nouvelle collection 50 [&hellip;]<\/p>\n","protected":false},"featured_media":37093,"template":"","meta":[],"product_cat":[55,2948,47,2953],"product_tag":[],"acf":[],"yoast_head":"<!-- This site is optimized with the Yoast SEO plugin v20.11 - https:\/\/yoast.com\/wordpress\/plugins\/seo\/ -->\n<title>\u00e9tant donn\u00e9 Marcel Duchamp Tome 1 - Librairie 7L<\/title>\n<meta name=\"robots\" content=\"index, follow, max-snippet:-1, max-image-preview:large, max-video-preview:-1\" \/>\n<link rel=\"canonical\" href=\"https:\/\/librairie7l.com\/en\/produit\/etant-donne-marcel-duchamp-t-1\/\" \/>\n<meta property=\"og:locale\" content=\"en_US\" \/>\n<meta property=\"og:type\" content=\"article\" \/>\n<meta property=\"og:title\" content=\"\u00e9tant donn\u00e9 Marcel Duchamp Tome 1 - Librairie 7L\" \/>\n<meta property=\"og:description\" content=\"Il n&#8217;est pas anodin que Marcel Duchamp ait figur\u00e9 au sommaire du premier num\u00e9ro du magazine artpress paru en d\u00e9cembre 1972 : sans lui, pas d&#8217;art contemporain, cet art apparemment sans r\u00e8gles ni limites apparu dans les ann\u00e9es 1960-1970 et dont artpress est le contemporain. C&#8217;est pourquoi il \u00e9tait \u00e9vident d&#8217;initier cette nouvelle collection 50 [&hellip;]\" \/>\n<meta property=\"og:url\" content=\"https:\/\/librairie7l.com\/en\/produit\/etant-donne-marcel-duchamp-t-1\/\" \/>\n<meta property=\"og:site_name\" content=\"Librairie 7L\" \/>\n<meta property=\"article:modified_time\" content=\"2026-04-26T11:50:09+00:00\" \/>\n<meta property=\"og:image\" content=\"https:\/\/librairie7l.com\/wp-content\/uploads\/2022\/03\/9782906705609_1_75.jpg\" \/>\n\t<meta property=\"og:image:width\" content=\"517\" \/>\n\t<meta property=\"og:image:height\" content=\"800\" \/>\n\t<meta property=\"og:image:type\" content=\"image\/jpeg\" \/>\n<meta name=\"twitter:card\" content=\"summary_large_image\" \/>\n<meta name=\"twitter:label1\" content=\"Est. reading time\" \/>\n\t<meta name=\"twitter:data1\" content=\"1 minute\" \/>\n<script type=\"application\/ld+json\" class=\"yoast-schema-graph\">{\"@context\":\"https:\/\/schema.org\",\"@graph\":[{\"@type\":\"WebPage\",\"@id\":\"https:\/\/librairie7l.com\/en\/produit\/etant-donne-marcel-duchamp-t-1\/\",\"url\":\"https:\/\/librairie7l.com\/en\/produit\/etant-donne-marcel-duchamp-t-1\/\",\"name\":\"\u00e9tant donn\u00e9 Marcel Duchamp Tome 1 - Librairie 7L\",\"isPartOf\":{\"@id\":\"https:\/\/librairie7l.com\/en\/#website\"},\"datePublished\":\"2023-10-25T07:16:38+00:00\",\"dateModified\":\"2026-04-26T11:50:09+00:00\",\"breadcrumb\":{\"@id\":\"https:\/\/librairie7l.com\/en\/produit\/etant-donne-marcel-duchamp-t-1\/#breadcrumb\"},\"inLanguage\":\"en-US\",\"potentialAction\":[{\"@type\":\"ReadAction\",\"target\":[\"https:\/\/librairie7l.com\/en\/produit\/etant-donne-marcel-duchamp-t-1\/\"]}]},{\"@type\":\"BreadcrumbList\",\"@id\":\"https:\/\/librairie7l.com\/en\/produit\/etant-donne-marcel-duchamp-t-1\/#breadcrumb\",\"itemListElement\":[{\"@type\":\"ListItem\",\"position\":1,\"name\":\"Accueil\",\"item\":\"https:\/\/librairie7l.com\/en\/\"},{\"@type\":\"ListItem\",\"position\":2,\"name\":\"Shop\",\"item\":\"https:\/\/librairie7l.com\/en\/shop\/\"},{\"@type\":\"ListItem\",\"position\":3,\"name\":\"\u00c9TANT DONN\u00c9 MARCEL DUCHAMP TOME 1\"}]},{\"@type\":\"WebSite\",\"@id\":\"https:\/\/librairie7l.com\/en\/#website\",\"url\":\"https:\/\/librairie7l.com\/en\/\",\"name\":\"Librairie 7L\",\"description\":\"Librairie fond\u00e9e en 1999 par Karl Lagerfeld \u00e0 Paris\",\"publisher\":{\"@id\":\"https:\/\/librairie7l.com\/en\/#organization\"},\"potentialAction\":[{\"@type\":\"SearchAction\",\"target\":{\"@type\":\"EntryPoint\",\"urlTemplate\":\"https:\/\/librairie7l.com\/en\/?s={search_term_string}\"},\"query-input\":\"required name=search_term_string\"}],\"inLanguage\":\"en-US\"},{\"@type\":\"Organization\",\"@id\":\"https:\/\/librairie7l.com\/en\/#organization\",\"name\":\"Librairie 7L\",\"url\":\"https:\/\/librairie7l.com\/en\/\",\"logo\":{\"@type\":\"ImageObject\",\"inLanguage\":\"en-US\",\"@id\":\"https:\/\/librairie7l.com\/en\/#\/schema\/logo\/image\/\",\"url\":\"https:\/\/librairie7l.com\/wp-content\/uploads\/2022\/08\/logo-1.png\",\"contentUrl\":\"https:\/\/librairie7l.com\/wp-content\/uploads\/2022\/08\/logo-1.png\",\"width\":227,\"height\":301,\"caption\":\"Librairie 7L\"},\"image\":{\"@id\":\"https:\/\/librairie7l.com\/en\/#\/schema\/logo\/image\/\"}}]}<\/script>\n<!-- \/ Yoast SEO plugin. -->","yoast_head_json":{"title":"\u00e9tant donn\u00e9 Marcel Duchamp Tome 1 - Librairie 7L","robots":{"index":"index","follow":"follow","max-snippet":"max-snippet:-1","max-image-preview":"max-image-preview:large","max-video-preview":"max-video-preview:-1"},"canonical":"https:\/\/librairie7l.com\/en\/produit\/etant-donne-marcel-duchamp-t-1\/","og_locale":"en_US","og_type":"article","og_title":"\u00e9tant donn\u00e9 Marcel Duchamp Tome 1 - Librairie 7L","og_description":"Il n&#8217;est pas anodin que Marcel Duchamp ait figur\u00e9 au sommaire du premier num\u00e9ro du magazine artpress paru en d\u00e9cembre 1972 : sans lui, pas d&#8217;art contemporain, cet art apparemment sans r\u00e8gles ni limites apparu dans les ann\u00e9es 1960-1970 et dont artpress est le contemporain. C&#8217;est pourquoi il \u00e9tait \u00e9vident d&#8217;initier cette nouvelle collection 50 [&hellip;]","og_url":"https:\/\/librairie7l.com\/en\/produit\/etant-donne-marcel-duchamp-t-1\/","og_site_name":"Librairie 7L","article_modified_time":"2026-04-26T11:50:09+00:00","og_image":[{"width":517,"height":800,"url":"https:\/\/librairie7l.com\/wp-content\/uploads\/2022\/03\/9782906705609_1_75.jpg","type":"image\/jpeg"}],"twitter_card":"summary_large_image","twitter_misc":{"Est. reading time":"1 minute"},"schema":{"@context":"https:\/\/schema.org","@graph":[{"@type":"WebPage","@id":"https:\/\/librairie7l.com\/en\/produit\/etant-donne-marcel-duchamp-t-1\/","url":"https:\/\/librairie7l.com\/en\/produit\/etant-donne-marcel-duchamp-t-1\/","name":"\u00e9tant donn\u00e9 Marcel Duchamp Tome 1 - Librairie 7L","isPartOf":{"@id":"https:\/\/librairie7l.com\/en\/#website"},"datePublished":"2023-10-25T07:16:38+00:00","dateModified":"2026-04-26T11:50:09+00:00","breadcrumb":{"@id":"https:\/\/librairie7l.com\/en\/produit\/etant-donne-marcel-duchamp-t-1\/#breadcrumb"},"inLanguage":"en-US","potentialAction":[{"@type":"ReadAction","target":["https:\/\/librairie7l.com\/en\/produit\/etant-donne-marcel-duchamp-t-1\/"]}]},{"@type":"BreadcrumbList","@id":"https:\/\/librairie7l.com\/en\/produit\/etant-donne-marcel-duchamp-t-1\/#breadcrumb","itemListElement":[{"@type":"ListItem","position":1,"name":"Accueil","item":"https:\/\/librairie7l.com\/en\/"},{"@type":"ListItem","position":2,"name":"Shop","item":"https:\/\/librairie7l.com\/en\/shop\/"},{"@type":"ListItem","position":3,"name":"\u00c9TANT DONN\u00c9 MARCEL DUCHAMP TOME 1"}]},{"@type":"WebSite","@id":"https:\/\/librairie7l.com\/en\/#website","url":"https:\/\/librairie7l.com\/en\/","name":"Librairie 7L","description":"Librairie fond\u00e9e en 1999 par Karl Lagerfeld \u00e0 Paris","publisher":{"@id":"https:\/\/librairie7l.com\/en\/#organization"},"potentialAction":[{"@type":"SearchAction","target":{"@type":"EntryPoint","urlTemplate":"https:\/\/librairie7l.com\/en\/?s={search_term_string}"},"query-input":"required name=search_term_string"}],"inLanguage":"en-US"},{"@type":"Organization","@id":"https:\/\/librairie7l.com\/en\/#organization","name":"Librairie 7L","url":"https:\/\/librairie7l.com\/en\/","logo":{"@type":"ImageObject","inLanguage":"en-US","@id":"https:\/\/librairie7l.com\/en\/#\/schema\/logo\/image\/","url":"https:\/\/librairie7l.com\/wp-content\/uploads\/2022\/08\/logo-1.png","contentUrl":"https:\/\/librairie7l.com\/wp-content\/uploads\/2022\/08\/logo-1.png","width":227,"height":301,"caption":"Librairie 7L"},"image":{"@id":"https:\/\/librairie7l.com\/en\/#\/schema\/logo\/image\/"}}]}},"_links":{"self":[{"href":"https:\/\/librairie7l.com\/en\/wp-json\/wp\/v2\/product\/37085"}],"collection":[{"href":"https:\/\/librairie7l.com\/en\/wp-json\/wp\/v2\/product"}],"about":[{"href":"https:\/\/librairie7l.com\/en\/wp-json\/wp\/v2\/types\/product"}],"wp:featuredmedia":[{"embeddable":true,"href":"https:\/\/librairie7l.com\/en\/wp-json\/wp\/v2\/media\/37093"}],"wp:attachment":[{"href":"https:\/\/librairie7l.com\/en\/wp-json\/wp\/v2\/media?parent=37085"}],"wp:term":[{"taxonomy":"product_cat","embeddable":true,"href":"https:\/\/librairie7l.com\/en\/wp-json\/wp\/v2\/product_cat?post=37085"},{"taxonomy":"product_tag","embeddable":true,"href":"https:\/\/librairie7l.com\/en\/wp-json\/wp\/v2\/product_tag?post=37085"}],"curies":[{"name":"wp","href":"https:\/\/api.w.org\/{rel}","templated":true}]}}