{"id":37089,"date":"2023-10-25T09:16:42","date_gmt":"2023-10-25T07:16:42","guid":{"rendered":"https:\/\/librairie7l.com\/?post_type=product&#038;p=37089"},"modified":"2026-04-27T23:41:48","modified_gmt":"2026-04-27T21:41:48","slug":"roger-henri-expert-le-dessin-et-la-lumiere","status":"publish","type":"product","link":"https:\/\/librairie7l.com\/en\/produit\/roger-henri-expert-le-dessin-et-la-lumiere\/","title":{"rendered":"ROGER-HENRI EXPERT"},"content":{"rendered":"<p>Architecte majeur de la premi\u00e8re moiti\u00e9 du XXe si\u00e8cle, Roger-Henri Expert a r\u00e9alis\u00e9 des oeuvres phares tant \u00e0 Paris que dans le bassin d&#8217;Arcachon.<br \/>\nArchitecte majeur de la premi\u00e8re moiti\u00e9 du XXe si\u00e8cle, Roger-Henri Expert a r\u00e9alis\u00e9 des oeuvres phares qui t\u00e9moignent \u00e0 la fois de sa formation classique et d&#8217;un go\u00fbt assum\u00e9 pour la modernit\u00e9. On lui doit de nombreuses collaborations avec des artistes et ma\u00eetres artisans r\u00e9put\u00e9s, tels le ferronnier Raymond Subes ou le d\u00e9corateur Jean Dunand, notamment pour le c\u00e9l\u00e8bre paquebot Normandie, ainsi que des projets con\u00e7us avec son ami l&#8217;architecte Andr\u00e9 Granet, dont les f\u00e9eries lumineuses de l&#8217;Exposition coloniale de 1931. \u00c0 Paris, ses constructions majeures sont le groupe scolaire de la rue K\u00fcss dans le 13e arrondissement et les Ateliers ext\u00e9rieurs des Beaux-Arts dans le 6e, v\u00e9ritables manifestes architecturaux des ann\u00e9es 1930. Sans oublier les bassins et fontaines du palais de Chaillot, face \u00e0 la tour Eiffel, con\u00e7us \u00e0 l&#8217;occasion de l&#8217;Exposition internationale de 1937. Reconnu de son vivant, Expert a re\u00e7u de nombreuses commandes, en particulier des villas inspir\u00e9es de la Renaissance sur le bassin d&#8217;Arcachon, ou l&#8217;\u00e9glise Sainte-Th\u00e9r\u00e8se \u00e0 Metz, chef-d&#8217;oeuvre en b\u00e9ton \u00e9clair\u00e9 par plus de 1000 m\u00e8tres carr\u00e9s de vitraux.<\/p>\n","protected":false},"excerpt":{"rendered":"<p>Architecte majeur de la premi\u00e8re moiti\u00e9 du XXe si\u00e8cle, Roger-Henri Expert a r\u00e9alis\u00e9 des oeuvres phares tant \u00e0 Paris que dans le bassin d&#8217;Arcachon. Architecte majeur de la premi\u00e8re moiti\u00e9 du XXe si\u00e8cle, Roger-Henri Expert a r\u00e9alis\u00e9 des oeuvres phares qui t\u00e9moignent \u00e0 la fois de sa formation classique et d&#8217;un go\u00fbt assum\u00e9 pour la [&hellip;]<\/p>\n","protected":false},"featured_media":37087,"template":"","meta":[],"product_cat":[55,2948,22,2950],"product_tag":[],"acf":[],"yoast_head":"<!-- This site is optimized with the Yoast SEO plugin v20.11 - https:\/\/yoast.com\/wordpress\/plugins\/seo\/ -->\n<title>Roger-Henri Expert - Librairie 7L<\/title>\n<meta name=\"robots\" content=\"index, follow, max-snippet:-1, max-image-preview:large, max-video-preview:-1\" \/>\n<link rel=\"canonical\" href=\"https:\/\/librairie7l.com\/en\/produit\/roger-henri-expert-le-dessin-et-la-lumiere\/\" \/>\n<meta property=\"og:locale\" content=\"en_US\" \/>\n<meta property=\"og:type\" content=\"article\" \/>\n<meta property=\"og:title\" content=\"Roger-Henri Expert - Librairie 7L\" \/>\n<meta property=\"og:description\" content=\"Architecte majeur de la premi\u00e8re moiti\u00e9 du XXe si\u00e8cle, Roger-Henri Expert a r\u00e9alis\u00e9 des oeuvres phares tant \u00e0 Paris que dans le bassin d&#8217;Arcachon. Architecte majeur de la premi\u00e8re moiti\u00e9 du XXe si\u00e8cle, Roger-Henri Expert a r\u00e9alis\u00e9 des oeuvres phares qui t\u00e9moignent \u00e0 la fois de sa formation classique et d&#8217;un go\u00fbt assum\u00e9 pour la [&hellip;]\" \/>\n<meta property=\"og:url\" content=\"https:\/\/librairie7l.com\/en\/produit\/roger-henri-expert-le-dessin-et-la-lumiere\/\" \/>\n<meta property=\"og:site_name\" content=\"Librairie 7L\" \/>\n<meta property=\"article:modified_time\" content=\"2026-04-27T21:41:48+00:00\" \/>\n<meta property=\"og:image\" content=\"https:\/\/librairie7l.com\/wp-content\/uploads\/2023\/06\/9782757709054_1_75.jpg\" \/>\n\t<meta property=\"og:image:width\" content=\"600\" \/>\n\t<meta property=\"og:image:height\" content=\"755\" \/>\n\t<meta property=\"og:image:type\" content=\"image\/jpeg\" \/>\n<meta name=\"twitter:card\" content=\"summary_large_image\" \/>\n<meta name=\"twitter:label1\" content=\"Est. reading time\" \/>\n\t<meta name=\"twitter:data1\" content=\"1 minute\" \/>\n<script type=\"application\/ld+json\" class=\"yoast-schema-graph\">{\"@context\":\"https:\/\/schema.org\",\"@graph\":[{\"@type\":\"WebPage\",\"@id\":\"https:\/\/librairie7l.com\/en\/produit\/roger-henri-expert-le-dessin-et-la-lumiere\/\",\"url\":\"https:\/\/librairie7l.com\/en\/produit\/roger-henri-expert-le-dessin-et-la-lumiere\/\",\"name\":\"Roger-Henri Expert - Librairie 7L\",\"isPartOf\":{\"@id\":\"https:\/\/librairie7l.com\/en\/#website\"},\"datePublished\":\"2023-10-25T07:16:42+00:00\",\"dateModified\":\"2026-04-27T21:41:48+00:00\",\"breadcrumb\":{\"@id\":\"https:\/\/librairie7l.com\/en\/produit\/roger-henri-expert-le-dessin-et-la-lumiere\/#breadcrumb\"},\"inLanguage\":\"en-US\",\"potentialAction\":[{\"@type\":\"ReadAction\",\"target\":[\"https:\/\/librairie7l.com\/en\/produit\/roger-henri-expert-le-dessin-et-la-lumiere\/\"]}]},{\"@type\":\"BreadcrumbList\",\"@id\":\"https:\/\/librairie7l.com\/en\/produit\/roger-henri-expert-le-dessin-et-la-lumiere\/#breadcrumb\",\"itemListElement\":[{\"@type\":\"ListItem\",\"position\":1,\"name\":\"Accueil\",\"item\":\"https:\/\/librairie7l.com\/en\/\"},{\"@type\":\"ListItem\",\"position\":2,\"name\":\"Shop\",\"item\":\"https:\/\/librairie7l.com\/en\/shop\/\"},{\"@type\":\"ListItem\",\"position\":3,\"name\":\"ROGER-HENRI EXPERT\"}]},{\"@type\":\"WebSite\",\"@id\":\"https:\/\/librairie7l.com\/en\/#website\",\"url\":\"https:\/\/librairie7l.com\/en\/\",\"name\":\"Librairie 7L\",\"description\":\"Librairie fond\u00e9e en 1999 par Karl Lagerfeld \u00e0 Paris\",\"publisher\":{\"@id\":\"https:\/\/librairie7l.com\/en\/#organization\"},\"potentialAction\":[{\"@type\":\"SearchAction\",\"target\":{\"@type\":\"EntryPoint\",\"urlTemplate\":\"https:\/\/librairie7l.com\/en\/?s={search_term_string}\"},\"query-input\":\"required name=search_term_string\"}],\"inLanguage\":\"en-US\"},{\"@type\":\"Organization\",\"@id\":\"https:\/\/librairie7l.com\/en\/#organization\",\"name\":\"Librairie 7L\",\"url\":\"https:\/\/librairie7l.com\/en\/\",\"logo\":{\"@type\":\"ImageObject\",\"inLanguage\":\"en-US\",\"@id\":\"https:\/\/librairie7l.com\/en\/#\/schema\/logo\/image\/\",\"url\":\"https:\/\/librairie7l.com\/wp-content\/uploads\/2022\/08\/logo-1.png\",\"contentUrl\":\"https:\/\/librairie7l.com\/wp-content\/uploads\/2022\/08\/logo-1.png\",\"width\":227,\"height\":301,\"caption\":\"Librairie 7L\"},\"image\":{\"@id\":\"https:\/\/librairie7l.com\/en\/#\/schema\/logo\/image\/\"}}]}<\/script>\n<!-- \/ Yoast SEO plugin. -->","yoast_head_json":{"title":"Roger-Henri Expert - Librairie 7L","robots":{"index":"index","follow":"follow","max-snippet":"max-snippet:-1","max-image-preview":"max-image-preview:large","max-video-preview":"max-video-preview:-1"},"canonical":"https:\/\/librairie7l.com\/en\/produit\/roger-henri-expert-le-dessin-et-la-lumiere\/","og_locale":"en_US","og_type":"article","og_title":"Roger-Henri Expert - Librairie 7L","og_description":"Architecte majeur de la premi\u00e8re moiti\u00e9 du XXe si\u00e8cle, Roger-Henri Expert a r\u00e9alis\u00e9 des oeuvres phares tant \u00e0 Paris que dans le bassin d&#8217;Arcachon. Architecte majeur de la premi\u00e8re moiti\u00e9 du XXe si\u00e8cle, Roger-Henri Expert a r\u00e9alis\u00e9 des oeuvres phares qui t\u00e9moignent \u00e0 la fois de sa formation classique et d&#8217;un go\u00fbt assum\u00e9 pour la [&hellip;]","og_url":"https:\/\/librairie7l.com\/en\/produit\/roger-henri-expert-le-dessin-et-la-lumiere\/","og_site_name":"Librairie 7L","article_modified_time":"2026-04-27T21:41:48+00:00","og_image":[{"width":600,"height":755,"url":"https:\/\/librairie7l.com\/wp-content\/uploads\/2023\/06\/9782757709054_1_75.jpg","type":"image\/jpeg"}],"twitter_card":"summary_large_image","twitter_misc":{"Est. reading time":"1 minute"},"schema":{"@context":"https:\/\/schema.org","@graph":[{"@type":"WebPage","@id":"https:\/\/librairie7l.com\/en\/produit\/roger-henri-expert-le-dessin-et-la-lumiere\/","url":"https:\/\/librairie7l.com\/en\/produit\/roger-henri-expert-le-dessin-et-la-lumiere\/","name":"Roger-Henri Expert - Librairie 7L","isPartOf":{"@id":"https:\/\/librairie7l.com\/en\/#website"},"datePublished":"2023-10-25T07:16:42+00:00","dateModified":"2026-04-27T21:41:48+00:00","breadcrumb":{"@id":"https:\/\/librairie7l.com\/en\/produit\/roger-henri-expert-le-dessin-et-la-lumiere\/#breadcrumb"},"inLanguage":"en-US","potentialAction":[{"@type":"ReadAction","target":["https:\/\/librairie7l.com\/en\/produit\/roger-henri-expert-le-dessin-et-la-lumiere\/"]}]},{"@type":"BreadcrumbList","@id":"https:\/\/librairie7l.com\/en\/produit\/roger-henri-expert-le-dessin-et-la-lumiere\/#breadcrumb","itemListElement":[{"@type":"ListItem","position":1,"name":"Accueil","item":"https:\/\/librairie7l.com\/en\/"},{"@type":"ListItem","position":2,"name":"Shop","item":"https:\/\/librairie7l.com\/en\/shop\/"},{"@type":"ListItem","position":3,"name":"ROGER-HENRI EXPERT"}]},{"@type":"WebSite","@id":"https:\/\/librairie7l.com\/en\/#website","url":"https:\/\/librairie7l.com\/en\/","name":"Librairie 7L","description":"Librairie fond\u00e9e en 1999 par Karl Lagerfeld \u00e0 Paris","publisher":{"@id":"https:\/\/librairie7l.com\/en\/#organization"},"potentialAction":[{"@type":"SearchAction","target":{"@type":"EntryPoint","urlTemplate":"https:\/\/librairie7l.com\/en\/?s={search_term_string}"},"query-input":"required name=search_term_string"}],"inLanguage":"en-US"},{"@type":"Organization","@id":"https:\/\/librairie7l.com\/en\/#organization","name":"Librairie 7L","url":"https:\/\/librairie7l.com\/en\/","logo":{"@type":"ImageObject","inLanguage":"en-US","@id":"https:\/\/librairie7l.com\/en\/#\/schema\/logo\/image\/","url":"https:\/\/librairie7l.com\/wp-content\/uploads\/2022\/08\/logo-1.png","contentUrl":"https:\/\/librairie7l.com\/wp-content\/uploads\/2022\/08\/logo-1.png","width":227,"height":301,"caption":"Librairie 7L"},"image":{"@id":"https:\/\/librairie7l.com\/en\/#\/schema\/logo\/image\/"}}]}},"_links":{"self":[{"href":"https:\/\/librairie7l.com\/en\/wp-json\/wp\/v2\/product\/37089"}],"collection":[{"href":"https:\/\/librairie7l.com\/en\/wp-json\/wp\/v2\/product"}],"about":[{"href":"https:\/\/librairie7l.com\/en\/wp-json\/wp\/v2\/types\/product"}],"wp:featuredmedia":[{"embeddable":true,"href":"https:\/\/librairie7l.com\/en\/wp-json\/wp\/v2\/media\/37087"}],"wp:attachment":[{"href":"https:\/\/librairie7l.com\/en\/wp-json\/wp\/v2\/media?parent=37089"}],"wp:term":[{"taxonomy":"product_cat","embeddable":true,"href":"https:\/\/librairie7l.com\/en\/wp-json\/wp\/v2\/product_cat?post=37089"},{"taxonomy":"product_tag","embeddable":true,"href":"https:\/\/librairie7l.com\/en\/wp-json\/wp\/v2\/product_tag?post=37089"}],"curies":[{"name":"wp","href":"https:\/\/api.w.org\/{rel}","templated":true}]}}