{"id":37105,"date":"2023-10-27T09:16:55","date_gmt":"2023-10-27T07:16:55","guid":{"rendered":"https:\/\/librairie7l.com\/?post_type=product&#038;p=37105"},"modified":"2026-05-01T06:06:25","modified_gmt":"2026-05-01T04:06:25","slug":"comforting-homes-second-edition","status":"publish","type":"product","link":"https:\/\/librairie7l.com\/en\/produit\/comforting-homes-second-edition\/","title":{"rendered":"COMFORTING HOMES &#8211; SECOND EDITION"},"content":{"rendered":"<p>\u00ab Comforting Homes \u00bb illustre le travail et la philosophie de l&#8217;architecte d&#8217;int\u00e9rieur Nathalie Deboel. Elle vise des int\u00e9rieurs apaisants et intemporels avec une palette r\u00e9fl\u00e9chie de mat\u00e9riaux pr\u00e9cieux. L&#8217;objectif est de cr\u00e9er un lieu personnel et familier qui r\u00e9ponde aux besoins individuels des clients. Cette publication pr\u00e9sente une s\u00e9lection de projets r\u00e9sidentiels en Belgique et \u00e0 l&#8217;\u00e9tranger. Je m&#8217;efforce de cr\u00e9er un refuge r\u00e9confortant, un endroit familier et apaisant o\u00f9 l&#8217;on se sent chez soi&#8221;. Tout au long du livre, il appara\u00eet clairement que Nathalie Deboel recherche l&#8217;\u00e9quilibre plut\u00f4t que la controverse. Elle vise des int\u00e9rieurs apaisants et intemporels, avec une palette r\u00e9fl\u00e9chie de mat\u00e9riaux pr\u00e9cieux. Le choix des finitions peut aller de l&#8217;\u00e9clectique et de l&#8217;exub\u00e9rant au minimal et au silencieux. Quelle que soit la diversit\u00e9 des caract\u00e8res de ses clients, l&#8217;objectif est de cr\u00e9er un lieu personnel et familier qui r\u00e9ponde \u00e0 leurs besoins individuels. Un jeu de formes abstraites symbolise l&#8217;int\u00e9rieur sur la couverture. Au dos du livre, elles deviennent un jeu de lignes, gaufr\u00e9es dans la couverture rigide en lin, cr\u00e9ant un lien tactile avec les int\u00e9rieurs vus \u00e0 l&#8217;int\u00e9rieur du livre. Le livre a \u00e9t\u00e9 imprim\u00e9 sur du papier haut de gamme et la premi\u00e8re \u00e9dition a \u00e9t\u00e9 tir\u00e9e \u00e0 1000 exemplaires.<\/p>\n","protected":false},"excerpt":{"rendered":"<p>\u00ab Comforting Homes \u00bb illustre le travail et la philosophie de l&#8217;architecte d&#8217;int\u00e9rieur Nathalie Deboel. Elle vise des int\u00e9rieurs apaisants et intemporels avec une palette r\u00e9fl\u00e9chie de mat\u00e9riaux pr\u00e9cieux. L&#8217;objectif est de cr\u00e9er un lieu personnel et familier qui r\u00e9ponde aux besoins individuels des clients. Cette publication pr\u00e9sente une s\u00e9lection de projets r\u00e9sidentiels en Belgique [&hellip;]<\/p>\n","protected":false},"featured_media":37153,"template":"","meta":[],"product_cat":[2948,2951],"product_tag":[],"acf":[],"yoast_head":"<!-- This site is optimized with the Yoast SEO plugin v20.11 - https:\/\/yoast.com\/wordpress\/plugins\/seo\/ -->\n<title>Comforting homes - second edition - Librairie 7L<\/title>\n<meta name=\"robots\" content=\"index, follow, max-snippet:-1, max-image-preview:large, max-video-preview:-1\" \/>\n<link rel=\"canonical\" href=\"https:\/\/librairie7l.com\/en\/produit\/comforting-homes-second-edition\/\" \/>\n<meta property=\"og:locale\" content=\"en_US\" \/>\n<meta property=\"og:type\" content=\"article\" \/>\n<meta property=\"og:title\" content=\"Comforting homes - second edition - Librairie 7L\" \/>\n<meta property=\"og:description\" content=\"\u00ab Comforting Homes \u00bb illustre le travail et la philosophie de l&#8217;architecte d&#8217;int\u00e9rieur Nathalie Deboel. Elle vise des int\u00e9rieurs apaisants et intemporels avec une palette r\u00e9fl\u00e9chie de mat\u00e9riaux pr\u00e9cieux. L&#8217;objectif est de cr\u00e9er un lieu personnel et familier qui r\u00e9ponde aux besoins individuels des clients. Cette publication pr\u00e9sente une s\u00e9lection de projets r\u00e9sidentiels en Belgique [&hellip;]\" \/>\n<meta property=\"og:url\" content=\"https:\/\/librairie7l.com\/en\/produit\/comforting-homes-second-edition\/\" \/>\n<meta property=\"og:site_name\" content=\"Librairie 7L\" \/>\n<meta property=\"article:modified_time\" content=\"2026-05-01T04:06:25+00:00\" \/>\n<meta property=\"og:image\" content=\"https:\/\/librairie7l.com\/wp-content\/uploads\/2023\/11\/9789464363289_1_75.jpg\" \/>\n\t<meta property=\"og:image:width\" content=\"600\" \/>\n\t<meta property=\"og:image:height\" content=\"894\" \/>\n\t<meta property=\"og:image:type\" content=\"image\/jpeg\" \/>\n<meta name=\"twitter:card\" content=\"summary_large_image\" \/>\n<meta name=\"twitter:label1\" content=\"Est. reading time\" \/>\n\t<meta name=\"twitter:data1\" content=\"1 minute\" \/>\n<script type=\"application\/ld+json\" class=\"yoast-schema-graph\">{\"@context\":\"https:\/\/schema.org\",\"@graph\":[{\"@type\":\"WebPage\",\"@id\":\"https:\/\/librairie7l.com\/en\/produit\/comforting-homes-second-edition\/\",\"url\":\"https:\/\/librairie7l.com\/en\/produit\/comforting-homes-second-edition\/\",\"name\":\"Comforting homes - second edition - Librairie 7L\",\"isPartOf\":{\"@id\":\"https:\/\/librairie7l.com\/en\/#website\"},\"datePublished\":\"2023-10-27T07:16:55+00:00\",\"dateModified\":\"2026-05-01T04:06:25+00:00\",\"breadcrumb\":{\"@id\":\"https:\/\/librairie7l.com\/en\/produit\/comforting-homes-second-edition\/#breadcrumb\"},\"inLanguage\":\"en-US\",\"potentialAction\":[{\"@type\":\"ReadAction\",\"target\":[\"https:\/\/librairie7l.com\/en\/produit\/comforting-homes-second-edition\/\"]}]},{\"@type\":\"BreadcrumbList\",\"@id\":\"https:\/\/librairie7l.com\/en\/produit\/comforting-homes-second-edition\/#breadcrumb\",\"itemListElement\":[{\"@type\":\"ListItem\",\"position\":1,\"name\":\"Accueil\",\"item\":\"https:\/\/librairie7l.com\/en\/\"},{\"@type\":\"ListItem\",\"position\":2,\"name\":\"Shop\",\"item\":\"https:\/\/librairie7l.com\/en\/shop\/\"},{\"@type\":\"ListItem\",\"position\":3,\"name\":\"COMFORTING HOMES &#8211; SECOND EDITION\"}]},{\"@type\":\"WebSite\",\"@id\":\"https:\/\/librairie7l.com\/en\/#website\",\"url\":\"https:\/\/librairie7l.com\/en\/\",\"name\":\"Librairie 7L\",\"description\":\"Librairie fond\u00e9e en 1999 par Karl Lagerfeld \u00e0 Paris\",\"publisher\":{\"@id\":\"https:\/\/librairie7l.com\/en\/#organization\"},\"potentialAction\":[{\"@type\":\"SearchAction\",\"target\":{\"@type\":\"EntryPoint\",\"urlTemplate\":\"https:\/\/librairie7l.com\/en\/?s={search_term_string}\"},\"query-input\":\"required name=search_term_string\"}],\"inLanguage\":\"en-US\"},{\"@type\":\"Organization\",\"@id\":\"https:\/\/librairie7l.com\/en\/#organization\",\"name\":\"Librairie 7L\",\"url\":\"https:\/\/librairie7l.com\/en\/\",\"logo\":{\"@type\":\"ImageObject\",\"inLanguage\":\"en-US\",\"@id\":\"https:\/\/librairie7l.com\/en\/#\/schema\/logo\/image\/\",\"url\":\"https:\/\/librairie7l.com\/wp-content\/uploads\/2022\/08\/logo-1.png\",\"contentUrl\":\"https:\/\/librairie7l.com\/wp-content\/uploads\/2022\/08\/logo-1.png\",\"width\":227,\"height\":301,\"caption\":\"Librairie 7L\"},\"image\":{\"@id\":\"https:\/\/librairie7l.com\/en\/#\/schema\/logo\/image\/\"}}]}<\/script>\n<!-- \/ Yoast SEO plugin. -->","yoast_head_json":{"title":"Comforting homes - second edition - Librairie 7L","robots":{"index":"index","follow":"follow","max-snippet":"max-snippet:-1","max-image-preview":"max-image-preview:large","max-video-preview":"max-video-preview:-1"},"canonical":"https:\/\/librairie7l.com\/en\/produit\/comforting-homes-second-edition\/","og_locale":"en_US","og_type":"article","og_title":"Comforting homes - second edition - Librairie 7L","og_description":"\u00ab Comforting Homes \u00bb illustre le travail et la philosophie de l&#8217;architecte d&#8217;int\u00e9rieur Nathalie Deboel. Elle vise des int\u00e9rieurs apaisants et intemporels avec une palette r\u00e9fl\u00e9chie de mat\u00e9riaux pr\u00e9cieux. L&#8217;objectif est de cr\u00e9er un lieu personnel et familier qui r\u00e9ponde aux besoins individuels des clients. Cette publication pr\u00e9sente une s\u00e9lection de projets r\u00e9sidentiels en Belgique [&hellip;]","og_url":"https:\/\/librairie7l.com\/en\/produit\/comforting-homes-second-edition\/","og_site_name":"Librairie 7L","article_modified_time":"2026-05-01T04:06:25+00:00","og_image":[{"width":600,"height":894,"url":"https:\/\/librairie7l.com\/wp-content\/uploads\/2023\/11\/9789464363289_1_75.jpg","type":"image\/jpeg"}],"twitter_card":"summary_large_image","twitter_misc":{"Est. reading time":"1 minute"},"schema":{"@context":"https:\/\/schema.org","@graph":[{"@type":"WebPage","@id":"https:\/\/librairie7l.com\/en\/produit\/comforting-homes-second-edition\/","url":"https:\/\/librairie7l.com\/en\/produit\/comforting-homes-second-edition\/","name":"Comforting homes - second edition - Librairie 7L","isPartOf":{"@id":"https:\/\/librairie7l.com\/en\/#website"},"datePublished":"2023-10-27T07:16:55+00:00","dateModified":"2026-05-01T04:06:25+00:00","breadcrumb":{"@id":"https:\/\/librairie7l.com\/en\/produit\/comforting-homes-second-edition\/#breadcrumb"},"inLanguage":"en-US","potentialAction":[{"@type":"ReadAction","target":["https:\/\/librairie7l.com\/en\/produit\/comforting-homes-second-edition\/"]}]},{"@type":"BreadcrumbList","@id":"https:\/\/librairie7l.com\/en\/produit\/comforting-homes-second-edition\/#breadcrumb","itemListElement":[{"@type":"ListItem","position":1,"name":"Accueil","item":"https:\/\/librairie7l.com\/en\/"},{"@type":"ListItem","position":2,"name":"Shop","item":"https:\/\/librairie7l.com\/en\/shop\/"},{"@type":"ListItem","position":3,"name":"COMFORTING HOMES &#8211; SECOND EDITION"}]},{"@type":"WebSite","@id":"https:\/\/librairie7l.com\/en\/#website","url":"https:\/\/librairie7l.com\/en\/","name":"Librairie 7L","description":"Librairie fond\u00e9e en 1999 par Karl Lagerfeld \u00e0 Paris","publisher":{"@id":"https:\/\/librairie7l.com\/en\/#organization"},"potentialAction":[{"@type":"SearchAction","target":{"@type":"EntryPoint","urlTemplate":"https:\/\/librairie7l.com\/en\/?s={search_term_string}"},"query-input":"required name=search_term_string"}],"inLanguage":"en-US"},{"@type":"Organization","@id":"https:\/\/librairie7l.com\/en\/#organization","name":"Librairie 7L","url":"https:\/\/librairie7l.com\/en\/","logo":{"@type":"ImageObject","inLanguage":"en-US","@id":"https:\/\/librairie7l.com\/en\/#\/schema\/logo\/image\/","url":"https:\/\/librairie7l.com\/wp-content\/uploads\/2022\/08\/logo-1.png","contentUrl":"https:\/\/librairie7l.com\/wp-content\/uploads\/2022\/08\/logo-1.png","width":227,"height":301,"caption":"Librairie 7L"},"image":{"@id":"https:\/\/librairie7l.com\/en\/#\/schema\/logo\/image\/"}}]}},"_links":{"self":[{"href":"https:\/\/librairie7l.com\/en\/wp-json\/wp\/v2\/product\/37105"}],"collection":[{"href":"https:\/\/librairie7l.com\/en\/wp-json\/wp\/v2\/product"}],"about":[{"href":"https:\/\/librairie7l.com\/en\/wp-json\/wp\/v2\/types\/product"}],"wp:featuredmedia":[{"embeddable":true,"href":"https:\/\/librairie7l.com\/en\/wp-json\/wp\/v2\/media\/37153"}],"wp:attachment":[{"href":"https:\/\/librairie7l.com\/en\/wp-json\/wp\/v2\/media?parent=37105"}],"wp:term":[{"taxonomy":"product_cat","embeddable":true,"href":"https:\/\/librairie7l.com\/en\/wp-json\/wp\/v2\/product_cat?post=37105"},{"taxonomy":"product_tag","embeddable":true,"href":"https:\/\/librairie7l.com\/en\/wp-json\/wp\/v2\/product_tag?post=37105"}],"curies":[{"name":"wp","href":"https:\/\/api.w.org\/{rel}","templated":true}]}}