{"id":37118,"date":"2023-11-01T09:16:29","date_gmt":"2023-11-01T08:16:29","guid":{"rendered":"https:\/\/librairie7l.com\/?post_type=product&#038;p=37118"},"modified":"2026-04-04T18:31:35","modified_gmt":"2026-04-04T16:31:35","slug":"les-savoir-faire-de-la-mode-tome-1-sources","status":"publish","type":"product","link":"https:\/\/librairie7l.com\/en\/produit\/les-savoir-faire-de-la-mode-tome-1-sources\/","title":{"rendered":"LES SAVOIR-FAIRE DE LA MODE TOME 1 : SOURCES"},"content":{"rendered":"<p>Les textes composant cet ouvrage traitent de divers enjeux  li\u00e9s aux savoir-faire dans le design de mode, en posant pour  ce premier tome la question primordiale des sources. Alors  que la mode regroupe un vaste ensemble de m\u00e9tiers et  d&#8217;acteurs, et autant d&#8217;histoires singuli\u00e8res, comment penser  cet objet d&#8217;\u00e9tude face \u00e0 la diversit\u00e9 des pratiques qui le  composent? Plisseurs, tailleurs, brodeurs ou autres  mod\u00e9listes, souvent anonymes, animent les mondes de la  mode et leurs cultures techniques. Ce volume aborde les  traditions anthropologique et historique existantes en la  mati\u00e8re, mais questionne aussi les renouvellements  m\u00e9thodologiques actuels permettant d&#8217;appr\u00e9hender ce  champ de recherche dynamique peu explor\u00e9.<br \/>\nLa question des archives, immanquablement confront\u00e9e \u00e0  l&#8217;immat\u00e9rialit\u00e9 du geste, est au centre de cette \u00e9tude.<br \/>\nComment s&#8217;\u00e9tudient, se conservent et se transmettent ces  savoirs techniques qui sont aussi des \u00absavoirs du corps\u00bb?<br \/>\nLes contributions r\u00e9unies ici soulignent la vari\u00e9t\u00e9 des  disciplines qui se rencontrent autour de la notion de savoirfaire. En partant de l&#8217;objet, des sources \u00e9crites et modes  d&#8217;emploi qui le documentent, en s&#8217;int\u00e9ressant \u00e0 un cin\u00e9ma qui  raconte le travail, \u00e0 la photographie qui en fixe les \u00e9tapes et  en r\u00e9v\u00e8le les protagonistes, les auteurs de cet ouvrage, issus  du milieu acad\u00e9mique ou professionnel, proposent autant  d&#8217;\u00e9clairages et de pistes d&#8217;\u00e9tude originales.<br \/>\nDe la conservation des archives dans une grande maison de  broderie telle que l&#8217;Atelier Montex en passant par la  captation du geste technique chez un chapelier ou  l&#8217;inventaire des m\u00e9tiers de mode oubli\u00e9s c&#8217;est, de l&#8217;atelier au  mus\u00e9e, une approche panoramique qui s&#8217;esquisse. \u00c9milie  Hammen rassemble ici des voix permettant de mieux  comprendre ce qui rassemble ces multiples mani\u00e8res de  faire la mode et d&#8217;en transmettre les savoir-faire.<\/p>\n","protected":false},"excerpt":{"rendered":"<p>Les textes composant cet ouvrage traitent de divers enjeux li\u00e9s aux savoir-faire dans le design de mode, en posant pour ce premier tome la question primordiale des sources. Alors que la mode regroupe un vaste ensemble de m\u00e9tiers et d&#8217;acteurs, et autant d&#8217;histoires singuli\u00e8res, comment penser cet objet d&#8217;\u00e9tude face \u00e0 la diversit\u00e9 des pratiques [&hellip;]<\/p>\n","protected":false},"featured_media":37212,"template":"","meta":[],"product_cat":[2948,2957],"product_tag":[],"acf":[],"yoast_head":"<!-- This site is optimized with the Yoast SEO plugin v20.11 - https:\/\/yoast.com\/wordpress\/plugins\/seo\/ -->\n<title>Les savoir-faire de la mode Tome 1 : sources - Librairie 7L<\/title>\n<meta name=\"robots\" content=\"index, follow, max-snippet:-1, max-image-preview:large, max-video-preview:-1\" \/>\n<link rel=\"canonical\" href=\"https:\/\/librairie7l.com\/en\/produit\/les-savoir-faire-de-la-mode-tome-1-sources\/\" \/>\n<meta property=\"og:locale\" content=\"en_US\" \/>\n<meta property=\"og:type\" content=\"article\" \/>\n<meta property=\"og:title\" content=\"Les savoir-faire de la mode Tome 1 : sources - Librairie 7L\" \/>\n<meta property=\"og:description\" content=\"Les textes composant cet ouvrage traitent de divers enjeux li\u00e9s aux savoir-faire dans le design de mode, en posant pour ce premier tome la question primordiale des sources. Alors que la mode regroupe un vaste ensemble de m\u00e9tiers et d&#8217;acteurs, et autant d&#8217;histoires singuli\u00e8res, comment penser cet objet d&#8217;\u00e9tude face \u00e0 la diversit\u00e9 des pratiques [&hellip;]\" \/>\n<meta property=\"og:url\" content=\"https:\/\/librairie7l.com\/en\/produit\/les-savoir-faire-de-la-mode-tome-1-sources\/\" \/>\n<meta property=\"og:site_name\" content=\"Librairie 7L\" \/>\n<meta property=\"article:modified_time\" content=\"2026-04-04T16:31:35+00:00\" \/>\n<meta property=\"og:image\" content=\"https:\/\/librairie7l.com\/wp-content\/uploads\/2023\/06\/9782494983007_1_75.jpg\" \/>\n\t<meta property=\"og:image:width\" content=\"386\" \/>\n\t<meta property=\"og:image:height\" content=\"515\" \/>\n\t<meta property=\"og:image:type\" content=\"image\/jpeg\" \/>\n<meta name=\"twitter:card\" content=\"summary_large_image\" \/>\n<meta name=\"twitter:label1\" content=\"Est. reading time\" \/>\n\t<meta name=\"twitter:data1\" content=\"1 minute\" \/>\n<script type=\"application\/ld+json\" class=\"yoast-schema-graph\">{\"@context\":\"https:\/\/schema.org\",\"@graph\":[{\"@type\":\"WebPage\",\"@id\":\"https:\/\/librairie7l.com\/en\/produit\/les-savoir-faire-de-la-mode-tome-1-sources\/\",\"url\":\"https:\/\/librairie7l.com\/en\/produit\/les-savoir-faire-de-la-mode-tome-1-sources\/\",\"name\":\"Les savoir-faire de la mode Tome 1 : sources - Librairie 7L\",\"isPartOf\":{\"@id\":\"https:\/\/librairie7l.com\/en\/#website\"},\"datePublished\":\"2023-11-01T08:16:29+00:00\",\"dateModified\":\"2026-04-04T16:31:35+00:00\",\"breadcrumb\":{\"@id\":\"https:\/\/librairie7l.com\/en\/produit\/les-savoir-faire-de-la-mode-tome-1-sources\/#breadcrumb\"},\"inLanguage\":\"en-US\",\"potentialAction\":[{\"@type\":\"ReadAction\",\"target\":[\"https:\/\/librairie7l.com\/en\/produit\/les-savoir-faire-de-la-mode-tome-1-sources\/\"]}]},{\"@type\":\"BreadcrumbList\",\"@id\":\"https:\/\/librairie7l.com\/en\/produit\/les-savoir-faire-de-la-mode-tome-1-sources\/#breadcrumb\",\"itemListElement\":[{\"@type\":\"ListItem\",\"position\":1,\"name\":\"Accueil\",\"item\":\"https:\/\/librairie7l.com\/en\/\"},{\"@type\":\"ListItem\",\"position\":2,\"name\":\"Shop\",\"item\":\"https:\/\/librairie7l.com\/en\/shop\/\"},{\"@type\":\"ListItem\",\"position\":3,\"name\":\"LES SAVOIR-FAIRE DE LA MODE TOME 1 : SOURCES\"}]},{\"@type\":\"WebSite\",\"@id\":\"https:\/\/librairie7l.com\/en\/#website\",\"url\":\"https:\/\/librairie7l.com\/en\/\",\"name\":\"Librairie 7L\",\"description\":\"Librairie fond\u00e9e en 1999 par Karl Lagerfeld \u00e0 Paris\",\"publisher\":{\"@id\":\"https:\/\/librairie7l.com\/en\/#organization\"},\"potentialAction\":[{\"@type\":\"SearchAction\",\"target\":{\"@type\":\"EntryPoint\",\"urlTemplate\":\"https:\/\/librairie7l.com\/en\/?s={search_term_string}\"},\"query-input\":\"required name=search_term_string\"}],\"inLanguage\":\"en-US\"},{\"@type\":\"Organization\",\"@id\":\"https:\/\/librairie7l.com\/en\/#organization\",\"name\":\"Librairie 7L\",\"url\":\"https:\/\/librairie7l.com\/en\/\",\"logo\":{\"@type\":\"ImageObject\",\"inLanguage\":\"en-US\",\"@id\":\"https:\/\/librairie7l.com\/en\/#\/schema\/logo\/image\/\",\"url\":\"https:\/\/librairie7l.com\/wp-content\/uploads\/2022\/08\/logo-1.png\",\"contentUrl\":\"https:\/\/librairie7l.com\/wp-content\/uploads\/2022\/08\/logo-1.png\",\"width\":227,\"height\":301,\"caption\":\"Librairie 7L\"},\"image\":{\"@id\":\"https:\/\/librairie7l.com\/en\/#\/schema\/logo\/image\/\"}}]}<\/script>\n<!-- \/ Yoast SEO plugin. -->","yoast_head_json":{"title":"Les savoir-faire de la mode Tome 1 : sources - Librairie 7L","robots":{"index":"index","follow":"follow","max-snippet":"max-snippet:-1","max-image-preview":"max-image-preview:large","max-video-preview":"max-video-preview:-1"},"canonical":"https:\/\/librairie7l.com\/en\/produit\/les-savoir-faire-de-la-mode-tome-1-sources\/","og_locale":"en_US","og_type":"article","og_title":"Les savoir-faire de la mode Tome 1 : sources - Librairie 7L","og_description":"Les textes composant cet ouvrage traitent de divers enjeux li\u00e9s aux savoir-faire dans le design de mode, en posant pour ce premier tome la question primordiale des sources. Alors que la mode regroupe un vaste ensemble de m\u00e9tiers et d&#8217;acteurs, et autant d&#8217;histoires singuli\u00e8res, comment penser cet objet d&#8217;\u00e9tude face \u00e0 la diversit\u00e9 des pratiques [&hellip;]","og_url":"https:\/\/librairie7l.com\/en\/produit\/les-savoir-faire-de-la-mode-tome-1-sources\/","og_site_name":"Librairie 7L","article_modified_time":"2026-04-04T16:31:35+00:00","og_image":[{"width":386,"height":515,"url":"https:\/\/librairie7l.com\/wp-content\/uploads\/2023\/06\/9782494983007_1_75.jpg","type":"image\/jpeg"}],"twitter_card":"summary_large_image","twitter_misc":{"Est. reading time":"1 minute"},"schema":{"@context":"https:\/\/schema.org","@graph":[{"@type":"WebPage","@id":"https:\/\/librairie7l.com\/en\/produit\/les-savoir-faire-de-la-mode-tome-1-sources\/","url":"https:\/\/librairie7l.com\/en\/produit\/les-savoir-faire-de-la-mode-tome-1-sources\/","name":"Les savoir-faire de la mode Tome 1 : sources - Librairie 7L","isPartOf":{"@id":"https:\/\/librairie7l.com\/en\/#website"},"datePublished":"2023-11-01T08:16:29+00:00","dateModified":"2026-04-04T16:31:35+00:00","breadcrumb":{"@id":"https:\/\/librairie7l.com\/en\/produit\/les-savoir-faire-de-la-mode-tome-1-sources\/#breadcrumb"},"inLanguage":"en-US","potentialAction":[{"@type":"ReadAction","target":["https:\/\/librairie7l.com\/en\/produit\/les-savoir-faire-de-la-mode-tome-1-sources\/"]}]},{"@type":"BreadcrumbList","@id":"https:\/\/librairie7l.com\/en\/produit\/les-savoir-faire-de-la-mode-tome-1-sources\/#breadcrumb","itemListElement":[{"@type":"ListItem","position":1,"name":"Accueil","item":"https:\/\/librairie7l.com\/en\/"},{"@type":"ListItem","position":2,"name":"Shop","item":"https:\/\/librairie7l.com\/en\/shop\/"},{"@type":"ListItem","position":3,"name":"LES SAVOIR-FAIRE DE LA MODE TOME 1 : SOURCES"}]},{"@type":"WebSite","@id":"https:\/\/librairie7l.com\/en\/#website","url":"https:\/\/librairie7l.com\/en\/","name":"Librairie 7L","description":"Librairie fond\u00e9e en 1999 par Karl Lagerfeld \u00e0 Paris","publisher":{"@id":"https:\/\/librairie7l.com\/en\/#organization"},"potentialAction":[{"@type":"SearchAction","target":{"@type":"EntryPoint","urlTemplate":"https:\/\/librairie7l.com\/en\/?s={search_term_string}"},"query-input":"required name=search_term_string"}],"inLanguage":"en-US"},{"@type":"Organization","@id":"https:\/\/librairie7l.com\/en\/#organization","name":"Librairie 7L","url":"https:\/\/librairie7l.com\/en\/","logo":{"@type":"ImageObject","inLanguage":"en-US","@id":"https:\/\/librairie7l.com\/en\/#\/schema\/logo\/image\/","url":"https:\/\/librairie7l.com\/wp-content\/uploads\/2022\/08\/logo-1.png","contentUrl":"https:\/\/librairie7l.com\/wp-content\/uploads\/2022\/08\/logo-1.png","width":227,"height":301,"caption":"Librairie 7L"},"image":{"@id":"https:\/\/librairie7l.com\/en\/#\/schema\/logo\/image\/"}}]}},"_links":{"self":[{"href":"https:\/\/librairie7l.com\/en\/wp-json\/wp\/v2\/product\/37118"}],"collection":[{"href":"https:\/\/librairie7l.com\/en\/wp-json\/wp\/v2\/product"}],"about":[{"href":"https:\/\/librairie7l.com\/en\/wp-json\/wp\/v2\/types\/product"}],"wp:featuredmedia":[{"embeddable":true,"href":"https:\/\/librairie7l.com\/en\/wp-json\/wp\/v2\/media\/37212"}],"wp:attachment":[{"href":"https:\/\/librairie7l.com\/en\/wp-json\/wp\/v2\/media?parent=37118"}],"wp:term":[{"taxonomy":"product_cat","embeddable":true,"href":"https:\/\/librairie7l.com\/en\/wp-json\/wp\/v2\/product_cat?post=37118"},{"taxonomy":"product_tag","embeddable":true,"href":"https:\/\/librairie7l.com\/en\/wp-json\/wp\/v2\/product_tag?post=37118"}],"curies":[{"name":"wp","href":"https:\/\/api.w.org\/{rel}","templated":true}]}}