{"id":37122,"date":"2023-11-01T09:16:33","date_gmt":"2023-11-01T08:16:33","guid":{"rendered":"https:\/\/librairie7l.com\/?post_type=product&#038;p=37122"},"modified":"2026-04-04T18:34:27","modified_gmt":"2026-04-04T16:34:27","slug":"indemodables-le-repertoire-de-ce-qui-fait-la-mode-vetements-intemporels-cre","status":"publish","type":"product","link":"https:\/\/librairie7l.com\/en\/produit\/indemodables-le-repertoire-de-ce-qui-fait-la-mode-vetements-intemporels-cre\/","title":{"rendered":"IND\u00c9MODABLES : LE R\u00c9PERTOIRE DE CE QUI FAIT LA MODE ; V\u00caTEMENTS INTEMPORELS, CR\u00c9ATIONS ICONIQUES"},"content":{"rendered":"<p>Une histoire de la mode qui inventorie et d\u00e9crypte 78 essentiels du vestiaire contemporain, 60 cr\u00e9ations iconiques et 22 styles embl\u00e9matiques.<br \/>\n280 photographies &#8211; 45 chronologies et infographies \u00c0 tra-vers des basiques aussi fondamentaux que le jean, les baskets, la chemise blanche, la robe noire, le boubou ou le bandana et des pi\u00e8ces mythiques (le blouson vinyle de Courr\u00e8ges, la jupe pour homme de Jean-Paul Gaultier, le sac Kelly de Herm\u00e8s ou le tailleur Chanel), Hayley Edwards-Dujardin, his-torienne de l&#8217;art et de la mode, remonte le fil de l&#8217;histoire de la mode.<\/p>\n","protected":false},"excerpt":{"rendered":"<p>Une histoire de la mode qui inventorie et d\u00e9crypte 78 essentiels du vestiaire contemporain, 60 cr\u00e9ations iconiques et 22 styles embl\u00e9matiques. 280 photographies &#8211; 45 chronologies et infographies \u00c0 tra-vers des basiques aussi fondamentaux que le jean, les baskets, la chemise blanche, la robe noire, le boubou ou le bandana et des pi\u00e8ces mythiques (le [&hellip;]<\/p>\n","protected":false},"featured_media":37120,"template":"","meta":[],"product_cat":[2948,2957],"product_tag":[],"acf":[],"yoast_head":"<!-- This site is optimized with the Yoast SEO plugin v20.11 - https:\/\/yoast.com\/wordpress\/plugins\/seo\/ -->\n<title>Ind\u00e9modables : le r\u00e9pertoire de ce qui fait la mode ; v\u00eatements intemporels, cr\u00e9ations iconiques - Librairie 7L<\/title>\n<meta name=\"robots\" content=\"index, follow, max-snippet:-1, max-image-preview:large, max-video-preview:-1\" \/>\n<link rel=\"canonical\" href=\"https:\/\/librairie7l.com\/en\/produit\/indemodables-le-repertoire-de-ce-qui-fait-la-mode-vetements-intemporels-cre\/\" \/>\n<meta property=\"og:locale\" content=\"en_US\" \/>\n<meta property=\"og:type\" content=\"article\" \/>\n<meta property=\"og:title\" content=\"Ind\u00e9modables : le r\u00e9pertoire de ce qui fait la mode ; v\u00eatements intemporels, cr\u00e9ations iconiques - Librairie 7L\" \/>\n<meta property=\"og:description\" content=\"Une histoire de la mode qui inventorie et d\u00e9crypte 78 essentiels du vestiaire contemporain, 60 cr\u00e9ations iconiques et 22 styles embl\u00e9matiques. 280 photographies &#8211; 45 chronologies et infographies \u00c0 tra-vers des basiques aussi fondamentaux que le jean, les baskets, la chemise blanche, la robe noire, le boubou ou le bandana et des pi\u00e8ces mythiques (le [&hellip;]\" \/>\n<meta property=\"og:url\" content=\"https:\/\/librairie7l.com\/en\/produit\/indemodables-le-repertoire-de-ce-qui-fait-la-mode-vetements-intemporels-cre\/\" \/>\n<meta property=\"og:site_name\" content=\"Librairie 7L\" \/>\n<meta property=\"article:modified_time\" content=\"2026-04-04T16:34:27+00:00\" \/>\n<meta property=\"og:image\" content=\"https:\/\/librairie7l.com\/wp-content\/uploads\/2021\/06\/9782812321085_1_75.jpg\" \/>\n\t<meta property=\"og:image:width\" content=\"600\" \/>\n\t<meta property=\"og:image:height\" content=\"746\" \/>\n\t<meta property=\"og:image:type\" content=\"image\/jpeg\" \/>\n<meta name=\"twitter:card\" content=\"summary_large_image\" \/>\n<script type=\"application\/ld+json\" class=\"yoast-schema-graph\">{\"@context\":\"https:\/\/schema.org\",\"@graph\":[{\"@type\":\"WebPage\",\"@id\":\"https:\/\/librairie7l.com\/en\/produit\/indemodables-le-repertoire-de-ce-qui-fait-la-mode-vetements-intemporels-cre\/\",\"url\":\"https:\/\/librairie7l.com\/en\/produit\/indemodables-le-repertoire-de-ce-qui-fait-la-mode-vetements-intemporels-cre\/\",\"name\":\"Ind\u00e9modables : le r\u00e9pertoire de ce qui fait la mode ; v\u00eatements intemporels, cr\u00e9ations iconiques - Librairie 7L\",\"isPartOf\":{\"@id\":\"https:\/\/librairie7l.com\/en\/#website\"},\"datePublished\":\"2023-11-01T08:16:33+00:00\",\"dateModified\":\"2026-04-04T16:34:27+00:00\",\"breadcrumb\":{\"@id\":\"https:\/\/librairie7l.com\/en\/produit\/indemodables-le-repertoire-de-ce-qui-fait-la-mode-vetements-intemporels-cre\/#breadcrumb\"},\"inLanguage\":\"en-US\",\"potentialAction\":[{\"@type\":\"ReadAction\",\"target\":[\"https:\/\/librairie7l.com\/en\/produit\/indemodables-le-repertoire-de-ce-qui-fait-la-mode-vetements-intemporels-cre\/\"]}]},{\"@type\":\"BreadcrumbList\",\"@id\":\"https:\/\/librairie7l.com\/en\/produit\/indemodables-le-repertoire-de-ce-qui-fait-la-mode-vetements-intemporels-cre\/#breadcrumb\",\"itemListElement\":[{\"@type\":\"ListItem\",\"position\":1,\"name\":\"Accueil\",\"item\":\"https:\/\/librairie7l.com\/en\/\"},{\"@type\":\"ListItem\",\"position\":2,\"name\":\"Shop\",\"item\":\"https:\/\/librairie7l.com\/en\/shop\/\"},{\"@type\":\"ListItem\",\"position\":3,\"name\":\"IND\u00c9MODABLES : LE R\u00c9PERTOIRE DE CE QUI FAIT LA MODE ; V\u00caTEMENTS INTEMPORELS, CR\u00c9ATIONS ICONIQUES\"}]},{\"@type\":\"WebSite\",\"@id\":\"https:\/\/librairie7l.com\/en\/#website\",\"url\":\"https:\/\/librairie7l.com\/en\/\",\"name\":\"Librairie 7L\",\"description\":\"Librairie fond\u00e9e en 1999 par Karl Lagerfeld \u00e0 Paris\",\"publisher\":{\"@id\":\"https:\/\/librairie7l.com\/en\/#organization\"},\"potentialAction\":[{\"@type\":\"SearchAction\",\"target\":{\"@type\":\"EntryPoint\",\"urlTemplate\":\"https:\/\/librairie7l.com\/en\/?s={search_term_string}\"},\"query-input\":\"required name=search_term_string\"}],\"inLanguage\":\"en-US\"},{\"@type\":\"Organization\",\"@id\":\"https:\/\/librairie7l.com\/en\/#organization\",\"name\":\"Librairie 7L\",\"url\":\"https:\/\/librairie7l.com\/en\/\",\"logo\":{\"@type\":\"ImageObject\",\"inLanguage\":\"en-US\",\"@id\":\"https:\/\/librairie7l.com\/en\/#\/schema\/logo\/image\/\",\"url\":\"https:\/\/librairie7l.com\/wp-content\/uploads\/2022\/08\/logo-1.png\",\"contentUrl\":\"https:\/\/librairie7l.com\/wp-content\/uploads\/2022\/08\/logo-1.png\",\"width\":227,\"height\":301,\"caption\":\"Librairie 7L\"},\"image\":{\"@id\":\"https:\/\/librairie7l.com\/en\/#\/schema\/logo\/image\/\"}}]}<\/script>\n<!-- \/ Yoast SEO plugin. -->","yoast_head_json":{"title":"Ind\u00e9modables : le r\u00e9pertoire de ce qui fait la mode ; v\u00eatements intemporels, cr\u00e9ations iconiques - Librairie 7L","robots":{"index":"index","follow":"follow","max-snippet":"max-snippet:-1","max-image-preview":"max-image-preview:large","max-video-preview":"max-video-preview:-1"},"canonical":"https:\/\/librairie7l.com\/en\/produit\/indemodables-le-repertoire-de-ce-qui-fait-la-mode-vetements-intemporels-cre\/","og_locale":"en_US","og_type":"article","og_title":"Ind\u00e9modables : le r\u00e9pertoire de ce qui fait la mode ; v\u00eatements intemporels, cr\u00e9ations iconiques - Librairie 7L","og_description":"Une histoire de la mode qui inventorie et d\u00e9crypte 78 essentiels du vestiaire contemporain, 60 cr\u00e9ations iconiques et 22 styles embl\u00e9matiques. 280 photographies &#8211; 45 chronologies et infographies \u00c0 tra-vers des basiques aussi fondamentaux que le jean, les baskets, la chemise blanche, la robe noire, le boubou ou le bandana et des pi\u00e8ces mythiques (le [&hellip;]","og_url":"https:\/\/librairie7l.com\/en\/produit\/indemodables-le-repertoire-de-ce-qui-fait-la-mode-vetements-intemporels-cre\/","og_site_name":"Librairie 7L","article_modified_time":"2026-04-04T16:34:27+00:00","og_image":[{"width":600,"height":746,"url":"https:\/\/librairie7l.com\/wp-content\/uploads\/2021\/06\/9782812321085_1_75.jpg","type":"image\/jpeg"}],"twitter_card":"summary_large_image","schema":{"@context":"https:\/\/schema.org","@graph":[{"@type":"WebPage","@id":"https:\/\/librairie7l.com\/en\/produit\/indemodables-le-repertoire-de-ce-qui-fait-la-mode-vetements-intemporels-cre\/","url":"https:\/\/librairie7l.com\/en\/produit\/indemodables-le-repertoire-de-ce-qui-fait-la-mode-vetements-intemporels-cre\/","name":"Ind\u00e9modables : le r\u00e9pertoire de ce qui fait la mode ; v\u00eatements intemporels, cr\u00e9ations iconiques - Librairie 7L","isPartOf":{"@id":"https:\/\/librairie7l.com\/en\/#website"},"datePublished":"2023-11-01T08:16:33+00:00","dateModified":"2026-04-04T16:34:27+00:00","breadcrumb":{"@id":"https:\/\/librairie7l.com\/en\/produit\/indemodables-le-repertoire-de-ce-qui-fait-la-mode-vetements-intemporels-cre\/#breadcrumb"},"inLanguage":"en-US","potentialAction":[{"@type":"ReadAction","target":["https:\/\/librairie7l.com\/en\/produit\/indemodables-le-repertoire-de-ce-qui-fait-la-mode-vetements-intemporels-cre\/"]}]},{"@type":"BreadcrumbList","@id":"https:\/\/librairie7l.com\/en\/produit\/indemodables-le-repertoire-de-ce-qui-fait-la-mode-vetements-intemporels-cre\/#breadcrumb","itemListElement":[{"@type":"ListItem","position":1,"name":"Accueil","item":"https:\/\/librairie7l.com\/en\/"},{"@type":"ListItem","position":2,"name":"Shop","item":"https:\/\/librairie7l.com\/en\/shop\/"},{"@type":"ListItem","position":3,"name":"IND\u00c9MODABLES : LE R\u00c9PERTOIRE DE CE QUI FAIT LA MODE ; V\u00caTEMENTS INTEMPORELS, CR\u00c9ATIONS ICONIQUES"}]},{"@type":"WebSite","@id":"https:\/\/librairie7l.com\/en\/#website","url":"https:\/\/librairie7l.com\/en\/","name":"Librairie 7L","description":"Librairie fond\u00e9e en 1999 par Karl Lagerfeld \u00e0 Paris","publisher":{"@id":"https:\/\/librairie7l.com\/en\/#organization"},"potentialAction":[{"@type":"SearchAction","target":{"@type":"EntryPoint","urlTemplate":"https:\/\/librairie7l.com\/en\/?s={search_term_string}"},"query-input":"required name=search_term_string"}],"inLanguage":"en-US"},{"@type":"Organization","@id":"https:\/\/librairie7l.com\/en\/#organization","name":"Librairie 7L","url":"https:\/\/librairie7l.com\/en\/","logo":{"@type":"ImageObject","inLanguage":"en-US","@id":"https:\/\/librairie7l.com\/en\/#\/schema\/logo\/image\/","url":"https:\/\/librairie7l.com\/wp-content\/uploads\/2022\/08\/logo-1.png","contentUrl":"https:\/\/librairie7l.com\/wp-content\/uploads\/2022\/08\/logo-1.png","width":227,"height":301,"caption":"Librairie 7L"},"image":{"@id":"https:\/\/librairie7l.com\/en\/#\/schema\/logo\/image\/"}}]}},"_links":{"self":[{"href":"https:\/\/librairie7l.com\/en\/wp-json\/wp\/v2\/product\/37122"}],"collection":[{"href":"https:\/\/librairie7l.com\/en\/wp-json\/wp\/v2\/product"}],"about":[{"href":"https:\/\/librairie7l.com\/en\/wp-json\/wp\/v2\/types\/product"}],"wp:featuredmedia":[{"embeddable":true,"href":"https:\/\/librairie7l.com\/en\/wp-json\/wp\/v2\/media\/37120"}],"wp:attachment":[{"href":"https:\/\/librairie7l.com\/en\/wp-json\/wp\/v2\/media?parent=37122"}],"wp:term":[{"taxonomy":"product_cat","embeddable":true,"href":"https:\/\/librairie7l.com\/en\/wp-json\/wp\/v2\/product_cat?post=37122"},{"taxonomy":"product_tag","embeddable":true,"href":"https:\/\/librairie7l.com\/en\/wp-json\/wp\/v2\/product_tag?post=37122"}],"curies":[{"name":"wp","href":"https:\/\/api.w.org\/{rel}","templated":true}]}}