{"id":37128,"date":"2023-11-01T09:16:42","date_gmt":"2023-11-01T08:16:42","guid":{"rendered":"https:\/\/librairie7l.com\/?post_type=product&#038;p=37128"},"modified":"2026-04-05T02:05:34","modified_gmt":"2026-04-05T00:05:34","slug":"ambre-tresors-de-la-mer-baltique","status":"publish","type":"product","link":"https:\/\/librairie7l.com\/en\/produit\/ambre-tresors-de-la-mer-baltique\/","title":{"rendered":"AMBRE : TR\u00c9SORS DE LA MER BALTIQUE"},"content":{"rendered":"<p>L&#8217;ambre est une mati\u00e8re unique qui fascine depuis l&#8217;Antiquit\u00e9. L\u00e9g\u00e8re, aromatique, d\u00e9licate, aux propri\u00e9t\u00e9s \u00e9lectriques, elle se d\u00e9cline dans une gamme de couleurs allant du rouge sombre translucide au blanc opaque. De l&#8217;\u00e9poque romaine jusqu&#8217;au XVIIIe si\u00e8cle, les savants se perdirent en conjectures sur son origine, certains la d\u00e9finissant comme du sperme de baleine, d&#8217;autres comme de l&#8217;urine de lynx solidifi\u00e9e. Son myst\u00e8re la parait de vertus m\u00e9dicinales. Les inclusions d&#8217;insectes ou de petits animaux qu&#8217;on y trouve parfois prisonniers font de l&#8217;ambre un symbole d&#8217;immortalit\u00e9. Pline l&#8217;Ancien devine sa nature en y voyant le r\u00e9sultat d&#8217;une r\u00e9sine v\u00e9g\u00e9tale, mais ce n&#8217;est qu&#8217;en 1757 que le savant russe Mikha\u00efl Lomonossov d\u00e9termina son origine r\u00e9elle. Il s&#8217;agit d&#8217;une r\u00e9sine fossilis\u00e9e provenant, pour les objets de ce catalogue, d&#8217;une for\u00eat pr\u00e9historique datant d&#8217;environ 30 \u00e0 40 millions d&#8217;ann\u00e9es, situ\u00e9e sous la mer Baltique, entre les villes de Dantzig (aujourd&#8217;hui Gdansk en Pologne) et K\u00f6nigsberg (aujourd&#8217;hui Kaliningrad en Russie), alors en Prusse-Orientale. La pr\u00e9sence de nombreux bijoux et figurines en ambre baltique dans le monde grec et romain, dans la tombe de Toutankhamon, et jusqu&#8217;en Chine, offre un \u00e9clairage fascinant sur les \u00e9changes commerciaux de l&#8217;\u00e9poque, le long de la \u00ab route de l&#8217;ambre \u00bb de la Baltique \u00e0 l&#8217;Adriatique. Au XVIe si\u00e8cle, le grand ma\u00eetre Albert de Brandebourg-Ansbach se convertit au protestantisme et transforme l&#8217;ordre des Chevaliers teutoniques en duch\u00e9 de Prusse. Ses docteurs publient les premiers livres sur l&#8217;extraction de l&#8217;ambre et ses vertus m\u00e9dicinales. C&#8217;est le d\u00e9but d&#8217;une formidable expansion du commerce et de la production des objets d&#8217;art en ambre. Ils deviennent les cadeaux diplomatiques de la Prusse par excellence et sont recherch\u00e9s pour orner les Kunstkammern des souverains et des princes d&#8217;Europe. L&#8217;exposition Ambre : tr\u00e9sors de la mer Baltique XVIe-XVIIIe si\u00e8cles est la premi\u00e8re manifestation d\u00e9di\u00e9e \u00e0 cette mati\u00e8re en France. Il a fallu pr\u00e8s de vingt ans \u00e0 la Galerie Kugel pour r\u00e9unir la cinquantaine d&#8217;oeuvres qui y seront expos\u00e9es. M\u00ealant sculptures, coffrets, coupes et jeux, l&#8217;immense vari\u00e9t\u00e9 des pi\u00e8ces pr\u00e9sent\u00e9es illustre la fascination pour l&#8217;ambre du XVIe au XVIIIe si\u00e8cle et le talent des artistes pour mettre en valeur toutes les nuances de cette mati\u00e8re extraordinaire. Notre ouvrage r\u00e9unit ces objets d&#8217;exception et les accompagne d&#8217;une \u00e9tude scientifique sur l&#8217;ambre, ses origines, son utilisation commerciale et artistique.<\/p>\n","protected":false},"excerpt":{"rendered":"<p>L&#8217;ambre est une mati\u00e8re unique qui fascine depuis l&#8217;Antiquit\u00e9. L\u00e9g\u00e8re, aromatique, d\u00e9licate, aux propri\u00e9t\u00e9s \u00e9lectriques, elle se d\u00e9cline dans une gamme de couleurs allant du rouge sombre translucide au blanc opaque. De l&#8217;\u00e9poque romaine jusqu&#8217;au XVIIIe si\u00e8cle, les savants se perdirent en conjectures sur son origine, certains la d\u00e9finissant comme du sperme de baleine, d&#8217;autres [&hellip;]<\/p>\n","protected":false},"featured_media":37356,"template":"","meta":[],"product_cat":[2948,2952],"product_tag":[],"acf":[],"yoast_head":"<!-- This site is optimized with the Yoast SEO plugin v20.11 - https:\/\/yoast.com\/wordpress\/plugins\/seo\/ -->\n<title>Ambre : tr\u00e9sors de la mer baltique - Librairie 7L<\/title>\n<meta name=\"robots\" content=\"index, follow, max-snippet:-1, max-image-preview:large, max-video-preview:-1\" \/>\n<link rel=\"canonical\" href=\"https:\/\/librairie7l.com\/en\/produit\/ambre-tresors-de-la-mer-baltique\/\" \/>\n<meta property=\"og:locale\" content=\"en_US\" \/>\n<meta property=\"og:type\" content=\"article\" \/>\n<meta property=\"og:title\" content=\"Ambre : tr\u00e9sors de la mer baltique - Librairie 7L\" \/>\n<meta property=\"og:description\" content=\"L&#8217;ambre est une mati\u00e8re unique qui fascine depuis l&#8217;Antiquit\u00e9. L\u00e9g\u00e8re, aromatique, d\u00e9licate, aux propri\u00e9t\u00e9s \u00e9lectriques, elle se d\u00e9cline dans une gamme de couleurs allant du rouge sombre translucide au blanc opaque. De l&#8217;\u00e9poque romaine jusqu&#8217;au XVIIIe si\u00e8cle, les savants se perdirent en conjectures sur son origine, certains la d\u00e9finissant comme du sperme de baleine, d&#8217;autres [&hellip;]\" \/>\n<meta property=\"og:url\" content=\"https:\/\/librairie7l.com\/en\/produit\/ambre-tresors-de-la-mer-baltique\/\" \/>\n<meta property=\"og:site_name\" content=\"Librairie 7L\" \/>\n<meta property=\"article:modified_time\" content=\"2026-04-05T00:05:34+00:00\" \/>\n<meta property=\"og:image\" content=\"https:\/\/librairie7l.com\/wp-content\/uploads\/2023\/11\/9791096561322_1_75.jpg\" \/>\n\t<meta property=\"og:image:width\" content=\"600\" \/>\n\t<meta property=\"og:image:height\" content=\"850\" \/>\n\t<meta property=\"og:image:type\" content=\"image\/jpeg\" \/>\n<meta name=\"twitter:card\" content=\"summary_large_image\" \/>\n<meta name=\"twitter:label1\" content=\"Est. reading time\" \/>\n\t<meta name=\"twitter:data1\" content=\"2 minutes\" \/>\n<script type=\"application\/ld+json\" class=\"yoast-schema-graph\">{\"@context\":\"https:\/\/schema.org\",\"@graph\":[{\"@type\":\"WebPage\",\"@id\":\"https:\/\/librairie7l.com\/en\/produit\/ambre-tresors-de-la-mer-baltique\/\",\"url\":\"https:\/\/librairie7l.com\/en\/produit\/ambre-tresors-de-la-mer-baltique\/\",\"name\":\"Ambre : tr\u00e9sors de la mer baltique - Librairie 7L\",\"isPartOf\":{\"@id\":\"https:\/\/librairie7l.com\/en\/#website\"},\"datePublished\":\"2023-11-01T08:16:42+00:00\",\"dateModified\":\"2026-04-05T00:05:34+00:00\",\"breadcrumb\":{\"@id\":\"https:\/\/librairie7l.com\/en\/produit\/ambre-tresors-de-la-mer-baltique\/#breadcrumb\"},\"inLanguage\":\"en-US\",\"potentialAction\":[{\"@type\":\"ReadAction\",\"target\":[\"https:\/\/librairie7l.com\/en\/produit\/ambre-tresors-de-la-mer-baltique\/\"]}]},{\"@type\":\"BreadcrumbList\",\"@id\":\"https:\/\/librairie7l.com\/en\/produit\/ambre-tresors-de-la-mer-baltique\/#breadcrumb\",\"itemListElement\":[{\"@type\":\"ListItem\",\"position\":1,\"name\":\"Accueil\",\"item\":\"https:\/\/librairie7l.com\/en\/\"},{\"@type\":\"ListItem\",\"position\":2,\"name\":\"Shop\",\"item\":\"https:\/\/librairie7l.com\/en\/shop\/\"},{\"@type\":\"ListItem\",\"position\":3,\"name\":\"AMBRE : TR\u00c9SORS DE LA MER BALTIQUE\"}]},{\"@type\":\"WebSite\",\"@id\":\"https:\/\/librairie7l.com\/en\/#website\",\"url\":\"https:\/\/librairie7l.com\/en\/\",\"name\":\"Librairie 7L\",\"description\":\"Librairie fond\u00e9e en 1999 par Karl Lagerfeld \u00e0 Paris\",\"publisher\":{\"@id\":\"https:\/\/librairie7l.com\/en\/#organization\"},\"potentialAction\":[{\"@type\":\"SearchAction\",\"target\":{\"@type\":\"EntryPoint\",\"urlTemplate\":\"https:\/\/librairie7l.com\/en\/?s={search_term_string}\"},\"query-input\":\"required name=search_term_string\"}],\"inLanguage\":\"en-US\"},{\"@type\":\"Organization\",\"@id\":\"https:\/\/librairie7l.com\/en\/#organization\",\"name\":\"Librairie 7L\",\"url\":\"https:\/\/librairie7l.com\/en\/\",\"logo\":{\"@type\":\"ImageObject\",\"inLanguage\":\"en-US\",\"@id\":\"https:\/\/librairie7l.com\/en\/#\/schema\/logo\/image\/\",\"url\":\"https:\/\/librairie7l.com\/wp-content\/uploads\/2022\/08\/logo-1.png\",\"contentUrl\":\"https:\/\/librairie7l.com\/wp-content\/uploads\/2022\/08\/logo-1.png\",\"width\":227,\"height\":301,\"caption\":\"Librairie 7L\"},\"image\":{\"@id\":\"https:\/\/librairie7l.com\/en\/#\/schema\/logo\/image\/\"}}]}<\/script>\n<!-- \/ Yoast SEO plugin. -->","yoast_head_json":{"title":"Ambre : tr\u00e9sors de la mer baltique - Librairie 7L","robots":{"index":"index","follow":"follow","max-snippet":"max-snippet:-1","max-image-preview":"max-image-preview:large","max-video-preview":"max-video-preview:-1"},"canonical":"https:\/\/librairie7l.com\/en\/produit\/ambre-tresors-de-la-mer-baltique\/","og_locale":"en_US","og_type":"article","og_title":"Ambre : tr\u00e9sors de la mer baltique - Librairie 7L","og_description":"L&#8217;ambre est une mati\u00e8re unique qui fascine depuis l&#8217;Antiquit\u00e9. L\u00e9g\u00e8re, aromatique, d\u00e9licate, aux propri\u00e9t\u00e9s \u00e9lectriques, elle se d\u00e9cline dans une gamme de couleurs allant du rouge sombre translucide au blanc opaque. De l&#8217;\u00e9poque romaine jusqu&#8217;au XVIIIe si\u00e8cle, les savants se perdirent en conjectures sur son origine, certains la d\u00e9finissant comme du sperme de baleine, d&#8217;autres [&hellip;]","og_url":"https:\/\/librairie7l.com\/en\/produit\/ambre-tresors-de-la-mer-baltique\/","og_site_name":"Librairie 7L","article_modified_time":"2026-04-05T00:05:34+00:00","og_image":[{"width":600,"height":850,"url":"https:\/\/librairie7l.com\/wp-content\/uploads\/2023\/11\/9791096561322_1_75.jpg","type":"image\/jpeg"}],"twitter_card":"summary_large_image","twitter_misc":{"Est. reading time":"2 minutes"},"schema":{"@context":"https:\/\/schema.org","@graph":[{"@type":"WebPage","@id":"https:\/\/librairie7l.com\/en\/produit\/ambre-tresors-de-la-mer-baltique\/","url":"https:\/\/librairie7l.com\/en\/produit\/ambre-tresors-de-la-mer-baltique\/","name":"Ambre : tr\u00e9sors de la mer baltique - Librairie 7L","isPartOf":{"@id":"https:\/\/librairie7l.com\/en\/#website"},"datePublished":"2023-11-01T08:16:42+00:00","dateModified":"2026-04-05T00:05:34+00:00","breadcrumb":{"@id":"https:\/\/librairie7l.com\/en\/produit\/ambre-tresors-de-la-mer-baltique\/#breadcrumb"},"inLanguage":"en-US","potentialAction":[{"@type":"ReadAction","target":["https:\/\/librairie7l.com\/en\/produit\/ambre-tresors-de-la-mer-baltique\/"]}]},{"@type":"BreadcrumbList","@id":"https:\/\/librairie7l.com\/en\/produit\/ambre-tresors-de-la-mer-baltique\/#breadcrumb","itemListElement":[{"@type":"ListItem","position":1,"name":"Accueil","item":"https:\/\/librairie7l.com\/en\/"},{"@type":"ListItem","position":2,"name":"Shop","item":"https:\/\/librairie7l.com\/en\/shop\/"},{"@type":"ListItem","position":3,"name":"AMBRE : TR\u00c9SORS DE LA MER BALTIQUE"}]},{"@type":"WebSite","@id":"https:\/\/librairie7l.com\/en\/#website","url":"https:\/\/librairie7l.com\/en\/","name":"Librairie 7L","description":"Librairie fond\u00e9e en 1999 par Karl Lagerfeld \u00e0 Paris","publisher":{"@id":"https:\/\/librairie7l.com\/en\/#organization"},"potentialAction":[{"@type":"SearchAction","target":{"@type":"EntryPoint","urlTemplate":"https:\/\/librairie7l.com\/en\/?s={search_term_string}"},"query-input":"required name=search_term_string"}],"inLanguage":"en-US"},{"@type":"Organization","@id":"https:\/\/librairie7l.com\/en\/#organization","name":"Librairie 7L","url":"https:\/\/librairie7l.com\/en\/","logo":{"@type":"ImageObject","inLanguage":"en-US","@id":"https:\/\/librairie7l.com\/en\/#\/schema\/logo\/image\/","url":"https:\/\/librairie7l.com\/wp-content\/uploads\/2022\/08\/logo-1.png","contentUrl":"https:\/\/librairie7l.com\/wp-content\/uploads\/2022\/08\/logo-1.png","width":227,"height":301,"caption":"Librairie 7L"},"image":{"@id":"https:\/\/librairie7l.com\/en\/#\/schema\/logo\/image\/"}}]}},"_links":{"self":[{"href":"https:\/\/librairie7l.com\/en\/wp-json\/wp\/v2\/product\/37128"}],"collection":[{"href":"https:\/\/librairie7l.com\/en\/wp-json\/wp\/v2\/product"}],"about":[{"href":"https:\/\/librairie7l.com\/en\/wp-json\/wp\/v2\/types\/product"}],"wp:featuredmedia":[{"embeddable":true,"href":"https:\/\/librairie7l.com\/en\/wp-json\/wp\/v2\/media\/37356"}],"wp:attachment":[{"href":"https:\/\/librairie7l.com\/en\/wp-json\/wp\/v2\/media?parent=37128"}],"wp:term":[{"taxonomy":"product_cat","embeddable":true,"href":"https:\/\/librairie7l.com\/en\/wp-json\/wp\/v2\/product_cat?post=37128"},{"taxonomy":"product_tag","embeddable":true,"href":"https:\/\/librairie7l.com\/en\/wp-json\/wp\/v2\/product_tag?post=37128"}],"curies":[{"name":"wp","href":"https:\/\/api.w.org\/{rel}","templated":true}]}}