{"id":37138,"date":"2023-11-01T09:16:55","date_gmt":"2023-11-01T08:16:55","guid":{"rendered":"https:\/\/librairie7l.com\/?post_type=product&#038;p=37138"},"modified":"2026-04-27T21:56:34","modified_gmt":"2026-04-27T19:56:34","slug":"fontainebleau-portraits-dun-chateau","status":"publish","type":"product","link":"https:\/\/librairie7l.com\/en\/produit\/fontainebleau-portraits-dun-chateau\/","title":{"rendered":"FONTAINEBLEAU, PORTRAITS D&#8217;UN CH\u00c2TEAU"},"content":{"rendered":"<p>Le ch\u00e2teau de Fontainebleau a fait l&#8217;objet d&#8217;une multitude de descriptions, de dessins et de gravures. Jacques Androuet du Cerceau, Isra\u00ebl Silvestre, Jacques Rigaud ou encore Rodolphe Pfnor ont immortalis\u00e9 l&#8217;originalit\u00e9 de son architecture et de ses d\u00e9cors ainsi que la richesse de ses jardins et de ses fontaines.<br \/>\nLa maison royale est le creuset et le reflet de courants artistiques majeurs, o\u00f9 architectes, peintres et sculpteurs ont forg\u00e9 leur art. Le dessin est l&#8217;expression de leur pens\u00e9e.<br \/>\n\u00c0 la fois sujet et objet, le ch\u00e2teau fut le t\u00e9moin de grands \u00e9v\u00e9nements historiques, du bapt\u00eame de Louis XIII \u00e0 l&#8217;abdication de Napol\u00e9on Ier. Il v\u00e9cut aussi au rythme d&#8217;une cour brillante, anim\u00e9e par les chasses, les feux d&#8217;artifice ou encore les repr\u00e9sentations th\u00e9\u00e2trales.<br \/>\nCet ouvrage, riche de plus de trois cents oeuvres graphiques issues des collections du ch\u00e2teau, nous invite \u00e0 d\u00e9couvrir les multiples facettes de la maison des si\u00e8cles, \u00e0 travers la vision des artistes qui l&#8217;ont fa\u00e7onn\u00e9e, d\u00e9crypt\u00e9e et r\u00eav\u00e9e.<\/p>\n","protected":false},"excerpt":{"rendered":"<p>Le ch\u00e2teau de Fontainebleau a fait l&#8217;objet d&#8217;une multitude de descriptions, de dessins et de gravures. Jacques Androuet du Cerceau, Isra\u00ebl Silvestre, Jacques Rigaud ou encore Rodolphe Pfnor ont immortalis\u00e9 l&#8217;originalit\u00e9 de son architecture et de ses d\u00e9cors ainsi que la richesse de ses jardins et de ses fontaines. La maison royale est le creuset [&hellip;]<\/p>\n","protected":false},"featured_media":37136,"template":"","meta":[],"product_cat":[2948,2950],"product_tag":[],"acf":[],"yoast_head":"<!-- This site is optimized with the Yoast SEO plugin v20.11 - https:\/\/yoast.com\/wordpress\/plugins\/seo\/ -->\n<title>Fontainebleau, portraits d&#039;un ch\u00e2teau - Librairie 7L<\/title>\n<meta name=\"robots\" content=\"index, follow, max-snippet:-1, max-image-preview:large, max-video-preview:-1\" \/>\n<link rel=\"canonical\" href=\"https:\/\/librairie7l.com\/en\/produit\/fontainebleau-portraits-dun-chateau\/\" \/>\n<meta property=\"og:locale\" content=\"en_US\" \/>\n<meta property=\"og:type\" content=\"article\" \/>\n<meta property=\"og:title\" content=\"Fontainebleau, portraits d&#039;un ch\u00e2teau - Librairie 7L\" \/>\n<meta property=\"og:description\" content=\"Le ch\u00e2teau de Fontainebleau a fait l&#8217;objet d&#8217;une multitude de descriptions, de dessins et de gravures. Jacques Androuet du Cerceau, Isra\u00ebl Silvestre, Jacques Rigaud ou encore Rodolphe Pfnor ont immortalis\u00e9 l&#8217;originalit\u00e9 de son architecture et de ses d\u00e9cors ainsi que la richesse de ses jardins et de ses fontaines. La maison royale est le creuset [&hellip;]\" \/>\n<meta property=\"og:url\" content=\"https:\/\/librairie7l.com\/en\/produit\/fontainebleau-portraits-dun-chateau\/\" \/>\n<meta property=\"og:site_name\" content=\"Librairie 7L\" \/>\n<meta property=\"article:modified_time\" content=\"2026-04-27T19:56:34+00:00\" \/>\n<meta property=\"og:image\" content=\"https:\/\/librairie7l.com\/wp-content\/uploads\/2023\/07\/9782382031476_1_75.jpg\" \/>\n\t<meta property=\"og:image:width\" content=\"600\" \/>\n\t<meta property=\"og:image:height\" content=\"723\" \/>\n\t<meta property=\"og:image:type\" content=\"image\/jpeg\" \/>\n<meta name=\"twitter:card\" content=\"summary_large_image\" \/>\n<meta name=\"twitter:label1\" content=\"Est. reading time\" \/>\n\t<meta name=\"twitter:data1\" content=\"1 minute\" \/>\n<script type=\"application\/ld+json\" class=\"yoast-schema-graph\">{\"@context\":\"https:\/\/schema.org\",\"@graph\":[{\"@type\":\"WebPage\",\"@id\":\"https:\/\/librairie7l.com\/en\/produit\/fontainebleau-portraits-dun-chateau\/\",\"url\":\"https:\/\/librairie7l.com\/en\/produit\/fontainebleau-portraits-dun-chateau\/\",\"name\":\"Fontainebleau, portraits d'un ch\u00e2teau - Librairie 7L\",\"isPartOf\":{\"@id\":\"https:\/\/librairie7l.com\/en\/#website\"},\"datePublished\":\"2023-11-01T08:16:55+00:00\",\"dateModified\":\"2026-04-27T19:56:34+00:00\",\"breadcrumb\":{\"@id\":\"https:\/\/librairie7l.com\/en\/produit\/fontainebleau-portraits-dun-chateau\/#breadcrumb\"},\"inLanguage\":\"en-US\",\"potentialAction\":[{\"@type\":\"ReadAction\",\"target\":[\"https:\/\/librairie7l.com\/en\/produit\/fontainebleau-portraits-dun-chateau\/\"]}]},{\"@type\":\"BreadcrumbList\",\"@id\":\"https:\/\/librairie7l.com\/en\/produit\/fontainebleau-portraits-dun-chateau\/#breadcrumb\",\"itemListElement\":[{\"@type\":\"ListItem\",\"position\":1,\"name\":\"Accueil\",\"item\":\"https:\/\/librairie7l.com\/en\/\"},{\"@type\":\"ListItem\",\"position\":2,\"name\":\"Shop\",\"item\":\"https:\/\/librairie7l.com\/en\/shop\/\"},{\"@type\":\"ListItem\",\"position\":3,\"name\":\"FONTAINEBLEAU, PORTRAITS D&#8217;UN CH\u00c2TEAU\"}]},{\"@type\":\"WebSite\",\"@id\":\"https:\/\/librairie7l.com\/en\/#website\",\"url\":\"https:\/\/librairie7l.com\/en\/\",\"name\":\"Librairie 7L\",\"description\":\"Librairie fond\u00e9e en 1999 par Karl Lagerfeld \u00e0 Paris\",\"publisher\":{\"@id\":\"https:\/\/librairie7l.com\/en\/#organization\"},\"potentialAction\":[{\"@type\":\"SearchAction\",\"target\":{\"@type\":\"EntryPoint\",\"urlTemplate\":\"https:\/\/librairie7l.com\/en\/?s={search_term_string}\"},\"query-input\":\"required name=search_term_string\"}],\"inLanguage\":\"en-US\"},{\"@type\":\"Organization\",\"@id\":\"https:\/\/librairie7l.com\/en\/#organization\",\"name\":\"Librairie 7L\",\"url\":\"https:\/\/librairie7l.com\/en\/\",\"logo\":{\"@type\":\"ImageObject\",\"inLanguage\":\"en-US\",\"@id\":\"https:\/\/librairie7l.com\/en\/#\/schema\/logo\/image\/\",\"url\":\"https:\/\/librairie7l.com\/wp-content\/uploads\/2022\/08\/logo-1.png\",\"contentUrl\":\"https:\/\/librairie7l.com\/wp-content\/uploads\/2022\/08\/logo-1.png\",\"width\":227,\"height\":301,\"caption\":\"Librairie 7L\"},\"image\":{\"@id\":\"https:\/\/librairie7l.com\/en\/#\/schema\/logo\/image\/\"}}]}<\/script>\n<!-- \/ Yoast SEO plugin. -->","yoast_head_json":{"title":"Fontainebleau, portraits d'un ch\u00e2teau - Librairie 7L","robots":{"index":"index","follow":"follow","max-snippet":"max-snippet:-1","max-image-preview":"max-image-preview:large","max-video-preview":"max-video-preview:-1"},"canonical":"https:\/\/librairie7l.com\/en\/produit\/fontainebleau-portraits-dun-chateau\/","og_locale":"en_US","og_type":"article","og_title":"Fontainebleau, portraits d'un ch\u00e2teau - Librairie 7L","og_description":"Le ch\u00e2teau de Fontainebleau a fait l&#8217;objet d&#8217;une multitude de descriptions, de dessins et de gravures. Jacques Androuet du Cerceau, Isra\u00ebl Silvestre, Jacques Rigaud ou encore Rodolphe Pfnor ont immortalis\u00e9 l&#8217;originalit\u00e9 de son architecture et de ses d\u00e9cors ainsi que la richesse de ses jardins et de ses fontaines. La maison royale est le creuset [&hellip;]","og_url":"https:\/\/librairie7l.com\/en\/produit\/fontainebleau-portraits-dun-chateau\/","og_site_name":"Librairie 7L","article_modified_time":"2026-04-27T19:56:34+00:00","og_image":[{"width":600,"height":723,"url":"https:\/\/librairie7l.com\/wp-content\/uploads\/2023\/07\/9782382031476_1_75.jpg","type":"image\/jpeg"}],"twitter_card":"summary_large_image","twitter_misc":{"Est. reading time":"1 minute"},"schema":{"@context":"https:\/\/schema.org","@graph":[{"@type":"WebPage","@id":"https:\/\/librairie7l.com\/en\/produit\/fontainebleau-portraits-dun-chateau\/","url":"https:\/\/librairie7l.com\/en\/produit\/fontainebleau-portraits-dun-chateau\/","name":"Fontainebleau, portraits d'un ch\u00e2teau - Librairie 7L","isPartOf":{"@id":"https:\/\/librairie7l.com\/en\/#website"},"datePublished":"2023-11-01T08:16:55+00:00","dateModified":"2026-04-27T19:56:34+00:00","breadcrumb":{"@id":"https:\/\/librairie7l.com\/en\/produit\/fontainebleau-portraits-dun-chateau\/#breadcrumb"},"inLanguage":"en-US","potentialAction":[{"@type":"ReadAction","target":["https:\/\/librairie7l.com\/en\/produit\/fontainebleau-portraits-dun-chateau\/"]}]},{"@type":"BreadcrumbList","@id":"https:\/\/librairie7l.com\/en\/produit\/fontainebleau-portraits-dun-chateau\/#breadcrumb","itemListElement":[{"@type":"ListItem","position":1,"name":"Accueil","item":"https:\/\/librairie7l.com\/en\/"},{"@type":"ListItem","position":2,"name":"Shop","item":"https:\/\/librairie7l.com\/en\/shop\/"},{"@type":"ListItem","position":3,"name":"FONTAINEBLEAU, PORTRAITS D&#8217;UN CH\u00c2TEAU"}]},{"@type":"WebSite","@id":"https:\/\/librairie7l.com\/en\/#website","url":"https:\/\/librairie7l.com\/en\/","name":"Librairie 7L","description":"Librairie fond\u00e9e en 1999 par Karl Lagerfeld \u00e0 Paris","publisher":{"@id":"https:\/\/librairie7l.com\/en\/#organization"},"potentialAction":[{"@type":"SearchAction","target":{"@type":"EntryPoint","urlTemplate":"https:\/\/librairie7l.com\/en\/?s={search_term_string}"},"query-input":"required name=search_term_string"}],"inLanguage":"en-US"},{"@type":"Organization","@id":"https:\/\/librairie7l.com\/en\/#organization","name":"Librairie 7L","url":"https:\/\/librairie7l.com\/en\/","logo":{"@type":"ImageObject","inLanguage":"en-US","@id":"https:\/\/librairie7l.com\/en\/#\/schema\/logo\/image\/","url":"https:\/\/librairie7l.com\/wp-content\/uploads\/2022\/08\/logo-1.png","contentUrl":"https:\/\/librairie7l.com\/wp-content\/uploads\/2022\/08\/logo-1.png","width":227,"height":301,"caption":"Librairie 7L"},"image":{"@id":"https:\/\/librairie7l.com\/en\/#\/schema\/logo\/image\/"}}]}},"_links":{"self":[{"href":"https:\/\/librairie7l.com\/en\/wp-json\/wp\/v2\/product\/37138"}],"collection":[{"href":"https:\/\/librairie7l.com\/en\/wp-json\/wp\/v2\/product"}],"about":[{"href":"https:\/\/librairie7l.com\/en\/wp-json\/wp\/v2\/types\/product"}],"wp:featuredmedia":[{"embeddable":true,"href":"https:\/\/librairie7l.com\/en\/wp-json\/wp\/v2\/media\/37136"}],"wp:attachment":[{"href":"https:\/\/librairie7l.com\/en\/wp-json\/wp\/v2\/media?parent=37138"}],"wp:term":[{"taxonomy":"product_cat","embeddable":true,"href":"https:\/\/librairie7l.com\/en\/wp-json\/wp\/v2\/product_cat?post=37138"},{"taxonomy":"product_tag","embeddable":true,"href":"https:\/\/librairie7l.com\/en\/wp-json\/wp\/v2\/product_tag?post=37138"}],"curies":[{"name":"wp","href":"https:\/\/api.w.org\/{rel}","templated":true}]}}