{"id":37142,"date":"2023-11-01T09:16:59","date_gmt":"2023-11-01T08:16:59","guid":{"rendered":"https:\/\/librairie7l.com\/?post_type=product&#038;p=37142"},"modified":"2026-04-07T16:07:21","modified_gmt":"2026-04-07T14:07:21","slug":"ricardo-bonfil-les-annees-francaises","status":"publish","type":"product","link":"https:\/\/librairie7l.com\/en\/produit\/ricardo-bonfil-les-annees-francaises\/","title":{"rendered":"RICARDO BONFIL, LES ANN\u00c9ES FRAN\u00c7AISES"},"content":{"rendered":"<p>Reconnu en Europe comme un architecte d&#8217;avant-garde dans les ann\u00e9es 70, l&#8217;architecte catalan Ricardo Bofill fut appel\u00e9 sur la sc\u00e8ne fran\u00e7aise suite \u00e0 la destruction des Halles de Baltard en 1971. Appel\u00e9 \u00e0 concourir en 1974, l&#8217;architecte tenta de renouer avec les formes historiques de l&#8217;architecture et de l&#8217;urbanisme parisiens. \u00c9cart\u00e9 en avril 1978, apr\u00e8s plus de 3 ans de projets et de maquettes par Jacques Chirac, premier maire de la Ville de Paris, qui pr\u00e9f\u00e8rera une architecture neutre et moins monumentale, Bofill va n\u00e9anmoins jouer un r\u00f4le de premier plan dans l&#8217;\u00e9laboration des villes nouvelles en France, de 1972 \u00e0 1985, avec des projets aussi marquants que controvers\u00e9s : Abraxas \u00e0 Marne-la-Vall\u00e9e, le Lac, \u00e0 Saint-Quentin-en-Yvelines, la Place Majeure, \u00e0 Cergy-le-Haut, ou encore le le quartier Antigone de Montpellier. Con\u00e7u comme un v\u00e9ritable journal de bord largement illustr\u00e9, d\u00e9crivant les relations \u00e9troites entre l&#8217;architecture et la politique sous Val\u00e9ry Giscard d&#8217;Estaing et Fran\u00e7ois Mitterand, cet ouvrage revient pour la premi\u00e8re fois sur l&#8217;embl\u00e9matique chantier des Halles, couvert par une clause de confidentialit\u00e9 jusqu&#8217;au d\u00e9c\u00e8s de l&#8217;architecte, en 2021. \u00c0 travers les r\u00e9cits de t\u00e9moins de l&#8217;\u00e9poque, Jack Lang, Jean-Jacques Aillagon, Paul Chemetov, Roland Catro&#8230; comme les archives du Taller, l&#8217;auteure d\u00e9crit la prodigieuse ascension de Bofill au rang de superstar, ainsi que l&#8217;importance de l&#8217;architecture, alors au centre de toutes les conversations.<\/p>\n","protected":false},"excerpt":{"rendered":"<p>Reconnu en Europe comme un architecte d&#8217;avant-garde dans les ann\u00e9es 70, l&#8217;architecte catalan Ricardo Bofill fut appel\u00e9 sur la sc\u00e8ne fran\u00e7aise suite \u00e0 la destruction des Halles de Baltard en 1971. Appel\u00e9 \u00e0 concourir en 1974, l&#8217;architecte tenta de renouer avec les formes historiques de l&#8217;architecture et de l&#8217;urbanisme parisiens. \u00c9cart\u00e9 en avril 1978, apr\u00e8s [&hellip;]<\/p>\n","protected":false},"featured_media":37140,"template":"","meta":[],"product_cat":[2948,2950],"product_tag":[],"acf":[],"yoast_head":"<!-- This site is optimized with the Yoast SEO plugin v20.11 - https:\/\/yoast.com\/wordpress\/plugins\/seo\/ -->\n<title>Ricardo Bonfil, les ann\u00e9es fran\u00e7aises - Librairie 7L<\/title>\n<meta name=\"robots\" content=\"index, follow, max-snippet:-1, max-image-preview:large, max-video-preview:-1\" \/>\n<link rel=\"canonical\" href=\"https:\/\/librairie7l.com\/en\/produit\/ricardo-bonfil-les-annees-francaises\/\" \/>\n<meta property=\"og:locale\" content=\"en_US\" \/>\n<meta property=\"og:type\" content=\"article\" \/>\n<meta property=\"og:title\" content=\"Ricardo Bonfil, les ann\u00e9es fran\u00e7aises - Librairie 7L\" \/>\n<meta property=\"og:description\" content=\"Reconnu en Europe comme un architecte d&#8217;avant-garde dans les ann\u00e9es 70, l&#8217;architecte catalan Ricardo Bofill fut appel\u00e9 sur la sc\u00e8ne fran\u00e7aise suite \u00e0 la destruction des Halles de Baltard en 1971. Appel\u00e9 \u00e0 concourir en 1974, l&#8217;architecte tenta de renouer avec les formes historiques de l&#8217;architecture et de l&#8217;urbanisme parisiens. \u00c9cart\u00e9 en avril 1978, apr\u00e8s [&hellip;]\" \/>\n<meta property=\"og:url\" content=\"https:\/\/librairie7l.com\/en\/produit\/ricardo-bonfil-les-annees-francaises\/\" \/>\n<meta property=\"og:site_name\" content=\"Librairie 7L\" \/>\n<meta property=\"article:modified_time\" content=\"2026-04-07T14:07:21+00:00\" \/>\n<meta property=\"og:image\" content=\"https:\/\/librairie7l.com\/wp-content\/uploads\/2023\/07\/9782376660804_1_75.jpg\" \/>\n\t<meta property=\"og:image:width\" content=\"400\" \/>\n\t<meta property=\"og:image:height\" content=\"570\" \/>\n\t<meta property=\"og:image:type\" content=\"image\/jpeg\" \/>\n<meta name=\"twitter:card\" content=\"summary_large_image\" \/>\n<meta name=\"twitter:label1\" content=\"Est. reading time\" \/>\n\t<meta name=\"twitter:data1\" content=\"1 minute\" \/>\n<script type=\"application\/ld+json\" class=\"yoast-schema-graph\">{\"@context\":\"https:\/\/schema.org\",\"@graph\":[{\"@type\":\"WebPage\",\"@id\":\"https:\/\/librairie7l.com\/en\/produit\/ricardo-bonfil-les-annees-francaises\/\",\"url\":\"https:\/\/librairie7l.com\/en\/produit\/ricardo-bonfil-les-annees-francaises\/\",\"name\":\"Ricardo Bonfil, les ann\u00e9es fran\u00e7aises - Librairie 7L\",\"isPartOf\":{\"@id\":\"https:\/\/librairie7l.com\/en\/#website\"},\"datePublished\":\"2023-11-01T08:16:59+00:00\",\"dateModified\":\"2026-04-07T14:07:21+00:00\",\"breadcrumb\":{\"@id\":\"https:\/\/librairie7l.com\/en\/produit\/ricardo-bonfil-les-annees-francaises\/#breadcrumb\"},\"inLanguage\":\"en-US\",\"potentialAction\":[{\"@type\":\"ReadAction\",\"target\":[\"https:\/\/librairie7l.com\/en\/produit\/ricardo-bonfil-les-annees-francaises\/\"]}]},{\"@type\":\"BreadcrumbList\",\"@id\":\"https:\/\/librairie7l.com\/en\/produit\/ricardo-bonfil-les-annees-francaises\/#breadcrumb\",\"itemListElement\":[{\"@type\":\"ListItem\",\"position\":1,\"name\":\"Accueil\",\"item\":\"https:\/\/librairie7l.com\/en\/\"},{\"@type\":\"ListItem\",\"position\":2,\"name\":\"Shop\",\"item\":\"https:\/\/librairie7l.com\/en\/shop\/\"},{\"@type\":\"ListItem\",\"position\":3,\"name\":\"RICARDO BONFIL, LES ANN\u00c9ES FRAN\u00c7AISES\"}]},{\"@type\":\"WebSite\",\"@id\":\"https:\/\/librairie7l.com\/en\/#website\",\"url\":\"https:\/\/librairie7l.com\/en\/\",\"name\":\"Librairie 7L\",\"description\":\"Librairie fond\u00e9e en 1999 par Karl Lagerfeld \u00e0 Paris\",\"publisher\":{\"@id\":\"https:\/\/librairie7l.com\/en\/#organization\"},\"potentialAction\":[{\"@type\":\"SearchAction\",\"target\":{\"@type\":\"EntryPoint\",\"urlTemplate\":\"https:\/\/librairie7l.com\/en\/?s={search_term_string}\"},\"query-input\":\"required name=search_term_string\"}],\"inLanguage\":\"en-US\"},{\"@type\":\"Organization\",\"@id\":\"https:\/\/librairie7l.com\/en\/#organization\",\"name\":\"Librairie 7L\",\"url\":\"https:\/\/librairie7l.com\/en\/\",\"logo\":{\"@type\":\"ImageObject\",\"inLanguage\":\"en-US\",\"@id\":\"https:\/\/librairie7l.com\/en\/#\/schema\/logo\/image\/\",\"url\":\"https:\/\/librairie7l.com\/wp-content\/uploads\/2022\/08\/logo-1.png\",\"contentUrl\":\"https:\/\/librairie7l.com\/wp-content\/uploads\/2022\/08\/logo-1.png\",\"width\":227,\"height\":301,\"caption\":\"Librairie 7L\"},\"image\":{\"@id\":\"https:\/\/librairie7l.com\/en\/#\/schema\/logo\/image\/\"}}]}<\/script>\n<!-- \/ Yoast SEO plugin. -->","yoast_head_json":{"title":"Ricardo Bonfil, les ann\u00e9es fran\u00e7aises - Librairie 7L","robots":{"index":"index","follow":"follow","max-snippet":"max-snippet:-1","max-image-preview":"max-image-preview:large","max-video-preview":"max-video-preview:-1"},"canonical":"https:\/\/librairie7l.com\/en\/produit\/ricardo-bonfil-les-annees-francaises\/","og_locale":"en_US","og_type":"article","og_title":"Ricardo Bonfil, les ann\u00e9es fran\u00e7aises - Librairie 7L","og_description":"Reconnu en Europe comme un architecte d&#8217;avant-garde dans les ann\u00e9es 70, l&#8217;architecte catalan Ricardo Bofill fut appel\u00e9 sur la sc\u00e8ne fran\u00e7aise suite \u00e0 la destruction des Halles de Baltard en 1971. Appel\u00e9 \u00e0 concourir en 1974, l&#8217;architecte tenta de renouer avec les formes historiques de l&#8217;architecture et de l&#8217;urbanisme parisiens. \u00c9cart\u00e9 en avril 1978, apr\u00e8s [&hellip;]","og_url":"https:\/\/librairie7l.com\/en\/produit\/ricardo-bonfil-les-annees-francaises\/","og_site_name":"Librairie 7L","article_modified_time":"2026-04-07T14:07:21+00:00","og_image":[{"width":400,"height":570,"url":"https:\/\/librairie7l.com\/wp-content\/uploads\/2023\/07\/9782376660804_1_75.jpg","type":"image\/jpeg"}],"twitter_card":"summary_large_image","twitter_misc":{"Est. reading time":"1 minute"},"schema":{"@context":"https:\/\/schema.org","@graph":[{"@type":"WebPage","@id":"https:\/\/librairie7l.com\/en\/produit\/ricardo-bonfil-les-annees-francaises\/","url":"https:\/\/librairie7l.com\/en\/produit\/ricardo-bonfil-les-annees-francaises\/","name":"Ricardo Bonfil, les ann\u00e9es fran\u00e7aises - Librairie 7L","isPartOf":{"@id":"https:\/\/librairie7l.com\/en\/#website"},"datePublished":"2023-11-01T08:16:59+00:00","dateModified":"2026-04-07T14:07:21+00:00","breadcrumb":{"@id":"https:\/\/librairie7l.com\/en\/produit\/ricardo-bonfil-les-annees-francaises\/#breadcrumb"},"inLanguage":"en-US","potentialAction":[{"@type":"ReadAction","target":["https:\/\/librairie7l.com\/en\/produit\/ricardo-bonfil-les-annees-francaises\/"]}]},{"@type":"BreadcrumbList","@id":"https:\/\/librairie7l.com\/en\/produit\/ricardo-bonfil-les-annees-francaises\/#breadcrumb","itemListElement":[{"@type":"ListItem","position":1,"name":"Accueil","item":"https:\/\/librairie7l.com\/en\/"},{"@type":"ListItem","position":2,"name":"Shop","item":"https:\/\/librairie7l.com\/en\/shop\/"},{"@type":"ListItem","position":3,"name":"RICARDO BONFIL, LES ANN\u00c9ES FRAN\u00c7AISES"}]},{"@type":"WebSite","@id":"https:\/\/librairie7l.com\/en\/#website","url":"https:\/\/librairie7l.com\/en\/","name":"Librairie 7L","description":"Librairie fond\u00e9e en 1999 par Karl Lagerfeld \u00e0 Paris","publisher":{"@id":"https:\/\/librairie7l.com\/en\/#organization"},"potentialAction":[{"@type":"SearchAction","target":{"@type":"EntryPoint","urlTemplate":"https:\/\/librairie7l.com\/en\/?s={search_term_string}"},"query-input":"required name=search_term_string"}],"inLanguage":"en-US"},{"@type":"Organization","@id":"https:\/\/librairie7l.com\/en\/#organization","name":"Librairie 7L","url":"https:\/\/librairie7l.com\/en\/","logo":{"@type":"ImageObject","inLanguage":"en-US","@id":"https:\/\/librairie7l.com\/en\/#\/schema\/logo\/image\/","url":"https:\/\/librairie7l.com\/wp-content\/uploads\/2022\/08\/logo-1.png","contentUrl":"https:\/\/librairie7l.com\/wp-content\/uploads\/2022\/08\/logo-1.png","width":227,"height":301,"caption":"Librairie 7L"},"image":{"@id":"https:\/\/librairie7l.com\/en\/#\/schema\/logo\/image\/"}}]}},"_links":{"self":[{"href":"https:\/\/librairie7l.com\/en\/wp-json\/wp\/v2\/product\/37142"}],"collection":[{"href":"https:\/\/librairie7l.com\/en\/wp-json\/wp\/v2\/product"}],"about":[{"href":"https:\/\/librairie7l.com\/en\/wp-json\/wp\/v2\/types\/product"}],"wp:featuredmedia":[{"embeddable":true,"href":"https:\/\/librairie7l.com\/en\/wp-json\/wp\/v2\/media\/37140"}],"wp:attachment":[{"href":"https:\/\/librairie7l.com\/en\/wp-json\/wp\/v2\/media?parent=37142"}],"wp:term":[{"taxonomy":"product_cat","embeddable":true,"href":"https:\/\/librairie7l.com\/en\/wp-json\/wp\/v2\/product_cat?post=37142"},{"taxonomy":"product_tag","embeddable":true,"href":"https:\/\/librairie7l.com\/en\/wp-json\/wp\/v2\/product_tag?post=37142"}],"curies":[{"name":"wp","href":"https:\/\/api.w.org\/{rel}","templated":true}]}}