{"id":37150,"date":"2023-11-01T09:17:06","date_gmt":"2023-11-01T08:17:06","guid":{"rendered":"https:\/\/librairie7l.com\/?post_type=product&#038;p=37150"},"modified":"2026-04-09T05:13:37","modified_gmt":"2026-04-09T03:13:37","slug":"bonnard","status":"publish","type":"product","link":"https:\/\/librairie7l.com\/en\/produit\/bonnard\/","title":{"rendered":"BONNARD"},"content":{"rendered":"<p>Du 02\/10\/2023 au 01\/11\/2023, pour toute pr\u00e9commande de Bonnard, recevez en bonus un tirage exclusif de l&#8217;oeuvre Femme au chien, 1891. L&#8217;offre est limit\u00e9e aux 200 premi\u00e8res demandes via le formulaire suivant :  www.editions-hazan.fr\/precommande-bonnard\/ Japoniste obsessionnel, intimiste espi\u00e8gle, impressionniste tardif, nudiste voluptueux, greffier m\u00e9lancolique du quotidien et de la fuite du temps&#8230; Les tentatives visant \u00e0 r\u00e9sumer Pierre Bonnard (1867-1947) d&#8217;un mot ou d&#8217;une formule ont toutes \u00e9chou\u00e9. On croit aussi le grandir en faisant de Matisse et de Mark Rothko, peintres de l&#8217;ivresse solaire, ses h\u00e9ritiers directs.<br \/>\nIl y a du vrai dans toutes ces approches, l&#8217;erreur est de les opposer ou de r\u00e9duire cet artiste g\u00e9nial \u00e0 l&#8217;\u00e9vidente s\u00e9duction de ses tableaux. Bonnard fut bien plus que l&#8217;observateur malicieux ou sensuel des moeurs bourgeoises, cultivant un h\u00e9donisme confortable, apte \u00e0 fid\u00e9liser une client\u00e8le vite internationale.<\/p>\n<p>Sans ignorer le charme que lui reconnaissait Renoir, ce livre fait le pari d&#8217;un artiste autrement ambitieux et plus profond\u00e9ment ancr\u00e9 aux deux si\u00e8cles qui furent les siens. Voil\u00e0 un peintre, un photographe, et tr\u00e8s vite un d\u00e9corateur aux mille prouesses, qui s&#8217;\u00e9lance au temps des attentats anarchistes, devient un des piliers de la Revue blanche et un acteur de l&#8217;Affaire Dreyfus au c\u00f4t\u00e9 d&#8217;Alfred Jarry, avant de se lier \u00e0 Ambroise Vollard et \u00e0 la galerie Bernheim-Jeune, et traverser, en triomphe, les folles ann\u00e9es 1920, le Front populaire et l&#8217;Occupation.<\/p>\n<p>Suivre sa carri\u00e8re, c&#8217;est aussi communier avec le bocage normand et les pentes du Cannet, se pencher sur ses liens avec le monde politique, observer le flux des commandes, et le cours de ses tableaux. Sa vie elle-m\u00eame, au-del\u00e0 des femmes qu&#8217;il a tant aim\u00e9es et si bien gliss\u00e9es dans ses toiles, m\u00e9ritait un examen plus approfondi. L&#8217;homme et l&#8217;oeuvre, au terme d&#8217;une enqu\u00eate qui ne les s\u00e9pare jamais, justifient pleinement la th\u00e8se de l&#8217;ouvrage : n&#8217;en d\u00e9plaise \u00e0 Picasso, Bonnard, soucieux de la beaut\u00e9 du monde, fut l&#8217;un des grands inventeurs de l&#8217;art fran\u00e7ais.<\/p>\n","protected":false},"excerpt":{"rendered":"<p>Du 02\/10\/2023 au 01\/11\/2023, pour toute pr\u00e9commande de Bonnard, recevez en bonus un tirage exclusif de l&#8217;oeuvre Femme au chien, 1891. L&#8217;offre est limit\u00e9e aux 200 premi\u00e8res demandes via le formulaire suivant : www.editions-hazan.fr\/precommande-bonnard\/ Japoniste obsessionnel, intimiste espi\u00e8gle, impressionniste tardif, nudiste voluptueux, greffier m\u00e9lancolique du quotidien et de la fuite du temps&#8230; Les tentatives visant [&hellip;]<\/p>\n","protected":false},"featured_media":37148,"template":"","meta":[],"product_cat":[2948,2953],"product_tag":[],"acf":[],"yoast_head":"<!-- This site is optimized with the Yoast SEO plugin v20.11 - https:\/\/yoast.com\/wordpress\/plugins\/seo\/ -->\n<title>Bonnard - Librairie 7L<\/title>\n<meta name=\"robots\" content=\"index, follow, max-snippet:-1, max-image-preview:large, max-video-preview:-1\" \/>\n<link rel=\"canonical\" href=\"https:\/\/librairie7l.com\/en\/produit\/bonnard\/\" \/>\n<meta property=\"og:locale\" content=\"en_US\" \/>\n<meta property=\"og:type\" content=\"article\" \/>\n<meta property=\"og:title\" content=\"Bonnard - Librairie 7L\" \/>\n<meta property=\"og:description\" content=\"Du 02\/10\/2023 au 01\/11\/2023, pour toute pr\u00e9commande de Bonnard, recevez en bonus un tirage exclusif de l&#8217;oeuvre Femme au chien, 1891. L&#8217;offre est limit\u00e9e aux 200 premi\u00e8res demandes via le formulaire suivant : www.editions-hazan.fr\/precommande-bonnard\/ Japoniste obsessionnel, intimiste espi\u00e8gle, impressionniste tardif, nudiste voluptueux, greffier m\u00e9lancolique du quotidien et de la fuite du temps&#8230; Les tentatives visant [&hellip;]\" \/>\n<meta property=\"og:url\" content=\"https:\/\/librairie7l.com\/en\/produit\/bonnard\/\" \/>\n<meta property=\"og:site_name\" content=\"Librairie 7L\" \/>\n<meta property=\"article:modified_time\" content=\"2026-04-09T03:13:37+00:00\" \/>\n<meta property=\"og:image\" content=\"https:\/\/librairie7l.com\/wp-content\/uploads\/2023\/06\/9782754113472_1_75.jpg\" \/>\n\t<meta property=\"og:image:width\" content=\"600\" \/>\n\t<meta property=\"og:image:height\" content=\"682\" \/>\n\t<meta property=\"og:image:type\" content=\"image\/jpeg\" \/>\n<meta name=\"twitter:card\" content=\"summary_large_image\" \/>\n<meta name=\"twitter:label1\" content=\"Est. reading time\" \/>\n\t<meta name=\"twitter:data1\" content=\"2 minutes\" \/>\n<script type=\"application\/ld+json\" class=\"yoast-schema-graph\">{\"@context\":\"https:\/\/schema.org\",\"@graph\":[{\"@type\":\"WebPage\",\"@id\":\"https:\/\/librairie7l.com\/en\/produit\/bonnard\/\",\"url\":\"https:\/\/librairie7l.com\/en\/produit\/bonnard\/\",\"name\":\"Bonnard - Librairie 7L\",\"isPartOf\":{\"@id\":\"https:\/\/librairie7l.com\/en\/#website\"},\"datePublished\":\"2023-11-01T08:17:06+00:00\",\"dateModified\":\"2026-04-09T03:13:37+00:00\",\"breadcrumb\":{\"@id\":\"https:\/\/librairie7l.com\/en\/produit\/bonnard\/#breadcrumb\"},\"inLanguage\":\"en-US\",\"potentialAction\":[{\"@type\":\"ReadAction\",\"target\":[\"https:\/\/librairie7l.com\/en\/produit\/bonnard\/\"]}]},{\"@type\":\"BreadcrumbList\",\"@id\":\"https:\/\/librairie7l.com\/en\/produit\/bonnard\/#breadcrumb\",\"itemListElement\":[{\"@type\":\"ListItem\",\"position\":1,\"name\":\"Accueil\",\"item\":\"https:\/\/librairie7l.com\/en\/\"},{\"@type\":\"ListItem\",\"position\":2,\"name\":\"Shop\",\"item\":\"https:\/\/librairie7l.com\/en\/shop\/\"},{\"@type\":\"ListItem\",\"position\":3,\"name\":\"BONNARD\"}]},{\"@type\":\"WebSite\",\"@id\":\"https:\/\/librairie7l.com\/en\/#website\",\"url\":\"https:\/\/librairie7l.com\/en\/\",\"name\":\"Librairie 7L\",\"description\":\"Librairie fond\u00e9e en 1999 par Karl Lagerfeld \u00e0 Paris\",\"publisher\":{\"@id\":\"https:\/\/librairie7l.com\/en\/#organization\"},\"potentialAction\":[{\"@type\":\"SearchAction\",\"target\":{\"@type\":\"EntryPoint\",\"urlTemplate\":\"https:\/\/librairie7l.com\/en\/?s={search_term_string}\"},\"query-input\":\"required name=search_term_string\"}],\"inLanguage\":\"en-US\"},{\"@type\":\"Organization\",\"@id\":\"https:\/\/librairie7l.com\/en\/#organization\",\"name\":\"Librairie 7L\",\"url\":\"https:\/\/librairie7l.com\/en\/\",\"logo\":{\"@type\":\"ImageObject\",\"inLanguage\":\"en-US\",\"@id\":\"https:\/\/librairie7l.com\/en\/#\/schema\/logo\/image\/\",\"url\":\"https:\/\/librairie7l.com\/wp-content\/uploads\/2022\/08\/logo-1.png\",\"contentUrl\":\"https:\/\/librairie7l.com\/wp-content\/uploads\/2022\/08\/logo-1.png\",\"width\":227,\"height\":301,\"caption\":\"Librairie 7L\"},\"image\":{\"@id\":\"https:\/\/librairie7l.com\/en\/#\/schema\/logo\/image\/\"}}]}<\/script>\n<!-- \/ Yoast SEO plugin. -->","yoast_head_json":{"title":"Bonnard - Librairie 7L","robots":{"index":"index","follow":"follow","max-snippet":"max-snippet:-1","max-image-preview":"max-image-preview:large","max-video-preview":"max-video-preview:-1"},"canonical":"https:\/\/librairie7l.com\/en\/produit\/bonnard\/","og_locale":"en_US","og_type":"article","og_title":"Bonnard - Librairie 7L","og_description":"Du 02\/10\/2023 au 01\/11\/2023, pour toute pr\u00e9commande de Bonnard, recevez en bonus un tirage exclusif de l&#8217;oeuvre Femme au chien, 1891. L&#8217;offre est limit\u00e9e aux 200 premi\u00e8res demandes via le formulaire suivant : www.editions-hazan.fr\/precommande-bonnard\/ Japoniste obsessionnel, intimiste espi\u00e8gle, impressionniste tardif, nudiste voluptueux, greffier m\u00e9lancolique du quotidien et de la fuite du temps&#8230; Les tentatives visant [&hellip;]","og_url":"https:\/\/librairie7l.com\/en\/produit\/bonnard\/","og_site_name":"Librairie 7L","article_modified_time":"2026-04-09T03:13:37+00:00","og_image":[{"width":600,"height":682,"url":"https:\/\/librairie7l.com\/wp-content\/uploads\/2023\/06\/9782754113472_1_75.jpg","type":"image\/jpeg"}],"twitter_card":"summary_large_image","twitter_misc":{"Est. reading time":"2 minutes"},"schema":{"@context":"https:\/\/schema.org","@graph":[{"@type":"WebPage","@id":"https:\/\/librairie7l.com\/en\/produit\/bonnard\/","url":"https:\/\/librairie7l.com\/en\/produit\/bonnard\/","name":"Bonnard - Librairie 7L","isPartOf":{"@id":"https:\/\/librairie7l.com\/en\/#website"},"datePublished":"2023-11-01T08:17:06+00:00","dateModified":"2026-04-09T03:13:37+00:00","breadcrumb":{"@id":"https:\/\/librairie7l.com\/en\/produit\/bonnard\/#breadcrumb"},"inLanguage":"en-US","potentialAction":[{"@type":"ReadAction","target":["https:\/\/librairie7l.com\/en\/produit\/bonnard\/"]}]},{"@type":"BreadcrumbList","@id":"https:\/\/librairie7l.com\/en\/produit\/bonnard\/#breadcrumb","itemListElement":[{"@type":"ListItem","position":1,"name":"Accueil","item":"https:\/\/librairie7l.com\/en\/"},{"@type":"ListItem","position":2,"name":"Shop","item":"https:\/\/librairie7l.com\/en\/shop\/"},{"@type":"ListItem","position":3,"name":"BONNARD"}]},{"@type":"WebSite","@id":"https:\/\/librairie7l.com\/en\/#website","url":"https:\/\/librairie7l.com\/en\/","name":"Librairie 7L","description":"Librairie fond\u00e9e en 1999 par Karl Lagerfeld \u00e0 Paris","publisher":{"@id":"https:\/\/librairie7l.com\/en\/#organization"},"potentialAction":[{"@type":"SearchAction","target":{"@type":"EntryPoint","urlTemplate":"https:\/\/librairie7l.com\/en\/?s={search_term_string}"},"query-input":"required name=search_term_string"}],"inLanguage":"en-US"},{"@type":"Organization","@id":"https:\/\/librairie7l.com\/en\/#organization","name":"Librairie 7L","url":"https:\/\/librairie7l.com\/en\/","logo":{"@type":"ImageObject","inLanguage":"en-US","@id":"https:\/\/librairie7l.com\/en\/#\/schema\/logo\/image\/","url":"https:\/\/librairie7l.com\/wp-content\/uploads\/2022\/08\/logo-1.png","contentUrl":"https:\/\/librairie7l.com\/wp-content\/uploads\/2022\/08\/logo-1.png","width":227,"height":301,"caption":"Librairie 7L"},"image":{"@id":"https:\/\/librairie7l.com\/en\/#\/schema\/logo\/image\/"}}]}},"_links":{"self":[{"href":"https:\/\/librairie7l.com\/en\/wp-json\/wp\/v2\/product\/37150"}],"collection":[{"href":"https:\/\/librairie7l.com\/en\/wp-json\/wp\/v2\/product"}],"about":[{"href":"https:\/\/librairie7l.com\/en\/wp-json\/wp\/v2\/types\/product"}],"wp:featuredmedia":[{"embeddable":true,"href":"https:\/\/librairie7l.com\/en\/wp-json\/wp\/v2\/media\/37148"}],"wp:attachment":[{"href":"https:\/\/librairie7l.com\/en\/wp-json\/wp\/v2\/media?parent=37150"}],"wp:term":[{"taxonomy":"product_cat","embeddable":true,"href":"https:\/\/librairie7l.com\/en\/wp-json\/wp\/v2\/product_cat?post=37150"},{"taxonomy":"product_tag","embeddable":true,"href":"https:\/\/librairie7l.com\/en\/wp-json\/wp\/v2\/product_tag?post=37150"}],"curies":[{"name":"wp","href":"https:\/\/api.w.org\/{rel}","templated":true}]}}