{"id":37285,"date":"2023-11-08T09:16:14","date_gmt":"2023-11-08T08:16:14","guid":{"rendered":"https:\/\/librairie7l.com\/?post_type=product&#038;p=37285"},"modified":"2026-04-17T03:04:20","modified_gmt":"2026-04-17T01:04:20","slug":"saul-leiter-retrospective-1923-2013","status":"publish","type":"product","link":"https:\/\/librairie7l.com\/en\/produit\/saul-leiter-retrospective-1923-2013\/","title":{"rendered":"SAUL LEITER, RETROSPECTIVE 1923-2013"},"content":{"rendered":"<p>Apr\u00e8s la grande exposition qui lui est consacr\u00e9 \u00e0 Arles l&#8217;\u00e9t\u00e9 2023, cette r\u00e9trospective c\u00e9l\u00e8bre le centenaire de la naissance de Saul Leiter. Elle rassemble toutes les facettes de son oeuvre d&#8217;une \u00e9tendue consid\u00e9rable. Durant une vie enti\u00e8re consacr\u00e9e \u00e0 la cr\u00e9ation artistique, le photographe et peintre Saul Leiter a produit un corpus de plus de 20 000 tirages photographiques, 4 000 tableaux et quelque 40 000 diapositives. De la street photography \u00e0 ses images pour la mode en passant par ses nus f\u00e9minins et ses peintures, ce livre nourri de ses archives personnelles r\u00e9v\u00e8le une oeuvre immense et inclassable. Enrichi de cinq essais \u00e9clairant tant la biographie que l&#8217;oeuvre de l&#8217;artiste et puisant dans ses archives personnelles, ce livre r\u00e9v\u00e8le la sensibilit\u00e9 unique de Saul Leiter.<\/p>\n","protected":false},"excerpt":{"rendered":"<p>Apr\u00e8s la grande exposition qui lui est consacr\u00e9 \u00e0 Arles l&#8217;\u00e9t\u00e9 2023, cette r\u00e9trospective c\u00e9l\u00e8bre le centenaire de la naissance de Saul Leiter. Elle rassemble toutes les facettes de son oeuvre d&#8217;une \u00e9tendue consid\u00e9rable. Durant une vie enti\u00e8re consacr\u00e9e \u00e0 la cr\u00e9ation artistique, le photographe et peintre Saul Leiter a produit un corpus de plus [&hellip;]<\/p>\n","protected":false},"featured_media":37283,"template":"","meta":[],"product_cat":[2948,2958],"product_tag":[],"acf":[],"yoast_head":"<!-- This site is optimized with the Yoast SEO plugin v20.11 - https:\/\/yoast.com\/wordpress\/plugins\/seo\/ -->\n<title>Saul Leiter, retrospective 1923-2013 - Librairie 7L<\/title>\n<meta name=\"robots\" content=\"index, follow, max-snippet:-1, max-image-preview:large, max-video-preview:-1\" \/>\n<link rel=\"canonical\" href=\"https:\/\/librairie7l.com\/en\/produit\/saul-leiter-retrospective-1923-2013\/\" \/>\n<meta property=\"og:locale\" content=\"en_US\" \/>\n<meta property=\"og:type\" content=\"article\" \/>\n<meta property=\"og:title\" content=\"Saul Leiter, retrospective 1923-2013 - Librairie 7L\" \/>\n<meta property=\"og:description\" content=\"Apr\u00e8s la grande exposition qui lui est consacr\u00e9 \u00e0 Arles l&#8217;\u00e9t\u00e9 2023, cette r\u00e9trospective c\u00e9l\u00e8bre le centenaire de la naissance de Saul Leiter. Elle rassemble toutes les facettes de son oeuvre d&#8217;une \u00e9tendue consid\u00e9rable. Durant une vie enti\u00e8re consacr\u00e9e \u00e0 la cr\u00e9ation artistique, le photographe et peintre Saul Leiter a produit un corpus de plus [&hellip;]\" \/>\n<meta property=\"og:url\" content=\"https:\/\/librairie7l.com\/en\/produit\/saul-leiter-retrospective-1923-2013\/\" \/>\n<meta property=\"og:site_name\" content=\"Librairie 7L\" \/>\n<meta property=\"article:modified_time\" content=\"2026-04-17T01:04:20+00:00\" \/>\n<meta property=\"og:image\" content=\"https:\/\/librairie7l.com\/wp-content\/uploads\/2023\/06\/9782845979628_1_75.jpg\" \/>\n\t<meta property=\"og:image:width\" content=\"600\" \/>\n\t<meta property=\"og:image:height\" content=\"713\" \/>\n\t<meta property=\"og:image:type\" content=\"image\/jpeg\" \/>\n<meta name=\"twitter:card\" content=\"summary_large_image\" \/>\n<meta name=\"twitter:label1\" content=\"Est. reading time\" \/>\n\t<meta name=\"twitter:data1\" content=\"1 minute\" \/>\n<script type=\"application\/ld+json\" class=\"yoast-schema-graph\">{\"@context\":\"https:\/\/schema.org\",\"@graph\":[{\"@type\":\"WebPage\",\"@id\":\"https:\/\/librairie7l.com\/en\/produit\/saul-leiter-retrospective-1923-2013\/\",\"url\":\"https:\/\/librairie7l.com\/en\/produit\/saul-leiter-retrospective-1923-2013\/\",\"name\":\"Saul Leiter, retrospective 1923-2013 - Librairie 7L\",\"isPartOf\":{\"@id\":\"https:\/\/librairie7l.com\/en\/#website\"},\"datePublished\":\"2023-11-08T08:16:14+00:00\",\"dateModified\":\"2026-04-17T01:04:20+00:00\",\"breadcrumb\":{\"@id\":\"https:\/\/librairie7l.com\/en\/produit\/saul-leiter-retrospective-1923-2013\/#breadcrumb\"},\"inLanguage\":\"en-US\",\"potentialAction\":[{\"@type\":\"ReadAction\",\"target\":[\"https:\/\/librairie7l.com\/en\/produit\/saul-leiter-retrospective-1923-2013\/\"]}]},{\"@type\":\"BreadcrumbList\",\"@id\":\"https:\/\/librairie7l.com\/en\/produit\/saul-leiter-retrospective-1923-2013\/#breadcrumb\",\"itemListElement\":[{\"@type\":\"ListItem\",\"position\":1,\"name\":\"Accueil\",\"item\":\"https:\/\/librairie7l.com\/en\/\"},{\"@type\":\"ListItem\",\"position\":2,\"name\":\"Shop\",\"item\":\"https:\/\/librairie7l.com\/en\/shop\/\"},{\"@type\":\"ListItem\",\"position\":3,\"name\":\"SAUL LEITER, RETROSPECTIVE 1923-2013\"}]},{\"@type\":\"WebSite\",\"@id\":\"https:\/\/librairie7l.com\/en\/#website\",\"url\":\"https:\/\/librairie7l.com\/en\/\",\"name\":\"Librairie 7L\",\"description\":\"Librairie fond\u00e9e en 1999 par Karl Lagerfeld \u00e0 Paris\",\"publisher\":{\"@id\":\"https:\/\/librairie7l.com\/en\/#organization\"},\"potentialAction\":[{\"@type\":\"SearchAction\",\"target\":{\"@type\":\"EntryPoint\",\"urlTemplate\":\"https:\/\/librairie7l.com\/en\/?s={search_term_string}\"},\"query-input\":\"required name=search_term_string\"}],\"inLanguage\":\"en-US\"},{\"@type\":\"Organization\",\"@id\":\"https:\/\/librairie7l.com\/en\/#organization\",\"name\":\"Librairie 7L\",\"url\":\"https:\/\/librairie7l.com\/en\/\",\"logo\":{\"@type\":\"ImageObject\",\"inLanguage\":\"en-US\",\"@id\":\"https:\/\/librairie7l.com\/en\/#\/schema\/logo\/image\/\",\"url\":\"https:\/\/librairie7l.com\/wp-content\/uploads\/2022\/08\/logo-1.png\",\"contentUrl\":\"https:\/\/librairie7l.com\/wp-content\/uploads\/2022\/08\/logo-1.png\",\"width\":227,\"height\":301,\"caption\":\"Librairie 7L\"},\"image\":{\"@id\":\"https:\/\/librairie7l.com\/en\/#\/schema\/logo\/image\/\"}}]}<\/script>\n<!-- \/ Yoast SEO plugin. -->","yoast_head_json":{"title":"Saul Leiter, retrospective 1923-2013 - Librairie 7L","robots":{"index":"index","follow":"follow","max-snippet":"max-snippet:-1","max-image-preview":"max-image-preview:large","max-video-preview":"max-video-preview:-1"},"canonical":"https:\/\/librairie7l.com\/en\/produit\/saul-leiter-retrospective-1923-2013\/","og_locale":"en_US","og_type":"article","og_title":"Saul Leiter, retrospective 1923-2013 - Librairie 7L","og_description":"Apr\u00e8s la grande exposition qui lui est consacr\u00e9 \u00e0 Arles l&#8217;\u00e9t\u00e9 2023, cette r\u00e9trospective c\u00e9l\u00e8bre le centenaire de la naissance de Saul Leiter. Elle rassemble toutes les facettes de son oeuvre d&#8217;une \u00e9tendue consid\u00e9rable. Durant une vie enti\u00e8re consacr\u00e9e \u00e0 la cr\u00e9ation artistique, le photographe et peintre Saul Leiter a produit un corpus de plus [&hellip;]","og_url":"https:\/\/librairie7l.com\/en\/produit\/saul-leiter-retrospective-1923-2013\/","og_site_name":"Librairie 7L","article_modified_time":"2026-04-17T01:04:20+00:00","og_image":[{"width":600,"height":713,"url":"https:\/\/librairie7l.com\/wp-content\/uploads\/2023\/06\/9782845979628_1_75.jpg","type":"image\/jpeg"}],"twitter_card":"summary_large_image","twitter_misc":{"Est. reading time":"1 minute"},"schema":{"@context":"https:\/\/schema.org","@graph":[{"@type":"WebPage","@id":"https:\/\/librairie7l.com\/en\/produit\/saul-leiter-retrospective-1923-2013\/","url":"https:\/\/librairie7l.com\/en\/produit\/saul-leiter-retrospective-1923-2013\/","name":"Saul Leiter, retrospective 1923-2013 - Librairie 7L","isPartOf":{"@id":"https:\/\/librairie7l.com\/en\/#website"},"datePublished":"2023-11-08T08:16:14+00:00","dateModified":"2026-04-17T01:04:20+00:00","breadcrumb":{"@id":"https:\/\/librairie7l.com\/en\/produit\/saul-leiter-retrospective-1923-2013\/#breadcrumb"},"inLanguage":"en-US","potentialAction":[{"@type":"ReadAction","target":["https:\/\/librairie7l.com\/en\/produit\/saul-leiter-retrospective-1923-2013\/"]}]},{"@type":"BreadcrumbList","@id":"https:\/\/librairie7l.com\/en\/produit\/saul-leiter-retrospective-1923-2013\/#breadcrumb","itemListElement":[{"@type":"ListItem","position":1,"name":"Accueil","item":"https:\/\/librairie7l.com\/en\/"},{"@type":"ListItem","position":2,"name":"Shop","item":"https:\/\/librairie7l.com\/en\/shop\/"},{"@type":"ListItem","position":3,"name":"SAUL LEITER, RETROSPECTIVE 1923-2013"}]},{"@type":"WebSite","@id":"https:\/\/librairie7l.com\/en\/#website","url":"https:\/\/librairie7l.com\/en\/","name":"Librairie 7L","description":"Librairie fond\u00e9e en 1999 par Karl Lagerfeld \u00e0 Paris","publisher":{"@id":"https:\/\/librairie7l.com\/en\/#organization"},"potentialAction":[{"@type":"SearchAction","target":{"@type":"EntryPoint","urlTemplate":"https:\/\/librairie7l.com\/en\/?s={search_term_string}"},"query-input":"required name=search_term_string"}],"inLanguage":"en-US"},{"@type":"Organization","@id":"https:\/\/librairie7l.com\/en\/#organization","name":"Librairie 7L","url":"https:\/\/librairie7l.com\/en\/","logo":{"@type":"ImageObject","inLanguage":"en-US","@id":"https:\/\/librairie7l.com\/en\/#\/schema\/logo\/image\/","url":"https:\/\/librairie7l.com\/wp-content\/uploads\/2022\/08\/logo-1.png","contentUrl":"https:\/\/librairie7l.com\/wp-content\/uploads\/2022\/08\/logo-1.png","width":227,"height":301,"caption":"Librairie 7L"},"image":{"@id":"https:\/\/librairie7l.com\/en\/#\/schema\/logo\/image\/"}}]}},"_links":{"self":[{"href":"https:\/\/librairie7l.com\/en\/wp-json\/wp\/v2\/product\/37285"}],"collection":[{"href":"https:\/\/librairie7l.com\/en\/wp-json\/wp\/v2\/product"}],"about":[{"href":"https:\/\/librairie7l.com\/en\/wp-json\/wp\/v2\/types\/product"}],"wp:featuredmedia":[{"embeddable":true,"href":"https:\/\/librairie7l.com\/en\/wp-json\/wp\/v2\/media\/37283"}],"wp:attachment":[{"href":"https:\/\/librairie7l.com\/en\/wp-json\/wp\/v2\/media?parent=37285"}],"wp:term":[{"taxonomy":"product_cat","embeddable":true,"href":"https:\/\/librairie7l.com\/en\/wp-json\/wp\/v2\/product_cat?post=37285"},{"taxonomy":"product_tag","embeddable":true,"href":"https:\/\/librairie7l.com\/en\/wp-json\/wp\/v2\/product_tag?post=37285"}],"curies":[{"name":"wp","href":"https:\/\/api.w.org\/{rel}","templated":true}]}}