{"id":37293,"date":"2023-11-08T09:16:22","date_gmt":"2023-11-08T08:16:22","guid":{"rendered":"https:\/\/librairie7l.com\/?post_type=product&#038;p=37293"},"modified":"2026-04-22T09:17:07","modified_gmt":"2026-04-22T07:17:07","slug":"elles-elles-x-paris-photo","status":"publish","type":"product","link":"https:\/\/librairie7l.com\/en\/produit\/elles-elles-x-paris-photo\/","title":{"rendered":"ELLES : ELLES X PARIS PHOTO"},"content":{"rendered":"<p>Si vous n&#8217;\u00eates pas en mesure de citer sans r\u00e9fl\u00e9chir dix noms de femmes photographes alors ce livre vous sera utile ! Publi\u00e9 \u00e0 l&#8217;occasion des 5 ans du parcours &#8220;Elle x Paris Photo&#8221; qui promeut la visibilit\u00e9 des femmes photographes, on y d\u00e9couvre les voix et les images de 130 artistes contemporaines. \u00c0 c\u00f4t\u00e9 de leurs images, toutes \u00e9voquent le moteur de leur cr\u00e9ation, leurs choix, leurs obsessions, des prises de parole fortes de femmes engag\u00e9es dans leur art. L&#8217;ensemble est stimulant, parfois d\u00e9rangeant, enthousiasmant !<\/p>\n","protected":false},"excerpt":{"rendered":"<p>Si vous n&#8217;\u00eates pas en mesure de citer sans r\u00e9fl\u00e9chir dix noms de femmes photographes alors ce livre vous sera utile ! Publi\u00e9 \u00e0 l&#8217;occasion des 5 ans du parcours &#8220;Elle x Paris Photo&#8221; qui promeut la visibilit\u00e9 des femmes photographes, on y d\u00e9couvre les voix et les images de 130 artistes contemporaines. \u00c0 c\u00f4t\u00e9 [&hellip;]<\/p>\n","protected":false},"featured_media":37291,"template":"","meta":[],"product_cat":[2948,2958],"product_tag":[],"acf":[],"yoast_head":"<!-- This site is optimized with the Yoast SEO plugin v20.11 - https:\/\/yoast.com\/wordpress\/plugins\/seo\/ -->\n<title>Elles : elles x Paris photo - Librairie 7L<\/title>\n<meta name=\"robots\" content=\"index, follow, max-snippet:-1, max-image-preview:large, max-video-preview:-1\" \/>\n<link rel=\"canonical\" href=\"https:\/\/librairie7l.com\/en\/produit\/elles-elles-x-paris-photo\/\" \/>\n<meta property=\"og:locale\" content=\"en_US\" \/>\n<meta property=\"og:type\" content=\"article\" \/>\n<meta property=\"og:title\" content=\"Elles : elles x Paris photo - Librairie 7L\" \/>\n<meta property=\"og:description\" content=\"Si vous n&#8217;\u00eates pas en mesure de citer sans r\u00e9fl\u00e9chir dix noms de femmes photographes alors ce livre vous sera utile ! Publi\u00e9 \u00e0 l&#8217;occasion des 5 ans du parcours &#8220;Elle x Paris Photo&#8221; qui promeut la visibilit\u00e9 des femmes photographes, on y d\u00e9couvre les voix et les images de 130 artistes contemporaines. \u00c0 c\u00f4t\u00e9 [&hellip;]\" \/>\n<meta property=\"og:url\" content=\"https:\/\/librairie7l.com\/en\/produit\/elles-elles-x-paris-photo\/\" \/>\n<meta property=\"og:site_name\" content=\"Librairie 7L\" \/>\n<meta property=\"article:modified_time\" content=\"2026-04-22T07:17:07+00:00\" \/>\n<meta property=\"og:image\" content=\"https:\/\/librairie7l.com\/wp-content\/uploads\/2023\/06\/9782845979796_1_75.jpg\" \/>\n\t<meta property=\"og:image:width\" content=\"600\" \/>\n\t<meta property=\"og:image:height\" content=\"802\" \/>\n\t<meta property=\"og:image:type\" content=\"image\/jpeg\" \/>\n<meta name=\"twitter:card\" content=\"summary_large_image\" \/>\n<script type=\"application\/ld+json\" class=\"yoast-schema-graph\">{\"@context\":\"https:\/\/schema.org\",\"@graph\":[{\"@type\":\"WebPage\",\"@id\":\"https:\/\/librairie7l.com\/en\/produit\/elles-elles-x-paris-photo\/\",\"url\":\"https:\/\/librairie7l.com\/en\/produit\/elles-elles-x-paris-photo\/\",\"name\":\"Elles : elles x Paris photo - Librairie 7L\",\"isPartOf\":{\"@id\":\"https:\/\/librairie7l.com\/en\/#website\"},\"datePublished\":\"2023-11-08T08:16:22+00:00\",\"dateModified\":\"2026-04-22T07:17:07+00:00\",\"breadcrumb\":{\"@id\":\"https:\/\/librairie7l.com\/en\/produit\/elles-elles-x-paris-photo\/#breadcrumb\"},\"inLanguage\":\"en-US\",\"potentialAction\":[{\"@type\":\"ReadAction\",\"target\":[\"https:\/\/librairie7l.com\/en\/produit\/elles-elles-x-paris-photo\/\"]}]},{\"@type\":\"BreadcrumbList\",\"@id\":\"https:\/\/librairie7l.com\/en\/produit\/elles-elles-x-paris-photo\/#breadcrumb\",\"itemListElement\":[{\"@type\":\"ListItem\",\"position\":1,\"name\":\"Accueil\",\"item\":\"https:\/\/librairie7l.com\/en\/\"},{\"@type\":\"ListItem\",\"position\":2,\"name\":\"Shop\",\"item\":\"https:\/\/librairie7l.com\/en\/shop\/\"},{\"@type\":\"ListItem\",\"position\":3,\"name\":\"ELLES : ELLES X PARIS PHOTO\"}]},{\"@type\":\"WebSite\",\"@id\":\"https:\/\/librairie7l.com\/en\/#website\",\"url\":\"https:\/\/librairie7l.com\/en\/\",\"name\":\"Librairie 7L\",\"description\":\"Librairie fond\u00e9e en 1999 par Karl Lagerfeld \u00e0 Paris\",\"publisher\":{\"@id\":\"https:\/\/librairie7l.com\/en\/#organization\"},\"potentialAction\":[{\"@type\":\"SearchAction\",\"target\":{\"@type\":\"EntryPoint\",\"urlTemplate\":\"https:\/\/librairie7l.com\/en\/?s={search_term_string}\"},\"query-input\":\"required name=search_term_string\"}],\"inLanguage\":\"en-US\"},{\"@type\":\"Organization\",\"@id\":\"https:\/\/librairie7l.com\/en\/#organization\",\"name\":\"Librairie 7L\",\"url\":\"https:\/\/librairie7l.com\/en\/\",\"logo\":{\"@type\":\"ImageObject\",\"inLanguage\":\"en-US\",\"@id\":\"https:\/\/librairie7l.com\/en\/#\/schema\/logo\/image\/\",\"url\":\"https:\/\/librairie7l.com\/wp-content\/uploads\/2022\/08\/logo-1.png\",\"contentUrl\":\"https:\/\/librairie7l.com\/wp-content\/uploads\/2022\/08\/logo-1.png\",\"width\":227,\"height\":301,\"caption\":\"Librairie 7L\"},\"image\":{\"@id\":\"https:\/\/librairie7l.com\/en\/#\/schema\/logo\/image\/\"}}]}<\/script>\n<!-- \/ Yoast SEO plugin. -->","yoast_head_json":{"title":"Elles : elles x Paris photo - Librairie 7L","robots":{"index":"index","follow":"follow","max-snippet":"max-snippet:-1","max-image-preview":"max-image-preview:large","max-video-preview":"max-video-preview:-1"},"canonical":"https:\/\/librairie7l.com\/en\/produit\/elles-elles-x-paris-photo\/","og_locale":"en_US","og_type":"article","og_title":"Elles : elles x Paris photo - Librairie 7L","og_description":"Si vous n&#8217;\u00eates pas en mesure de citer sans r\u00e9fl\u00e9chir dix noms de femmes photographes alors ce livre vous sera utile ! Publi\u00e9 \u00e0 l&#8217;occasion des 5 ans du parcours &#8220;Elle x Paris Photo&#8221; qui promeut la visibilit\u00e9 des femmes photographes, on y d\u00e9couvre les voix et les images de 130 artistes contemporaines. \u00c0 c\u00f4t\u00e9 [&hellip;]","og_url":"https:\/\/librairie7l.com\/en\/produit\/elles-elles-x-paris-photo\/","og_site_name":"Librairie 7L","article_modified_time":"2026-04-22T07:17:07+00:00","og_image":[{"width":600,"height":802,"url":"https:\/\/librairie7l.com\/wp-content\/uploads\/2023\/06\/9782845979796_1_75.jpg","type":"image\/jpeg"}],"twitter_card":"summary_large_image","schema":{"@context":"https:\/\/schema.org","@graph":[{"@type":"WebPage","@id":"https:\/\/librairie7l.com\/en\/produit\/elles-elles-x-paris-photo\/","url":"https:\/\/librairie7l.com\/en\/produit\/elles-elles-x-paris-photo\/","name":"Elles : elles x Paris photo - Librairie 7L","isPartOf":{"@id":"https:\/\/librairie7l.com\/en\/#website"},"datePublished":"2023-11-08T08:16:22+00:00","dateModified":"2026-04-22T07:17:07+00:00","breadcrumb":{"@id":"https:\/\/librairie7l.com\/en\/produit\/elles-elles-x-paris-photo\/#breadcrumb"},"inLanguage":"en-US","potentialAction":[{"@type":"ReadAction","target":["https:\/\/librairie7l.com\/en\/produit\/elles-elles-x-paris-photo\/"]}]},{"@type":"BreadcrumbList","@id":"https:\/\/librairie7l.com\/en\/produit\/elles-elles-x-paris-photo\/#breadcrumb","itemListElement":[{"@type":"ListItem","position":1,"name":"Accueil","item":"https:\/\/librairie7l.com\/en\/"},{"@type":"ListItem","position":2,"name":"Shop","item":"https:\/\/librairie7l.com\/en\/shop\/"},{"@type":"ListItem","position":3,"name":"ELLES : ELLES X PARIS PHOTO"}]},{"@type":"WebSite","@id":"https:\/\/librairie7l.com\/en\/#website","url":"https:\/\/librairie7l.com\/en\/","name":"Librairie 7L","description":"Librairie fond\u00e9e en 1999 par Karl Lagerfeld \u00e0 Paris","publisher":{"@id":"https:\/\/librairie7l.com\/en\/#organization"},"potentialAction":[{"@type":"SearchAction","target":{"@type":"EntryPoint","urlTemplate":"https:\/\/librairie7l.com\/en\/?s={search_term_string}"},"query-input":"required name=search_term_string"}],"inLanguage":"en-US"},{"@type":"Organization","@id":"https:\/\/librairie7l.com\/en\/#organization","name":"Librairie 7L","url":"https:\/\/librairie7l.com\/en\/","logo":{"@type":"ImageObject","inLanguage":"en-US","@id":"https:\/\/librairie7l.com\/en\/#\/schema\/logo\/image\/","url":"https:\/\/librairie7l.com\/wp-content\/uploads\/2022\/08\/logo-1.png","contentUrl":"https:\/\/librairie7l.com\/wp-content\/uploads\/2022\/08\/logo-1.png","width":227,"height":301,"caption":"Librairie 7L"},"image":{"@id":"https:\/\/librairie7l.com\/en\/#\/schema\/logo\/image\/"}}]}},"_links":{"self":[{"href":"https:\/\/librairie7l.com\/en\/wp-json\/wp\/v2\/product\/37293"}],"collection":[{"href":"https:\/\/librairie7l.com\/en\/wp-json\/wp\/v2\/product"}],"about":[{"href":"https:\/\/librairie7l.com\/en\/wp-json\/wp\/v2\/types\/product"}],"wp:featuredmedia":[{"embeddable":true,"href":"https:\/\/librairie7l.com\/en\/wp-json\/wp\/v2\/media\/37291"}],"wp:attachment":[{"href":"https:\/\/librairie7l.com\/en\/wp-json\/wp\/v2\/media?parent=37293"}],"wp:term":[{"taxonomy":"product_cat","embeddable":true,"href":"https:\/\/librairie7l.com\/en\/wp-json\/wp\/v2\/product_cat?post=37293"},{"taxonomy":"product_tag","embeddable":true,"href":"https:\/\/librairie7l.com\/en\/wp-json\/wp\/v2\/product_tag?post=37293"}],"curies":[{"name":"wp","href":"https:\/\/api.w.org\/{rel}","templated":true}]}}