{"id":37305,"date":"2023-11-08T09:16:46","date_gmt":"2023-11-08T08:16:46","guid":{"rendered":"https:\/\/librairie7l.com\/?post_type=product&#038;p=37305"},"modified":"2026-04-30T05:44:01","modified_gmt":"2026-04-30T03:44:01","slug":"elmgreen-dragset-bonne-chance","status":"publish","type":"product","link":"https:\/\/librairie7l.com\/en\/produit\/elmgreen-dragset-bonne-chance\/","title":{"rendered":"ELMGREEN &AMP; DRAGSET, BONNE CHANCE"},"content":{"rendered":"<p>Premi\u00e8re exposition personnelle des artistes Elmgreen &amp; Dragset dans une institution  fran\u00e7aise, \u00abBonne Chance\u00bb se d\u00e9voile progressivement dans plusieurs espaces du Centre  Pompidou-Metz : la Grande Nef, le Forum, les terrasses des galeries et le jardin. Elle se d\u00e9ploie  comme un sc\u00e9nario aux allures de r\u00eaves, r\u00e9v\u00e9lant installations, sculptures et performances  m\u00eal\u00e9es \u00e0 un d\u00e9cor grandeur nature, donnant vie \u00e0 un univers dans lequel les performances  seront partie int\u00e9grante<\/p>\n","protected":false},"excerpt":{"rendered":"<p>Premi\u00e8re exposition personnelle des artistes Elmgreen &amp; Dragset dans une institution fran\u00e7aise, \u00abBonne Chance\u00bb se d\u00e9voile progressivement dans plusieurs espaces du Centre Pompidou-Metz : la Grande Nef, le Forum, les terrasses des galeries et le jardin. Elle se d\u00e9ploie comme un sc\u00e9nario aux allures de r\u00eaves, r\u00e9v\u00e9lant installations, sculptures et performances m\u00eal\u00e9es \u00e0 un d\u00e9cor [&hellip;]<\/p>\n","protected":false},"featured_media":37303,"template":"","meta":[],"product_cat":[2948,2953],"product_tag":[],"acf":[],"yoast_head":"<!-- This site is optimized with the Yoast SEO plugin v20.11 - https:\/\/yoast.com\/wordpress\/plugins\/seo\/ -->\n<title>Elmgreen &amp; Dragset, bonne chance - Librairie 7L<\/title>\n<meta name=\"robots\" content=\"index, follow, max-snippet:-1, max-image-preview:large, max-video-preview:-1\" \/>\n<link rel=\"canonical\" href=\"https:\/\/librairie7l.com\/en\/produit\/elmgreen-dragset-bonne-chance\/\" \/>\n<meta property=\"og:locale\" content=\"en_US\" \/>\n<meta property=\"og:type\" content=\"article\" \/>\n<meta property=\"og:title\" content=\"Elmgreen &amp; Dragset, bonne chance - Librairie 7L\" \/>\n<meta property=\"og:description\" content=\"Premi\u00e8re exposition personnelle des artistes Elmgreen &amp; Dragset dans une institution fran\u00e7aise, \u00abBonne Chance\u00bb se d\u00e9voile progressivement dans plusieurs espaces du Centre Pompidou-Metz : la Grande Nef, le Forum, les terrasses des galeries et le jardin. Elle se d\u00e9ploie comme un sc\u00e9nario aux allures de r\u00eaves, r\u00e9v\u00e9lant installations, sculptures et performances m\u00eal\u00e9es \u00e0 un d\u00e9cor [&hellip;]\" \/>\n<meta property=\"og:url\" content=\"https:\/\/librairie7l.com\/en\/produit\/elmgreen-dragset-bonne-chance\/\" \/>\n<meta property=\"og:site_name\" content=\"Librairie 7L\" \/>\n<meta property=\"article:modified_time\" content=\"2026-04-30T03:44:01+00:00\" \/>\n<meta property=\"og:image\" content=\"https:\/\/librairie7l.com\/wp-content\/uploads\/2023\/03\/9782359830729_1_75.jpg\" \/>\n\t<meta property=\"og:image:width\" content=\"600\" \/>\n\t<meta property=\"og:image:height\" content=\"743\" \/>\n\t<meta property=\"og:image:type\" content=\"image\/jpeg\" \/>\n<meta name=\"twitter:card\" content=\"summary_large_image\" \/>\n<script type=\"application\/ld+json\" class=\"yoast-schema-graph\">{\"@context\":\"https:\/\/schema.org\",\"@graph\":[{\"@type\":\"WebPage\",\"@id\":\"https:\/\/librairie7l.com\/en\/produit\/elmgreen-dragset-bonne-chance\/\",\"url\":\"https:\/\/librairie7l.com\/en\/produit\/elmgreen-dragset-bonne-chance\/\",\"name\":\"Elmgreen &amp; Dragset, bonne chance - Librairie 7L\",\"isPartOf\":{\"@id\":\"https:\/\/librairie7l.com\/en\/#website\"},\"datePublished\":\"2023-11-08T08:16:46+00:00\",\"dateModified\":\"2026-04-30T03:44:01+00:00\",\"breadcrumb\":{\"@id\":\"https:\/\/librairie7l.com\/en\/produit\/elmgreen-dragset-bonne-chance\/#breadcrumb\"},\"inLanguage\":\"en-US\",\"potentialAction\":[{\"@type\":\"ReadAction\",\"target\":[\"https:\/\/librairie7l.com\/en\/produit\/elmgreen-dragset-bonne-chance\/\"]}]},{\"@type\":\"BreadcrumbList\",\"@id\":\"https:\/\/librairie7l.com\/en\/produit\/elmgreen-dragset-bonne-chance\/#breadcrumb\",\"itemListElement\":[{\"@type\":\"ListItem\",\"position\":1,\"name\":\"Accueil\",\"item\":\"https:\/\/librairie7l.com\/en\/\"},{\"@type\":\"ListItem\",\"position\":2,\"name\":\"Shop\",\"item\":\"https:\/\/librairie7l.com\/en\/shop\/\"},{\"@type\":\"ListItem\",\"position\":3,\"name\":\"ELMGREEN &AMP; DRAGSET, BONNE CHANCE\"}]},{\"@type\":\"WebSite\",\"@id\":\"https:\/\/librairie7l.com\/en\/#website\",\"url\":\"https:\/\/librairie7l.com\/en\/\",\"name\":\"Librairie 7L\",\"description\":\"Librairie fond\u00e9e en 1999 par Karl Lagerfeld \u00e0 Paris\",\"publisher\":{\"@id\":\"https:\/\/librairie7l.com\/en\/#organization\"},\"potentialAction\":[{\"@type\":\"SearchAction\",\"target\":{\"@type\":\"EntryPoint\",\"urlTemplate\":\"https:\/\/librairie7l.com\/en\/?s={search_term_string}\"},\"query-input\":\"required name=search_term_string\"}],\"inLanguage\":\"en-US\"},{\"@type\":\"Organization\",\"@id\":\"https:\/\/librairie7l.com\/en\/#organization\",\"name\":\"Librairie 7L\",\"url\":\"https:\/\/librairie7l.com\/en\/\",\"logo\":{\"@type\":\"ImageObject\",\"inLanguage\":\"en-US\",\"@id\":\"https:\/\/librairie7l.com\/en\/#\/schema\/logo\/image\/\",\"url\":\"https:\/\/librairie7l.com\/wp-content\/uploads\/2022\/08\/logo-1.png\",\"contentUrl\":\"https:\/\/librairie7l.com\/wp-content\/uploads\/2022\/08\/logo-1.png\",\"width\":227,\"height\":301,\"caption\":\"Librairie 7L\"},\"image\":{\"@id\":\"https:\/\/librairie7l.com\/en\/#\/schema\/logo\/image\/\"}}]}<\/script>\n<!-- \/ Yoast SEO plugin. -->","yoast_head_json":{"title":"Elmgreen &amp; Dragset, bonne chance - Librairie 7L","robots":{"index":"index","follow":"follow","max-snippet":"max-snippet:-1","max-image-preview":"max-image-preview:large","max-video-preview":"max-video-preview:-1"},"canonical":"https:\/\/librairie7l.com\/en\/produit\/elmgreen-dragset-bonne-chance\/","og_locale":"en_US","og_type":"article","og_title":"Elmgreen &amp; Dragset, bonne chance - Librairie 7L","og_description":"Premi\u00e8re exposition personnelle des artistes Elmgreen &amp; Dragset dans une institution fran\u00e7aise, \u00abBonne Chance\u00bb se d\u00e9voile progressivement dans plusieurs espaces du Centre Pompidou-Metz : la Grande Nef, le Forum, les terrasses des galeries et le jardin. Elle se d\u00e9ploie comme un sc\u00e9nario aux allures de r\u00eaves, r\u00e9v\u00e9lant installations, sculptures et performances m\u00eal\u00e9es \u00e0 un d\u00e9cor [&hellip;]","og_url":"https:\/\/librairie7l.com\/en\/produit\/elmgreen-dragset-bonne-chance\/","og_site_name":"Librairie 7L","article_modified_time":"2026-04-30T03:44:01+00:00","og_image":[{"width":600,"height":743,"url":"https:\/\/librairie7l.com\/wp-content\/uploads\/2023\/03\/9782359830729_1_75.jpg","type":"image\/jpeg"}],"twitter_card":"summary_large_image","schema":{"@context":"https:\/\/schema.org","@graph":[{"@type":"WebPage","@id":"https:\/\/librairie7l.com\/en\/produit\/elmgreen-dragset-bonne-chance\/","url":"https:\/\/librairie7l.com\/en\/produit\/elmgreen-dragset-bonne-chance\/","name":"Elmgreen &amp; Dragset, bonne chance - Librairie 7L","isPartOf":{"@id":"https:\/\/librairie7l.com\/en\/#website"},"datePublished":"2023-11-08T08:16:46+00:00","dateModified":"2026-04-30T03:44:01+00:00","breadcrumb":{"@id":"https:\/\/librairie7l.com\/en\/produit\/elmgreen-dragset-bonne-chance\/#breadcrumb"},"inLanguage":"en-US","potentialAction":[{"@type":"ReadAction","target":["https:\/\/librairie7l.com\/en\/produit\/elmgreen-dragset-bonne-chance\/"]}]},{"@type":"BreadcrumbList","@id":"https:\/\/librairie7l.com\/en\/produit\/elmgreen-dragset-bonne-chance\/#breadcrumb","itemListElement":[{"@type":"ListItem","position":1,"name":"Accueil","item":"https:\/\/librairie7l.com\/en\/"},{"@type":"ListItem","position":2,"name":"Shop","item":"https:\/\/librairie7l.com\/en\/shop\/"},{"@type":"ListItem","position":3,"name":"ELMGREEN &AMP; DRAGSET, BONNE CHANCE"}]},{"@type":"WebSite","@id":"https:\/\/librairie7l.com\/en\/#website","url":"https:\/\/librairie7l.com\/en\/","name":"Librairie 7L","description":"Librairie fond\u00e9e en 1999 par Karl Lagerfeld \u00e0 Paris","publisher":{"@id":"https:\/\/librairie7l.com\/en\/#organization"},"potentialAction":[{"@type":"SearchAction","target":{"@type":"EntryPoint","urlTemplate":"https:\/\/librairie7l.com\/en\/?s={search_term_string}"},"query-input":"required name=search_term_string"}],"inLanguage":"en-US"},{"@type":"Organization","@id":"https:\/\/librairie7l.com\/en\/#organization","name":"Librairie 7L","url":"https:\/\/librairie7l.com\/en\/","logo":{"@type":"ImageObject","inLanguage":"en-US","@id":"https:\/\/librairie7l.com\/en\/#\/schema\/logo\/image\/","url":"https:\/\/librairie7l.com\/wp-content\/uploads\/2022\/08\/logo-1.png","contentUrl":"https:\/\/librairie7l.com\/wp-content\/uploads\/2022\/08\/logo-1.png","width":227,"height":301,"caption":"Librairie 7L"},"image":{"@id":"https:\/\/librairie7l.com\/en\/#\/schema\/logo\/image\/"}}]}},"_links":{"self":[{"href":"https:\/\/librairie7l.com\/en\/wp-json\/wp\/v2\/product\/37305"}],"collection":[{"href":"https:\/\/librairie7l.com\/en\/wp-json\/wp\/v2\/product"}],"about":[{"href":"https:\/\/librairie7l.com\/en\/wp-json\/wp\/v2\/types\/product"}],"wp:featuredmedia":[{"embeddable":true,"href":"https:\/\/librairie7l.com\/en\/wp-json\/wp\/v2\/media\/37303"}],"wp:attachment":[{"href":"https:\/\/librairie7l.com\/en\/wp-json\/wp\/v2\/media?parent=37305"}],"wp:term":[{"taxonomy":"product_cat","embeddable":true,"href":"https:\/\/librairie7l.com\/en\/wp-json\/wp\/v2\/product_cat?post=37305"},{"taxonomy":"product_tag","embeddable":true,"href":"https:\/\/librairie7l.com\/en\/wp-json\/wp\/v2\/product_tag?post=37305"}],"curies":[{"name":"wp","href":"https:\/\/api.w.org\/{rel}","templated":true}]}}