{"id":37316,"date":"2023-11-09T09:16:52","date_gmt":"2023-11-09T08:16:52","guid":{"rendered":"https:\/\/librairie7l.com\/?post_type=product&#038;p=37316"},"modified":"2026-04-16T15:44:52","modified_gmt":"2026-04-16T13:44:52","slug":"champignons-secrets-des-sous-bois","status":"publish","type":"product","link":"https:\/\/librairie7l.com\/en\/produit\/champignons-secrets-des-sous-bois\/","title":{"rendered":"CHAMPIGNONS : SECRETS DES SOUS-BOIS"},"content":{"rendered":"<p>L&#8217;histoire, en 40 images, d&#8217;un monde tant\u00f4t visible dans les sous-bois, les pr\u00e9s et les bocages ; tant\u00f4t perceptible sous le seul oeil du microscope, et, dans tous les cas, vivant et \u00e9tonnant.<br \/>\nLes champignons sont partout, et pas uniquement dans nos fricass\u00e9es de c\u00e8pes ou dans nos omelettes aux truffes. Sans eux, pas de pain, de vin, ni de fromage, et, sans eux, la vie v\u00e9g\u00e9tale n&#8217;aurait pas non plus colonis\u00e9 la terre ferme.<\/p>\n<p>Seule une infime partie de ce monde microscopique produit ce que nous appelons des champignons, mais quelle diversit\u00e9 de formes et de couleurs : la c\u00e9l\u00e8bre amanite tue-mouche, rouge \u00e0 points blancs, mais aussi la clavaire, semblable \u00e0 un buisson de corail, ou l&#8217;hydne h\u00e9risson, toison blanche accroch\u00e9e aux arbres !<\/p>\n<p>Certains r\u00e9galent ou soignent quand d&#8217;autres peuvent terrasser&#8230; Et que dire des ronds de sorci\u00e8res, ces formations circulaires o\u00f9 nos a\u00efeux voyaient danser les sorci\u00e8res les nuits de sabbat ?<\/p>\n","protected":false},"excerpt":{"rendered":"<p>L&#8217;histoire, en 40 images, d&#8217;un monde tant\u00f4t visible dans les sous-bois, les pr\u00e9s et les bocages ; tant\u00f4t perceptible sous le seul oeil du microscope, et, dans tous les cas, vivant et \u00e9tonnant. Les champignons sont partout, et pas uniquement dans nos fricass\u00e9es de c\u00e8pes ou dans nos omelettes aux truffes. Sans eux, pas de [&hellip;]<\/p>\n","protected":false},"featured_media":37314,"template":"","meta":[],"product_cat":[2948,2956],"product_tag":[],"acf":[],"yoast_head":"<!-- This site is optimized with the Yoast SEO plugin v20.11 - https:\/\/yoast.com\/wordpress\/plugins\/seo\/ -->\n<title>Champignons : Secrets des sous-bois - Librairie 7L<\/title>\n<meta name=\"robots\" content=\"index, follow, max-snippet:-1, max-image-preview:large, max-video-preview:-1\" \/>\n<link rel=\"canonical\" href=\"https:\/\/librairie7l.com\/en\/produit\/champignons-secrets-des-sous-bois\/\" \/>\n<meta property=\"og:locale\" content=\"en_US\" \/>\n<meta property=\"og:type\" content=\"article\" \/>\n<meta property=\"og:title\" content=\"Champignons : Secrets des sous-bois - Librairie 7L\" \/>\n<meta property=\"og:description\" content=\"L&#8217;histoire, en 40 images, d&#8217;un monde tant\u00f4t visible dans les sous-bois, les pr\u00e9s et les bocages ; tant\u00f4t perceptible sous le seul oeil du microscope, et, dans tous les cas, vivant et \u00e9tonnant. Les champignons sont partout, et pas uniquement dans nos fricass\u00e9es de c\u00e8pes ou dans nos omelettes aux truffes. Sans eux, pas de [&hellip;]\" \/>\n<meta property=\"og:url\" content=\"https:\/\/librairie7l.com\/en\/produit\/champignons-secrets-des-sous-bois\/\" \/>\n<meta property=\"og:site_name\" content=\"Librairie 7L\" \/>\n<meta property=\"article:modified_time\" content=\"2026-04-16T13:44:52+00:00\" \/>\n<meta property=\"og:image\" content=\"https:\/\/librairie7l.com\/wp-content\/uploads\/2023\/06\/9782717729429_1_75.jpg\" \/>\n\t<meta property=\"og:image:width\" content=\"600\" \/>\n\t<meta property=\"og:image:height\" content=\"845\" \/>\n\t<meta property=\"og:image:type\" content=\"image\/jpeg\" \/>\n<meta name=\"twitter:card\" content=\"summary_large_image\" \/>\n<meta name=\"twitter:label1\" content=\"Est. reading time\" \/>\n\t<meta name=\"twitter:data1\" content=\"1 minute\" \/>\n<script type=\"application\/ld+json\" class=\"yoast-schema-graph\">{\"@context\":\"https:\/\/schema.org\",\"@graph\":[{\"@type\":\"WebPage\",\"@id\":\"https:\/\/librairie7l.com\/en\/produit\/champignons-secrets-des-sous-bois\/\",\"url\":\"https:\/\/librairie7l.com\/en\/produit\/champignons-secrets-des-sous-bois\/\",\"name\":\"Champignons : Secrets des sous-bois - Librairie 7L\",\"isPartOf\":{\"@id\":\"https:\/\/librairie7l.com\/en\/#website\"},\"datePublished\":\"2023-11-09T08:16:52+00:00\",\"dateModified\":\"2026-04-16T13:44:52+00:00\",\"breadcrumb\":{\"@id\":\"https:\/\/librairie7l.com\/en\/produit\/champignons-secrets-des-sous-bois\/#breadcrumb\"},\"inLanguage\":\"en-US\",\"potentialAction\":[{\"@type\":\"ReadAction\",\"target\":[\"https:\/\/librairie7l.com\/en\/produit\/champignons-secrets-des-sous-bois\/\"]}]},{\"@type\":\"BreadcrumbList\",\"@id\":\"https:\/\/librairie7l.com\/en\/produit\/champignons-secrets-des-sous-bois\/#breadcrumb\",\"itemListElement\":[{\"@type\":\"ListItem\",\"position\":1,\"name\":\"Accueil\",\"item\":\"https:\/\/librairie7l.com\/en\/\"},{\"@type\":\"ListItem\",\"position\":2,\"name\":\"Shop\",\"item\":\"https:\/\/librairie7l.com\/en\/shop\/\"},{\"@type\":\"ListItem\",\"position\":3,\"name\":\"CHAMPIGNONS : SECRETS DES SOUS-BOIS\"}]},{\"@type\":\"WebSite\",\"@id\":\"https:\/\/librairie7l.com\/en\/#website\",\"url\":\"https:\/\/librairie7l.com\/en\/\",\"name\":\"Librairie 7L\",\"description\":\"Librairie fond\u00e9e en 1999 par Karl Lagerfeld \u00e0 Paris\",\"publisher\":{\"@id\":\"https:\/\/librairie7l.com\/en\/#organization\"},\"potentialAction\":[{\"@type\":\"SearchAction\",\"target\":{\"@type\":\"EntryPoint\",\"urlTemplate\":\"https:\/\/librairie7l.com\/en\/?s={search_term_string}\"},\"query-input\":\"required name=search_term_string\"}],\"inLanguage\":\"en-US\"},{\"@type\":\"Organization\",\"@id\":\"https:\/\/librairie7l.com\/en\/#organization\",\"name\":\"Librairie 7L\",\"url\":\"https:\/\/librairie7l.com\/en\/\",\"logo\":{\"@type\":\"ImageObject\",\"inLanguage\":\"en-US\",\"@id\":\"https:\/\/librairie7l.com\/en\/#\/schema\/logo\/image\/\",\"url\":\"https:\/\/librairie7l.com\/wp-content\/uploads\/2022\/08\/logo-1.png\",\"contentUrl\":\"https:\/\/librairie7l.com\/wp-content\/uploads\/2022\/08\/logo-1.png\",\"width\":227,\"height\":301,\"caption\":\"Librairie 7L\"},\"image\":{\"@id\":\"https:\/\/librairie7l.com\/en\/#\/schema\/logo\/image\/\"}}]}<\/script>\n<!-- \/ Yoast SEO plugin. -->","yoast_head_json":{"title":"Champignons : Secrets des sous-bois - Librairie 7L","robots":{"index":"index","follow":"follow","max-snippet":"max-snippet:-1","max-image-preview":"max-image-preview:large","max-video-preview":"max-video-preview:-1"},"canonical":"https:\/\/librairie7l.com\/en\/produit\/champignons-secrets-des-sous-bois\/","og_locale":"en_US","og_type":"article","og_title":"Champignons : Secrets des sous-bois - Librairie 7L","og_description":"L&#8217;histoire, en 40 images, d&#8217;un monde tant\u00f4t visible dans les sous-bois, les pr\u00e9s et les bocages ; tant\u00f4t perceptible sous le seul oeil du microscope, et, dans tous les cas, vivant et \u00e9tonnant. Les champignons sont partout, et pas uniquement dans nos fricass\u00e9es de c\u00e8pes ou dans nos omelettes aux truffes. Sans eux, pas de [&hellip;]","og_url":"https:\/\/librairie7l.com\/en\/produit\/champignons-secrets-des-sous-bois\/","og_site_name":"Librairie 7L","article_modified_time":"2026-04-16T13:44:52+00:00","og_image":[{"width":600,"height":845,"url":"https:\/\/librairie7l.com\/wp-content\/uploads\/2023\/06\/9782717729429_1_75.jpg","type":"image\/jpeg"}],"twitter_card":"summary_large_image","twitter_misc":{"Est. reading time":"1 minute"},"schema":{"@context":"https:\/\/schema.org","@graph":[{"@type":"WebPage","@id":"https:\/\/librairie7l.com\/en\/produit\/champignons-secrets-des-sous-bois\/","url":"https:\/\/librairie7l.com\/en\/produit\/champignons-secrets-des-sous-bois\/","name":"Champignons : Secrets des sous-bois - Librairie 7L","isPartOf":{"@id":"https:\/\/librairie7l.com\/en\/#website"},"datePublished":"2023-11-09T08:16:52+00:00","dateModified":"2026-04-16T13:44:52+00:00","breadcrumb":{"@id":"https:\/\/librairie7l.com\/en\/produit\/champignons-secrets-des-sous-bois\/#breadcrumb"},"inLanguage":"en-US","potentialAction":[{"@type":"ReadAction","target":["https:\/\/librairie7l.com\/en\/produit\/champignons-secrets-des-sous-bois\/"]}]},{"@type":"BreadcrumbList","@id":"https:\/\/librairie7l.com\/en\/produit\/champignons-secrets-des-sous-bois\/#breadcrumb","itemListElement":[{"@type":"ListItem","position":1,"name":"Accueil","item":"https:\/\/librairie7l.com\/en\/"},{"@type":"ListItem","position":2,"name":"Shop","item":"https:\/\/librairie7l.com\/en\/shop\/"},{"@type":"ListItem","position":3,"name":"CHAMPIGNONS : SECRETS DES SOUS-BOIS"}]},{"@type":"WebSite","@id":"https:\/\/librairie7l.com\/en\/#website","url":"https:\/\/librairie7l.com\/en\/","name":"Librairie 7L","description":"Librairie fond\u00e9e en 1999 par Karl Lagerfeld \u00e0 Paris","publisher":{"@id":"https:\/\/librairie7l.com\/en\/#organization"},"potentialAction":[{"@type":"SearchAction","target":{"@type":"EntryPoint","urlTemplate":"https:\/\/librairie7l.com\/en\/?s={search_term_string}"},"query-input":"required name=search_term_string"}],"inLanguage":"en-US"},{"@type":"Organization","@id":"https:\/\/librairie7l.com\/en\/#organization","name":"Librairie 7L","url":"https:\/\/librairie7l.com\/en\/","logo":{"@type":"ImageObject","inLanguage":"en-US","@id":"https:\/\/librairie7l.com\/en\/#\/schema\/logo\/image\/","url":"https:\/\/librairie7l.com\/wp-content\/uploads\/2022\/08\/logo-1.png","contentUrl":"https:\/\/librairie7l.com\/wp-content\/uploads\/2022\/08\/logo-1.png","width":227,"height":301,"caption":"Librairie 7L"},"image":{"@id":"https:\/\/librairie7l.com\/en\/#\/schema\/logo\/image\/"}}]}},"_links":{"self":[{"href":"https:\/\/librairie7l.com\/en\/wp-json\/wp\/v2\/product\/37316"}],"collection":[{"href":"https:\/\/librairie7l.com\/en\/wp-json\/wp\/v2\/product"}],"about":[{"href":"https:\/\/librairie7l.com\/en\/wp-json\/wp\/v2\/types\/product"}],"wp:featuredmedia":[{"embeddable":true,"href":"https:\/\/librairie7l.com\/en\/wp-json\/wp\/v2\/media\/37314"}],"wp:attachment":[{"href":"https:\/\/librairie7l.com\/en\/wp-json\/wp\/v2\/media?parent=37316"}],"wp:term":[{"taxonomy":"product_cat","embeddable":true,"href":"https:\/\/librairie7l.com\/en\/wp-json\/wp\/v2\/product_cat?post=37316"},{"taxonomy":"product_tag","embeddable":true,"href":"https:\/\/librairie7l.com\/en\/wp-json\/wp\/v2\/product_tag?post=37316"}],"curies":[{"name":"wp","href":"https:\/\/api.w.org\/{rel}","templated":true}]}}