{"id":37320,"date":"2023-11-09T09:16:57","date_gmt":"2023-11-09T08:16:57","guid":{"rendered":"https:\/\/librairie7l.com\/?post_type=product&#038;p=37320"},"modified":"2026-05-06T12:45:59","modified_gmt":"2026-05-06T10:45:59","slug":"monstres-marins-plongee-dans-les-abysses","status":"publish","type":"product","link":"https:\/\/librairie7l.com\/en\/produit\/monstres-marins-plongee-dans-les-abysses\/","title":{"rendered":"MONSTRES MARINS : PLONG\u00c9E DANS LES ABYSSES"},"content":{"rendered":"<p>Ce livre nous emporte, \u00e0 travers 40 oeuvres superbement reproduites, au coeur d&#8217;un bestiaire aussi monstrueux que sublime et fascinant.<\/p>\n<p>Dans les mers du monde entier, c&#8217;est au milieu de sir\u00e8nes tentatrices, de baleines \u00e0 bec f\u00e9roce ou de serpents naufrageurs que les caravelles se fraient le chemin qui les m\u00e8ne, et nous aussi, vers des horizons nouveaux.<br \/>\nAu moment o\u00f9 les grands voyages maritimes viennent de changer la g\u00e9ographie du monde connu, le bestiaire monstrueux le plus riche s&#8217;installe dans la cartographie.<\/p>\n<p>Puisant leurs sources aux textes de l&#8217;Antiquit\u00e9 et du Moyen \u00c2ge comme aux r\u00e9cits des marins, ces animaux fabuleux gardent alors tout leur potentiel d&#8217;effroi. Les grands voyages maritimes viennent \u00e0 cette \u00e9poque de changer la g\u00e9ographie du monde connu, provoquant un \u00e9branlement profond.<\/p>\n<p>Cosmographies, atlas et mappemondes pr\u00e9sentent d\u00e9sormais un monde \u00e9largi et unifi\u00e9 qui donne \u00e0 voir l&#8217;ancien et ce que l&#8217;on nomme alors le  Nouveau Monde  d&#8217;un seul coup d&#8217;oeil.<\/p>\n","protected":false},"excerpt":{"rendered":"<p>Ce livre nous emporte, \u00e0 travers 40 oeuvres superbement reproduites, au coeur d&#8217;un bestiaire aussi monstrueux que sublime et fascinant. Dans les mers du monde entier, c&#8217;est au milieu de sir\u00e8nes tentatrices, de baleines \u00e0 bec f\u00e9roce ou de serpents naufrageurs que les caravelles se fraient le chemin qui les m\u00e8ne, et nous aussi, vers [&hellip;]<\/p>\n","protected":false},"featured_media":37318,"template":"","meta":[],"product_cat":[2948,2956],"product_tag":[],"acf":[],"yoast_head":"<!-- This site is optimized with the Yoast SEO plugin v20.11 - https:\/\/yoast.com\/wordpress\/plugins\/seo\/ -->\n<title>Monstres marins : Plong\u00e9e dans les abysses - Librairie 7L<\/title>\n<meta name=\"robots\" content=\"index, follow, max-snippet:-1, max-image-preview:large, max-video-preview:-1\" \/>\n<link rel=\"canonical\" href=\"https:\/\/librairie7l.com\/en\/produit\/monstres-marins-plongee-dans-les-abysses\/\" \/>\n<meta property=\"og:locale\" content=\"en_US\" \/>\n<meta property=\"og:type\" content=\"article\" \/>\n<meta property=\"og:title\" content=\"Monstres marins : Plong\u00e9e dans les abysses - Librairie 7L\" \/>\n<meta property=\"og:description\" content=\"Ce livre nous emporte, \u00e0 travers 40 oeuvres superbement reproduites, au coeur d&#8217;un bestiaire aussi monstrueux que sublime et fascinant. Dans les mers du monde entier, c&#8217;est au milieu de sir\u00e8nes tentatrices, de baleines \u00e0 bec f\u00e9roce ou de serpents naufrageurs que les caravelles se fraient le chemin qui les m\u00e8ne, et nous aussi, vers [&hellip;]\" \/>\n<meta property=\"og:url\" content=\"https:\/\/librairie7l.com\/en\/produit\/monstres-marins-plongee-dans-les-abysses\/\" \/>\n<meta property=\"og:site_name\" content=\"Librairie 7L\" \/>\n<meta property=\"article:modified_time\" content=\"2026-05-06T10:45:59+00:00\" \/>\n<meta property=\"og:image\" content=\"https:\/\/librairie7l.com\/wp-content\/uploads\/2023\/06\/9782717729443_1_75.jpg\" \/>\n\t<meta property=\"og:image:width\" content=\"600\" \/>\n\t<meta property=\"og:image:height\" content=\"840\" \/>\n\t<meta property=\"og:image:type\" content=\"image\/jpeg\" \/>\n<meta name=\"twitter:card\" content=\"summary_large_image\" \/>\n<meta name=\"twitter:label1\" content=\"Est. reading time\" \/>\n\t<meta name=\"twitter:data1\" content=\"1 minute\" \/>\n<script type=\"application\/ld+json\" class=\"yoast-schema-graph\">{\"@context\":\"https:\/\/schema.org\",\"@graph\":[{\"@type\":\"WebPage\",\"@id\":\"https:\/\/librairie7l.com\/en\/produit\/monstres-marins-plongee-dans-les-abysses\/\",\"url\":\"https:\/\/librairie7l.com\/en\/produit\/monstres-marins-plongee-dans-les-abysses\/\",\"name\":\"Monstres marins : Plong\u00e9e dans les abysses - Librairie 7L\",\"isPartOf\":{\"@id\":\"https:\/\/librairie7l.com\/en\/#website\"},\"datePublished\":\"2023-11-09T08:16:57+00:00\",\"dateModified\":\"2026-05-06T10:45:59+00:00\",\"breadcrumb\":{\"@id\":\"https:\/\/librairie7l.com\/en\/produit\/monstres-marins-plongee-dans-les-abysses\/#breadcrumb\"},\"inLanguage\":\"en-US\",\"potentialAction\":[{\"@type\":\"ReadAction\",\"target\":[\"https:\/\/librairie7l.com\/en\/produit\/monstres-marins-plongee-dans-les-abysses\/\"]}]},{\"@type\":\"BreadcrumbList\",\"@id\":\"https:\/\/librairie7l.com\/en\/produit\/monstres-marins-plongee-dans-les-abysses\/#breadcrumb\",\"itemListElement\":[{\"@type\":\"ListItem\",\"position\":1,\"name\":\"Accueil\",\"item\":\"https:\/\/librairie7l.com\/en\/\"},{\"@type\":\"ListItem\",\"position\":2,\"name\":\"Shop\",\"item\":\"https:\/\/librairie7l.com\/en\/shop\/\"},{\"@type\":\"ListItem\",\"position\":3,\"name\":\"MONSTRES MARINS : PLONG\u00c9E DANS LES ABYSSES\"}]},{\"@type\":\"WebSite\",\"@id\":\"https:\/\/librairie7l.com\/en\/#website\",\"url\":\"https:\/\/librairie7l.com\/en\/\",\"name\":\"Librairie 7L\",\"description\":\"Librairie fond\u00e9e en 1999 par Karl Lagerfeld \u00e0 Paris\",\"publisher\":{\"@id\":\"https:\/\/librairie7l.com\/en\/#organization\"},\"potentialAction\":[{\"@type\":\"SearchAction\",\"target\":{\"@type\":\"EntryPoint\",\"urlTemplate\":\"https:\/\/librairie7l.com\/en\/?s={search_term_string}\"},\"query-input\":\"required name=search_term_string\"}],\"inLanguage\":\"en-US\"},{\"@type\":\"Organization\",\"@id\":\"https:\/\/librairie7l.com\/en\/#organization\",\"name\":\"Librairie 7L\",\"url\":\"https:\/\/librairie7l.com\/en\/\",\"logo\":{\"@type\":\"ImageObject\",\"inLanguage\":\"en-US\",\"@id\":\"https:\/\/librairie7l.com\/en\/#\/schema\/logo\/image\/\",\"url\":\"https:\/\/librairie7l.com\/wp-content\/uploads\/2022\/08\/logo-1.png\",\"contentUrl\":\"https:\/\/librairie7l.com\/wp-content\/uploads\/2022\/08\/logo-1.png\",\"width\":227,\"height\":301,\"caption\":\"Librairie 7L\"},\"image\":{\"@id\":\"https:\/\/librairie7l.com\/en\/#\/schema\/logo\/image\/\"}}]}<\/script>\n<!-- \/ Yoast SEO plugin. -->","yoast_head_json":{"title":"Monstres marins : Plong\u00e9e dans les abysses - Librairie 7L","robots":{"index":"index","follow":"follow","max-snippet":"max-snippet:-1","max-image-preview":"max-image-preview:large","max-video-preview":"max-video-preview:-1"},"canonical":"https:\/\/librairie7l.com\/en\/produit\/monstres-marins-plongee-dans-les-abysses\/","og_locale":"en_US","og_type":"article","og_title":"Monstres marins : Plong\u00e9e dans les abysses - Librairie 7L","og_description":"Ce livre nous emporte, \u00e0 travers 40 oeuvres superbement reproduites, au coeur d&#8217;un bestiaire aussi monstrueux que sublime et fascinant. Dans les mers du monde entier, c&#8217;est au milieu de sir\u00e8nes tentatrices, de baleines \u00e0 bec f\u00e9roce ou de serpents naufrageurs que les caravelles se fraient le chemin qui les m\u00e8ne, et nous aussi, vers [&hellip;]","og_url":"https:\/\/librairie7l.com\/en\/produit\/monstres-marins-plongee-dans-les-abysses\/","og_site_name":"Librairie 7L","article_modified_time":"2026-05-06T10:45:59+00:00","og_image":[{"width":600,"height":840,"url":"https:\/\/librairie7l.com\/wp-content\/uploads\/2023\/06\/9782717729443_1_75.jpg","type":"image\/jpeg"}],"twitter_card":"summary_large_image","twitter_misc":{"Est. reading time":"1 minute"},"schema":{"@context":"https:\/\/schema.org","@graph":[{"@type":"WebPage","@id":"https:\/\/librairie7l.com\/en\/produit\/monstres-marins-plongee-dans-les-abysses\/","url":"https:\/\/librairie7l.com\/en\/produit\/monstres-marins-plongee-dans-les-abysses\/","name":"Monstres marins : Plong\u00e9e dans les abysses - Librairie 7L","isPartOf":{"@id":"https:\/\/librairie7l.com\/en\/#website"},"datePublished":"2023-11-09T08:16:57+00:00","dateModified":"2026-05-06T10:45:59+00:00","breadcrumb":{"@id":"https:\/\/librairie7l.com\/en\/produit\/monstres-marins-plongee-dans-les-abysses\/#breadcrumb"},"inLanguage":"en-US","potentialAction":[{"@type":"ReadAction","target":["https:\/\/librairie7l.com\/en\/produit\/monstres-marins-plongee-dans-les-abysses\/"]}]},{"@type":"BreadcrumbList","@id":"https:\/\/librairie7l.com\/en\/produit\/monstres-marins-plongee-dans-les-abysses\/#breadcrumb","itemListElement":[{"@type":"ListItem","position":1,"name":"Accueil","item":"https:\/\/librairie7l.com\/en\/"},{"@type":"ListItem","position":2,"name":"Shop","item":"https:\/\/librairie7l.com\/en\/shop\/"},{"@type":"ListItem","position":3,"name":"MONSTRES MARINS : PLONG\u00c9E DANS LES ABYSSES"}]},{"@type":"WebSite","@id":"https:\/\/librairie7l.com\/en\/#website","url":"https:\/\/librairie7l.com\/en\/","name":"Librairie 7L","description":"Librairie fond\u00e9e en 1999 par Karl Lagerfeld \u00e0 Paris","publisher":{"@id":"https:\/\/librairie7l.com\/en\/#organization"},"potentialAction":[{"@type":"SearchAction","target":{"@type":"EntryPoint","urlTemplate":"https:\/\/librairie7l.com\/en\/?s={search_term_string}"},"query-input":"required name=search_term_string"}],"inLanguage":"en-US"},{"@type":"Organization","@id":"https:\/\/librairie7l.com\/en\/#organization","name":"Librairie 7L","url":"https:\/\/librairie7l.com\/en\/","logo":{"@type":"ImageObject","inLanguage":"en-US","@id":"https:\/\/librairie7l.com\/en\/#\/schema\/logo\/image\/","url":"https:\/\/librairie7l.com\/wp-content\/uploads\/2022\/08\/logo-1.png","contentUrl":"https:\/\/librairie7l.com\/wp-content\/uploads\/2022\/08\/logo-1.png","width":227,"height":301,"caption":"Librairie 7L"},"image":{"@id":"https:\/\/librairie7l.com\/en\/#\/schema\/logo\/image\/"}}]}},"_links":{"self":[{"href":"https:\/\/librairie7l.com\/en\/wp-json\/wp\/v2\/product\/37320"}],"collection":[{"href":"https:\/\/librairie7l.com\/en\/wp-json\/wp\/v2\/product"}],"about":[{"href":"https:\/\/librairie7l.com\/en\/wp-json\/wp\/v2\/types\/product"}],"wp:featuredmedia":[{"embeddable":true,"href":"https:\/\/librairie7l.com\/en\/wp-json\/wp\/v2\/media\/37318"}],"wp:attachment":[{"href":"https:\/\/librairie7l.com\/en\/wp-json\/wp\/v2\/media?parent=37320"}],"wp:term":[{"taxonomy":"product_cat","embeddable":true,"href":"https:\/\/librairie7l.com\/en\/wp-json\/wp\/v2\/product_cat?post=37320"},{"taxonomy":"product_tag","embeddable":true,"href":"https:\/\/librairie7l.com\/en\/wp-json\/wp\/v2\/product_tag?post=37320"}],"curies":[{"name":"wp","href":"https:\/\/api.w.org\/{rel}","templated":true}]}}